{"id":37069,"date":"2024-07-23T17:22:52","date_gmt":"2024-07-23T15:22:52","guid":{"rendered":"https:\/\/liquidtool.com\/?page_id=37069"},"modified":"2024-07-25T15:20:22","modified_gmt":"2024-07-25T13:20:22","slug":"etkon","status":"publish","type":"page","link":"https:\/\/liquidtool.com\/fr\/histoires-de-reussite\/etkon\/","title":{"rendered":"Etkon"},"content":{"rendered":"\t\t<div data-elementor-type=\"wp-page\" data-elementor-id=\"37069\" class=\"elementor elementor-37069 elementor-37067\" data-elementor-post-type=\"page\">\n\t\t\t\t\t\t<section class=\"elementor-section elementor-top-section elementor-element elementor-element-30263188 lt-section elementor-section-boxed elementor-section-height-default elementor-section-height-default\" data-id=\"30263188\" data-element_type=\"section\" id=\"team\">\n\t\t\t\t\t\t<div class=\"elementor-container elementor-column-gap-default\">\n\t\t\t\t\t<div class=\"elementor-column elementor-col-100 elementor-top-column elementor-element elementor-element-5c2983a2 bg-news\" data-id=\"5c2983a2\" data-element_type=\"column\" data-settings=\"{&quot;background_background&quot;:&quot;classic&quot;}\">\n\t\t\t<div class=\"elementor-widget-wrap elementor-element-populated\">\n\t\t\t\t\t\t<div class=\"elementor-element elementor-element-716e76a1 elementor-widget elementor-widget-heading\" data-id=\"716e76a1\" data-element_type=\"widget\" data-widget_type=\"heading.default\">\n\t\t\t\t<div class=\"elementor-widget-container\">\n\t\t\t\t\t<h2 class=\"elementor-heading-title elementor-size-medium\">Etude de cas etkon (Suisse) SA (Straumann Group)<\/h2>\t\t\t\t<\/div>\n\t\t\t\t<\/div>\n\t\t\t\t<div class=\"elementor-element elementor-element-4538fd74 elementor-widget elementor-widget-heading\" data-id=\"4538fd74\" data-element_type=\"widget\" data-widget_type=\"heading.default\">\n\t\t\t\t<div class=\"elementor-widget-container\">\n\t\t\t\t\t<h1 class=\"elementor-heading-title elementor-size-xl\">Une heure de production en plus par jour<\/h1>\t\t\t\t<\/div>\n\t\t\t\t<\/div>\n\t\t\t\t<div class=\"elementor-element elementor-element-49d94cec elementor-widget elementor-widget-text-editor\" data-id=\"49d94cec\" data-element_type=\"widget\" data-widget_type=\"text-editor.default\">\n\t\t\t\t<div class=\"elementor-widget-container\">\n\t\t\t\t\t\t\t\t\t<p>Chez Etkon, un laboratoire dentaire hautement sp\u00e9cialis\u00e9, surveiller et remplir manuellement le lubrifiant r\u00e9frig\u00e9rant \u00e9tait un processus qui prenait beaucoup de temps. Chaque jour, il leur fallait pr\u00e8s de 60 minutes pour cette t\u00e2che &#8211; un temps pr\u00e9cieux qui manquait aux machines \u00e0 commande num\u00e9rique. Avec l&rsquo;introduction de Liquidtool, cette heure peut d\u00e9sormais \u00eatre utilis\u00e9e<strong> plus efficacement.<\/strong>  <\/p>\n\t\t\t\t\t\t\t\t<\/div>\n\t\t\t\t<\/div>\n\t\t<div class=\"elementor-element elementor-element-2426ba96 e-flex e-con-boxed e-con e-parent\" data-id=\"2426ba96\" data-element_type=\"container\">\n\t\t\t\t\t<div class=\"e-con-inner\">\n\t\t\t\t<div class=\"elementor-element elementor-element-2835c123 elementor-widget elementor-widget-image\" data-id=\"2835c123\" data-element_type=\"widget\" data-widget_type=\"image.default\">\n\t\t\t\t<div class=\"elementor-widget-container\">\n\t\t\t\t\t\t\t\t\t\t\t\t\t\t\t<img fetchpriority=\"high\" decoding=\"async\" width=\"800\" height=\"600\" src=\"https:\/\/liquidtool.com\/wp-content\/uploads\/2024\/07\/Maschinenpark-1024x768.jpg\" class=\"attachment-large size-large wp-image-37077\" alt=\"\" srcset=\"https:\/\/liquidtool.com\/wp-content\/uploads\/2024\/07\/Maschinenpark-1024x768.jpg 1024w, https:\/\/liquidtool.com\/wp-content\/uploads\/2024\/07\/Maschinenpark-300x225.jpg 300w, https:\/\/liquidtool.com\/wp-content\/uploads\/2024\/07\/Maschinenpark-768x576.jpg 768w, https:\/\/liquidtool.com\/wp-content\/uploads\/2024\/07\/Maschinenpark.jpg 1216w\" sizes=\"(max-width: 800px) 100vw, 800px\" title=\"\">\t\t\t\t\t\t\t\t\t\t\t\t\t\t\t<\/div>\n\t\t\t\t<\/div>\n\t\t\t\t<div class=\"elementor-element elementor-element-1c0762f5 elementor-widget elementor-widget-image\" data-id=\"1c0762f5\" data-element_type=\"widget\" data-widget_type=\"image.default\">\n\t\t\t\t<div class=\"elementor-widget-container\">\n\t\t\t\t\t\t\t\t\t\t\t\t\t\t\t<img decoding=\"async\" width=\"800\" height=\"600\" src=\"https:\/\/liquidtool.com\/wp-content\/uploads\/2024\/07\/Domgjoni-AutoPilot-1024x768.jpg\" class=\"attachment-large size-large wp-image-37089\" alt=\"\" srcset=\"https:\/\/liquidtool.com\/wp-content\/uploads\/2024\/07\/Domgjoni-AutoPilot-1024x768.jpg 1024w, https:\/\/liquidtool.com\/wp-content\/uploads\/2024\/07\/Domgjoni-AutoPilot-300x225.jpg 300w, https:\/\/liquidtool.com\/wp-content\/uploads\/2024\/07\/Domgjoni-AutoPilot-768x576.jpg 768w, https:\/\/liquidtool.com\/wp-content\/uploads\/2024\/07\/Domgjoni-AutoPilot.jpg 1216w\" sizes=\"(max-width: 800px) 100vw, 800px\" title=\"\">\t\t\t\t\t\t\t\t\t\t\t\t\t\t\t<\/div>\n\t\t\t\t<\/div>\n\t\t\t\t<div class=\"elementor-element elementor-element-1572ff47 elementor-widget elementor-widget-image\" data-id=\"1572ff47\" data-element_type=\"widget\" data-widget_type=\"image.default\">\n\t\t\t\t<div class=\"elementor-widget-container\">\n\t\t\t\t\t\t\t\t\t\t\t\t\t\t\t<img fetchpriority=\"high\" decoding=\"async\" width=\"800\" height=\"600\" src=\"https:\/\/liquidtool.com\/wp-content\/uploads\/2024\/07\/Maschinenpark-1024x768.jpg\" class=\"attachment-large size-large wp-image-37077\" alt=\"\" srcset=\"https:\/\/liquidtool.com\/wp-content\/uploads\/2024\/07\/Maschinenpark-1024x768.jpg 1024w, https:\/\/liquidtool.com\/wp-content\/uploads\/2024\/07\/Maschinenpark-300x225.jpg 300w, https:\/\/liquidtool.com\/wp-content\/uploads\/2024\/07\/Maschinenpark-768x576.jpg 768w, https:\/\/liquidtool.com\/wp-content\/uploads\/2024\/07\/Maschinenpark.jpg 1216w\" sizes=\"(max-width: 800px) 100vw, 800px\" title=\"\">\t\t\t\t\t\t\t\t\t\t\t\t\t\t\t<\/div>\n\t\t\t\t<\/div>\n\t\t\t\t\t<\/div>\n\t\t\t\t<\/div>\n\t\t\t\t<div class=\"elementor-element elementor-element-4c7b91b elementor-widget elementor-widget-heading\" data-id=\"4c7b91b\" data-element_type=\"widget\" data-widget_type=\"heading.default\">\n\t\t\t\t<div class=\"elementor-widget-container\">\n\t\t\t\t\t<h2 class=\"elementor-heading-title elementor-size-medium\">Des solutions sur mesure dans le laboratoire dentaire<\/h2>\t\t\t\t<\/div>\n\t\t\t\t<\/div>\n\t\t\t\t<div class=\"elementor-element elementor-element-630151bb elementor-widget elementor-widget-text-editor\" data-id=\"630151bb\" data-element_type=\"widget\" data-widget_type=\"text-editor.default\">\n\t\t\t\t<div class=\"elementor-widget-container\">\n\t\t\t\t\t\t\t\t\t<p><a href=\"https:\/\/www.straumann.com\/ch\/de\/zahnaerzte\/popups\/company\/etkon-switzerland.html\" target=\"_blank\" rel=\"noopener\">Etkon <\/a>est connu pour la production de solutions proth\u00e9tiques sur mesure pour la dentisterie, qu&rsquo;il s&rsquo;agisse de <a href=\"https:\/\/www.straumann.com\/ch\/de\/discover\/cares-prothetik.html\" target=\"_blank\" rel=\"noopener\">couronnes, d&rsquo;attelles ou de proth\u00e8ses compl\u00e8tes<\/a>. Ces produits personnalis\u00e9s exigent une <strong>grande pr\u00e9sence de l&rsquo;op\u00e9rateur<\/strong> sur les machines. Mesurer la concentration de lubrifiant r\u00e9frig\u00e9rant et v\u00e9rifier le niveau de remplissage quotidiennement prenait beaucoup de temps qui pourrait \u00eatre mieux utilis\u00e9.  <\/p>\n\t\t\t\t\t\t\t\t<\/div>\n\t\t\t\t<\/div>\n\t\t\t\t<div class=\"elementor-element elementor-element-597f9675 elementor-widget elementor-widget-heading\" data-id=\"597f9675\" data-element_type=\"widget\" data-widget_type=\"heading.default\">\n\t\t\t\t<div class=\"elementor-widget-container\">\n\t\t\t\t\t<h2 class=\"elementor-heading-title elementor-size-medium\">Des processus de travail num\u00e9ris\u00e9s avec le Liquidtool AutoPilot<\/h2>\t\t\t\t<\/div>\n\t\t\t\t<\/div>\n\t\t\t\t<div class=\"elementor-element elementor-element-1e9266e9 elementor-widget elementor-widget-text-editor\" data-id=\"1e9266e9\" data-element_type=\"widget\" data-widget_type=\"text-editor.default\">\n\t\t\t\t<div class=\"elementor-widget-container\">\n\t\t\t\t\t\t\t\t\t<p>\u00ab Pour nous, l&rsquo;installation de Liquidtool AutoPilot a \u00e9t\u00e9 <strong>un soulagement<\/strong> \u00bb, d\u00e9clare Izak Domgjoni, chef d&rsquo;\u00e9quipe du d\u00e9partement FAO. Avant l&rsquo;introduction, la gestion du lubrifiant r\u00e9frig\u00e9rant \u00e9tait souvent probl\u00e9matique. <strong>Aujourd&rsquo;hui, tout se d\u00e9roule sans probl\u00e8me.<\/strong> La possibilit\u00e9 de saisir des travaux peu avant de quitter le travail sans avoir \u00e0 se soucier du niveau de lubrifiant r\u00e9frig\u00e9rant est particuli\u00e8rement pratique.  <\/p>\n\t\t\t\t\t\t\t\t<\/div>\n\t\t\t\t<\/div>\n\t\t\t\t<div class=\"elementor-element elementor-element-68ac9710 elementor-widget elementor-widget-heading\" data-id=\"68ac9710\" data-element_type=\"widget\" data-widget_type=\"heading.default\">\n\t\t\t\t<div class=\"elementor-widget-container\">\n\t\t\t\t\t<h2 class=\"elementor-heading-title elementor-size-medium\">Progresser gr\u00e2ce \u00e0 la num\u00e9risation<\/h2>\t\t\t\t<\/div>\n\t\t\t\t<\/div>\n\t\t\t\t<div class=\"elementor-element elementor-element-588d619 elementor-widget elementor-widget-text-editor\" data-id=\"588d619\" data-element_type=\"widget\" data-widget_type=\"text-editor.default\">\n\t\t\t\t<div class=\"elementor-widget-container\">\n\t\t\t\t\t\t\t\t\t<p>Etkon a constamment pouss\u00e9 en avant la num\u00e9risation &#8211; environ 80 % des commandes sont d\u00e9j\u00e0 trait\u00e9es num\u00e9riquement. La prochaine \u00e9tape logique \u00e9tait<strong> la num\u00e9risation de la gestion des lubrifiants r\u00e9frig\u00e9rants<\/strong>. Gr\u00e2ce au Liquidtool Manager, Izak Domgjoni peut d\u00e9sormais apporter rapidement et<strong> facilement des modifications<\/strong> aux param\u00e8tres, qui deviennent rapidement visibles dans les r\u00e9servoirs de lubrifiant r\u00e9frig\u00e9rant.  <\/p>\n\t\t\t\t\t\t\t\t<\/div>\n\t\t\t\t<\/div>\n\t\t<div class=\"elementor-element elementor-element-fc7ef9e e-flex e-con-boxed e-con e-parent\" data-id=\"fc7ef9e\" data-element_type=\"container\">\n\t\t\t\t\t<div class=\"e-con-inner\">\n\t\t\t\t<div class=\"elementor-element elementor-element-e0d2c3e elementor-widget elementor-widget-image\" data-id=\"e0d2c3e\" data-element_type=\"widget\" data-widget_type=\"image.default\">\n\t\t\t\t<div class=\"elementor-widget-container\">\n\t\t\t\t\t\t\t\t\t\t\t\t\t\t\t<img decoding=\"async\" width=\"800\" height=\"600\" src=\"https:\/\/liquidtool.com\/wp-content\/uploads\/2024\/07\/Quote-FR-1024x768.jpg\" class=\"attachment-large size-large wp-image-37113\" alt=\"\" srcset=\"https:\/\/liquidtool.com\/wp-content\/uploads\/2024\/07\/Quote-FR-1024x768.jpg 1024w, https:\/\/liquidtool.com\/wp-content\/uploads\/2024\/07\/Quote-FR-300x225.jpg 300w, https:\/\/liquidtool.com\/wp-content\/uploads\/2024\/07\/Quote-FR-768x576.jpg 768w, https:\/\/liquidtool.com\/wp-content\/uploads\/2024\/07\/Quote-FR-1536x1152.jpg 1536w, https:\/\/liquidtool.com\/wp-content\/uploads\/2024\/07\/Quote-FR.jpg 1920w\" sizes=\"(max-width: 800px) 100vw, 800px\" title=\"\">\t\t\t\t\t\t\t\t\t\t\t\t\t\t\t<\/div>\n\t\t\t\t<\/div>\n\t\t<div class=\"elementor-element elementor-element-0c4a43c e-flex e-con-boxed e-con e-child\" data-id=\"0c4a43c\" data-element_type=\"container\">\n\t\t\t\t\t<div class=\"e-con-inner\">\n\t\t\t\t<div class=\"elementor-element elementor-element-49d192f elementor-widget elementor-widget-heading\" data-id=\"49d192f\" data-element_type=\"widget\" data-widget_type=\"heading.default\">\n\t\t\t\t<div class=\"elementor-widget-container\">\n\t\t\t\t\t<h3 class=\"elementor-heading-title elementor-size-default\">Gain de temps et augmentation de la dur\u00e9e de vie<\/h3>\t\t\t\t<\/div>\n\t\t\t\t<\/div>\n\t\t\t\t<div class=\"elementor-element elementor-element-2b6222c elementor-widget elementor-widget-text-editor\" data-id=\"2b6222c\" data-element_type=\"widget\" data-widget_type=\"text-editor.default\">\n\t\t\t\t<div class=\"elementor-widget-container\">\n\t\t\t\t\t\t\t\t\t<p>En plus des gains de temps consid\u00e9rables, Domgjoni signale \u00e9galement une <strong>dur\u00e9e de vie prolong\u00e9e du lubrifiant r\u00e9frig\u00e9rant et des fraises.<\/strong><\/p>\n<p>Auparavant, il fallait commander de nouveaux concentr\u00e9s tous les six mois, mais les f\u00fbts actuels sont utilis\u00e9s depuis plus de sept mois et le niveau de remplissage est toujours suffisant.<\/p>\n<p>Certaines fraises ont \u00e9galement atteint une dur\u00e9e de vie constante de 140 minutes, ce qui facilite le <strong>calcul des co\u00fbts et la planification pr\u00e9visionnelle<\/strong>.<\/p>\n\t\t\t\t\t\t\t\t<\/div>\n\t\t\t\t<\/div>\n\t\t\t\t\t<\/div>\n\t\t\t\t<\/div>\n\t\t\t\t\t<\/div>\n\t\t\t\t<\/div>\n\t\t\t\t<div class=\"elementor-element elementor-element-78875a23 elementor-widget elementor-widget-heading\" data-id=\"78875a23\" data-element_type=\"widget\" data-widget_type=\"heading.default\">\n\t\t\t\t<div class=\"elementor-widget-container\">\n\t\t\t\t\t<h2 class=\"elementor-heading-title elementor-size-medium\">Am\u00e9lioration de la qualit\u00e9 des produits<\/h2>\t\t\t\t<\/div>\n\t\t\t\t<\/div>\n\t\t\t\t<div class=\"elementor-element elementor-element-438f292e elementor-widget elementor-widget-text-editor\" data-id=\"438f292e\" data-element_type=\"widget\" data-widget_type=\"text-editor.default\">\n\t\t\t\t<div class=\"elementor-widget-container\">\n\t\t\t\t\t\t\t\t\t<p>La qualit\u00e9 des produits s&rsquo;est \u00e9galement am\u00e9lior\u00e9e. Il y a <strong>moins de r\u00e9sidus et les machines fonctionnent plus proprement<\/strong>. Ces am\u00e9liorations contribuent \u00e0 une <strong>plus grande efficacit\u00e9 et fiabilit\u00e9<\/strong> du processus de production.  <\/p>\n\t\t\t\t\t\t\t\t<\/div>\n\t\t\t\t<\/div>\n\t\t\t\t<div class=\"elementor-element elementor-element-5bf1c362 elementor-widget elementor-widget-heading\" data-id=\"5bf1c362\" data-element_type=\"widget\" data-widget_type=\"heading.default\">\n\t\t\t\t<div class=\"elementor-widget-container\">\n\t\t\t\t\t<h2 class=\"elementor-heading-title elementor-size-medium\">Recommandation pour le Liquidtool AutoPilot<\/h2>\t\t\t\t<\/div>\n\t\t\t\t<\/div>\n\t\t\t\t<div class=\"elementor-element elementor-element-4e6584a elementor-widget elementor-widget-text-editor\" data-id=\"4e6584a\" data-element_type=\"widget\" data-widget_type=\"text-editor.default\">\n\t\t\t\t<div class=\"elementor-widget-container\">\n\t\t\t\t\t\t\t\t\t<p>Lorsqu&rsquo;on lui demande \u00e0 qui Domgjoni recommande le Liquidtool AutoPilot, il r\u00e9pond : \u00bb Tous ceux qui font de la transformation de liquides ! \u00bb Il en voit les <strong>avantages aussi bien pour les producteurs \u00e0 grande \u00e9chelle que pour les petites entreprises sp\u00e9cialis\u00e9es<\/strong>. Malgr\u00e9 des difficult\u00e9s initiales au cours des deux premi\u00e8res semaines, le syst\u00e8me s&rsquo;est rapidement stabilis\u00e9 et ils sont extr\u00eamement satisfaits depuis.  <\/p>\n\t\t\t\t\t\t\t\t<\/div>\n\t\t\t\t<\/div>\n\t\t\t\t<div class=\"elementor-element elementor-element-8932333 elementor-widget elementor-widget-heading\" data-id=\"8932333\" data-element_type=\"widget\" data-widget_type=\"heading.default\">\n\t\t\t\t<div class=\"elementor-widget-container\">\n\t\t\t\t\t<h2 class=\"elementor-heading-title elementor-size-medium\">Un exemple r\u00e9ussi de transformation num\u00e9rique<\/h2>\t\t\t\t<\/div>\n\t\t\t\t<\/div>\n\t\t\t\t<div class=\"elementor-element elementor-element-3d26d577 elementor-widget elementor-widget-text-editor\" data-id=\"3d26d577\" data-element_type=\"widget\" data-widget_type=\"text-editor.default\">\n\t\t\t\t<div class=\"elementor-widget-container\">\n\t\t\t\t\t\t\t\t\t<p>L&rsquo;utilisation de Liquidtool AutoPilot chez <a href=\"https:\/\/www.straumann.com\/ch\/de\/zahnaerzte\/popups\/company\/etkon-switzerland.html\" target=\"_blank\" rel=\"noopener\">Etkon <\/a>d\u00e9montre de mani\u00e8re impressionnante comment la num\u00e9risation et les technologies modernes peuvent rendre les processus de travail <strong>plus efficaces et plus productifs.<\/strong><\/p>\n<p>En automatisant les t\u00e2ches laborieuses, en prolongeant la dur\u00e9e de vie des mat\u00e9riaux et en am\u00e9liorant la qualit\u00e9 des produits, Etkon a non seulement <strong>augment\u00e9 sa capacit\u00e9 de production<\/strong>, mais aussi <strong>am\u00e9lior\u00e9 la satisfaction de ses employ\u00e9s<\/strong>.<\/p>\n<p>Cet exemple r\u00e9ussi souligne \u00e0 quel point les solutions num\u00e9riques sont cruciales pour l&rsquo;avenir de la technologie dentaire et d&rsquo;autres industries sp\u00e9cialis\u00e9es.<\/p>\n\t\t\t\t\t\t\t\t<\/div>\n\t\t\t\t<\/div>\n\t\t\t\t\t<\/div>\n\t\t<\/div>\n\t\t\t\t\t<\/div>\n\t\t<\/section>\n\t\t\t\t<\/div>\n\t\t","protected":false},"excerpt":{"rendered":"<p>Etude de cas etkon (Suisse) SA (Straumann Group) Une heure de production en plus par jour Chez Etkon, un laboratoire dentaire hautement sp\u00e9cialis\u00e9, surveiller et remplir manuellement le lubrifiant r\u00e9frig\u00e9rant \u00e9tait un processus qui prenait beaucoup de temps. Chaque jour, il leur fallait pr\u00e8s de 60 minutes pour cette t\u00e2che &#8211; un temps pr\u00e9cieux qui [&hellip;]<\/p>\n","protected":false},"author":3,"featured_media":0,"parent":33097,"menu_order":4,"comment_status":"closed","ping_status":"closed","template":"","meta":{"content-type":"","footnotes":""},"class_list":["post-37069","page","type-page","status-publish","hentry"],"_links":{"self":[{"href":"https:\/\/liquidtool.com\/fr\/wp-json\/wp\/v2\/pages\/37069","targetHints":{"allow":["GET"]}}],"collection":[{"href":"https:\/\/liquidtool.com\/fr\/wp-json\/wp\/v2\/pages"}],"about":[{"href":"https:\/\/liquidtool.com\/fr\/wp-json\/wp\/v2\/types\/page"}],"author":[{"embeddable":true,"href":"https:\/\/liquidtool.com\/fr\/wp-json\/wp\/v2\/users\/3"}],"replies":[{"embeddable":true,"href":"https:\/\/liquidtool.com\/fr\/wp-json\/wp\/v2\/comments?post=37069"}],"version-history":[{"count":7,"href":"https:\/\/liquidtool.com\/fr\/wp-json\/wp\/v2\/pages\/37069\/revisions"}],"predecessor-version":[{"id":37139,"href":"https:\/\/liquidtool.com\/fr\/wp-json\/wp\/v2\/pages\/37069\/revisions\/37139"}],"up":[{"embeddable":true,"href":"https:\/\/liquidtool.com\/fr\/wp-json\/wp\/v2\/pages\/33097"}],"wp:attachment":[{"href":"https:\/\/liquidtool.com\/fr\/wp-json\/wp\/v2\/media?parent=37069"}],"curies":[{"name":"wp","href":"https:\/\/api.w.org\/{rel}","templated":true}]}}