{"id":35827,"date":"2024-04-29T16:31:39","date_gmt":"2024-04-29T14:31:39","guid":{"rendered":"https:\/\/liquidtool.com\/?page_id=35827"},"modified":"2024-10-08T14:04:20","modified_gmt":"2024-10-08T12:04:20","slug":"message-support","status":"publish","type":"page","link":"https:\/\/liquidtool.com\/fr\/contact\/message-support\/","title":{"rendered":"Message de support"},"content":{"rendered":"\t\t<div data-elementor-type=\"wp-page\" data-elementor-id=\"35827\" class=\"elementor elementor-35827 elementor-35825\" data-elementor-post-type=\"page\">\n\t\t\t\t\t\t<section class=\"elementor-section elementor-top-section elementor-element elementor-element-b408943 lt-section elementor-section-boxed elementor-section-height-default elementor-section-height-default\" data-id=\"b408943\" data-element_type=\"section\">\n\t\t\t\t\t\t<div class=\"elementor-container elementor-column-gap-default\">\n\t\t\t\t\t<div class=\"elementor-column elementor-col-100 elementor-top-column elementor-element elementor-element-5b33b49\" data-id=\"5b33b49\" data-element_type=\"column\" data-settings=\"{&quot;background_background&quot;:&quot;classic&quot;}\">\n\t\t\t<div class=\"elementor-widget-wrap elementor-element-populated\">\n\t\t\t\t\t\t<div class=\"elementor-element elementor-element-333a533 lt-breadcrumb elementor-hidden-desktop elementor-hidden-tablet elementor-hidden-phone elementor-widget elementor-widget-shortcode\" data-id=\"333a533\" data-element_type=\"widget\" data-widget_type=\"shortcode.default\">\n\t\t\t\t<div class=\"elementor-widget-container\">\n\t\t\t\t\t\t\t<div class=\"elementor-shortcode\"><\/div>\n\t\t\t\t\t\t<\/div>\n\t\t\t\t<\/div>\n\t\t\t\t<div class=\"elementor-element elementor-element-089e021 elementor-widget elementor-widget-heading\" data-id=\"089e021\" data-element_type=\"widget\" data-widget_type=\"heading.default\">\n\t\t\t\t<div class=\"elementor-widget-container\">\n\t\t\t\t\t<h1 class=\"elementor-heading-title elementor-size-xl\">Avez-vous besoin d'aide ?<\/h1>\t\t\t\t<\/div>\n\t\t\t\t<\/div>\n\t\t\t\t<div class=\"elementor-element elementor-element-b28968b elementor-widget elementor-widget-text-editor\" data-id=\"b28968b\" data-element_type=\"widget\" data-widget_type=\"text-editor.default\">\n\t\t\t\t<div class=\"elementor-widget-container\">\n\t\t\t\t\t\t\t\t\t<p>Vous \u00eates client et vous avez besoin d&rsquo;aide ou vous avez une question ?<\/p><p>Nous sommes heureux de vous aider par t\u00e9l\u00e9phone, par courriel ou par le biais du formulaire de contact !<\/p><h4>Assistance t\u00e9l\u00e9phonique<\/h4><p>USA\/Canada : +1 929 543 5123<\/p><p>Europe : +32 2 808 36 73\u00a0<\/p><p>Suisse : +41 34 511 61 51<\/p><h4>Support par courriel<\/h4><p>support@liquidtool.com<\/p><h4>Formulaire de contact pour le support client<\/h4><p>Veuillez remplir le formulaire ci-dessous :<\/p>\t\t\t\t\t\t\t\t<\/div>\n\t\t\t\t<\/div>\n\t\t\t\t<div class=\"elementor-element elementor-element-283d1c0 elementor-widget elementor-widget-hubspot-form\" data-id=\"283d1c0\" data-element_type=\"widget\" data-widget_type=\"hubspot-form.default\">\n\t\t\t\t<div class=\"elementor-widget-container\">\n\t\t\t\t\t\n\t\t\t\t\t\t<script>\n\t\t\t\t\t\t\twindow.hsFormsOnReady = window.hsFormsOnReady || [];\n\t\t\t\t\t\t\twindow.hsFormsOnReady.push(()=>{\n\t\t\t\t\t\t\t\thbspt.forms.create({\n\t\t\t\t\t\t\t\t\tportalId: 143598597,\n\t\t\t\t\t\t\t\t\tformId: \"492ad779-aeb6-42ba-8022-8714f799a3f8\",\n\t\t\t\t\t\t\t\t\ttarget: \"#hbspt-form-1776603688000-4733187743\",\n\t\t\t\t\t\t\t\t\tregion: \"eu1\",\n\t\t\t\t\t\t\t\t\t\n\t\t\t\t\t\t\t})});\n\t\t\t\t\t\t<\/script>\n\t\t\t\t\t\t<div class=\"hbspt-form\" id=\"hbspt-form-1776603688000-4733187743\"><\/div>\t\t\t\t<\/div>\n\t\t\t\t<\/div>\n\t\t\t\t\t<\/div>\n\t\t<\/div>\n\t\t\t\t\t<\/div>\n\t\t<\/section>\n\t\t\t\t<\/div>\n\t\t","protected":false},"excerpt":{"rendered":"<p>Avez-vous besoin d&rsquo;aide ? Vous \u00eates client et vous avez besoin d&rsquo;aide ou vous avez une question ? Nous sommes heureux de vous aider par t\u00e9l\u00e9phone, par courriel ou par le biais du formulaire de contact ! Assistance t\u00e9l\u00e9phonique USA\/Canada : +1 929 543 5123 Europe : +32 2 808 36 73\u00a0 Suisse : +41 [&hellip;]<\/p>\n","protected":false},"author":3,"featured_media":0,"parent":11683,"menu_order":10,"comment_status":"closed","ping_status":"open","template":"","meta":{"content-type":"","footnotes":""},"class_list":["post-35827","page","type-page","status-publish","hentry"],"_links":{"self":[{"href":"https:\/\/liquidtool.com\/fr\/wp-json\/wp\/v2\/pages\/35827","targetHints":{"allow":["GET"]}}],"collection":[{"href":"https:\/\/liquidtool.com\/fr\/wp-json\/wp\/v2\/pages"}],"about":[{"href":"https:\/\/liquidtool.com\/fr\/wp-json\/wp\/v2\/types\/page"}],"author":[{"embeddable":true,"href":"https:\/\/liquidtool.com\/fr\/wp-json\/wp\/v2\/users\/3"}],"replies":[{"embeddable":true,"href":"https:\/\/liquidtool.com\/fr\/wp-json\/wp\/v2\/comments?post=35827"}],"version-history":[{"count":19,"href":"https:\/\/liquidtool.com\/fr\/wp-json\/wp\/v2\/pages\/35827\/revisions"}],"predecessor-version":[{"id":37314,"href":"https:\/\/liquidtool.com\/fr\/wp-json\/wp\/v2\/pages\/35827\/revisions\/37314"}],"up":[{"embeddable":true,"href":"https:\/\/liquidtool.com\/fr\/wp-json\/wp\/v2\/pages\/11683"}],"wp:attachment":[{"href":"https:\/\/liquidtool.com\/fr\/wp-json\/wp\/v2\/media?parent=35827"}],"curies":[{"name":"wp","href":"https:\/\/api.w.org\/{rel}","templated":true}]}}