{"id":35577,"date":"2024-04-15T12:13:47","date_gmt":"2024-04-15T10:13:47","guid":{"rendered":"https:\/\/liquidtool.com\/histoires-de-reussite\/fraisa\/"},"modified":"2024-04-15T14:45:44","modified_gmt":"2024-04-15T12:45:44","slug":"fraisa","status":"publish","type":"page","link":"https:\/\/liquidtool.com\/fr\/histoires-de-reussite\/fraisa\/","title":{"rendered":"Fraisa"},"content":{"rendered":"\t\t<div data-elementor-type=\"wp-page\" data-elementor-id=\"35577\" class=\"elementor elementor-35577 elementor-34834\" data-elementor-post-type=\"page\">\n\t\t\t\t\t\t<section class=\"elementor-section elementor-top-section elementor-element elementor-element-30263188 lt-section elementor-section-boxed elementor-section-height-default elementor-section-height-default\" data-id=\"30263188\" data-element_type=\"section\" id=\"team\">\n\t\t\t\t\t\t<div class=\"elementor-container elementor-column-gap-default\">\n\t\t\t\t\t<div class=\"elementor-column elementor-col-100 elementor-top-column elementor-element elementor-element-5c2983a2 bg-news\" data-id=\"5c2983a2\" data-element_type=\"column\" data-settings=\"{&quot;background_background&quot;:&quot;classic&quot;}\">\n\t\t\t<div class=\"elementor-widget-wrap elementor-element-populated\">\n\t\t\t\t\t\t<div class=\"elementor-element elementor-element-716e76a1 elementor-widget elementor-widget-heading\" data-id=\"716e76a1\" data-element_type=\"widget\" data-widget_type=\"heading.default\">\n\t\t\t\t<div class=\"elementor-widget-container\">\n\t\t\t\t\t<h2 class=\"elementor-heading-title elementor-size-medium\">\u00c9tude de cas Fraisa<\/h2>\t\t\t\t<\/div>\n\t\t\t\t<\/div>\n\t\t\t\t<div class=\"elementor-element elementor-element-4538fd74 elementor-widget elementor-widget-heading\" data-id=\"4538fd74\" data-element_type=\"widget\" data-widget_type=\"heading.default\">\n\t\t\t\t<div class=\"elementor-widget-container\">\n\t\t\t\t\t<h1 class=\"elementor-heading-title elementor-size-xl\">RSI atteint en 5 semaines<\/h1>\t\t\t\t<\/div>\n\t\t\t\t<\/div>\n\t\t\t\t<div class=\"elementor-element elementor-element-49d94cec elementor-widget elementor-widget-text-editor\" data-id=\"49d94cec\" data-element_type=\"widget\" data-widget_type=\"text-editor.default\">\n\t\t\t\t<div class=\"elementor-widget-container\">\n\t\t\t\t\t\t\t\t\t<p>Une solution unique permet d&rsquo;\u00e9conomiser 2 heures de travail par semaine. C&rsquo;est exactement ce qui est arriv\u00e9 \u00e0 Sven Wyss. Gr\u00e2ce \u00e0 l&rsquo;utilisation de Liquidtool AutoPilot, lui et ses coll\u00e8gues du centre d&rsquo;application et de test de Fraisa n&rsquo;ont plus besoin de rajouter manuellement du lubrifiant r\u00e9frig\u00e9rant \u00e0 l&rsquo;une des 6 machines \u00e0 commande num\u00e9rique. Tout fonctionne automatiquement &#8211; et ils <strong>\u00e9conomisent au moins deux heures de travail de remplissage<\/strong> par d\u00e9partement chaque semaine.<\/p>\n\t\t\t\t\t\t\t\t<\/div>\n\t\t\t\t<\/div>\n\t\t<div class=\"elementor-element elementor-element-2426ba96 e-flex e-con-boxed e-con e-parent\" data-id=\"2426ba96\" data-element_type=\"container\">\n\t\t\t\t\t<div class=\"e-con-inner\">\n\t\t\t\t<div class=\"elementor-element elementor-element-2835c123 elementor-widget elementor-widget-image\" data-id=\"2835c123\" data-element_type=\"widget\" data-widget_type=\"image.default\">\n\t\t\t\t<div class=\"elementor-widget-container\">\n\t\t\t\t\t\t\t\t\t\t\t\t\t\t\t<img fetchpriority=\"high\" decoding=\"async\" width=\"800\" height=\"601\" src=\"https:\/\/liquidtool.com\/wp-content\/uploads\/2024\/04\/Tools-1-1024x769.jpg\" class=\"attachment-large size-large wp-image-35518\" alt=\"Tools made by Fraisa\" srcset=\"https:\/\/liquidtool.com\/wp-content\/uploads\/2024\/04\/Tools-1-1024x769.jpg 1024w, https:\/\/liquidtool.com\/wp-content\/uploads\/2024\/04\/Tools-1-300x225.jpg 300w, https:\/\/liquidtool.com\/wp-content\/uploads\/2024\/04\/Tools-1-768x577.jpg 768w, https:\/\/liquidtool.com\/wp-content\/uploads\/2024\/04\/Tools-1.jpg 1216w\" sizes=\"(max-width: 800px) 100vw, 800px\" title=\"\">\t\t\t\t\t\t\t\t\t\t\t\t\t\t\t<\/div>\n\t\t\t\t<\/div>\n\t\t\t\t<div class=\"elementor-element elementor-element-1c0762f5 elementor-widget elementor-widget-image\" data-id=\"1c0762f5\" data-element_type=\"widget\" data-widget_type=\"image.default\">\n\t\t\t\t<div class=\"elementor-widget-container\">\n\t\t\t\t\t\t\t\t\t\t\t\t\t\t\t<img decoding=\"async\" width=\"800\" height=\"600\" src=\"https:\/\/liquidtool.com\/wp-content\/uploads\/2024\/04\/Sven-Wyss-machine1-1024x768.jpg\" class=\"attachment-large size-large wp-image-35542\" alt=\"Man in front of a GF cnc machine\" srcset=\"https:\/\/liquidtool.com\/wp-content\/uploads\/2024\/04\/Sven-Wyss-machine1-1024x768.jpg 1024w, https:\/\/liquidtool.com\/wp-content\/uploads\/2024\/04\/Sven-Wyss-machine1-300x225.jpg 300w, https:\/\/liquidtool.com\/wp-content\/uploads\/2024\/04\/Sven-Wyss-machine1-768x576.jpg 768w, https:\/\/liquidtool.com\/wp-content\/uploads\/2024\/04\/Sven-Wyss-machine1.jpg 1216w\" sizes=\"(max-width: 800px) 100vw, 800px\" title=\"\">\t\t\t\t\t\t\t\t\t\t\t\t\t\t\t<\/div>\n\t\t\t\t<\/div>\n\t\t\t\t<div class=\"elementor-element elementor-element-1572ff47 elementor-widget elementor-widget-image\" data-id=\"1572ff47\" data-element_type=\"widget\" data-widget_type=\"image.default\">\n\t\t\t\t<div class=\"elementor-widget-container\">\n\t\t\t\t\t\t\t\t\t\t\t\t\t\t\t<img decoding=\"async\" width=\"800\" height=\"601\" src=\"https:\/\/liquidtool.com\/wp-content\/uploads\/2024\/04\/Fraisa-building-1024x769.jpg\" class=\"attachment-large size-large wp-image-35530\" alt=\"Fraisa main building\" srcset=\"https:\/\/liquidtool.com\/wp-content\/uploads\/2024\/04\/Fraisa-building-1024x769.jpg 1024w, https:\/\/liquidtool.com\/wp-content\/uploads\/2024\/04\/Fraisa-building-300x225.jpg 300w, https:\/\/liquidtool.com\/wp-content\/uploads\/2024\/04\/Fraisa-building-768x577.jpg 768w, https:\/\/liquidtool.com\/wp-content\/uploads\/2024\/04\/Fraisa-building.jpg 1216w\" sizes=\"(max-width: 800px) 100vw, 800px\" title=\"\">\t\t\t\t\t\t\t\t\t\t\t\t\t\t\t<\/div>\n\t\t\t\t<\/div>\n\t\t\t\t\t<\/div>\n\t\t\t\t<\/div>\n\t\t\t\t<div class=\"elementor-element elementor-element-4c7b91b elementor-widget elementor-widget-heading\" data-id=\"4c7b91b\" data-element_type=\"widget\" data-widget_type=\"heading.default\">\n\t\t\t\t<div class=\"elementor-widget-container\">\n\t\t\t\t\t<h2 class=\"elementor-heading-title elementor-size-medium\">De l'int\u00e9r\u00eat \u00e0 l'application pratique<\/h2>\t\t\t\t<\/div>\n\t\t\t\t<\/div>\n\t\t\t\t<div class=\"elementor-element elementor-element-630151bb elementor-widget elementor-widget-text-editor\" data-id=\"630151bb\" data-element_type=\"widget\" data-widget_type=\"text-editor.default\">\n\t\t\t\t<div class=\"elementor-widget-container\">\n\t\t\t\t\t\t\t\t\t<p>Sven Wyss s&rsquo;est toujours int\u00e9ress\u00e9 \u00e0 la chimie. Pour lui, les lubrifiants r\u00e9frig\u00e9rants \u00e9taient plus qu&rsquo;un mal n\u00e9cessaire. Pendant ses \u00e9tudes pour devenir technicien de production HF, il cherchait dans sa propre entreprise des processus dans lesquels les applications de l&rsquo;industrie 4.0 pourraient \u00eatre int\u00e9gr\u00e9es. C&rsquo;est \u00e0 ce moment-l\u00e0 qu&rsquo;il a pris connaissance de Liquidtool et de <span style=\"text-decoration: underline;\"><a href=\"https:\/\/liquidtool.com\/fr\/produits\/autopilot-single\/\">l&rsquo;AutoPilot<\/a><\/span>. <\/p>\n\t\t\t\t\t\t\t\t<\/div>\n\t\t\t\t<\/div>\n\t\t\t\t<div class=\"elementor-element elementor-element-597f9675 elementor-widget elementor-widget-heading\" data-id=\"597f9675\" data-element_type=\"widget\" data-widget_type=\"heading.default\">\n\t\t\t\t<div class=\"elementor-widget-container\">\n\t\t\t\t\t<h2 class=\"elementor-heading-title elementor-size-medium\">L'automatisation, cl\u00e9 de l'efficacit\u00e9<\/h2>\t\t\t\t<\/div>\n\t\t\t\t<\/div>\n\t\t\t\t<div class=\"elementor-element elementor-element-1e9266e9 elementor-widget elementor-widget-text-editor\" data-id=\"1e9266e9\" data-element_type=\"widget\" data-widget_type=\"text-editor.default\">\n\t\t\t\t<div class=\"elementor-widget-container\">\n\t\t\t\t\t\t\t\t\t<p>L&rsquo;analyse approfondie a r\u00e9v\u00e9l\u00e9 que le remplissage manuel <strong>prenait beaucoup de temps et \u00e9tait sujet \u00e0 des erreurs<\/strong>. Parfois, le tuyau se d\u00e9tachait du f\u00fbt et inondait le sol, parfois la d\u00e9termination de la concentration \u00e0 l&rsquo;aide du r\u00e9fractom\u00e8tre manuel s&rsquo;apparentait davantage \u00e0 une estimation. En somme, c&rsquo;\u00e9tait un travail fastidieux et chronophage qui prenait au moins 15 \u00e0 20 minutes par semaine et par machine.<\/p>\n\t\t\t\t\t\t\t\t<\/div>\n\t\t\t\t<\/div>\n\t\t\t\t<div class=\"elementor-element elementor-element-68ac9710 elementor-widget elementor-widget-heading\" data-id=\"68ac9710\" data-element_type=\"widget\" data-widget_type=\"heading.default\">\n\t\t\t\t<div class=\"elementor-widget-container\">\n\t\t\t\t\t<h2 class=\"elementor-heading-title elementor-size-medium\">Avantages durables et \u00e9conomies<\/h2>\t\t\t\t<\/div>\n\t\t\t\t<\/div>\n\t\t\t\t<div class=\"elementor-element elementor-element-588d619 elementor-widget elementor-widget-text-editor\" data-id=\"588d619\" data-element_type=\"widget\" data-widget_type=\"text-editor.default\">\n\t\t\t\t<div class=\"elementor-widget-container\">\n\t\t\t\t\t\t\t\t\t<p>Aujourd&rsquo;hui, les r\u00e9servoirs de lubrifiant r\u00e9frig\u00e9rant des 6 machines sont surveill\u00e9s et remplis automatiquement. Gr\u00e2ce \u00e0 ce gain de temps de 6*20 minutes par semaine, ils ont pu calculer chez <span style=\"text-decoration: underline;\"><a href=\"https:\/\/www.fraisa.com\/fr\/\" target=\"_blank\" rel=\"noopener\">Fraisa<\/a><\/span> que les co\u00fbts d&rsquo;automatisation des machines avaient d\u00e9j\u00e0 \u00e9t\u00e9 <strong>rentabilis\u00e9s au bout d&rsquo;environ 5 semaines<\/strong>.<\/p>\n<p>Parall\u00e8lement, Wyss et ses coll\u00e8gues ont observ\u00e9 une <strong>r\u00e9duction de la consommation de concentr\u00e9s d&rsquo;au moins 10 %.<\/strong> Par cons\u00e9quent, les f\u00fbts de lubrifiant r\u00e9frig\u00e9rant doivent \u00eatre chang\u00e9s et r\u00e9approvisionn\u00e9s moins souvent, ce qui apporte des avantages \u00e9cologiques et \u00e9conomiques.<\/p>\n\t\t\t\t\t\t\t\t<\/div>\n\t\t\t\t<\/div>\n\t\t<div class=\"elementor-element elementor-element-fc7ef9e e-flex e-con-boxed e-con e-parent\" data-id=\"fc7ef9e\" data-element_type=\"container\">\n\t\t\t\t\t<div class=\"e-con-inner\">\n\t\t\t\t<div class=\"elementor-element elementor-element-e0d2c3e elementor-widget elementor-widget-image\" data-id=\"e0d2c3e\" data-element_type=\"widget\" data-widget_type=\"image.default\">\n\t\t\t\t<div class=\"elementor-widget-container\">\n\t\t\t\t\t\t\t\t\t\t\t\t\t\t\t<img loading=\"lazy\" decoding=\"async\" width=\"800\" height=\"600\" src=\"https:\/\/liquidtool.com\/wp-content\/uploads\/2024\/04\/Sven-Wyss-Citation-1024x768.jpg\" class=\"attachment-large size-large wp-image-35434\" alt=\"un homme devant une machine \u00e0 commande num\u00e9rique qui fait l&#039;\u00e9loge du Liquidtool autopilot\" srcset=\"https:\/\/liquidtool.com\/wp-content\/uploads\/2024\/04\/Sven-Wyss-Citation-1024x768.jpg 1024w, https:\/\/liquidtool.com\/wp-content\/uploads\/2024\/04\/Sven-Wyss-Citation-300x225.jpg 300w, https:\/\/liquidtool.com\/wp-content\/uploads\/2024\/04\/Sven-Wyss-Citation-768x576.jpg 768w, https:\/\/liquidtool.com\/wp-content\/uploads\/2024\/04\/Sven-Wyss-Citation-1536x1152.jpg 1536w, https:\/\/liquidtool.com\/wp-content\/uploads\/2024\/04\/Sven-Wyss-Citation.jpg 1920w\" sizes=\"(max-width: 800px) 100vw, 800px\" title=\"\">\t\t\t\t\t\t\t\t\t\t\t\t\t\t\t<\/div>\n\t\t\t\t<\/div>\n\t\t<div class=\"elementor-element elementor-element-0c4a43c e-flex e-con-boxed e-con e-child\" data-id=\"0c4a43c\" data-element_type=\"container\">\n\t\t\t\t\t<div class=\"e-con-inner\">\n\t\t\t\t<div class=\"elementor-element elementor-element-49d192f elementor-widget elementor-widget-heading\" data-id=\"49d192f\" data-element_type=\"widget\" data-widget_type=\"heading.default\">\n\t\t\t\t<div class=\"elementor-widget-container\">\n\t\t\t\t\t<h3 class=\"elementor-heading-title elementor-size-default\">L'importance de r\u00e9sultats de production constants<\/h3>\t\t\t\t<\/div>\n\t\t\t\t<\/div>\n\t\t\t\t<div class=\"elementor-element elementor-element-2b6222c elementor-widget elementor-widget-text-editor\" data-id=\"2b6222c\" data-element_type=\"widget\" data-widget_type=\"text-editor.default\">\n\t\t\t\t<div class=\"elementor-widget-container\">\n\t\t\t\t\t\t\t\t\t<p>Fraisa est l&rsquo;un des principaux fabricants d&rsquo;outils pour <a href=\"https:\/\/www.fraisa.com\/fr\/branches\" target=\"_blank\" rel=\"noopener\">l&rsquo;a\u00e9rospatiale, la technologie m\u00e9dicale, l&rsquo;horlogerie, l&rsquo;outillage, la m\u00e9canique de pr\u00e9cision et la fabrication en sous-traitance<\/a>. Ils font de la publicit\u00e9 avec le slogan \u00ab\u00a0Passion pour la pr\u00e9cision\u00a0\u00bb.<\/p>\n<p>Des r\u00e9sultats coh\u00e9rents et des processus stables sont essentiels dans ces conditions. C&rsquo;est la seule fa\u00e7on de garantir une qualit\u00e9 de produit \u00e9lev\u00e9e et constante. Cela permet \u00e9galement \u00e0 Sven Wyss et \u00e0 ses ing\u00e9nieurs d&rsquo;application de pr\u00e9parer plus facilement les outils pour les clients.<\/p>\n\t\t\t\t\t\t\t\t<\/div>\n\t\t\t\t<\/div>\n\t\t\t\t\t<\/div>\n\t\t\t\t<\/div>\n\t\t\t\t\t<\/div>\n\t\t\t\t<\/div>\n\t\t\t\t<div class=\"elementor-element elementor-element-28d4259d elementor-widget elementor-widget-text-editor\" data-id=\"28d4259d\" data-element_type=\"widget\" data-widget_type=\"text-editor.default\">\n\t\t\t\t<div class=\"elementor-widget-container\">\n\t\t\t\t\t\t\t\t\t<\/p>\n<p>Wyss estime qu&rsquo;une concentration constante de lubrifiant r\u00e9frig\u00e9rant apporte d&rsquo;autres avantages : Il a observ\u00e9 une <strong>augmentation de la dur\u00e9e de vie des outils<\/strong> utilis\u00e9s et une <strong>am\u00e9lioration de la propret\u00e9 des machines<\/strong>. <\/p>\n\t\t\t\t\t\t\t\t<\/div>\n\t\t\t\t<\/div>\n\t\t\t\t<div class=\"elementor-element elementor-element-78875a23 elementor-widget elementor-widget-heading\" data-id=\"78875a23\" data-element_type=\"widget\" data-widget_type=\"heading.default\">\n\t\t\t\t<div class=\"elementor-widget-container\">\n\t\t\t\t\t<h2 class=\"elementor-heading-title elementor-size-medium\">Convivialit\u00e9 et acceptation par l'\u00e9quipe<\/h2>\t\t\t\t<\/div>\n\t\t\t\t<\/div>\n\t\t\t\t<div class=\"elementor-element elementor-element-438f292e elementor-widget elementor-widget-text-editor\" data-id=\"438f292e\" data-element_type=\"widget\" data-widget_type=\"text-editor.default\">\n\t\t\t\t<div class=\"elementor-widget-container\">\n\t\t\t\t\t\t\t\t\t<p>Lorsqu&rsquo;on lui demande quelle est la fonction qu&rsquo;il pr\u00e9f\u00e8re, Wyss r\u00e9pond : \u00ab\u00a0Le tableau de bord pour la vue d&rsquo;ensemble est g\u00e9nial.\u00a0\u00bb Les diff\u00e9rents graphiques et param\u00e8tres du <span style=\"text-decoration: underline;\"><a href=\"https:\/\/liquidtool.com\/fr\/produits\/manager\/\">Manager<\/a><\/span> lui permettent de suivre facilement les machines. <\/p>\n<p>La facilit\u00e9 d&rsquo;utilisation de la plateforme en ligne fait que les coll\u00e8gues plus jeunes et plus \u00e2g\u00e9s la comprennent tout de suite. En m\u00eame temps, cela favorise <strong>l&rsquo;acceptation<\/strong> et facilite <strong>l&rsquo;int\u00e9gration<\/strong> de la nouvelle technologie dans le quotidien professionnel.<\/p>\n\t\t\t\t\t\t\t\t<\/div>\n\t\t\t\t<\/div>\n\t\t\t\t<div class=\"elementor-element elementor-element-5bf1c362 elementor-widget elementor-widget-heading\" data-id=\"5bf1c362\" data-element_type=\"widget\" data-widget_type=\"heading.default\">\n\t\t\t\t<div class=\"elementor-widget-container\">\n\t\t\t\t\t<h2 class=\"elementor-heading-title elementor-size-medium\">Conclusion et recommandation<\/h2>\t\t\t\t<\/div>\n\t\t\t\t<\/div>\n\t\t\t\t<div class=\"elementor-element elementor-element-3d26d577 elementor-widget elementor-widget-text-editor\" data-id=\"3d26d577\" data-element_type=\"widget\" data-widget_type=\"text-editor.default\">\n\t\t\t\t<div class=\"elementor-widget-container\">\n\t\t\t\t\t\t\t\t\t<p>L&rsquo;introduction du Liquidtool AutoPilot chez Fraisa montre que m\u00eame des optimisations apparemment minimes dans le processus de production peuvent conduire \u00e0 des am\u00e9liorations notables. Sven Wyss recommande vivement le <span style=\"text-decoration: underline;\"><a href=\"https:\/\/liquidtool.com\/fr\/produits\/autopilot-multi\/\">Liquidtool AutoPilot<\/a><\/span> aux entreprises qui <strong>d\u00e9pendent d&rsquo;une qualit\u00e9 constante du lubrifiant r\u00e9frig\u00e9rant<\/strong>. <\/p>\n<p>Les avantages sont particuli\u00e8rement pertinents pour les entreprises qui sont actives dans la fabrication d&rsquo;outils ou qui ont des lignes de production plus larges. <\/p>\n<p>Cependant, les petits fabricants \u00e0 fa\u00e7on peuvent \u00e9galement b\u00e9n\u00e9ficier de cette innovation en <strong>soulageant leurs employ\u00e9s des t\u00e2ches administratives<\/strong> et en leur permettant de se concentrer sur leurs comp\u00e9tences principales.<\/p>\n<p>Cette r\u00e9ussite d\u00e9montre de mani\u00e8re impressionnante comment l&rsquo;utilisation de technologies modernes peut non seulement optimiser les processus de travail, mais aussi am\u00e9liorer la qualit\u00e9 des produits et les conditions de travail. <\/p>\n<p>Le Liquidtool AutoPilot est un excellent exemple des possibilit\u00e9s qu&rsquo;ouvrent la num\u00e9risation et l&rsquo;automatisation dans l&rsquo;industrie manufacturi\u00e8re moderne. <strong>Et cela avec un retour sur investissement de quelques semaines seulement !<\/strong><\/p>\n\t\t\t\t\t\t\t\t<\/div>\n\t\t\t\t<\/div>\n\t\t\t\t\t<\/div>\n\t\t<\/div>\n\t\t\t\t\t<\/div>\n\t\t<\/section>\n\t\t\t\t<\/div>\n\t\t","protected":false},"excerpt":{"rendered":"<p>\u00c9tude de cas Fraisa RSI atteint en 5 semaines Une solution unique permet d&rsquo;\u00e9conomiser 2 heures de travail par semaine. C&rsquo;est exactement ce qui est arriv\u00e9 \u00e0 Sven Wyss. Gr\u00e2ce \u00e0 l&rsquo;utilisation de Liquidtool AutoPilot, lui et ses coll\u00e8gues du centre d&rsquo;application et de test de Fraisa n&rsquo;ont plus besoin de rajouter manuellement du lubrifiant [&hellip;]<\/p>\n","protected":false},"author":3,"featured_media":0,"parent":33097,"menu_order":3,"comment_status":"closed","ping_status":"closed","template":"","meta":{"content-type":"","footnotes":""},"class_list":["post-35577","page","type-page","status-publish","hentry"],"_links":{"self":[{"href":"https:\/\/liquidtool.com\/fr\/wp-json\/wp\/v2\/pages\/35577","targetHints":{"allow":["GET"]}}],"collection":[{"href":"https:\/\/liquidtool.com\/fr\/wp-json\/wp\/v2\/pages"}],"about":[{"href":"https:\/\/liquidtool.com\/fr\/wp-json\/wp\/v2\/types\/page"}],"author":[{"embeddable":true,"href":"https:\/\/liquidtool.com\/fr\/wp-json\/wp\/v2\/users\/3"}],"replies":[{"embeddable":true,"href":"https:\/\/liquidtool.com\/fr\/wp-json\/wp\/v2\/comments?post=35577"}],"version-history":[{"count":3,"href":"https:\/\/liquidtool.com\/fr\/wp-json\/wp\/v2\/pages\/35577\/revisions"}],"predecessor-version":[{"id":35580,"href":"https:\/\/liquidtool.com\/fr\/wp-json\/wp\/v2\/pages\/35577\/revisions\/35580"}],"up":[{"embeddable":true,"href":"https:\/\/liquidtool.com\/fr\/wp-json\/wp\/v2\/pages\/33097"}],"wp:attachment":[{"href":"https:\/\/liquidtool.com\/fr\/wp-json\/wp\/v2\/media?parent=35577"}],"curies":[{"name":"wp","href":"https:\/\/api.w.org\/{rel}","templated":true}]}}