{"id":33160,"date":"2024-01-08T10:26:56","date_gmt":"2024-01-08T09:26:56","guid":{"rendered":"https:\/\/liquidtool.com\/?page_id=33160"},"modified":"2024-04-15T12:16:01","modified_gmt":"2024-04-15T10:16:01","slug":"ceratizit","status":"publish","type":"page","link":"https:\/\/liquidtool.com\/fr\/histoires-de-reussite\/ceratizit\/","title":{"rendered":"Ceratizit"},"content":{"rendered":"\t\t<div data-elementor-type=\"wp-page\" data-elementor-id=\"33160\" class=\"elementor elementor-33160 elementor-33158\" data-elementor-post-type=\"page\">\n\t\t\t\t\t\t<section class=\"elementor-section elementor-top-section elementor-element elementor-element-407cb4a lt-section elementor-section-boxed elementor-section-height-default elementor-section-height-default\" data-id=\"407cb4a\" data-element_type=\"section\" id=\"team\">\n\t\t\t\t\t\t<div class=\"elementor-container elementor-column-gap-default\">\n\t\t\t\t\t<div class=\"elementor-column elementor-col-100 elementor-top-column elementor-element elementor-element-dc0c7dc bg-news\" data-id=\"dc0c7dc\" data-element_type=\"column\" data-settings=\"{&quot;background_background&quot;:&quot;classic&quot;}\">\n\t\t\t<div class=\"elementor-widget-wrap elementor-element-populated\">\n\t\t\t\t\t\t<div class=\"elementor-element elementor-element-1f689f0 elementor-widget elementor-widget-heading\" data-id=\"1f689f0\" data-element_type=\"widget\" data-widget_type=\"heading.default\">\n\t\t\t\t<div class=\"elementor-widget-container\">\n\t\t\t\t\t<h2 class=\"elementor-heading-title elementor-size-medium\">\u00c9tude de cas Ceratizit group<\/h2>\t\t\t\t<\/div>\n\t\t\t\t<\/div>\n\t\t\t\t<div class=\"elementor-element elementor-element-00c9cb8 elementor-widget elementor-widget-heading\" data-id=\"00c9cb8\" data-element_type=\"widget\" data-widget_type=\"heading.default\">\n\t\t\t\t<div class=\"elementor-widget-container\">\n\t\t\t\t\t<h1 class=\"elementor-heading-title elementor-size-xl\">Efficacit\u00e9 et durabilit\u00e9 accrues gr\u00e2ce \u00e0 la gestion automatique du lubrifiant r\u00e9frig\u00e9rant<\/h1>\t\t\t\t<\/div>\n\t\t\t\t<\/div>\n\t\t\t\t<div class=\"elementor-element elementor-element-46043ff elementor-widget elementor-widget-text-editor\" data-id=\"46043ff\" data-element_type=\"widget\" data-widget_type=\"text-editor.default\">\n\t\t\t\t<div class=\"elementor-widget-container\">\n\t\t\t\t\t\t\t\t\t<p>Qui ne r\u00eave pas de simplifier sa vie ? Simon Bastiani et ses deux coll\u00e8gues ing\u00e9nieurs d&rsquo;application chez Ceratizit n&rsquo;ont plus \u00e0 se soucier des lubrifiants r\u00e9frig\u00e9rants depuis la mi-2023. Pour eux, le passage au Liquidtool AutoPilot a \u00e9t\u00e9 une \u00e9tape importante vers l&rsquo;efficacit\u00e9 et la durabilit\u00e9. Cette histoire de r\u00e9ussite montre comment Ceratizit utilise les technologies modernes pour optimiser ses processus d&rsquo;exploitation et contribuer en m\u00eame temps \u00e0 la protection de l&rsquo;environnement.<\/p>\n\t\t\t\t\t\t\t\t<\/div>\n\t\t\t\t<\/div>\n\t\t<div class=\"elementor-element elementor-element-235e6f6 e-flex e-con-boxed e-con e-parent\" data-id=\"235e6f6\" data-element_type=\"container\">\n\t\t\t\t\t<div class=\"e-con-inner\">\n\t\t\t\t<div class=\"elementor-element elementor-element-74132c0 elementor-widget elementor-widget-image\" data-id=\"74132c0\" data-element_type=\"widget\" data-widget_type=\"image.default\">\n\t\t\t\t<div class=\"elementor-widget-container\">\n\t\t\t\t\t\t\t\t\t\t\t\t\t\t\t<img fetchpriority=\"high\" decoding=\"async\" width=\"800\" height=\"600\" src=\"https:\/\/liquidtool.com\/wp-content\/uploads\/2024\/01\/Ceratizit-shop-floor-impression-1024x768.jpg\" class=\"attachment-large size-large wp-image-33183\" alt=\"A machine at the ceratizit technical center\" srcset=\"https:\/\/liquidtool.com\/wp-content\/uploads\/2024\/01\/Ceratizit-shop-floor-impression-1024x768.jpg 1024w, https:\/\/liquidtool.com\/wp-content\/uploads\/2024\/01\/Ceratizit-shop-floor-impression-300x225.jpg 300w, https:\/\/liquidtool.com\/wp-content\/uploads\/2024\/01\/Ceratizit-shop-floor-impression-768x576.jpg 768w, https:\/\/liquidtool.com\/wp-content\/uploads\/2024\/01\/Ceratizit-shop-floor-impression-1536x1152.jpg 1536w, https:\/\/liquidtool.com\/wp-content\/uploads\/2024\/01\/Ceratizit-shop-floor-impression-2048x1536.jpg 2048w\" sizes=\"(max-width: 800px) 100vw, 800px\" title=\"\">\t\t\t\t\t\t\t\t\t\t\t\t\t\t\t<\/div>\n\t\t\t\t<\/div>\n\t\t\t\t<div class=\"elementor-element elementor-element-bf6681c elementor-widget elementor-widget-image\" data-id=\"bf6681c\" data-element_type=\"widget\" data-widget_type=\"image.default\">\n\t\t\t\t<div class=\"elementor-widget-container\">\n\t\t\t\t\t\t\t\t\t\t\t\t\t\t\t<img decoding=\"async\" width=\"800\" height=\"600\" src=\"https:\/\/liquidtool.com\/wp-content\/uploads\/2024\/01\/Simon-Bastiani-at-machine-1024x768.jpg\" class=\"attachment-large size-large wp-image-33195\" alt=\"engineer simon bastiani at a machine at the ceratizit technical center\" srcset=\"https:\/\/liquidtool.com\/wp-content\/uploads\/2024\/01\/Simon-Bastiani-at-machine-1024x768.jpg 1024w, https:\/\/liquidtool.com\/wp-content\/uploads\/2024\/01\/Simon-Bastiani-at-machine-300x225.jpg 300w, https:\/\/liquidtool.com\/wp-content\/uploads\/2024\/01\/Simon-Bastiani-at-machine-768x576.jpg 768w, https:\/\/liquidtool.com\/wp-content\/uploads\/2024\/01\/Simon-Bastiani-at-machine-1536x1152.jpg 1536w, https:\/\/liquidtool.com\/wp-content\/uploads\/2024\/01\/Simon-Bastiani-at-machine-2048x1536.jpg 2048w\" sizes=\"(max-width: 800px) 100vw, 800px\" title=\"\">\t\t\t\t\t\t\t\t\t\t\t\t\t\t\t<\/div>\n\t\t\t\t<\/div>\n\t\t\t\t<div class=\"elementor-element elementor-element-5e5c61b elementor-widget elementor-widget-image\" data-id=\"5e5c61b\" data-element_type=\"widget\" data-widget_type=\"image.default\">\n\t\t\t\t<div class=\"elementor-widget-container\">\n\t\t\t\t\t\t\t\t\t\t\t\t\t\t\t<img decoding=\"async\" width=\"800\" height=\"600\" src=\"https:\/\/liquidtool.com\/wp-content\/uploads\/2024\/01\/Tool-overview-1024x768.jpg\" class=\"attachment-large size-large wp-image-33171\" alt=\"an overview of tools made by ceratizit\" srcset=\"https:\/\/liquidtool.com\/wp-content\/uploads\/2024\/01\/Tool-overview-1024x768.jpg 1024w, https:\/\/liquidtool.com\/wp-content\/uploads\/2024\/01\/Tool-overview-300x225.jpg 300w, https:\/\/liquidtool.com\/wp-content\/uploads\/2024\/01\/Tool-overview-768x576.jpg 768w, https:\/\/liquidtool.com\/wp-content\/uploads\/2024\/01\/Tool-overview-1536x1152.jpg 1536w, https:\/\/liquidtool.com\/wp-content\/uploads\/2024\/01\/Tool-overview-2048x1536.jpg 2048w\" sizes=\"(max-width: 800px) 100vw, 800px\" title=\"\">\t\t\t\t\t\t\t\t\t\t\t\t\t\t\t<\/div>\n\t\t\t\t<\/div>\n\t\t\t\t\t<\/div>\n\t\t\t\t<\/div>\n\t\t\t\t<div class=\"elementor-element elementor-element-3219d2a elementor-widget elementor-widget-heading\" data-id=\"3219d2a\" data-element_type=\"widget\" data-widget_type=\"heading.default\">\n\t\t\t\t<div class=\"elementor-widget-container\">\n\t\t\t\t\t<h2 class=\"elementor-heading-title elementor-size-medium\">Du contr\u00f4le manuel \u00e0 la surveillance automatis\u00e9e<\/h2>\t\t\t\t<\/div>\n\t\t\t\t<\/div>\n\t\t\t\t<div class=\"elementor-element elementor-element-3d9d448 elementor-widget elementor-widget-text-editor\" data-id=\"3d9d448\" data-element_type=\"widget\" data-widget_type=\"text-editor.default\">\n\t\t\t\t<div class=\"elementor-widget-container\">\n\t\t\t\t\t\t\t\t\t<p><a href=\"https:\/\/www.ceratizit.com\/\" target=\"_blank\" rel=\"noopener\"><span style=\"text-decoration: underline;\">Ceratizit<\/span><\/a> est un grand fabricant d&rsquo;outils de coupe et de solutions en carbure. La qualit\u00e9 constante du lubrifiant r\u00e9frig\u00e9rant joue un r\u00f4le d\u00e9cisif dans les essais d&rsquo;usinage au centre technique de Ceratizit. Jusqu&rsquo;\u00e0 pr\u00e9sent, un travail manuel approfondi \u00e9tait n\u00e9cessaire pour d\u00e9tecter les changements et y r\u00e9agir afin de garantir la coh\u00e9rence. L&rsquo;utilisation de <span style=\"text-decoration: underline;\"><a href=\"https:\/\/liquidtool.com\/fr\/produits\/autopilot-single\/\">Liquidtool AutoPilot<\/a><\/span> a fondamentalement chang\u00e9 la donne. Simon Bastiani et ses coll\u00e8gues b\u00e9n\u00e9ficient d\u00e9sormais d&rsquo;une surveillance continue et pr\u00e9cise du lubrifiant r\u00e9frig\u00e9rant, ce qui simplifie non seulement les processus de travail, mais garantit \u00e9galement une qualit\u00e9 sup\u00e9rieure constante et assure ainsi la comparabilit\u00e9 des r\u00e9sultats des tests.<\/p>\n\t\t\t\t\t\t\t\t<\/div>\n\t\t\t\t<\/div>\n\t\t\t\t<div class=\"elementor-element elementor-element-ac74fff elementor-widget elementor-widget-heading\" data-id=\"ac74fff\" data-element_type=\"widget\" data-widget_type=\"heading.default\">\n\t\t\t\t<div class=\"elementor-widget-container\">\n\t\t\t\t\t<h2 class=\"elementor-heading-title elementor-size-medium\">Le d\u00e9veloppement durable en point de mire : L'engagement de Ceratizit pour un avenir meilleur<\/h2>\t\t\t\t<\/div>\n\t\t\t\t<\/div>\n\t\t\t\t<div class=\"elementor-element elementor-element-5f7cf93 elementor-widget elementor-widget-text-editor\" data-id=\"5f7cf93\" data-element_type=\"widget\" data-widget_type=\"text-editor.default\">\n\t\t\t\t<div class=\"elementor-widget-container\">\n\t\t\t\t\t\t\t\t\t<p>Ceratizit s&rsquo;engage en faveur du d\u00e9veloppement durable avec sa d\u00e9claration de mission <span style=\"text-decoration: underline;\"><a href=\"https:\/\/www.ceratizit.com\/int\/en\/sustainability.html\" target=\"_blank\" rel=\"noopener\">\u00ab\u00a0Tooling a sustainable future\u00a0\u00bb<\/a><\/span>. L&rsquo;objectif d&rsquo;\u00eatre neutre en CO2 d&rsquo;ici 2025 est soutenu par des mesures telles que la prolongation de la dur\u00e9e de vie du lubrifiant r\u00e9frig\u00e9rant et l&rsquo;utilisation de produits plus respectueux de l&rsquo;environnement. Par exemple, la dur\u00e9e de vie du lubrifiant de refroidissement est d\u00e9sormais \u00e9tendue d&rsquo;un \u00e0 deux ans. Cela permet non seulement de r\u00e9duire les co\u00fbts d&rsquo;\u00e9limination, mais aussi de diviser par deux les co\u00fbts des concentr\u00e9s.<\/p>\n\t\t\t\t\t\t\t\t<\/div>\n\t\t\t\t<\/div>\n\t\t\t\t<div class=\"elementor-element elementor-element-de7d9cb elementor-widget elementor-widget-heading\" data-id=\"de7d9cb\" data-element_type=\"widget\" data-widget_type=\"heading.default\">\n\t\t\t\t<div class=\"elementor-widget-container\">\n\t\t\t\t\t<h2 class=\"elementor-heading-title elementor-size-medium\">Effets secondaires positifs : Am\u00e9lioration des conditions de travail et de la propret\u00e9<\/h2>\t\t\t\t<\/div>\n\t\t\t\t<\/div>\n\t\t\t\t<div class=\"elementor-element elementor-element-388540d elementor-widget elementor-widget-text-editor\" data-id=\"388540d\" data-element_type=\"widget\" data-widget_type=\"text-editor.default\">\n\t\t\t\t<div class=\"elementor-widget-container\">\n\t\t\t\t\t\t\t\t\t<p>Outre les avantages techniques, Simon Bastiani fait \u00e9tat d&rsquo;une meilleure compatibilit\u00e9 du lubrifiant r\u00e9frig\u00e9rant avec la peau et d&rsquo;une propret\u00e9 visible. Ces changements contribuent \u00e0 am\u00e9liorer les conditions de travail et montrent que les avanc\u00e9es technologiques peuvent \u00e9galement avoir un impact positif sur la sant\u00e9 des travailleurs.<\/p>\n\t\t\t\t\t\t\t\t<\/div>\n\t\t\t\t<\/div>\n\t\t\t\t<div class=\"elementor-element elementor-element-1115371 elementor-widget elementor-widget-heading\" data-id=\"1115371\" data-element_type=\"widget\" data-widget_type=\"heading.default\">\n\t\t\t\t<div class=\"elementor-widget-container\">\n\t\t\t\t\t<h2 class=\"elementor-heading-title elementor-size-medium\">Des projets tourn\u00e9s vers l'avenir : La vision de Ceratizit avec Liquidtool AutoPilot<\/h2>\t\t\t\t<\/div>\n\t\t\t\t<\/div>\n\t\t\t\t<div class=\"elementor-element elementor-element-d7c32ed elementor-widget elementor-widget-text-editor\" data-id=\"d7c32ed\" data-element_type=\"widget\" data-widget_type=\"text-editor.default\">\n\t\t\t\t<div class=\"elementor-widget-container\">\n\t\t\t\t\t\t\t\t\t<p>Simon Bastiani voit dans l&rsquo;\u00e9largissement des param\u00e8tres de mesure du Liquidtool AutoPilot, tels que les valeurs de pH ou de nitrite, un potentiel pour des contr\u00f4les encore plus pr\u00e9cis et une documentation sans faille des normes de s\u00e9curit\u00e9 (par ex. <span style=\"text-decoration: underline;\"><a href=\"https:\/\/www.baua.de\/EN\/Service\/Technical-rules\/TRGS\/TRGS-611.html\" target=\"_blank\" rel=\"noopener\">TRGS 611<\/a><\/span>). Avec trois machines d\u00e9j\u00e0 \u00e9quip\u00e9es \u00e0 Kempten (<span style=\"text-decoration: underline;\"><a href=\"https:\/\/liquidtool.com\/fr\/produits\/autopilot-multi\/\">AutoPilot Multi<\/a><\/span>) et des projets d&rsquo;expansion, Ceratizit est sur la bonne voie pour accro\u00eetre encore son efficacit\u00e9 et sa durabilit\u00e9.<\/p>\n\t\t\t\t\t\t\t\t<\/div>\n\t\t\t\t<\/div>\n\t\t\t\t<div class=\"elementor-element elementor-element-e547900 elementor-widget elementor-widget-heading\" data-id=\"e547900\" data-element_type=\"widget\" data-widget_type=\"heading.default\">\n\t\t\t\t<div class=\"elementor-widget-container\">\n\t\t\t\t\t<h2 class=\"elementor-heading-title elementor-size-medium\">Conclusion : Technologie et durabilit\u00e9 vont de pair\n<\/h2>\t\t\t\t<\/div>\n\t\t\t\t<\/div>\n\t\t\t\t<div class=\"elementor-element elementor-element-21dbcbe elementor-widget elementor-widget-text-editor\" data-id=\"21dbcbe\" data-element_type=\"widget\" data-widget_type=\"text-editor.default\">\n\t\t\t\t<div class=\"elementor-widget-container\">\n\t\t\t\t\t\t\t\t\t<p>L&rsquo;histoire de Ceratizit et du Liquidtool AutoPilot montre que les technologies innovantes peuvent non seulement accro\u00eetre l&rsquo;efficacit\u00e9 et la productivit\u00e9, mais aussi contribuer de mani\u00e8re significative \u00e0 la protection de l&rsquo;environnement. Cette r\u00e9ussite prouve que la durabilit\u00e9 et la rentabilit\u00e9 ne sont pas n\u00e9cessairement oppos\u00e9es, mais qu&rsquo;elles peuvent se renforcer mutuellement.<\/p>\n\t\t\t\t\t\t\t\t<\/div>\n\t\t\t\t<\/div>\n\t\t\t\t\t<\/div>\n\t\t<\/div>\n\t\t\t\t\t<\/div>\n\t\t<\/section>\n\t\t\t\t<\/div>\n\t\t","protected":false},"excerpt":{"rendered":"<p>\u00c9tude de cas Ceratizit group Efficacit\u00e9 et durabilit\u00e9 accrues gr\u00e2ce \u00e0 la gestion automatique du lubrifiant r\u00e9frig\u00e9rant Qui ne r\u00eave pas de simplifier sa vie ? Simon Bastiani et ses deux coll\u00e8gues ing\u00e9nieurs d&rsquo;application chez Ceratizit n&rsquo;ont plus \u00e0 se soucier des lubrifiants r\u00e9frig\u00e9rants depuis la mi-2023. Pour eux, le passage au Liquidtool AutoPilot a [&hellip;]<\/p>\n","protected":false},"author":3,"featured_media":32932,"parent":33097,"menu_order":1,"comment_status":"closed","ping_status":"closed","template":"","meta":{"content-type":"","footnotes":""},"class_list":["post-33160","page","type-page","status-publish","has-post-thumbnail","hentry"],"_links":{"self":[{"href":"https:\/\/liquidtool.com\/fr\/wp-json\/wp\/v2\/pages\/33160","targetHints":{"allow":["GET"]}}],"collection":[{"href":"https:\/\/liquidtool.com\/fr\/wp-json\/wp\/v2\/pages"}],"about":[{"href":"https:\/\/liquidtool.com\/fr\/wp-json\/wp\/v2\/types\/page"}],"author":[{"embeddable":true,"href":"https:\/\/liquidtool.com\/fr\/wp-json\/wp\/v2\/users\/3"}],"replies":[{"embeddable":true,"href":"https:\/\/liquidtool.com\/fr\/wp-json\/wp\/v2\/comments?post=33160"}],"version-history":[{"count":11,"href":"https:\/\/liquidtool.com\/fr\/wp-json\/wp\/v2\/pages\/33160\/revisions"}],"predecessor-version":[{"id":35570,"href":"https:\/\/liquidtool.com\/fr\/wp-json\/wp\/v2\/pages\/33160\/revisions\/35570"}],"up":[{"embeddable":true,"href":"https:\/\/liquidtool.com\/fr\/wp-json\/wp\/v2\/pages\/33097"}],"wp:featuredmedia":[{"embeddable":true,"href":"https:\/\/liquidtool.com\/fr\/wp-json\/wp\/v2\/media\/32932"}],"wp:attachment":[{"href":"https:\/\/liquidtool.com\/fr\/wp-json\/wp\/v2\/media?parent=33160"}],"curies":[{"name":"wp","href":"https:\/\/api.w.org\/{rel}","templated":true}]}}