{"id":33121,"date":"2024-01-05T17:06:20","date_gmt":"2024-01-05T16:06:20","guid":{"rendered":"https:\/\/liquidtool.com\/?page_id=33121"},"modified":"2024-04-15T12:15:58","modified_gmt":"2024-04-15T10:15:58","slug":"ibor","status":"publish","type":"page","link":"https:\/\/liquidtool.com\/fr\/histoires-de-reussite\/ibor\/","title":{"rendered":"Ibor"},"content":{"rendered":"\t\t<div data-elementor-type=\"wp-page\" data-elementor-id=\"33121\" class=\"elementor elementor-33121 elementor-33119\" data-elementor-post-type=\"page\">\n\t\t\t\t\t\t<section class=\"elementor-section elementor-top-section elementor-element elementor-element-407cb4a lt-section elementor-section-boxed elementor-section-height-default elementor-section-height-default\" data-id=\"407cb4a\" data-element_type=\"section\" id=\"team\">\n\t\t\t\t\t\t<div class=\"elementor-container elementor-column-gap-default\">\n\t\t\t\t\t<div class=\"elementor-column elementor-col-100 elementor-top-column elementor-element elementor-element-dc0c7dc bg-news\" data-id=\"dc0c7dc\" data-element_type=\"column\" data-settings=\"{&quot;background_background&quot;:&quot;classic&quot;}\">\n\t\t\t<div class=\"elementor-widget-wrap elementor-element-populated\">\n\t\t\t\t\t\t<div class=\"elementor-element elementor-element-1f689f0 elementor-widget elementor-widget-heading\" data-id=\"1f689f0\" data-element_type=\"widget\" data-widget_type=\"heading.default\">\n\t\t\t\t<div class=\"elementor-widget-container\">\n\t\t\t\t\t<h2 class=\"elementor-heading-title elementor-size-medium\">\u00c9tude de cas IBOR AG<\/h2>\t\t\t\t<\/div>\n\t\t\t\t<\/div>\n\t\t\t\t<div class=\"elementor-element elementor-element-00c9cb8 elementor-widget elementor-widget-heading\" data-id=\"00c9cb8\" data-element_type=\"widget\" data-widget_type=\"heading.default\">\n\t\t\t\t<div class=\"elementor-widget-container\">\n\t\t\t\t\t<h1 class=\"elementor-heading-title elementor-size-xl\">Des accidents co\u00fbteux \u00e0 une production efficace<\/h1>\t\t\t\t<\/div>\n\t\t\t\t<\/div>\n\t\t\t\t<div class=\"elementor-element elementor-element-46043ff elementor-widget elementor-widget-text-editor\" data-id=\"46043ff\" data-element_type=\"widget\" data-widget_type=\"text-editor.default\">\n\t\t\t\t<div class=\"elementor-widget-container\">\n\t\t\t\t\t\t\t\t\t<p>Un r\u00e9servoir de lubrifiant r\u00e9frig\u00e9rant qui d\u00e9borde n&rsquo;est pas seulement une nuisance, mais aussi un gaspillage de ressources et d&rsquo;argent. Chez IBOR AG, un fabricant suisse de renom, il s&rsquo;agit d&rsquo;un probl\u00e8me r\u00e9current qui a non seulement caus\u00e9 du d\u00e9sordre, mais aussi nui \u00e0 l&rsquo;efficacit\u00e9. Mais le vent a tourn\u00e9.<\/p>\n\t\t\t\t\t\t\t\t<\/div>\n\t\t\t\t<\/div>\n\t\t<div class=\"elementor-element elementor-element-235e6f6 e-flex e-con-boxed e-con e-parent\" data-id=\"235e6f6\" data-element_type=\"container\">\n\t\t\t\t\t<div class=\"e-con-inner\">\n\t\t\t\t<div class=\"elementor-element elementor-element-74132c0 elementor-widget elementor-widget-image\" data-id=\"74132c0\" data-element_type=\"widget\" data-widget_type=\"image.default\">\n\t\t\t\t<div class=\"elementor-widget-container\">\n\t\t\t\t\t\t\t\t\t\t\t\t\t\t\t<img fetchpriority=\"high\" decoding=\"async\" width=\"800\" height=\"600\" src=\"https:\/\/liquidtool.com\/wp-content\/uploads\/2024\/01\/Hedelius-machine-1024x768.jpg\" class=\"attachment-large size-large wp-image-33047\" alt=\"Hedelius machine at ibor ag\" srcset=\"https:\/\/liquidtool.com\/wp-content\/uploads\/2024\/01\/Hedelius-machine-1024x768.jpg 1024w, https:\/\/liquidtool.com\/wp-content\/uploads\/2024\/01\/Hedelius-machine-300x225.jpg 300w, https:\/\/liquidtool.com\/wp-content\/uploads\/2024\/01\/Hedelius-machine-768x576.jpg 768w, https:\/\/liquidtool.com\/wp-content\/uploads\/2024\/01\/Hedelius-machine-1536x1152.jpg 1536w, https:\/\/liquidtool.com\/wp-content\/uploads\/2024\/01\/Hedelius-machine.jpg 2016w\" sizes=\"(max-width: 800px) 100vw, 800px\" title=\"\">\t\t\t\t\t\t\t\t\t\t\t\t\t\t\t<\/div>\n\t\t\t\t<\/div>\n\t\t\t\t<div class=\"elementor-element elementor-element-bf6681c elementor-widget elementor-widget-image\" data-id=\"bf6681c\" data-element_type=\"widget\" data-widget_type=\"image.default\">\n\t\t\t\t<div class=\"elementor-widget-container\">\n\t\t\t\t\t\t\t\t\t\t\t\t\t\t\t<img decoding=\"async\" width=\"800\" height=\"600\" src=\"https:\/\/liquidtool.com\/wp-content\/uploads\/2024\/01\/Thomas-Battig-with-Filler_4x3-1024x768.jpg\" class=\"attachment-large size-large wp-image-33071\" alt=\"Thomas B\u00e4ttig with Liquidtool Extender\" srcset=\"https:\/\/liquidtool.com\/wp-content\/uploads\/2024\/01\/Thomas-Battig-with-Filler_4x3-1024x768.jpg 1024w, https:\/\/liquidtool.com\/wp-content\/uploads\/2024\/01\/Thomas-Battig-with-Filler_4x3-300x225.jpg 300w, https:\/\/liquidtool.com\/wp-content\/uploads\/2024\/01\/Thomas-Battig-with-Filler_4x3-768x576.jpg 768w, https:\/\/liquidtool.com\/wp-content\/uploads\/2024\/01\/Thomas-Battig-with-Filler_4x3.jpg 1512w\" sizes=\"(max-width: 800px) 100vw, 800px\" title=\"\">\t\t\t\t\t\t\t\t\t\t\t\t\t\t\t<\/div>\n\t\t\t\t<\/div>\n\t\t\t\t<div class=\"elementor-element elementor-element-5e5c61b elementor-widget elementor-widget-image\" data-id=\"5e5c61b\" data-element_type=\"widget\" data-widget_type=\"image.default\">\n\t\t\t\t<div class=\"elementor-widget-container\">\n\t\t\t\t\t\t\t\t\t\t\t\t\t\t\t<img decoding=\"async\" width=\"800\" height=\"600\" src=\"https:\/\/liquidtool.com\/wp-content\/uploads\/2024\/01\/Machine-at-work-1024x768.jpg\" class=\"attachment-large size-large wp-image-33023\" alt=\"a cnc machine milling using coolant\" srcset=\"https:\/\/liquidtool.com\/wp-content\/uploads\/2024\/01\/Machine-at-work-1024x768.jpg 1024w, https:\/\/liquidtool.com\/wp-content\/uploads\/2024\/01\/Machine-at-work-300x225.jpg 300w, https:\/\/liquidtool.com\/wp-content\/uploads\/2024\/01\/Machine-at-work-768x576.jpg 768w, https:\/\/liquidtool.com\/wp-content\/uploads\/2024\/01\/Machine-at-work-1536x1152.jpg 1536w, https:\/\/liquidtool.com\/wp-content\/uploads\/2024\/01\/Machine-at-work.jpg 2016w\" sizes=\"(max-width: 800px) 100vw, 800px\" title=\"\">\t\t\t\t\t\t\t\t\t\t\t\t\t\t\t<\/div>\n\t\t\t\t<\/div>\n\t\t\t\t\t<\/div>\n\t\t\t\t<\/div>\n\t\t\t\t<div class=\"elementor-element elementor-element-3219d2a elementor-widget elementor-widget-heading\" data-id=\"3219d2a\" data-element_type=\"widget\" data-widget_type=\"heading.default\">\n\t\t\t\t<div class=\"elementor-widget-container\">\n\t\t\t\t\t<h2 class=\"elementor-heading-title elementor-size-medium\">Le d\u00e9fi : le gaspillage inutile de lubrifiant r\u00e9frig\u00e9rant<\/h2>\t\t\t\t<\/div>\n\t\t\t\t<\/div>\n\t\t\t\t<div class=\"elementor-element elementor-element-3d9d448 elementor-widget elementor-widget-text-editor\" data-id=\"3d9d448\" data-element_type=\"widget\" data-widget_type=\"text-editor.default\">\n\t\t\t\t<div class=\"elementor-widget-container\">\n\t\t\t\t\t\t\t\t\t<p>Chez <span style=\"text-decoration: underline;\"><a href=\"https:\/\/www.ibor.ch\/\" target=\"_blank\" rel=\"noopener\">IBOR AG<\/a><\/span>, une entreprise sp\u00e9cialis\u00e9e dans la production de plaques et de pi\u00e8ces cubiques, la gestion du lubrifiant r\u00e9frig\u00e9rant est un d\u00e9fi permanent. Thomas B\u00e4ttig, responsable de la production, est sans cesse confront\u00e9 aux d\u00e9bordements et aux pertes de lubrifiant r\u00e9frig\u00e9rant qui en r\u00e9sultent. Ces incidents sont non seulement co\u00fbteux, mais ils affectent \u00e9galement la productivit\u00e9.<\/p>\n\t\t\t\t\t\t\t\t<\/div>\n\t\t\t\t<\/div>\n\t\t\t\t<div class=\"elementor-element elementor-element-ac74fff elementor-widget elementor-widget-heading\" data-id=\"ac74fff\" data-element_type=\"widget\" data-widget_type=\"heading.default\">\n\t\t\t\t<div class=\"elementor-widget-container\">\n\t\t\t\t\t<h2 class=\"elementor-heading-title elementor-size-medium\">La solution: Liquidtool AutoPilot<\/h2>\t\t\t\t<\/div>\n\t\t\t\t<\/div>\n\t\t\t\t<div class=\"elementor-element elementor-element-5f7cf93 elementor-widget elementor-widget-text-editor\" data-id=\"5f7cf93\" data-element_type=\"widget\" data-widget_type=\"text-editor.default\">\n\t\t\t\t<div class=\"elementor-widget-container\">\n\t\t\t\t\t\t\t\t\t<p>Avec l&rsquo;introduction du <span style=\"text-decoration: underline;\"><a href=\"https:\/\/liquidtool.com\/fr\/produits\/autopilot-single\/\">Liquidtool AutoPilot<\/a><\/span>, un syst\u00e8me de gestion automatique du lubrifiant r\u00e9frig\u00e9rant install\u00e9 sur une seule machine jusqu&rsquo;\u00e0 pr\u00e9sent, les choses se passent mieux. Le syst\u00e8me assure un niveau de remplissage constant et une concentration correcte du lubrifiant r\u00e9frig\u00e9rant, ce qui permet une r\u00e9duction significative de la consommation de lubrifiant r\u00e9frig\u00e9rant de 10 \u00e0 30 %. La qualit\u00e9 constante du lubrifiant r\u00e9frig\u00e9rant a non seulement am\u00e9lior\u00e9 les processus de production, mais aussi l&rsquo;environnement de travail.<\/p>\n\t\t\t\t\t\t\t\t<\/div>\n\t\t\t\t<\/div>\n\t\t\t\t<div class=\"elementor-element elementor-element-de7d9cb elementor-widget elementor-widget-heading\" data-id=\"de7d9cb\" data-element_type=\"widget\" data-widget_type=\"heading.default\">\n\t\t\t\t<div class=\"elementor-widget-container\">\n\t\t\t\t\t<h2 class=\"elementor-heading-title elementor-size-medium\">Jusqu'\u00e0 30 % d'\u00e9conomies de lubrifiant r\u00e9frig\u00e9rant<\/h2>\t\t\t\t<\/div>\n\t\t\t\t<\/div>\n\t\t\t\t<div class=\"elementor-element elementor-element-388540d elementor-widget elementor-widget-text-editor\" data-id=\"388540d\" data-element_type=\"widget\" data-widget_type=\"text-editor.default\">\n\t\t\t\t<div class=\"elementor-widget-container\">\n\t\t\t\t\t\t\t\t\t<p>La mise en \u0153uvre du Liquidtool AutoPilot chez IBOR a conduit \u00e0 une am\u00e9lioration significative de la stabilit\u00e9 du processus. Avec <span style=\"text-decoration: underline;\"><a href=\"https:\/\/www.ibor.ch\/maschinenpark\" target=\"_blank\" rel=\"noopener\">18 fraiseuses CNC<\/a><\/span> et un accent mis sur les produits de haute qualit\u00e9 pour la construction de machines, d&rsquo;avions et d&rsquo;automobiles, le maintien d&rsquo;une qualit\u00e9 constante du lubrifiant r\u00e9frig\u00e9rant est essentiel. Jusqu&rsquo;\u00e0 pr\u00e9sent, des <span style=\"text-decoration: underline;\"><a href=\"https:\/\/liquidtool.com\/fr\/liquidpedia\/valeurs-mesurees\/\">param\u00e8tres importants<\/a><\/span> tels que la concentration, la valeur du pH et le niveau de remplissage n&rsquo;ont \u00e9t\u00e9 contr\u00f4l\u00e9s que sporadiquement, ce qui a entra\u00een\u00e9 des fluctuations de la qualit\u00e9. Le Liquidtool AutoPilot apporte une solution \u00e0 ce probl\u00e8me.<\/p>\n\t\t\t\t\t\t\t\t<\/div>\n\t\t\t\t<\/div>\n\t\t\t\t<div class=\"elementor-element elementor-element-1115371 elementor-widget elementor-widget-heading\" data-id=\"1115371\" data-element_type=\"widget\" data-widget_type=\"heading.default\">\n\t\t\t\t<div class=\"elementor-widget-container\">\n\t\t\t\t\t<h2 class=\"elementor-heading-title elementor-size-medium\">Des observations et des ajustements pour des r\u00e9sultats optimaux<\/h2>\t\t\t\t<\/div>\n\t\t\t\t<\/div>\n\t\t\t\t<div class=\"elementor-element elementor-element-d7c32ed elementor-widget elementor-widget-text-editor\" data-id=\"d7c32ed\" data-element_type=\"widget\" data-widget_type=\"text-editor.default\">\n\t\t\t\t<div class=\"elementor-widget-container\">\n\t\t\t\t\t\t\t\t\t<p>En analysant les donn\u00e9es dans le <span style=\"text-decoration: underline;\"><a href=\"https:\/\/liquidtool.com\/fr\/produits\/manager\/\">Liquidtool Manager<\/a><\/span>, Thomas B\u00e4ttig a d\u00e9couvert que la temp\u00e9rature du lubrifiant de refroidissement atteignait jusqu&rsquo;\u00e0 30\u00b0C en \u00e9t\u00e9 &#8211; une temp\u00e9rature identique \u00e0 celle de l&rsquo;atelier de production. Cette constatation a conduit \u00e0 des ajustements dans le processus de production afin de respecter les tol\u00e9rances lors de la mesure des distances de per\u00e7age, m\u00eame \u00e0 20\u00b0C. La surveillance constante du niveau de remplissage permet d\u00e9sormais d&rsquo;\u00e9viter un r\u00e9chauffement trop rapide du lubrifiant r\u00e9frig\u00e9rant, ce qui se traduit par une am\u00e9lioration des performances de refroidissement.<\/p>\n\t\t\t\t\t\t\t\t<\/div>\n\t\t\t\t<\/div>\n\t\t\t\t<div class=\"elementor-element elementor-element-e547900 elementor-widget elementor-widget-heading\" data-id=\"e547900\" data-element_type=\"widget\" data-widget_type=\"heading.default\">\n\t\t\t\t<div class=\"elementor-widget-container\">\n\t\t\t\t\t<h2 class=\"elementor-heading-title elementor-size-medium\">Effets positifs sur l'environnement de travail<\/h2>\t\t\t\t<\/div>\n\t\t\t\t<\/div>\n\t\t\t\t<div class=\"elementor-element elementor-element-21dbcbe elementor-widget elementor-widget-text-editor\" data-id=\"21dbcbe\" data-element_type=\"widget\" data-widget_type=\"text-editor.default\">\n\t\t\t\t<div class=\"elementor-widget-container\">\n\t\t\t\t\t\t\t\t\t<p>Outre les \u00e9conomies r\u00e9alis\u00e9es et l&rsquo;am\u00e9lioration de l&rsquo;efficacit\u00e9 du processus, Thomas B\u00e4ttig signale une am\u00e9lioration visible de la qualit\u00e9 du lubrifiant de refroidissement. Le lubrifiant r\u00e9frig\u00e9rant a un aspect plus sain, une odeur plus agr\u00e9able et est en meilleur \u00e9tat, ce qui a un effet positif sur les conditions de travail. Les probl\u00e8mes tels que les taches sur les pi\u00e8ces en aluminium appartiennent au pass\u00e9 gr\u00e2ce \u00e0 une gestion optimis\u00e9e du lubrifiant r\u00e9frig\u00e9rant.<\/p>\n\t\t\t\t\t\t\t\t<\/div>\n\t\t\t\t<\/div>\n\t\t\t\t<div class=\"elementor-element elementor-element-6d6e784 elementor-widget elementor-widget-heading\" data-id=\"6d6e784\" data-element_type=\"widget\" data-widget_type=\"heading.default\">\n\t\t\t\t<div class=\"elementor-widget-container\">\n\t\t\t\t\t<h2 class=\"elementor-heading-title elementor-size-medium\">Plans futurs et contr\u00f4le continu<\/h2>\t\t\t\t<\/div>\n\t\t\t\t<\/div>\n\t\t\t\t<div class=\"elementor-element elementor-element-6eb4665 elementor-widget elementor-widget-text-editor\" data-id=\"6eb4665\" data-element_type=\"widget\" data-widget_type=\"text-editor.default\">\n\t\t\t\t<div class=\"elementor-widget-container\">\n\t\t\t\t\t\t\t\t\t<p>Malgr\u00e9 sa confiance dans la technologie Liquidtool, Thomas B\u00e4ttig effectue r\u00e9guli\u00e8rement des contr\u00f4les manuels pour valider les donn\u00e9es enregistr\u00e9es automatiquement. Ces contr\u00f4les al\u00e9atoires confirment l&rsquo;exactitude du syst\u00e8me. IBOR pr\u00e9voit d&rsquo;\u00e9quiper d&rsquo;autres machines avec le Liquidtool AutoPilot sur la base de cette exp\u00e9rience positive.<\/p>\n\t\t\t\t\t\t\t\t<\/div>\n\t\t\t\t<\/div>\n\t\t\t\t<div class=\"elementor-element elementor-element-3ae024e elementor-widget elementor-widget-heading\" data-id=\"3ae024e\" data-element_type=\"widget\" data-widget_type=\"heading.default\">\n\t\t\t\t<div class=\"elementor-widget-container\">\n\t\t\t\t\t<h2 class=\"elementor-heading-title elementor-size-medium\">Conclusion : Un pas vers l'avenir gr\u00e2ce \u00e0 la num\u00e9risation<\/h2>\t\t\t\t<\/div>\n\t\t\t\t<\/div>\n\t\t\t\t<div class=\"elementor-element elementor-element-504e0df elementor-widget elementor-widget-text-editor\" data-id=\"504e0df\" data-element_type=\"widget\" data-widget_type=\"text-editor.default\">\n\t\t\t\t<div class=\"elementor-widget-container\">\n\t\t\t\t\t\t\t\t\t<p>La r\u00e9ussite d&rsquo;IBOR avec le Liquidtool AutoPilot montre comment la technologie moderne peut augmenter l&rsquo;efficacit\u00e9 et r\u00e9duire les co\u00fbts en m\u00eame temps. Ce cas est un bon exemple de la mani\u00e8re dont des solutions innovantes peuvent modifier positivement les processus de production dans l&rsquo;industrie manufacturi\u00e8re &#8211; m\u00eame s&rsquo;il ne s&rsquo;agit que d&rsquo;un petit composant comme le lubrifiant r\u00e9frig\u00e9rant.<\/p>\n\t\t\t\t\t\t\t\t<\/div>\n\t\t\t\t<\/div>\n\t\t\t\t\t<\/div>\n\t\t<\/div>\n\t\t\t\t\t<\/div>\n\t\t<\/section>\n\t\t\t\t<\/div>\n\t\t","protected":false},"excerpt":{"rendered":"<p>\u00c9tude de cas IBOR AG Des accidents co\u00fbteux \u00e0 une production efficace Un r\u00e9servoir de lubrifiant r\u00e9frig\u00e9rant qui d\u00e9borde n&rsquo;est pas seulement une nuisance, mais aussi un gaspillage de ressources et d&rsquo;argent. Chez IBOR AG, un fabricant suisse de renom, il s&rsquo;agit d&rsquo;un probl\u00e8me r\u00e9current qui a non seulement caus\u00e9 du d\u00e9sordre, mais aussi nui [&hellip;]<\/p>\n","protected":false},"author":3,"featured_media":33071,"parent":33097,"menu_order":0,"comment_status":"closed","ping_status":"closed","template":"","meta":{"content-type":"","footnotes":""},"class_list":["post-33121","page","type-page","status-publish","has-post-thumbnail","hentry"],"_links":{"self":[{"href":"https:\/\/liquidtool.com\/fr\/wp-json\/wp\/v2\/pages\/33121","targetHints":{"allow":["GET"]}}],"collection":[{"href":"https:\/\/liquidtool.com\/fr\/wp-json\/wp\/v2\/pages"}],"about":[{"href":"https:\/\/liquidtool.com\/fr\/wp-json\/wp\/v2\/types\/page"}],"author":[{"embeddable":true,"href":"https:\/\/liquidtool.com\/fr\/wp-json\/wp\/v2\/users\/3"}],"replies":[{"embeddable":true,"href":"https:\/\/liquidtool.com\/fr\/wp-json\/wp\/v2\/comments?post=33121"}],"version-history":[{"count":14,"href":"https:\/\/liquidtool.com\/fr\/wp-json\/wp\/v2\/pages\/33121\/revisions"}],"predecessor-version":[{"id":35566,"href":"https:\/\/liquidtool.com\/fr\/wp-json\/wp\/v2\/pages\/33121\/revisions\/35566"}],"up":[{"embeddable":true,"href":"https:\/\/liquidtool.com\/fr\/wp-json\/wp\/v2\/pages\/33097"}],"wp:featuredmedia":[{"embeddable":true,"href":"https:\/\/liquidtool.com\/fr\/wp-json\/wp\/v2\/media\/33071"}],"wp:attachment":[{"href":"https:\/\/liquidtool.com\/fr\/wp-json\/wp\/v2\/media?parent=33121"}],"curies":[{"name":"wp","href":"https:\/\/api.w.org\/{rel}","templated":true}]}}