{"id":33097,"date":"2024-01-05T15:19:24","date_gmt":"2024-01-05T14:19:24","guid":{"rendered":"https:\/\/liquidtool.com\/?page_id=33097"},"modified":"2024-07-25T15:30:18","modified_gmt":"2024-07-25T13:30:18","slug":"histoires-de-reussite","status":"publish","type":"page","link":"https:\/\/liquidtool.com\/fr\/histoires-de-reussite\/","title":{"rendered":"Histoires de r\u00e9ussite"},"content":{"rendered":"\t\t<div data-elementor-type=\"wp-page\" data-elementor-id=\"33097\" class=\"elementor elementor-33097 elementor-33095\" data-elementor-post-type=\"page\">\n\t\t\t\t\t\t<section class=\"elementor-section elementor-top-section elementor-element elementor-element-36dc17a lt-section is-dark  elementor-section-height-min-height elementor-reverse-mobile elementor-section-boxed elementor-section-height-default elementor-section-items-middle\" data-id=\"36dc17a\" data-element_type=\"section\" data-settings=\"{&quot;background_background&quot;:&quot;classic&quot;}\">\n\t\t\t\t\t\t<div class=\"elementor-container elementor-column-gap-wider\">\n\t\t\t\t\t<div class=\"elementor-column elementor-col-50 elementor-top-column elementor-element elementor-element-d8069eb\" data-id=\"d8069eb\" data-element_type=\"column\">\n\t\t\t<div class=\"elementor-widget-wrap elementor-element-populated\">\n\t\t\t\t\t\t<div class=\"elementor-element elementor-element-8cee5ac elementor-widget elementor-widget-heading\" data-id=\"8cee5ac\" data-element_type=\"widget\" data-widget_type=\"heading.default\">\n\t\t\t\t<div class=\"elementor-widget-container\">\n\t\t\t\t\t<h1 class=\"elementor-heading-title elementor-size-xxl\">Histoires de r\u00e9ussite<\/h1>\t\t\t\t<\/div>\n\t\t\t\t<\/div>\n\t\t\t\t<div class=\"elementor-element elementor-element-5651246 is-lead elementor-widget elementor-widget-text-editor\" data-id=\"5651246\" data-element_type=\"widget\" data-widget_type=\"text-editor.default\">\n\t\t\t\t<div class=\"elementor-widget-container\">\n\t\t\t\t\t\t\t\t\t<p>Bienvenue sur la page des t\u00e9moignages de r\u00e9ussite de Liquidtool, o\u00f9 l&rsquo;innovation rencontre la satisfaction !<\/p>\n<p>Vous trouverez ici une collection de t\u00e9moignages inspirants et des histoires de r\u00e9ussite de notre client\u00e8le diversifi\u00e9e.<\/p>\n\t\t\t\t\t\t\t\t<\/div>\n\t\t\t\t<\/div>\n\t\t\t\t\t<\/div>\n\t\t<\/div>\n\t\t\t\t<div class=\"elementor-column elementor-col-50 elementor-top-column elementor-element elementor-element-334c81d\" data-id=\"334c81d\" data-element_type=\"column\">\n\t\t\t<div class=\"elementor-widget-wrap elementor-element-populated\">\n\t\t\t\t\t\t<div class=\"elementor-element elementor-element-21fe8b5 elementor-hidden-desktop elementor-hidden-tablet elementor-widget elementor-widget-spacer\" data-id=\"21fe8b5\" data-element_type=\"widget\" data-widget_type=\"spacer.default\">\n\t\t\t\t<div class=\"elementor-widget-container\">\n\t\t\t\t\t\t\t<div class=\"elementor-spacer\">\n\t\t\t<div class=\"elementor-spacer-inner\"><\/div>\n\t\t<\/div>\n\t\t\t\t\t\t<\/div>\n\t\t\t\t<\/div>\n\t\t\t\t\t<\/div>\n\t\t<\/div>\n\t\t\t\t\t<\/div>\n\t\t<\/section>\n\t\t<div class=\"elementor-element elementor-element-5c900c6 e-flex e-con-boxed e-con e-parent\" data-id=\"5c900c6\" data-element_type=\"container\">\n\t\t\t\t\t<div class=\"e-con-inner\">\n\t\t\t\t<div class=\"elementor-element elementor-element-4aa478a elementor-widget elementor-widget-heading\" data-id=\"4aa478a\" data-element_type=\"widget\" data-widget_type=\"heading.default\">\n\t\t\t\t<div class=\"elementor-widget-container\">\n\t\t\t\t\t<h2 class=\"elementor-heading-title elementor-size-small\">Chaque histoire t\u00e9moigne de la fa\u00e7on dont les solutions de pointe de Liquidtool ont transform\u00e9 les entreprises, en am\u00e9liorant l'efficacit\u00e9 et en favorisant le succ\u00e8s de l'industrie.<br><br>En consultant ces r\u00e9cits percutants, vous d\u00e9couvrirez les effets remarquables de nos produits et services dans divers secteurs.<br><br>Laissez ces exemples de r\u00e9ussite vous motiver \u00e0 explorer comment Liquidtool peut transformer votre entreprise. Immergez-vous et laissez-vous inspirer !<\/h2>\t\t\t\t<\/div>\n\t\t\t\t<\/div>\n\t\t\t\t\t<\/div>\n\t\t\t\t<\/div>\n\t\t\t\t<section class=\"elementor-section elementor-top-section elementor-element elementor-element-d6aab1a lt-section elementor-section-boxed elementor-section-height-default elementor-section-height-default\" data-id=\"d6aab1a\" data-element_type=\"section\">\n\t\t\t\t\t\t<div class=\"elementor-container elementor-column-gap-default\">\n\t\t\t\t\t<div class=\"elementor-column elementor-col-100 elementor-top-column elementor-element elementor-element-835b611\" data-id=\"835b611\" data-element_type=\"column\">\n\t\t\t<div class=\"elementor-widget-wrap elementor-element-populated\">\n\t\t\t\t<div class=\"elementor-element elementor-element-9308e44 e-con-full e-grid e-con e-parent\" data-id=\"9308e44\" data-element_type=\"container\">\n\t\t\t\t<div class=\"elementor-element elementor-element-ab7fbb8 elementor-cta--skin-classic elementor-animated-content elementor-bg-transform elementor-bg-transform-zoom-in elementor-widget elementor-widget-call-to-action\" data-id=\"ab7fbb8\" data-element_type=\"widget\" data-widget_type=\"call-to-action.default\">\n\t\t\t\t<div class=\"elementor-widget-container\">\n\t\t\t\t\t\t\t<a class=\"elementor-cta\" href=\"https:\/\/liquidtool.com\/fr\/histoires-de-reussite\/etkon\/\">\n\t\t\t\t\t<div class=\"elementor-cta__bg-wrapper\">\n\t\t\t\t<div class=\"elementor-cta__bg elementor-bg\" style=\"background-image: url(https:\/\/liquidtool.com\/wp-content\/uploads\/2024\/07\/Etkon-Teaser-1024x525.jpg);\" role=\"img\" aria-label=\"Etkon Teaser\"><\/div>\n\t\t\t\t<div class=\"elementor-cta__bg-overlay\"><\/div>\n\t\t\t<\/div>\n\t\t\t\t\t\t\t<div class=\"elementor-cta__content\">\n\t\t\t\t\n\t\t\t\t\t\t\t\t\t<h2 class=\"elementor-cta__title elementor-cta__content-item elementor-content-item\">\n\t\t\t\t\t\tUne heure de production en plus par jour\t\t\t\t\t<\/h2>\n\t\t\t\t\n\t\t\t\t\t\t\t\t\t<div class=\"elementor-cta__description elementor-cta__content-item elementor-content-item\">\n\t\t\t\t\t\t<p>Etude de cas etkon (Schweiz) AG - Straumann Group<\/p>\n\t\t\t\t\t<\/div>\n\t\t\t\t\n\t\t\t\t\t\t\t<\/div>\n\t\t\t\t\t\t<\/a>\n\t\t\t\t\t\t<\/div>\n\t\t\t\t<\/div>\n\t\t\t\t<div class=\"elementor-element elementor-element-5148dd8 elementor-cta--skin-classic elementor-animated-content elementor-bg-transform elementor-bg-transform-zoom-in elementor-widget elementor-widget-call-to-action\" data-id=\"5148dd8\" data-element_type=\"widget\" data-widget_type=\"call-to-action.default\">\n\t\t\t\t<div class=\"elementor-widget-container\">\n\t\t\t\t\t\t\t<a class=\"elementor-cta\" href=\"https:\/\/liquidtool.com\/fr\/histoires-de-reussite\/fraisa\/\">\n\t\t\t\t\t<div class=\"elementor-cta__bg-wrapper\">\n\t\t\t\t<div class=\"elementor-cta__bg elementor-bg\" style=\"background-image: url(https:\/\/liquidtool.com\/wp-content\/uploads\/2024\/04\/Sven-Wyss-Logo-1024x525.jpg);\" role=\"img\" aria-label=\"Sven Wyss + Logo\"><\/div>\n\t\t\t\t<div class=\"elementor-cta__bg-overlay\"><\/div>\n\t\t\t<\/div>\n\t\t\t\t\t\t\t<div class=\"elementor-cta__content\">\n\t\t\t\t\n\t\t\t\t\t\t\t\t\t<h2 class=\"elementor-cta__title elementor-cta__content-item elementor-content-item\">\n\t\t\t\t\t\tRSI atteint en 5 semaines\t\t\t\t\t<\/h2>\n\t\t\t\t\n\t\t\t\t\t\t\t\t\t<div class=\"elementor-cta__description elementor-cta__content-item elementor-content-item\">\n\t\t\t\t\t\t<p>\u00c9tude de cas Fraisa<\/p>\n\t\t\t\t\t<\/div>\n\t\t\t\t\n\t\t\t\t\t\t\t<\/div>\n\t\t\t\t\t\t<\/a>\n\t\t\t\t\t\t<\/div>\n\t\t\t\t<\/div>\n\t\t\t\t<div class=\"elementor-element elementor-element-0b64bf2 elementor-cta--skin-classic elementor-animated-content elementor-bg-transform elementor-bg-transform-zoom-in elementor-widget elementor-widget-call-to-action\" data-id=\"0b64bf2\" data-element_type=\"widget\" data-widget_type=\"call-to-action.default\">\n\t\t\t\t<div class=\"elementor-widget-container\">\n\t\t\t\t\t\t\t<a class=\"elementor-cta\" href=\"https:\/\/liquidtool.com\/fr\/histoires-de-reussite\/ceratizit\/\">\n\t\t\t\t\t<div class=\"elementor-cta__bg-wrapper\">\n\t\t\t\t<div class=\"elementor-cta__bg elementor-bg\" style=\"background-image: url(https:\/\/liquidtool.com\/wp-content\/uploads\/2024\/01\/Simon-Bastiani-Ceratizit-logo-1024x525.jpg);\" role=\"img\" aria-label=\"An application engineer standing in front of a cnc machine at Ceratizit\"><\/div>\n\t\t\t\t<div class=\"elementor-cta__bg-overlay\"><\/div>\n\t\t\t<\/div>\n\t\t\t\t\t\t\t<div class=\"elementor-cta__content\">\n\t\t\t\t\n\t\t\t\t\t\t\t\t\t<h2 class=\"elementor-cta__title elementor-cta__content-item elementor-content-item\">\n\t\t\t\t\t\tEfficacit\u00e9 et durabilit\u00e9 accrues de la gestion automatique des lubrifiants r\u00e9frig\u00e9rants\t\t\t\t\t<\/h2>\n\t\t\t\t\n\t\t\t\t\t\t\t\t\t<div class=\"elementor-cta__description elementor-cta__content-item elementor-content-item\">\n\t\t\t\t\t\t<p>\u00c9tude de cas Ceratizit group<\/p>\n\t\t\t\t\t<\/div>\n\t\t\t\t\n\t\t\t\t\t\t\t<\/div>\n\t\t\t\t\t\t<\/a>\n\t\t\t\t\t\t<\/div>\n\t\t\t\t<\/div>\n\t\t\t\t<div class=\"elementor-element elementor-element-9b0a394 elementor-cta--skin-classic elementor-animated-content elementor-bg-transform elementor-bg-transform-zoom-in elementor-widget elementor-widget-call-to-action\" data-id=\"9b0a394\" data-element_type=\"widget\" data-widget_type=\"call-to-action.default\">\n\t\t\t\t<div class=\"elementor-widget-container\">\n\t\t\t\t\t\t\t<a class=\"elementor-cta\" href=\"https:\/\/liquidtool.com\/fr\/histoires-de-reussite\/ibor\/\">\n\t\t\t\t\t<div class=\"elementor-cta__bg-wrapper\">\n\t\t\t\t<div class=\"elementor-cta__bg elementor-bg\" style=\"background-image: url(https:\/\/liquidtool.com\/wp-content\/uploads\/2024\/01\/Thomas-Baettig-ibor-logo-1024x525.jpg);\" role=\"img\" aria-label=\"Thomas B\u00e4ttig with Liquidtool Extender\"><\/div>\n\t\t\t\t<div class=\"elementor-cta__bg-overlay\"><\/div>\n\t\t\t<\/div>\n\t\t\t\t\t\t\t<div class=\"elementor-cta__content\">\n\t\t\t\t\n\t\t\t\t\t\t\t\t\t<h2 class=\"elementor-cta__title elementor-cta__content-item elementor-content-item\">\n\t\t\t\t\t\tDes accidents co\u00fbteux \u00e0 une production efficace\t\t\t\t\t<\/h2>\n\t\t\t\t\n\t\t\t\t\t\t\t\t\t<div class=\"elementor-cta__description elementor-cta__content-item elementor-content-item\">\n\t\t\t\t\t\t<p>\u00c9tude de cas IBOR AG<\/p>\n\t\t\t\t\t<\/div>\n\t\t\t\t\n\t\t\t\t\t\t\t<\/div>\n\t\t\t\t\t\t<\/a>\n\t\t\t\t\t\t<\/div>\n\t\t\t\t<\/div>\n\t\t\t\t<\/div>\n\t\t\t\t<div class=\"elementor-element elementor-element-b5b88f1 elementor-widget elementor-widget-spacer\" data-id=\"b5b88f1\" data-element_type=\"widget\" data-widget_type=\"spacer.default\">\n\t\t\t\t<div class=\"elementor-widget-container\">\n\t\t\t\t\t\t\t<div class=\"elementor-spacer\">\n\t\t\t<div class=\"elementor-spacer-inner\"><\/div>\n\t\t<\/div>\n\t\t\t\t\t\t<\/div>\n\t\t\t\t<\/div>\n\t\t\t\t\t<\/div>\n\t\t<\/div>\n\t\t\t\t\t<\/div>\n\t\t<\/section>\n\t\t\t\t<\/div>\n\t\t","protected":false},"excerpt":{"rendered":"<p>Histoires de r\u00e9ussite Bienvenue sur la page des t\u00e9moignages de r\u00e9ussite de Liquidtool, o\u00f9 l&rsquo;innovation rencontre la satisfaction ! Vous trouverez ici une collection de t\u00e9moignages inspirants et des histoires de r\u00e9ussite de notre client\u00e8le diversifi\u00e9e. Chaque histoire t\u00e9moigne de la fa\u00e7on dont les solutions de pointe de Liquidtool ont transform\u00e9 les entreprises, en am\u00e9liorant [&hellip;]<\/p>\n","protected":false},"author":3,"featured_media":32975,"parent":0,"menu_order":4,"comment_status":"closed","ping_status":"open","template":"","meta":{"content-type":"","footnotes":""},"class_list":["post-33097","page","type-page","status-publish","has-post-thumbnail","hentry"],"_links":{"self":[{"href":"https:\/\/liquidtool.com\/fr\/wp-json\/wp\/v2\/pages\/33097","targetHints":{"allow":["GET"]}}],"collection":[{"href":"https:\/\/liquidtool.com\/fr\/wp-json\/wp\/v2\/pages"}],"about":[{"href":"https:\/\/liquidtool.com\/fr\/wp-json\/wp\/v2\/types\/page"}],"author":[{"embeddable":true,"href":"https:\/\/liquidtool.com\/fr\/wp-json\/wp\/v2\/users\/3"}],"replies":[{"embeddable":true,"href":"https:\/\/liquidtool.com\/fr\/wp-json\/wp\/v2\/comments?post=33097"}],"version-history":[{"count":26,"href":"https:\/\/liquidtool.com\/fr\/wp-json\/wp\/v2\/pages\/33097\/revisions"}],"predecessor-version":[{"id":37163,"href":"https:\/\/liquidtool.com\/fr\/wp-json\/wp\/v2\/pages\/33097\/revisions\/37163"}],"wp:featuredmedia":[{"embeddable":true,"href":"https:\/\/liquidtool.com\/fr\/wp-json\/wp\/v2\/media\/32975"}],"wp:attachment":[{"href":"https:\/\/liquidtool.com\/fr\/wp-json\/wp\/v2\/media?parent=33097"}],"curies":[{"name":"wp","href":"https:\/\/api.w.org\/{rel}","templated":true}]}}