{"id":31011,"date":"2023-09-05T12:03:53","date_gmt":"2023-09-05T10:03:53","guid":{"rendered":"https:\/\/liquidtool.com\/?page_id=31011"},"modified":"2023-09-05T14:16:08","modified_gmt":"2023-09-05T12:16:08","slug":"manuel-dutilisation","status":"publish","type":"page","link":"https:\/\/liquidtool.com\/fr\/produits\/extender\/manuel-dutilisation\/","title":{"rendered":"Manuel d&rsquo;utilisation"},"content":{"rendered":"\t\t<div data-elementor-type=\"wp-page\" data-elementor-id=\"31011\" class=\"elementor elementor-31011 elementor-31009\" data-elementor-post-type=\"page\">\n\t\t\t\t\t\t<section class=\"elementor-section elementor-top-section elementor-element elementor-element-b408943 lt-section elementor-section-boxed elementor-section-height-default elementor-section-height-default\" data-id=\"b408943\" data-element_type=\"section\">\n\t\t\t\t\t\t<div class=\"elementor-container elementor-column-gap-default\">\n\t\t\t\t\t<div class=\"elementor-column elementor-col-100 elementor-top-column elementor-element elementor-element-5b33b49\" data-id=\"5b33b49\" data-element_type=\"column\" data-settings=\"{&quot;background_background&quot;:&quot;classic&quot;}\">\n\t\t\t<div class=\"elementor-widget-wrap elementor-element-populated\">\n\t\t\t\t\t\t<div class=\"elementor-element elementor-element-8d0de5a lt-breadcrumb elementor-widget elementor-widget-shortcode\" data-id=\"8d0de5a\" data-element_type=\"widget\" data-widget_type=\"shortcode.default\">\n\t\t\t\t<div class=\"elementor-widget-container\">\n\t\t\t\t\t\t\t<div class=\"elementor-shortcode\"><nav aria-label=\"breadcrumbs\" class=\"rank-math-breadcrumb\"><p><span class=\"last\">Home<\/span><\/p><\/nav><\/div>\n\t\t\t\t\t\t<\/div>\n\t\t\t\t<\/div>\n\t\t\t\t<div class=\"elementor-element elementor-element-089e021 elementor-widget elementor-widget-heading\" data-id=\"089e021\" data-element_type=\"widget\" data-widget_type=\"heading.default\">\n\t\t\t\t<div class=\"elementor-widget-container\">\n\t\t\t\t\t<h1 class=\"elementor-heading-title elementor-size-xl\">Le Liquidtool Extender - Manuel d'utilisation<\/h1>\t\t\t\t<\/div>\n\t\t\t\t<\/div>\n\t\t\t\t<div class=\"elementor-element elementor-element-b28968b elementor-widget elementor-widget-text-editor\" data-id=\"b28968b\" data-element_type=\"widget\" data-widget_type=\"text-editor.default\">\n\t\t\t\t<div class=\"elementor-widget-container\">\n\t\t\t\t\t\t\t\t\t<p>Le Liquidtool Extender mesure r\u00e9guli\u00e8rement et automatiquement le niveau de lubrifiant r\u00e9frig\u00e9rant dans le r\u00e9servoir. L&rsquo;Extender doit \u00eatre combin\u00e9 avec le Liquidtool Sensor 01. Outre sa fonction de mesure, l&rsquo;Extender est connect\u00e9 au Liquidtool SmartFiller et donc responsable de l&rsquo;appoint correct du r\u00e9servoir de lubrifiant r\u00e9frig\u00e9rant. Consultez le manuel pour plus de d\u00e9tails.<\/p>\n\t\t\t\t\t\t\t\t<\/div>\n\t\t\t\t<\/div>\n\t\t\t\t<div class=\"elementor-element elementor-element-839b0a2 elementor-widget elementor-widget-heading\" data-id=\"839b0a2\" data-element_type=\"widget\" data-widget_type=\"heading.default\">\n\t\t\t\t<div class=\"elementor-widget-container\">\n\t\t\t\t\t<h2 class=\"elementor-heading-title elementor-size-medium\">Documents<\/h2>\t\t\t\t<\/div>\n\t\t\t\t<\/div>\n\t\t\t\t<div class=\"elementor-element elementor-element-e82a53d elementor-position-inline-start lt_download elementor-mobile-position-inline-start elementor-view-default elementor-widget elementor-widget-icon-box\" data-id=\"e82a53d\" data-element_type=\"widget\" data-widget_type=\"icon-box.default\">\n\t\t\t\t<div class=\"elementor-widget-container\">\n\t\t\t\t\t\t\t<div class=\"elementor-icon-box-wrapper\">\n\n\t\t\t\t\t\t<div class=\"elementor-icon-box-icon\">\n\t\t\t\t<a href=\"https:\/\/liquidtool.com\/wp-content\/uploads\/2023\/09\/FR_Mode-demploi-Extender-2023-08-03.pdf\" target=\"_blank\" class=\"elementor-icon\" tabindex=\"-1\" aria-label=\"Extender \u2014 Manuel d&#039;utilisation\">\n\t\t\t\t<i aria-hidden=\"true\" class=\"fal fa-file-pdf\"><\/i>\t\t\t\t<\/a>\n\t\t\t<\/div>\n\t\t\t\n\t\t\t\t\t\t<div class=\"elementor-icon-box-content\">\n\n\t\t\t\t\t\t\t\t\t<div class=\"elementor-icon-box-title\">\n\t\t\t\t\t\t<a href=\"https:\/\/liquidtool.com\/wp-content\/uploads\/2023\/09\/FR_Mode-demploi-Extender-2023-08-03.pdf\" target=\"_blank\" >\n\t\t\t\t\t\t\tExtender \u2014 Manuel d'utilisation\t\t\t\t\t\t<\/a>\n\t\t\t\t\t<\/div>\n\t\t\t\t\n\t\t\t\t\t\t\t\t\t<p class=\"elementor-icon-box-description\">\n\t\t\t\t\t\tPDF | 1.4 MB | Fran\u00e7ais\t\t\t\t\t<\/p>\n\t\t\t\t\n\t\t\t<\/div>\n\t\t\t\n\t\t<\/div>\n\t\t\t\t\t\t<\/div>\n\t\t\t\t<\/div>\n\t\t\t\t<div class=\"elementor-element elementor-element-5fd3cc5 elementor-position-inline-start lt_download elementor-mobile-position-inline-start elementor-view-default elementor-widget elementor-widget-icon-box\" data-id=\"5fd3cc5\" data-element_type=\"widget\" data-widget_type=\"icon-box.default\">\n\t\t\t\t<div class=\"elementor-widget-container\">\n\t\t\t\t\t\t\t<div class=\"elementor-icon-box-wrapper\">\n\n\t\t\t\t\t\t<div class=\"elementor-icon-box-icon\">\n\t\t\t\t<a href=\"https:\/\/liquidtool.com\/wp-content\/uploads\/2023\/09\/DE_Betriebsanleitung-Extender-2023-08-03.pdf\" class=\"elementor-icon\" tabindex=\"-1\" aria-label=\"Extender \u2014 Benutzerhandbuch\">\n\t\t\t\t<i aria-hidden=\"true\" class=\"fal fa-file-pdf\"><\/i>\t\t\t\t<\/a>\n\t\t\t<\/div>\n\t\t\t\n\t\t\t\t\t\t<div class=\"elementor-icon-box-content\">\n\n\t\t\t\t\t\t\t\t\t<div class=\"elementor-icon-box-title\">\n\t\t\t\t\t\t<a href=\"https:\/\/liquidtool.com\/wp-content\/uploads\/2023\/09\/DE_Betriebsanleitung-Extender-2023-08-03.pdf\" >\n\t\t\t\t\t\t\tExtender \u2014 Benutzerhandbuch\t\t\t\t\t\t<\/a>\n\t\t\t\t\t<\/div>\n\t\t\t\t\n\t\t\t\t\t\t\t\t\t<p class=\"elementor-icon-box-description\">\n\t\t\t\t\t\tPDF | 1.4 MB | Deutsch\t\t\t\t\t<\/p>\n\t\t\t\t\n\t\t\t<\/div>\n\t\t\t\n\t\t<\/div>\n\t\t\t\t\t\t<\/div>\n\t\t\t\t<\/div>\n\t\t\t\t<div class=\"elementor-element elementor-element-f675f57 elementor-position-inline-start lt_download elementor-mobile-position-inline-start elementor-view-default elementor-widget elementor-widget-icon-box\" data-id=\"f675f57\" data-element_type=\"widget\" data-widget_type=\"icon-box.default\">\n\t\t\t\t<div class=\"elementor-widget-container\">\n\t\t\t\t\t\t\t<div class=\"elementor-icon-box-wrapper\">\n\n\t\t\t\t\t\t<div class=\"elementor-icon-box-icon\">\n\t\t\t\t<a href=\"https:\/\/liquidtool.com\/wp-content\/uploads\/2023\/09\/EN_Device-Manual-Extender-2023-08-03.pdf\" class=\"elementor-icon\" tabindex=\"-1\" aria-label=\"Extender \u2014 Manual\">\n\t\t\t\t<i aria-hidden=\"true\" class=\"fal fa-file-pdf\"><\/i>\t\t\t\t<\/a>\n\t\t\t<\/div>\n\t\t\t\n\t\t\t\t\t\t<div class=\"elementor-icon-box-content\">\n\n\t\t\t\t\t\t\t\t\t<div class=\"elementor-icon-box-title\">\n\t\t\t\t\t\t<a href=\"https:\/\/liquidtool.com\/wp-content\/uploads\/2023\/09\/EN_Device-Manual-Extender-2023-08-03.pdf\" >\n\t\t\t\t\t\t\tExtender \u2014 Manual\t\t\t\t\t\t<\/a>\n\t\t\t\t\t<\/div>\n\t\t\t\t\n\t\t\t\t\t\t\t\t\t<p class=\"elementor-icon-box-description\">\n\t\t\t\t\t\tPDF | 1.4 MB | English\t\t\t\t\t<\/p>\n\t\t\t\t\n\t\t\t<\/div>\n\t\t\t\n\t\t<\/div>\n\t\t\t\t\t\t<\/div>\n\t\t\t\t<\/div>\n\t\t\t\t<div class=\"elementor-element elementor-element-8c5ef05 elementor-position-inline-start lt_download elementor-mobile-position-inline-start elementor-view-default elementor-widget elementor-widget-icon-box\" data-id=\"8c5ef05\" data-element_type=\"widget\" data-widget_type=\"icon-box.default\">\n\t\t\t\t<div class=\"elementor-widget-container\">\n\t\t\t\t\t\t\t<div class=\"elementor-icon-box-wrapper\">\n\n\t\t\t\t\t\t<div class=\"elementor-icon-box-icon\">\n\t\t\t\t<a href=\"https:\/\/liquidtool.com\/wp-content\/uploads\/2023\/09\/ES_Instrucciones-de-uso-Extender-2023-08-03.pdf\" class=\"elementor-icon\" tabindex=\"-1\" aria-label=\"Extender \u2014 Instrucciones de uso\">\n\t\t\t\t<i aria-hidden=\"true\" class=\"fal fa-file-pdf\"><\/i>\t\t\t\t<\/a>\n\t\t\t<\/div>\n\t\t\t\n\t\t\t\t\t\t<div class=\"elementor-icon-box-content\">\n\n\t\t\t\t\t\t\t\t\t<div class=\"elementor-icon-box-title\">\n\t\t\t\t\t\t<a href=\"https:\/\/liquidtool.com\/wp-content\/uploads\/2023\/09\/ES_Instrucciones-de-uso-Extender-2023-08-03.pdf\" >\n\t\t\t\t\t\t\tExtender \u2014 Instrucciones de uso\t\t\t\t\t\t<\/a>\n\t\t\t\t\t<\/div>\n\t\t\t\t\n\t\t\t\t\t\t\t\t\t<p class=\"elementor-icon-box-description\">\n\t\t\t\t\t\tPDF | 1.4 MB | Espa\u00f1ol\t\t\t\t\t<\/p>\n\t\t\t\t\n\t\t\t<\/div>\n\t\t\t\n\t\t<\/div>\n\t\t\t\t\t\t<\/div>\n\t\t\t\t<\/div>\n\t\t\t\t<div class=\"elementor-element elementor-element-eec154a elementor-position-inline-start lt_download elementor-mobile-position-inline-start elementor-view-default elementor-widget elementor-widget-icon-box\" data-id=\"eec154a\" data-element_type=\"widget\" data-widget_type=\"icon-box.default\">\n\t\t\t\t<div class=\"elementor-widget-container\">\n\t\t\t\t\t\t\t<div class=\"elementor-icon-box-wrapper\">\n\n\t\t\t\t\t\t<div class=\"elementor-icon-box-icon\">\n\t\t\t\t<a href=\"https:\/\/liquidtool.com\/wp-content\/uploads\/2023\/09\/IT_Istruzioni-operative-Extender-2023-08-03.pdf\" class=\"elementor-icon\" tabindex=\"-1\" aria-label=\"Extender \u2014 Istruzioni operative\">\n\t\t\t\t<i aria-hidden=\"true\" class=\"fal fa-file-pdf\"><\/i>\t\t\t\t<\/a>\n\t\t\t<\/div>\n\t\t\t\n\t\t\t\t\t\t<div class=\"elementor-icon-box-content\">\n\n\t\t\t\t\t\t\t\t\t<div class=\"elementor-icon-box-title\">\n\t\t\t\t\t\t<a href=\"https:\/\/liquidtool.com\/wp-content\/uploads\/2023\/09\/IT_Istruzioni-operative-Extender-2023-08-03.pdf\" >\n\t\t\t\t\t\t\tExtender \u2014 Istruzioni operative\t\t\t\t\t\t<\/a>\n\t\t\t\t\t<\/div>\n\t\t\t\t\n\t\t\t\t\t\t\t\t\t<p class=\"elementor-icon-box-description\">\n\t\t\t\t\t\tPDF | 1.4 MBB | Italiano\t\t\t\t\t<\/p>\n\t\t\t\t\n\t\t\t<\/div>\n\t\t\t\n\t\t<\/div>\n\t\t\t\t\t\t<\/div>\n\t\t\t\t<\/div>\n\t\t\t\t\t<\/div>\n\t\t<\/div>\n\t\t\t\t\t<\/div>\n\t\t<\/section>\n\t\t\t\t<\/div>\n\t\t","protected":false},"excerpt":{"rendered":"<p>Le Liquidtool Extender &#8211; Manuel d&rsquo;utilisation Le Liquidtool Extender mesure r\u00e9guli\u00e8rement et automatiquement le niveau de lubrifiant r\u00e9frig\u00e9rant dans le r\u00e9servoir. L&rsquo;Extender doit \u00eatre combin\u00e9 avec le Liquidtool Sensor 01. Outre sa fonction de mesure, l&rsquo;Extender est connect\u00e9 au Liquidtool SmartFiller et donc responsable de l&rsquo;appoint correct du r\u00e9servoir de lubrifiant r\u00e9frig\u00e9rant. Consultez le manuel [&hellip;]<\/p>\n","protected":false},"author":3,"featured_media":0,"parent":30999,"menu_order":2,"comment_status":"closed","ping_status":"open","template":"","meta":{"content-type":"","footnotes":""},"class_list":["post-31011","page","type-page","status-publish","hentry"],"_links":{"self":[{"href":"https:\/\/liquidtool.com\/fr\/wp-json\/wp\/v2\/pages\/31011","targetHints":{"allow":["GET"]}}],"collection":[{"href":"https:\/\/liquidtool.com\/fr\/wp-json\/wp\/v2\/pages"}],"about":[{"href":"https:\/\/liquidtool.com\/fr\/wp-json\/wp\/v2\/types\/page"}],"author":[{"embeddable":true,"href":"https:\/\/liquidtool.com\/fr\/wp-json\/wp\/v2\/users\/3"}],"replies":[{"embeddable":true,"href":"https:\/\/liquidtool.com\/fr\/wp-json\/wp\/v2\/comments?post=31011"}],"version-history":[{"count":12,"href":"https:\/\/liquidtool.com\/fr\/wp-json\/wp\/v2\/pages\/31011\/revisions"}],"predecessor-version":[{"id":31179,"href":"https:\/\/liquidtool.com\/fr\/wp-json\/wp\/v2\/pages\/31011\/revisions\/31179"}],"up":[{"embeddable":true,"href":"https:\/\/liquidtool.com\/fr\/wp-json\/wp\/v2\/pages\/30999"}],"wp:attachment":[{"href":"https:\/\/liquidtool.com\/fr\/wp-json\/wp\/v2\/media?parent=31011"}],"curies":[{"name":"wp","href":"https:\/\/api.w.org\/{rel}","templated":true}]}}