{"id":16128,"date":"2023-03-06T18:38:01","date_gmt":"2023-03-06T17:38:01","guid":{"rendered":"https:\/\/liquidtool.com\/?page_id=16128"},"modified":"2023-07-04T16:44:02","modified_gmt":"2023-07-04T14:44:02","slug":"manager","status":"publish","type":"page","link":"https:\/\/liquidtool.com\/fr\/produits\/manager\/","title":{"rendered":"Manager"},"content":{"rendered":"\t\t<div data-elementor-type=\"wp-page\" data-elementor-id=\"16128\" class=\"elementor elementor-16128 elementor-16126\" data-elementor-post-type=\"page\">\n\t\t\t\t\t\t<section class=\"elementor-section elementor-top-section elementor-element elementor-element-4b7d407 elementor-section-content-middle lt-section is-dark bg-skew elementor-section-height-min-height elementor-reverse-mobile elementor-section-boxed elementor-section-height-default elementor-section-items-middle\" data-id=\"4b7d407\" data-element_type=\"section\" data-settings=\"{&quot;background_background&quot;:&quot;gradient&quot;}\">\n\t\t\t\t\t\t\t<div class=\"elementor-background-overlay\"><\/div>\n\t\t\t\t\t\t\t<div class=\"elementor-container elementor-column-gap-wider\">\n\t\t\t\t\t<div class=\"elementor-column elementor-col-50 elementor-top-column elementor-element elementor-element-7bf9aebc\" data-id=\"7bf9aebc\" data-element_type=\"column\">\n\t\t\t<div class=\"elementor-widget-wrap elementor-element-populated\">\n\t\t\t\t\t\t<div class=\"elementor-element elementor-element-07858f3 lt-breadcrumb elementor-widget elementor-widget-shortcode\" data-id=\"07858f3\" data-element_type=\"widget\" data-widget_type=\"shortcode.default\">\n\t\t\t\t<div class=\"elementor-widget-container\">\n\t\t\t\t\t\t\t<div class=\"elementor-shortcode\"><nav aria-label=\"breadcrumbs\" class=\"rank-math-breadcrumb\"><p><span class=\"last\">Home<\/span><\/p><\/nav><\/div>\n\t\t\t\t\t\t<\/div>\n\t\t\t\t<\/div>\n\t\t\t\t<div class=\"elementor-element elementor-element-1bd121f2 elementor-widget elementor-widget-heading\" data-id=\"1bd121f2\" data-element_type=\"widget\" data-widget_type=\"heading.default\">\n\t\t\t\t<div class=\"elementor-widget-container\">\n\t\t\t\t\t<h1 class=\"elementor-heading-title elementor-size-xxl\">Le Liquidtool Manager<\/h1>\t\t\t\t<\/div>\n\t\t\t\t<\/div>\n\t\t\t\t<div class=\"elementor-element elementor-element-e9c44f2 is-lead elementor-widget elementor-widget-text-editor\" data-id=\"e9c44f2\" data-element_type=\"widget\" data-widget_type=\"text-editor.default\">\n\t\t\t\t<div class=\"elementor-widget-container\">\n\t\t\t\t\t\t\t\t\t<p>Le cerveau de toutes les <a href=\"https:\/\/liquidtool.com\/fr\/produits\/\"><u>solutions Liquidtool<\/u><\/a> o\u00f9 toutes les donn\u00e9es sont analys\u00e9es en temps r\u00e9el.<\/p>\n\t\t\t\t\t\t\t\t<\/div>\n\t\t\t\t<\/div>\n\t\t\t\t\t<\/div>\n\t\t<\/div>\n\t\t\t\t<div class=\"elementor-column elementor-col-50 elementor-top-column elementor-element elementor-element-5235081e\" data-id=\"5235081e\" data-element_type=\"column\">\n\t\t\t<div class=\"elementor-widget-wrap elementor-element-populated\">\n\t\t\t\t\t\t<div class=\"elementor-element elementor-element-1a998b74 no-fadein has-scroll-effect elementor-widget elementor-widget-image\" data-id=\"1a998b74\" data-element_type=\"widget\" data-settings=\"{&quot;motion_fx_motion_fx_scrolling&quot;:&quot;yes&quot;,&quot;motion_fx_translateY_effect&quot;:&quot;yes&quot;,&quot;motion_fx_translateY_speed&quot;:{&quot;unit&quot;:&quot;px&quot;,&quot;size&quot;:1,&quot;sizes&quot;:[]},&quot;motion_fx_translateY_affectedRange&quot;:{&quot;unit&quot;:&quot;%&quot;,&quot;size&quot;:&quot;&quot;,&quot;sizes&quot;:{&quot;start&quot;:0,&quot;end&quot;:100}},&quot;motion_fx_devices&quot;:[&quot;desktop&quot;,&quot;tablet&quot;,&quot;mobile&quot;]}\" data-widget_type=\"image.default\">\n\t\t\t\t<div class=\"elementor-widget-container\">\n\t\t\t\t\t\t\t\t\t\t\t\t\t\t\t<img fetchpriority=\"high\" decoding=\"async\" width=\"1536\" height=\"1204\" src=\"https:\/\/liquidtool.com\/wp-content\/uploads\/2023\/03\/Liquidtool-Manager-1536x1204.png\" class=\"attachment-1536x1536 size-1536x1536 wp-image-16500\" alt=\"\" srcset=\"https:\/\/liquidtool.com\/wp-content\/uploads\/2023\/03\/Liquidtool-Manager-1536x1204.png 1536w, https:\/\/liquidtool.com\/wp-content\/uploads\/2023\/03\/Liquidtool-Manager-300x235.png 300w, https:\/\/liquidtool.com\/wp-content\/uploads\/2023\/03\/Liquidtool-Manager-1024x803.png 1024w, https:\/\/liquidtool.com\/wp-content\/uploads\/2023\/03\/Liquidtool-Manager-768x602.png 768w, https:\/\/liquidtool.com\/wp-content\/uploads\/2023\/03\/Liquidtool-Manager-2048x1605.png 2048w\" sizes=\"(max-width: 1536px) 100vw, 1536px\" title=\"\">\t\t\t\t\t\t\t\t\t\t\t\t\t\t\t<\/div>\n\t\t\t\t<\/div>\n\t\t\t\t\t<\/div>\n\t\t<\/div>\n\t\t\t\t\t<\/div>\n\t\t<\/section>\n\t\t\t\t<section class=\"elementor-section elementor-top-section elementor-element elementor-element-9885a48 lt-section has-nobottom elementor-section-boxed elementor-section-height-default elementor-section-height-default\" data-id=\"9885a48\" data-element_type=\"section\">\n\t\t\t\t\t\t<div class=\"elementor-container elementor-column-gap-default\">\n\t\t\t\t\t<div class=\"elementor-column elementor-col-100 elementor-top-column elementor-element elementor-element-a3d04db\" data-id=\"a3d04db\" data-element_type=\"column\">\n\t\t\t<div class=\"elementor-widget-wrap elementor-element-populated\">\n\t\t\t\t\t\t<section class=\"elementor-section elementor-inner-section elementor-element elementor-element-0202307 elementor-section-full_width elementor-section-height-default elementor-section-height-default\" data-id=\"0202307\" data-element_type=\"section\">\n\t\t\t\t\t\t<div class=\"elementor-container elementor-column-gap-no\">\n\t\t\t\t\t<div class=\"elementor-column elementor-col-50 elementor-inner-column elementor-element elementor-element-008ca74\" data-id=\"008ca74\" data-element_type=\"column\">\n\t\t\t<div class=\"elementor-widget-wrap elementor-element-populated\">\n\t\t\t\t\t\t<div class=\"elementor-element elementor-element-f7eb11e hyphenate elementor-widget elementor-widget-heading\" data-id=\"f7eb11e\" data-element_type=\"widget\" data-widget_type=\"heading.default\">\n\t\t\t\t<div class=\"elementor-widget-container\">\n\t\t\t\t\t<h2 class=\"elementor-heading-title elementor-size-large\">Le Liquidtool Manager stocke et analyse toutes les donn\u00e9es envoy\u00e9es par les diff\u00e9rents produits.<\/h2>\t\t\t\t<\/div>\n\t\t\t\t<\/div>\n\t\t\t\t\t<\/div>\n\t\t<\/div>\n\t\t\t\t<div class=\"elementor-column elementor-col-50 elementor-inner-column elementor-element elementor-element-492eeb7\" data-id=\"492eeb7\" data-element_type=\"column\">\n\t\t\t<div class=\"elementor-widget-wrap elementor-element-populated\">\n\t\t\t\t\t\t<div class=\"elementor-element elementor-element-c1c920f is-lead elementor-widget elementor-widget-text-editor\" data-id=\"c1c920f\" data-element_type=\"widget\" data-widget_type=\"text-editor.default\">\n\t\t\t\t<div class=\"elementor-widget-container\">\n\t\t\t\t\t\t\t\t\t<p>Il d\u00e9clenche ensuite automatiquement les actions n\u00e9cessaires. Il peut s\u2019agir, par exemple, de remplir un r\u00e9servoir de lubrifiant r\u00e9frig\u00e9rant ou d\u2019avertir un utilisateur.<\/p>\n<p>Vous pouvez acc\u00e9der au Manager \u00e0 partir de n\u2019importe quel appareil via une application ou un site web et vous avez toujours une vue d\u2019ensemble actualis\u00e9e de toutes vos machines, r\u00e9servoirs et dispositifs Liquidtool.<\/p>\n\t\t\t\t\t\t\t\t<\/div>\n\t\t\t\t<\/div>\n\t\t\t\t\t<\/div>\n\t\t<\/div>\n\t\t\t\t\t<\/div>\n\t\t<\/section>\n\t\t\t\t\t<\/div>\n\t\t<\/div>\n\t\t\t\t\t<\/div>\n\t\t<\/section>\n\t\t\t\t<section class=\"elementor-section elementor-top-section elementor-element elementor-element-f0d46ba lt-section elementor-section-boxed elementor-section-height-default elementor-section-height-default\" data-id=\"f0d46ba\" data-element_type=\"section\">\n\t\t\t\t\t\t<div class=\"elementor-container elementor-column-gap-default\">\n\t\t\t\t\t<div class=\"elementor-column elementor-col-100 elementor-top-column elementor-element elementor-element-e56361e\" data-id=\"e56361e\" data-element_type=\"column\">\n\t\t\t<div class=\"elementor-widget-wrap elementor-element-populated\">\n\t\t\t\t\t\t<div class=\"elementor-element elementor-element-e1e1dfe elementor-widget elementor-widget-heading\" data-id=\"e1e1dfe\" data-element_type=\"widget\" data-widget_type=\"heading.default\">\n\t\t\t\t<div class=\"elementor-widget-container\">\n\t\t\t\t\t<h2 class=\"elementor-heading-title elementor-size-default\">Obtenez une premi\u00e8re impression<\/h2>\t\t\t\t<\/div>\n\t\t\t\t<\/div>\n\t\t\t\t<div class=\"elementor-element elementor-element-5d1bfcb has-scroll-effect elementor-widget elementor-widget-video\" data-id=\"5d1bfcb\" data-element_type=\"widget\" data-settings=\"{&quot;youtube_url&quot;:&quot;https:\\\/\\\/www.youtube.com\\\/watch?v=jFvjomrF7fk&quot;,&quot;show_image_overlay&quot;:&quot;yes&quot;,&quot;image_overlay&quot;:{&quot;url&quot;:&quot;https:\\\/\\\/liquidtool.com\\\/wp-content\\\/uploads\\\/2021\\\/03\\\/liquidpedia_measured-values.jpg&quot;,&quot;id&quot;:7368,&quot;size&quot;:&quot;&quot;,&quot;alt&quot;:&quot;The most important measured values of coolant shown on a screen and smartphone&quot;,&quot;source&quot;:&quot;library&quot;},&quot;yt_privacy&quot;:&quot;yes&quot;,&quot;motion_fx_motion_fx_scrolling&quot;:&quot;yes&quot;,&quot;motion_fx_translateY_effect&quot;:&quot;yes&quot;,&quot;motion_fx_translateY_speed&quot;:{&quot;unit&quot;:&quot;px&quot;,&quot;size&quot;:1,&quot;sizes&quot;:[]},&quot;video_type&quot;:&quot;youtube&quot;,&quot;controls&quot;:&quot;yes&quot;,&quot;motion_fx_translateY_affectedRange&quot;:{&quot;unit&quot;:&quot;%&quot;,&quot;size&quot;:&quot;&quot;,&quot;sizes&quot;:{&quot;start&quot;:0,&quot;end&quot;:100}},&quot;motion_fx_devices&quot;:[&quot;desktop&quot;,&quot;tablet&quot;,&quot;mobile&quot;]}\" data-widget_type=\"video.default\">\n\t\t\t\t<div class=\"elementor-widget-container\">\n\t\t\t\t\t\t\t<div class=\"elementor-wrapper elementor-open-inline\">\n\t\t\t<div class=\"elementor-video\"><\/div>\t\t\t\t<div class=\"elementor-custom-embed-image-overlay\" style=\"background-image: url(https:\/\/liquidtool.com\/wp-content\/uploads\/2021\/03\/liquidpedia_measured-values.jpg);\">\n\t\t\t\t\t\t\t\t\t\t\t\t\t\t\t\t<div class=\"elementor-custom-embed-play\" role=\"button\" aria-label=\"Lire la vid\u00e9o sur The most important measured values of coolant shown on a screen and smartphone\" tabindex=\"0\">\n\t\t\t\t\t\t\t<i aria-hidden=\"true\" class=\"eicon-play\"><\/i>\t\t\t\t\t\t<\/div>\n\t\t\t\t\t\t\t\t\t<\/div>\n\t\t\t\t\t<\/div>\n\t\t\t\t\t\t<\/div>\n\t\t\t\t<\/div>\n\t\t\t\t\t<\/div>\n\t\t<\/div>\n\t\t\t\t\t<\/div>\n\t\t<\/section>\n\t\t\t\t<section class=\"elementor-section elementor-top-section elementor-element elementor-element-f4c5c1f elementor-section-content-middle lt-section bg-66-left elementor-reverse-mobile elementor-section-boxed elementor-section-height-default elementor-section-height-default\" data-id=\"f4c5c1f\" data-element_type=\"section\" data-settings=\"{&quot;background_background&quot;:&quot;classic&quot;}\">\n\t\t\t\t\t\t<div class=\"elementor-container elementor-column-gap-wider\">\n\t\t\t\t\t<div class=\"elementor-column elementor-col-50 elementor-top-column elementor-element elementor-element-405423e\" data-id=\"405423e\" data-element_type=\"column\">\n\t\t\t<div class=\"elementor-widget-wrap elementor-element-populated\">\n\t\t\t\t\t\t<div class=\"elementor-element elementor-element-637021a elementor-widget elementor-widget-heading\" data-id=\"637021a\" data-element_type=\"widget\" data-widget_type=\"heading.default\">\n\t\t\t\t<div class=\"elementor-widget-container\">\n\t\t\t\t\t<p class=\"elementor-heading-title elementor-size-default\">Tableau de bord et rapports<\/p>\t\t\t\t<\/div>\n\t\t\t\t<\/div>\n\t\t\t\t<div class=\"elementor-element elementor-element-2ae88c1 elementor-widget elementor-widget-heading\" data-id=\"2ae88c1\" data-element_type=\"widget\" data-widget_type=\"heading.default\">\n\t\t\t\t<div class=\"elementor-widget-container\">\n\t\t\t\t\t<h2 class=\"elementor-heading-title elementor-size-xl\">Visibilit\u00e9 et transparence totales<\/h2>\t\t\t\t<\/div>\n\t\t\t\t<\/div>\n\t\t\t\t<div class=\"elementor-element elementor-element-7f6f806 elementor-widget elementor-widget-text-editor\" data-id=\"7f6f806\" data-element_type=\"widget\" data-widget_type=\"text-editor.default\">\n\t\t\t\t<div class=\"elementor-widget-container\">\n\t\t\t\t\t\t\t\t\t<p>Notre tableau de bord num\u00e9rique vous donne \u00e0 tout moment une vue d\u2019ensemble de vos machines et de leurs valeurs mesur\u00e9es. Vous avez acc\u00e8s aux donn\u00e9es actuelles et historiques, o\u00f9 et quand que vous soyez. Gr\u00e2ce \u00e0 une identification claire et rapide des causes, nous pouvons intervenir de mani\u00e8re cibl\u00e9e. Si vous le souhaitez, vous pouvez ajouter manuellement d\u2019autres valeurs mesur\u00e9es. Il est possible de g\u00e9n\u00e9rer des rapports PDF et de t\u00e9l\u00e9charger vos donn\u00e9es sous forme de fichiers CSV.<\/p>\n\t\t\t\t\t\t\t\t<\/div>\n\t\t\t\t<\/div>\n\t\t\t\t\t<\/div>\n\t\t<\/div>\n\t\t\t\t<div class=\"elementor-column elementor-col-50 elementor-top-column elementor-element elementor-element-615b487\" data-id=\"615b487\" data-element_type=\"column\">\n\t\t\t<div class=\"elementor-widget-wrap elementor-element-populated\">\n\t\t\t\t\t\t<div class=\"elementor-element elementor-element-bbdc13f has-scroll-effect elementor-widget elementor-widget-image\" data-id=\"bbdc13f\" data-element_type=\"widget\" data-settings=\"{&quot;motion_fx_motion_fx_scrolling&quot;:&quot;yes&quot;,&quot;motion_fx_translateY_effect&quot;:&quot;yes&quot;,&quot;motion_fx_translateY_speed&quot;:{&quot;unit&quot;:&quot;px&quot;,&quot;size&quot;:1,&quot;sizes&quot;:[]},&quot;motion_fx_translateY_affectedRange&quot;:{&quot;unit&quot;:&quot;%&quot;,&quot;size&quot;:&quot;&quot;,&quot;sizes&quot;:{&quot;start&quot;:0,&quot;end&quot;:100}},&quot;motion_fx_devices&quot;:[&quot;desktop&quot;,&quot;tablet&quot;,&quot;mobile&quot;]}\" data-widget_type=\"image.default\">\n\t\t\t\t<div class=\"elementor-widget-container\">\n\t\t\t\t\t\t\t\t\t\t\t\t\t\t\t<img decoding=\"async\" width=\"768\" height=\"512\" src=\"https:\/\/liquidtool.com\/wp-content\/uploads\/2022\/06\/tablet-phone_coolant-manager-768x512.png\" class=\"attachment-medium_large size-medium_large wp-image-13246\" alt=\"\" srcset=\"https:\/\/liquidtool.com\/wp-content\/uploads\/2022\/06\/tablet-phone_coolant-manager-768x512.png 768w, https:\/\/liquidtool.com\/wp-content\/uploads\/2022\/06\/tablet-phone_coolant-manager-300x200.png 300w, https:\/\/liquidtool.com\/wp-content\/uploads\/2022\/06\/tablet-phone_coolant-manager-1024x683.png 1024w, https:\/\/liquidtool.com\/wp-content\/uploads\/2022\/06\/tablet-phone_coolant-manager-1536x1024.png 1536w, https:\/\/liquidtool.com\/wp-content\/uploads\/2022\/06\/tablet-phone_coolant-manager.png 1800w\" sizes=\"(max-width: 768px) 100vw, 768px\" title=\"\">\t\t\t\t\t\t\t\t\t\t\t\t\t\t\t<\/div>\n\t\t\t\t<\/div>\n\t\t\t\t\t<\/div>\n\t\t<\/div>\n\t\t\t\t\t<\/div>\n\t\t<\/section>\n\t\t\t\t<section class=\"elementor-section elementor-top-section elementor-element elementor-element-e1ce960 elementor-section-content-middle lt-section bg-66-right elementor-section-boxed elementor-section-height-default elementor-section-height-default\" data-id=\"e1ce960\" data-element_type=\"section\" data-settings=\"{&quot;background_background&quot;:&quot;classic&quot;}\">\n\t\t\t\t\t\t<div class=\"elementor-container elementor-column-gap-wider\">\n\t\t\t\t\t<div class=\"elementor-column elementor-col-50 elementor-top-column elementor-element elementor-element-291a352\" data-id=\"291a352\" data-element_type=\"column\">\n\t\t\t<div class=\"elementor-widget-wrap elementor-element-populated\">\n\t\t\t\t<div class=\"elementor-element elementor-element-0ba8315 has-scroll-effect e-flex e-con-boxed e-con e-parent\" data-id=\"0ba8315\" data-element_type=\"container\" data-settings=\"{&quot;background_background&quot;:&quot;classic&quot;,&quot;motion_fx_motion_fx_scrolling&quot;:&quot;yes&quot;,&quot;motion_fx_translateY_effect&quot;:&quot;yes&quot;,&quot;motion_fx_translateY_speed&quot;:{&quot;unit&quot;:&quot;px&quot;,&quot;size&quot;:1,&quot;sizes&quot;:[]},&quot;motion_fx_translateY_affectedRange&quot;:{&quot;unit&quot;:&quot;%&quot;,&quot;size&quot;:&quot;&quot;,&quot;sizes&quot;:{&quot;start&quot;:0,&quot;end&quot;:100}},&quot;motion_fx_devices&quot;:[&quot;desktop&quot;,&quot;tablet&quot;,&quot;mobile&quot;]}\">\n\t\t\t\t\t<div class=\"e-con-inner\">\n\t\t\t\t<div class=\"elementor-element elementor-element-04dd21f has-scroll-effect elementor-widget elementor-widget-video\" data-id=\"04dd21f\" data-element_type=\"widget\" data-settings=\"{&quot;youtube_url&quot;:&quot;https:\\\/\\\/www.youtube.com\\\/watch?v=MQwVsW0n8sA&quot;,&quot;show_image_overlay&quot;:&quot;yes&quot;,&quot;image_overlay&quot;:{&quot;url&quot;:&quot;https:\\\/\\\/liquidtool.com\\\/wp-content\\\/uploads\\\/2023\\\/03\\\/2023-03-06-11_11_58-.jpg&quot;,&quot;id&quot;:16658,&quot;size&quot;:&quot;&quot;,&quot;alt&quot;:&quot;&quot;,&quot;source&quot;:&quot;library&quot;},&quot;video_type&quot;:&quot;youtube&quot;,&quot;controls&quot;:&quot;yes&quot;}\" data-widget_type=\"video.default\">\n\t\t\t\t<div class=\"elementor-widget-container\">\n\t\t\t\t\t\t\t<div class=\"elementor-wrapper elementor-open-inline\">\n\t\t\t<div class=\"elementor-video\"><\/div>\t\t\t\t<div class=\"elementor-custom-embed-image-overlay\" style=\"background-image: url(https:\/\/liquidtool.com\/wp-content\/uploads\/2023\/03\/2023-03-06-11_11_58-.jpg);\">\n\t\t\t\t\t\t\t\t\t\t\t\t\t\t\t\t<div class=\"elementor-custom-embed-play\" role=\"button\" aria-label=\"Lire la vid\u00e9o\" tabindex=\"0\">\n\t\t\t\t\t\t\t<i aria-hidden=\"true\" class=\"eicon-play\"><\/i>\t\t\t\t\t\t<\/div>\n\t\t\t\t\t\t\t\t\t<\/div>\n\t\t\t\t\t<\/div>\n\t\t\t\t\t\t<\/div>\n\t\t\t\t<\/div>\n\t\t\t\t\t<\/div>\n\t\t\t\t<\/div>\n\t\t\t\t\t<\/div>\n\t\t<\/div>\n\t\t\t\t<div class=\"elementor-column elementor-col-50 elementor-top-column elementor-element elementor-element-1d3d3e8\" data-id=\"1d3d3e8\" data-element_type=\"column\">\n\t\t\t<div class=\"elementor-widget-wrap elementor-element-populated\">\n\t\t\t\t\t\t<div class=\"elementor-element elementor-element-c77aa95 elementor-widget elementor-widget-heading\" data-id=\"c77aa95\" data-element_type=\"widget\" data-widget_type=\"heading.default\">\n\t\t\t\t<div class=\"elementor-widget-container\">\n\t\t\t\t\t<p class=\"elementor-heading-title elementor-size-default\">L'IA en action<\/p>\t\t\t\t<\/div>\n\t\t\t\t<\/div>\n\t\t\t\t<div class=\"elementor-element elementor-element-cdb0da2 elementor-widget elementor-widget-heading\" data-id=\"cdb0da2\" data-element_type=\"widget\" data-widget_type=\"heading.default\">\n\t\t\t\t<div class=\"elementor-widget-container\">\n\t\t\t\t\t<h2 class=\"elementor-heading-title elementor-size-xl\">Analyse des bandelettes indicatrices<\/h2>\t\t\t\t<\/div>\n\t\t\t\t<\/div>\n\t\t\t\t<div class=\"elementor-element elementor-element-72bc3cf elementor-widget elementor-widget-text-editor\" data-id=\"72bc3cf\" data-element_type=\"widget\" data-widget_type=\"text-editor.default\">\n\t\t\t\t<div class=\"elementor-widget-container\">\n\t\t\t\t\t\t\t\t\t<p>Liquidtool a int\u00e9gr\u00e9 l\u2019intelligence artificielle (IA) dans l\u2019application Liquidtool. Notre IA est capable d\u2019analyser une bandelette indicatrice (pH, duret\u00e9 ou nitrite) et d\u2019enregistrer les valeurs mesur\u00e9es directement dans l\u2019application.<\/p>\n<p>Gr\u00e2ce \u00e0 cette mesure semi-automatique, les erreurs humaines, telles qu\u2019une mauvaise interpr\u00e9tation de la couleur, peuvent \u00eatre \u00e9limin\u00e9es. Cela permet d\u2019obtenir des mesures plus pr\u00e9cises et surtout plus comparables.<\/p>\n\t\t\t\t\t\t\t\t<\/div>\n\t\t\t\t<\/div>\n\t\t\t\t\t<\/div>\n\t\t<\/div>\n\t\t\t\t\t<\/div>\n\t\t<\/section>\n\t\t\t\t<section class=\"elementor-section elementor-top-section elementor-element elementor-element-3d7c63e elementor-section-content-middle lt-section bg-66-left elementor-section-boxed elementor-section-height-default elementor-section-height-default\" data-id=\"3d7c63e\" data-element_type=\"section\" data-settings=\"{&quot;background_background&quot;:&quot;classic&quot;}\">\n\t\t\t\t\t\t<div class=\"elementor-container elementor-column-gap-wider\">\n\t\t\t\t\t<div class=\"elementor-column elementor-col-50 elementor-top-column elementor-element elementor-element-af98d76\" data-id=\"af98d76\" data-element_type=\"column\">\n\t\t\t<div class=\"elementor-widget-wrap elementor-element-populated\">\n\t\t\t\t\t\t<div class=\"elementor-element elementor-element-15d100b elementor-widget elementor-widget-heading\" data-id=\"15d100b\" data-element_type=\"widget\" data-widget_type=\"heading.default\">\n\t\t\t\t<div class=\"elementor-widget-container\">\n\t\t\t\t\t<p class=\"elementor-heading-title elementor-size-default\">Syst\u00e8me de messagerie<\/p>\t\t\t\t<\/div>\n\t\t\t\t<\/div>\n\t\t\t\t<div class=\"elementor-element elementor-element-63f053b elementor-widget elementor-widget-heading\" data-id=\"63f053b\" data-element_type=\"widget\" data-widget_type=\"heading.default\">\n\t\t\t\t<div class=\"elementor-widget-container\">\n\t\t\t\t\t<h2 class=\"elementor-heading-title elementor-size-xl\">Notifications push<\/h2>\t\t\t\t<\/div>\n\t\t\t\t<\/div>\n\t\t\t\t<div class=\"elementor-element elementor-element-23df4ca elementor-widget elementor-widget-text-editor\" data-id=\"23df4ca\" data-element_type=\"widget\" data-widget_type=\"text-editor.default\">\n\t\t\t\t<div class=\"elementor-widget-container\">\n\t\t\t\t\t\t\t\t\t<p>Vous pouvez d\u00e9sormais vous concentrer enti\u00e8rement sur vos t\u00e2ches. Le syst\u00e8me vous informe si une intervention est n\u00e9cessaire. Notre syst\u00e8me de messagerie intelligent vous fournit un large \u00e9ventail d\u2019informations, que vous pouvez activer ou d\u00e9sactiver facilement en cliquant sur un bouton. Vous ne recevrez que les informations pertinentes pour vous et votre travail.<\/p>\n\t\t\t\t\t\t\t\t<\/div>\n\t\t\t\t<\/div>\n\t\t\t\t\t<\/div>\n\t\t<\/div>\n\t\t\t\t<div class=\"elementor-column elementor-col-50 elementor-top-column elementor-element elementor-element-fbc7ecb\" data-id=\"fbc7ecb\" data-element_type=\"column\">\n\t\t\t<div class=\"elementor-widget-wrap elementor-element-populated\">\n\t\t\t\t\t\t<div class=\"elementor-element elementor-element-e421844 has-scroll-effect elementor-widget elementor-widget-image\" data-id=\"e421844\" data-element_type=\"widget\" data-settings=\"{&quot;motion_fx_motion_fx_scrolling&quot;:&quot;yes&quot;,&quot;motion_fx_translateY_effect&quot;:&quot;yes&quot;,&quot;motion_fx_translateY_speed&quot;:{&quot;unit&quot;:&quot;px&quot;,&quot;size&quot;:1,&quot;sizes&quot;:[]},&quot;motion_fx_translateY_affectedRange&quot;:{&quot;unit&quot;:&quot;%&quot;,&quot;size&quot;:&quot;&quot;,&quot;sizes&quot;:{&quot;start&quot;:0,&quot;end&quot;:100}},&quot;motion_fx_devices&quot;:[&quot;desktop&quot;,&quot;tablet&quot;,&quot;mobile&quot;]}\" data-widget_type=\"image.default\">\n\t\t\t\t<div class=\"elementor-widget-container\">\n\t\t\t\t\t\t\t\t\t\t\t\t\t\t\t<img decoding=\"async\" width=\"768\" height=\"512\" src=\"https:\/\/liquidtool.com\/wp-content\/uploads\/2022\/06\/push-notifications-768x512.png\" class=\"attachment-medium_large size-medium_large wp-image-13272\" alt=\"\" srcset=\"https:\/\/liquidtool.com\/wp-content\/uploads\/2022\/06\/push-notifications-768x512.png 768w, https:\/\/liquidtool.com\/wp-content\/uploads\/2022\/06\/push-notifications-300x200.png 300w, https:\/\/liquidtool.com\/wp-content\/uploads\/2022\/06\/push-notifications-1024x683.png 1024w, https:\/\/liquidtool.com\/wp-content\/uploads\/2022\/06\/push-notifications-1536x1024.png 1536w, https:\/\/liquidtool.com\/wp-content\/uploads\/2022\/06\/push-notifications.png 1800w\" sizes=\"(max-width: 768px) 100vw, 768px\" title=\"\">\t\t\t\t\t\t\t\t\t\t\t\t\t\t\t<\/div>\n\t\t\t\t<\/div>\n\t\t\t\t\t<\/div>\n\t\t<\/div>\n\t\t\t\t\t<\/div>\n\t\t<\/section>\n\t\t\t\t<\/div>\n\t\t","protected":false},"excerpt":{"rendered":"<p>Le Liquidtool Manager Le cerveau de toutes les solutions Liquidtool o\u00f9 toutes les donn\u00e9es sont analys\u00e9es en temps r\u00e9el. Le Liquidtool Manager stocke et analyse toutes les donn\u00e9es envoy\u00e9es par les diff\u00e9rents produits. Il d\u00e9clenche ensuite automatiquement les actions n\u00e9cessaires. Il peut s\u2019agir, par exemple, de remplir un r\u00e9servoir de lubrifiant r\u00e9frig\u00e9rant ou d\u2019avertir un [&hellip;]<\/p>\n","protected":false},"author":3,"featured_media":18515,"parent":13789,"menu_order":8,"comment_status":"closed","ping_status":"closed","template":"","meta":{"content-type":"","footnotes":""},"class_list":["post-16128","page","type-page","status-publish","has-post-thumbnail","hentry"],"_links":{"self":[{"href":"https:\/\/liquidtool.com\/fr\/wp-json\/wp\/v2\/pages\/16128","targetHints":{"allow":["GET"]}}],"collection":[{"href":"https:\/\/liquidtool.com\/fr\/wp-json\/wp\/v2\/pages"}],"about":[{"href":"https:\/\/liquidtool.com\/fr\/wp-json\/wp\/v2\/types\/page"}],"author":[{"embeddable":true,"href":"https:\/\/liquidtool.com\/fr\/wp-json\/wp\/v2\/users\/3"}],"replies":[{"embeddable":true,"href":"https:\/\/liquidtool.com\/fr\/wp-json\/wp\/v2\/comments?post=16128"}],"version-history":[{"count":6,"href":"https:\/\/liquidtool.com\/fr\/wp-json\/wp\/v2\/pages\/16128\/revisions"}],"predecessor-version":[{"id":25264,"href":"https:\/\/liquidtool.com\/fr\/wp-json\/wp\/v2\/pages\/16128\/revisions\/25264"}],"up":[{"embeddable":true,"href":"https:\/\/liquidtool.com\/fr\/wp-json\/wp\/v2\/pages\/13789"}],"wp:featuredmedia":[{"embeddable":true,"href":"https:\/\/liquidtool.com\/fr\/wp-json\/wp\/v2\/media\/18515"}],"wp:attachment":[{"href":"https:\/\/liquidtool.com\/fr\/wp-json\/wp\/v2\/media?parent=16128"}],"curies":[{"name":"wp","href":"https:\/\/api.w.org\/{rel}","templated":true}]}}