{"id":11681,"date":"2020-10-08T09:41:11","date_gmt":"2020-10-08T07:41:11","guid":{"rendered":"http:\/\/liquidtool.com\/mentions-legales\/"},"modified":"2024-06-28T14:55:41","modified_gmt":"2024-06-28T12:55:41","slug":"mentions-legales","status":"publish","type":"page","link":"https:\/\/liquidtool.com\/fr\/mentions-legales\/","title":{"rendered":"Mentions l\u00e9gales"},"content":{"rendered":"\t\t<div data-elementor-type=\"wp-page\" data-elementor-id=\"11681\" class=\"elementor elementor-11681 elementor-1521\" data-elementor-post-type=\"page\">\n\t\t\t\t\t\t<section class=\"elementor-section elementor-top-section elementor-element elementor-element-6d81584 lt-section elementor-section-boxed elementor-section-height-default elementor-section-height-default\" data-id=\"6d81584\" data-element_type=\"section\">\n\t\t\t\t\t\t<div class=\"elementor-container elementor-column-gap-default\">\n\t\t\t\t\t<div class=\"elementor-column elementor-col-100 elementor-top-column elementor-element elementor-element-c8f4bd1\" data-id=\"c8f4bd1\" data-element_type=\"column\">\n\t\t\t<div class=\"elementor-widget-wrap elementor-element-populated\">\n\t\t\t\t\t\t<div class=\"elementor-element elementor-element-26fb1e1 elementor-widget elementor-widget-heading\" data-id=\"26fb1e1\" data-element_type=\"widget\" data-widget_type=\"heading.default\">\n\t\t\t\t<div class=\"elementor-widget-container\">\n\t\t\t\t\t<h1 class=\"elementor-heading-title elementor-size-xl\">Mentions l\u00e9gales<\/h1>\t\t\t\t<\/div>\n\t\t\t\t<\/div>\n\t\t\t\t<div class=\"elementor-element elementor-element-0a11956 elementor-widget elementor-widget-text-editor\" data-id=\"0a11956\" data-element_type=\"widget\" data-widget_type=\"text-editor.default\">\n\t\t\t\t<div class=\"elementor-widget-container\">\n\t\t\t\t\t\t\t\t\t<p><strong>LIQUIDTOOL Systems Sarl.<\/strong><br \/>Winterseistrasse 22<br \/>3415 Hasle-R\u00fcegsau<br \/>Suisse<\/p>\n\t\t\t\t\t\t\t\t<\/div>\n\t\t\t\t<\/div>\n\t\t\t\t<div class=\"elementor-element elementor-element-9ae3822 elementor-widget elementor-widget-heading\" data-id=\"9ae3822\" data-element_type=\"widget\" data-widget_type=\"heading.default\">\n\t\t\t\t<div class=\"elementor-widget-container\">\n\t\t\t\t\t<h2 class=\"elementor-heading-title elementor-size-small\">Coordonn\u00e9es<\/h2>\t\t\t\t<\/div>\n\t\t\t\t<\/div>\n\t\t\t\t<div class=\"elementor-element elementor-element-361037d elementor-widget elementor-widget-text-editor\" data-id=\"361037d\" data-element_type=\"widget\" data-widget_type=\"text-editor.default\">\n\t\t\t\t<div class=\"elementor-widget-container\">\n\t\t\t\t\t\t\t\t\t<p><b>T\u00e9l:<\/b> +41 34 511 61 51<br \/><b>E-mail: <\/b>support@liquidtool.com<br \/><b>Num\u00e9ro de r\u00e9f\u00e9rence: <\/b>CH-170.3.040.949-0<br \/><b>Num\u00e9ro d\u2019identification des entreprise: <\/b>CHE-294.232.151<br \/><b>TVA: <\/b>CHE-294.232.151 MWST<b><\/b><\/p>\n\t\t\t\t\t\t\t\t<\/div>\n\t\t\t\t<\/div>\n\t\t\t\t<div class=\"elementor-element elementor-element-aef4377 elementor-widget elementor-widget-heading\" data-id=\"aef4377\" data-element_type=\"widget\" data-widget_type=\"heading.default\">\n\t\t\t\t<div class=\"elementor-widget-container\">\n\t\t\t\t\t<h3 class=\"elementor-heading-title elementor-size-small\">Num\u00e9ros de registration<\/h3>\t\t\t\t<\/div>\n\t\t\t\t<\/div>\n\t\t\t\t<div class=\"elementor-element elementor-element-3702977 elementor-widget elementor-widget-text-editor\" data-id=\"3702977\" data-element_type=\"widget\" data-widget_type=\"text-editor.default\">\n\t\t\t\t<div class=\"elementor-widget-container\">\n\t\t\t\t\t\t\t\t\t<p><b>SYDEREP ID:<\/b> FR036694<br \/><strong>Ecosystem:<\/strong> FR042634_050O7G<br \/><strong>Screlec:<\/strong> FR036694_06BN7L<br \/><strong>Citeo:<\/strong> FR268992_01WOWI<br \/><b>WEEE-Reg.-Nr.:<\/b> DE 16576836<\/p>\n\t\t\t\t\t\t\t\t<\/div>\n\t\t\t\t<\/div>\n\t\t\t\t<div class=\"elementor-element elementor-element-8601973 elementor-widget elementor-widget-heading\" data-id=\"8601973\" data-element_type=\"widget\" data-widget_type=\"heading.default\">\n\t\t\t\t<div class=\"elementor-widget-container\">\n\t\t\t\t\t<h2 class=\"elementor-heading-title elementor-size-medium\">Avis de non-responsabilit\u00e9<\/h2>\t\t\t\t<\/div>\n\t\t\t\t<\/div>\n\t\t\t\t<div class=\"elementor-element elementor-element-3effc2e elementor-widget elementor-widget-heading\" data-id=\"3effc2e\" data-element_type=\"widget\" data-widget_type=\"heading.default\">\n\t\t\t\t<div class=\"elementor-widget-container\">\n\t\t\t\t\t<h3 class=\"elementor-heading-title elementor-size-small\">Responsabilit\u00e9 du contenu<\/h3>\t\t\t\t<\/div>\n\t\t\t\t<\/div>\n\t\t\t\t<div class=\"elementor-element elementor-element-d862a73 elementor-widget elementor-widget-text-editor\" data-id=\"d862a73\" data-element_type=\"widget\" data-widget_type=\"text-editor.default\">\n\t\t\t\t<div class=\"elementor-widget-container\">\n\t\t\t\t\t\t\t\t\t<p>Le contenu de nos pages web a \u00e9t\u00e9 cr\u00e9\u00e9 avec le plus grand soin. N\u00e9anmoins, nous ne pouvons pas garantir que le contenu soit \u00e0 jour, fiable ou complet. Conform\u00e9ment aux dispositions l\u00e9gales, nous sommes responsables du contenu que nous avons cr\u00e9\u00e9 nous-m\u00eames. Dans ce contexte, nous tenons \u00e0 pr\u00e9ciser que nous ne sommes pas responsables des informations fournies ou collect\u00e9es par des tiers. Si des activit\u00e9s ill\u00e9gales sont d\u00e9tect\u00e9es, nous suivons notre obligation de bloquer ou de supprimer le contenu correspondant. La responsabilit\u00e9 du contenu des liens de tiers (contenu externe) incombe aux exploitants des sites Web respectifs. Au moment de l&rsquo;insertion des liens utilis\u00e9s sur nos pages, aucune activit\u00e9 ill\u00e9gale n&rsquo;y a \u00e9t\u00e9 d\u00e9tect\u00e9e. D\u00e8s que nous aurons connaissance d&rsquo;activit\u00e9s ill\u00e9gales ou de violations, nous supprimerons le lien correspondant.<\/p>\n\t\t\t\t\t\t\t\t<\/div>\n\t\t\t\t<\/div>\n\t\t\t\t<div class=\"elementor-element elementor-element-ccbc2c0 elementor-widget elementor-widget-heading\" data-id=\"ccbc2c0\" data-element_type=\"widget\" data-widget_type=\"heading.default\">\n\t\t\t\t<div class=\"elementor-widget-container\">\n\t\t\t\t\t<h3 class=\"elementor-heading-title elementor-size-small\">Copyright<\/h3>\t\t\t\t<\/div>\n\t\t\t\t<\/div>\n\t\t\t\t<div class=\"elementor-element elementor-element-e3500af elementor-widget elementor-widget-text-editor\" data-id=\"e3500af\" data-element_type=\"widget\" data-widget_type=\"text-editor.default\">\n\t\t\t\t<div class=\"elementor-widget-container\">\n\t\t\t\t\t\t\t\t\t<p>Nos sites web et leur contenu (textes, photos, graphiques, design) sont prot\u00e9g\u00e9s par le droit d&rsquo;auteur et restent la propri\u00e9t\u00e9 de leurs propri\u00e9taires respectifs. L&rsquo;utilisation, la reproduction, la copie ou la modification du contenu doivent \u00eatre approuv\u00e9es par \u00e9crit par les exploitants des sites Web ou les titulaires des droits. <\/p>\n\t\t\t\t\t\t\t\t<\/div>\n\t\t\t\t<\/div>\n\t\t\t\t\t<\/div>\n\t\t<\/div>\n\t\t\t\t\t<\/div>\n\t\t<\/section>\n\t\t\t\t<\/div>\n\t\t","protected":false},"excerpt":{"rendered":"<p>Mentions l\u00e9gales LIQUIDTOOL Systems Sarl.Winterseistrasse 223415 Hasle-R\u00fcegsauSuisse Coordonn\u00e9es T\u00e9l: +41 34 511 61 51E-mail: support@liquidtool.comNum\u00e9ro de r\u00e9f\u00e9rence: CH-170.3.040.949-0Num\u00e9ro d\u2019identification des entreprise: CHE-294.232.151TVA: CHE-294.232.151 MWST Num\u00e9ros de registration SYDEREP ID: FR036694Ecosystem: FR042634_050O7GScrelec: FR036694_06BN7LCiteo: FR268992_01WOWIWEEE-Reg.-Nr.: DE 16576836 Avis de non-responsabilit\u00e9 Responsabilit\u00e9 du contenu Le contenu de nos pages web a \u00e9t\u00e9 cr\u00e9\u00e9 avec le plus grand soin. [&hellip;]<\/p>\n","protected":false},"author":1,"featured_media":0,"parent":0,"menu_order":100,"comment_status":"closed","ping_status":"open","template":"","meta":{"content-type":"","footnotes":""},"class_list":["post-11681","page","type-page","status-publish","hentry"],"_links":{"self":[{"href":"https:\/\/liquidtool.com\/fr\/wp-json\/wp\/v2\/pages\/11681","targetHints":{"allow":["GET"]}}],"collection":[{"href":"https:\/\/liquidtool.com\/fr\/wp-json\/wp\/v2\/pages"}],"about":[{"href":"https:\/\/liquidtool.com\/fr\/wp-json\/wp\/v2\/types\/page"}],"author":[{"embeddable":true,"href":"https:\/\/liquidtool.com\/fr\/wp-json\/wp\/v2\/users\/1"}],"replies":[{"embeddable":true,"href":"https:\/\/liquidtool.com\/fr\/wp-json\/wp\/v2\/comments?post=11681"}],"version-history":[{"count":16,"href":"https:\/\/liquidtool.com\/fr\/wp-json\/wp\/v2\/pages\/11681\/revisions"}],"predecessor-version":[{"id":36931,"href":"https:\/\/liquidtool.com\/fr\/wp-json\/wp\/v2\/pages\/11681\/revisions\/36931"}],"wp:attachment":[{"href":"https:\/\/liquidtool.com\/fr\/wp-json\/wp\/v2\/media?parent=11681"}],"curies":[{"name":"wp","href":"https:\/\/api.w.org\/{rel}","templated":true}]}}