{"id":11669,"date":"2021-01-26T08:36:59","date_gmt":"2021-01-26T07:36:59","guid":{"rendered":"http:\/\/liquidtool.com\/desabonner\/"},"modified":"2022-12-05T08:54:31","modified_gmt":"2022-12-05T07:54:31","slug":"desabonner","status":"publish","type":"page","link":"https:\/\/liquidtool.com\/fr\/newsletter\/desabonner\/","title":{"rendered":"D\u00e9sabonner"},"content":{"rendered":"\t\t<div data-elementor-type=\"wp-page\" data-elementor-id=\"11669\" class=\"elementor elementor-11669 elementor-4451\" data-elementor-post-type=\"page\">\n\t\t\t\t\t\t<section class=\"elementor-section elementor-top-section elementor-element elementor-element-b408943 lt-section elementor-section-boxed elementor-section-height-default elementor-section-height-default\" data-id=\"b408943\" data-element_type=\"section\">\n\t\t\t\t\t\t<div class=\"elementor-container elementor-column-gap-default\">\n\t\t\t\t\t<div class=\"elementor-column elementor-col-100 elementor-top-column elementor-element elementor-element-5b33b49\" data-id=\"5b33b49\" data-element_type=\"column\" data-settings=\"{&quot;background_background&quot;:&quot;classic&quot;}\">\n\t\t\t<div class=\"elementor-widget-wrap elementor-element-populated\">\n\t\t\t\t\t\t<div class=\"elementor-element elementor-element-089e021 elementor-widget elementor-widget-heading\" data-id=\"089e021\" data-element_type=\"widget\" data-widget_type=\"heading.default\">\n\t\t\t\t<div class=\"elementor-widget-container\">\n\t\t\t\t\t<h1 class=\"elementor-heading-title elementor-size-xl\">Se d\u00e9sabonner de la newsletter de LIQUIDTOOL<\/h1>\t\t\t\t<\/div>\n\t\t\t\t<\/div>\n\t\t\t\t<div class=\"elementor-element elementor-element-80d717b is-lead elementor-widget elementor-widget-text-editor\" data-id=\"80d717b\" data-element_type=\"widget\" data-widget_type=\"text-editor.default\">\n\t\t\t\t<div class=\"elementor-widget-container\">\n\t\t\t\t\t\t\t\t\t<p>Nous sommes tristes de vous voir partir. <\/p>\t\t\t\t\t\t\t\t<\/div>\n\t\t\t\t<\/div>\n\t\t\t\t<div class=\"elementor-element elementor-element-ee126a0 elementor-widget elementor-widget-html\" data-id=\"ee126a0\" data-element_type=\"widget\" data-widget_type=\"html.default\">\n\t\t\t\t<div class=\"elementor-widget-container\">\n\t\t\t\t\t<div data-form-block-id=\"74c23b64-2f5f-eb11-a812-000d3a213953\"><\/div> <script src=\"https:\/\/mktdplp102cdn.azureedge.net\/public\/latest\/js\/form-loader.js?v=1.68.1097.0\"><\/script> <div id=\"d2tS3ba7o0lITzCQfVAPTew9u6hVnup3P9kzU-3lMRd0\"><\/div><script language=\"javascript\" type=\"text\/javascript\">(function (id, f, t, ws, ms_tr_il_08, ms_tr_il_w_01) { var tr = function (cb) { var count = 0; var callback = function () { if (count == 0) { count++; if (w) { w.w(id, t, cb); } } }; var ts = document.createElement('script'); ts.src = ws; ts.type = 'text\/javascript'; ts.onload = callback; ts.onreadystatechange = function () { if (this.readyState == 'complete' || this.readyState == 'loaded') { callback(); } }; var head = document.getElementsByTagName('head')[0]; head.appendChild(ts); }; if (typeof ms_tr_il_08 === 'function') { if (ms_tr_il_w_01 === null) { tr(function() { ms_tr_il_08(id, f, t); }); } else { ms_tr_il_w_01.w(id, t, function(websiteVisitedParams) { ms_tr_il_08(id, f, t, websiteVisitedParams); }, null); } } else { tr(); }})('2tS3ba7o0lITzCQfVAPTew9u6hVnup3P9kzU-3lMRd0', 'https:\/\/75fea90d8c9a46f19ea590e104556ba2.svc.dynamics.com\/f', 'https:\/\/75fea90d8c9a46f19ea590e104556ba2.svc.dynamics.com\/t', 'https:\/\/75fea90d8c9a46f19ea590e104556ba2.svc.dynamics.com\/t\/w', typeof ms_tr_il_08 === \"undefined\" ? null : ms_tr_il_08, typeof ms_tr_il_w_01 === \"undefined\" ? null : ms_tr_il_w_01);<\/script>\t\t\t\t<\/div>\n\t\t\t\t<\/div>\n\t\t\t\t<div class=\"elementor-element elementor-element-db8a861 elementor-widget elementor-widget-text-editor\" data-id=\"db8a861\" data-element_type=\"widget\" data-widget_type=\"text-editor.default\">\n\t\t\t\t<div class=\"elementor-widget-container\">\n\t\t\t\t\t\t\t\t\t<p>Si vous ne voulez tout simplement plus de nous dans votre bo\u00eete de r\u00e9ception, mais que vous voulez quand m\u00eame rester connect\u00e9, alors vous pouvez nous suivre sur nos autres canaux. Nous appr\u00e9cions toujours un like ou un follow. <\/p>\t\t\t\t\t\t\t\t<\/div>\n\t\t\t\t<\/div>\n\t\t\t\t<div class=\"elementor-element elementor-element-e5506fd e-grid-align-left e-grid-align-mobile-center elementor-shape-circle elementor-grid-0 elementor-widget elementor-widget-social-icons\" data-id=\"e5506fd\" data-element_type=\"widget\" data-widget_type=\"social-icons.default\">\n\t\t\t\t<div class=\"elementor-widget-container\">\n\t\t\t\t\t\t\t<div class=\"elementor-social-icons-wrapper elementor-grid\" role=\"list\">\n\t\t\t\t\t\t\t<span class=\"elementor-grid-item\" role=\"listitem\">\n\t\t\t\t\t<a class=\"elementor-icon elementor-social-icon elementor-social-icon-linkedin-in elementor-animation-grow elementor-repeater-item-93f6d62\" href=\"https:\/\/www.linkedin.com\/company\/liquidtool-sys\" target=\"_blank\" rel=\"noopener\">\n\t\t\t\t\t\t<span class=\"elementor-screen-only\">Linkedin-in<\/span>\n\t\t\t\t\t\t<i aria-hidden=\"true\" class=\"fab fa-linkedin-in\"><\/i>\t\t\t\t\t<\/a>\n\t\t\t\t<\/span>\n\t\t\t\t\t\t\t<span class=\"elementor-grid-item\" role=\"listitem\">\n\t\t\t\t\t<a class=\"elementor-icon elementor-social-icon elementor-social-icon-instagram elementor-animation-grow elementor-repeater-item-88f8e8f\" href=\"https:\/\/www.instagram.com\/liquidtool_sys\/\" target=\"_blank\" rel=\"noopener\">\n\t\t\t\t\t\t<span class=\"elementor-screen-only\">Instagram<\/span>\n\t\t\t\t\t\t<i aria-hidden=\"true\" class=\"fab fa-instagram\"><\/i>\t\t\t\t\t<\/a>\n\t\t\t\t<\/span>\n\t\t\t\t\t\t\t<span class=\"elementor-grid-item\" role=\"listitem\">\n\t\t\t\t\t<a class=\"elementor-icon elementor-social-icon elementor-social-icon-Tiktok icon white elementor-animation-grow elementor-repeater-item-944d741\" href=\"https:\/\/www.tiktok.com\/@liquidtool_sys\" target=\"_blank\" rel=\"noopener\">\n\t\t\t\t\t\t<span class=\"elementor-screen-only\">Tiktok Icon White<\/span>\n\t\t\t\t\t\t<svg xmlns=\"http:\/\/www.w3.org\/2000\/svg\" xmlns:xlink=\"http:\/\/www.w3.org\/1999\/xlink\" id=\"Capa_1\" x=\"0px\" y=\"0px\" viewBox=\"0 0 449.2 511.3\" style=\"enable-background:new 0 0 449.2 511.3;\" xml:space=\"preserve\"><style type=\"text\/css\">\t.st0{fill:#FFFFFF;}<\/style><g>\t<path class=\"st0\" d=\"M449,128c-29.2,0-56.2-9.7-77.8-26c-24.8-18.7-42.7-46.2-49-77.8c-1.6-7.8-2.4-15.9-2.5-24.2h-83.5v228.1   L236.1,353c0,33.4-21.8,61.7-51.9,71.7c-8.8,2.9-18.2,4.3-28,3.7c-12.6-0.7-24.3-4.5-34.6-10.6c-21.8-13-36.5-36.6-36.9-63.7   c-0.6-42.2,33.5-76.7,75.7-76.7c8.3,0,16.3,1.4,23.8,3.8v-62.3v-22.3c-7.9-1.2-15.9-1.8-24.1-1.8c-46.2,0-89.4,19.2-120.3,53.8   c-23.3,26.1-37.3,59.5-39.5,94.5c-2.8,45.9,14,89.6,46.6,121.8c4.8,4.7,9.8,9.1,15.1,13.2c27.9,21.5,62.1,33.2,98.1,33.2   c8.1,0,16.2-0.6,24.1-1.8c33.6-5,64.6-20.4,89.1-44.6c30.1-29.7,46.7-69.2,46.9-111.2l-0.4-186.6c14.3,11.1,30,20.2,46.9,27.3   c26.2,11.1,54,16.6,82.5,16.6v-60.6v-22.5C449.3,128,449,128,449,128L449,128z\"><\/path><\/g><\/svg>\t\t\t\t\t<\/a>\n\t\t\t\t<\/span>\n\t\t\t\t\t\t\t<span class=\"elementor-grid-item\" role=\"listitem\">\n\t\t\t\t\t<a class=\"elementor-icon elementor-social-icon elementor-social-icon-facebook-f elementor-animation-grow elementor-repeater-item-d3d3bc5\" href=\"https:\/\/www.facebook.com\/liquidtool\" target=\"_blank\" rel=\"noopener\">\n\t\t\t\t\t\t<span class=\"elementor-screen-only\">Facebook-f<\/span>\n\t\t\t\t\t\t<i aria-hidden=\"true\" class=\"fab fa-facebook-f\"><\/i>\t\t\t\t\t<\/a>\n\t\t\t\t<\/span>\n\t\t\t\t\t\t\t<span class=\"elementor-grid-item\" role=\"listitem\">\n\t\t\t\t\t<a class=\"elementor-icon elementor-social-icon elementor-social-icon-youtube elementor-animation-grow elementor-repeater-item-2939051\" href=\"https:\/\/www.youtube.com\/channel\/UCCxj6m7l97kqp-mzXIvZ9dA\" target=\"_blank\" rel=\"noopener\">\n\t\t\t\t\t\t<span class=\"elementor-screen-only\">Youtube<\/span>\n\t\t\t\t\t\t<i aria-hidden=\"true\" class=\"fab fa-youtube\"><\/i>\t\t\t\t\t<\/a>\n\t\t\t\t<\/span>\n\t\t\t\t\t<\/div>\n\t\t\t\t\t\t<\/div>\n\t\t\t\t<\/div>\n\t\t\t\t\t<\/div>\n\t\t<\/div>\n\t\t\t\t\t<\/div>\n\t\t<\/section>\n\t\t\t\t<\/div>\n\t\t","protected":false},"excerpt":{"rendered":"<p>Se d\u00e9sabonner de la newsletter de LIQUIDTOOL Nous sommes tristes de vous voir partir. Si vous ne voulez tout simplement plus de nous dans votre bo\u00eete de r\u00e9ception, mais que vous voulez quand m\u00eame rester connect\u00e9, alors vous pouvez nous suivre sur nos autres canaux. Nous appr\u00e9cions toujours un like ou un follow. Linkedin-in Instagram [&hellip;]<\/p>\n","protected":false},"author":1,"featured_media":0,"parent":13819,"menu_order":2,"comment_status":"closed","ping_status":"open","template":"","meta":{"content-type":"","footnotes":""},"class_list":["post-11669","page","type-page","status-publish","hentry"],"_links":{"self":[{"href":"https:\/\/liquidtool.com\/fr\/wp-json\/wp\/v2\/pages\/11669","targetHints":{"allow":["GET"]}}],"collection":[{"href":"https:\/\/liquidtool.com\/fr\/wp-json\/wp\/v2\/pages"}],"about":[{"href":"https:\/\/liquidtool.com\/fr\/wp-json\/wp\/v2\/types\/page"}],"author":[{"embeddable":true,"href":"https:\/\/liquidtool.com\/fr\/wp-json\/wp\/v2\/users\/1"}],"replies":[{"embeddable":true,"href":"https:\/\/liquidtool.com\/fr\/wp-json\/wp\/v2\/comments?post=11669"}],"version-history":[{"count":8,"href":"https:\/\/liquidtool.com\/fr\/wp-json\/wp\/v2\/pages\/11669\/revisions"}],"predecessor-version":[{"id":14083,"href":"https:\/\/liquidtool.com\/fr\/wp-json\/wp\/v2\/pages\/11669\/revisions\/14083"}],"up":[{"embeddable":true,"href":"https:\/\/liquidtool.com\/fr\/wp-json\/wp\/v2\/pages\/13819"}],"wp:attachment":[{"href":"https:\/\/liquidtool.com\/fr\/wp-json\/wp\/v2\/media?parent=11669"}],"curies":[{"name":"wp","href":"https:\/\/api.w.org\/{rel}","templated":true}]}}