{"id":11612,"date":"2021-03-10T15:56:18","date_gmt":"2021-03-10T14:56:18","guid":{"rendered":"http:\/\/liquidtool.com\/liquidpedia\/technologies-de-pointe\/"},"modified":"2024-07-04T15:27:35","modified_gmt":"2024-07-04T13:27:35","slug":"technologies-de-pointe","status":"publish","type":"page","link":"https:\/\/liquidtool.com\/fr\/liquidpedia\/technologies-de-pointe\/","title":{"rendered":"Technologies de pointe"},"content":{"rendered":"\t\t<div data-elementor-type=\"wp-page\" data-elementor-id=\"11612\" class=\"elementor elementor-11612 elementor-5369\" data-elementor-post-type=\"page\">\n\t\t\t\t\t\t<section class=\"elementor-section elementor-top-section elementor-element elementor-element-407cb4a lt-section elementor-section-boxed elementor-section-height-default elementor-section-height-default\" data-id=\"407cb4a\" data-element_type=\"section\" id=\"team\">\n\t\t\t\t\t\t<div class=\"elementor-container elementor-column-gap-default\">\n\t\t\t\t\t<div class=\"elementor-column elementor-col-100 elementor-top-column elementor-element elementor-element-dc0c7dc bg-news\" data-id=\"dc0c7dc\" data-element_type=\"column\" data-settings=\"{&quot;background_background&quot;:&quot;classic&quot;}\">\n\t\t\t<div class=\"elementor-widget-wrap elementor-element-populated\">\n\t\t\t\t\t\t<div class=\"elementor-element elementor-element-057323e lt-breadcrumb elementor-widget elementor-widget-shortcode\" data-id=\"057323e\" data-element_type=\"widget\" data-widget_type=\"shortcode.default\">\n\t\t\t\t<div class=\"elementor-widget-container\">\n\t\t\t\t\t\t\t<div class=\"elementor-shortcode\"><nav aria-label=\"breadcrumbs\" class=\"rank-math-breadcrumb\"><p><span class=\"last\">Home<\/span><\/p><\/nav><\/div>\n\t\t\t\t\t\t<\/div>\n\t\t\t\t<\/div>\n\t\t\t\t<div class=\"elementor-element elementor-element-00c9cb8 elementor-widget elementor-widget-heading\" data-id=\"00c9cb8\" data-element_type=\"widget\" data-widget_type=\"heading.default\">\n\t\t\t\t<div class=\"elementor-widget-container\">\n\t\t\t\t\t<h1 class=\"elementor-heading-title elementor-size-default\">De l'industrie 1.0 \u00e0 l'industrie 4.0 et au-del\u00e0<\/h1>\t\t\t\t<\/div>\n\t\t\t\t<\/div>\n\t\t\t\t<div class=\"elementor-element elementor-element-c8699b2 elementor-widget elementor-widget-text-editor\" data-id=\"c8699b2\" data-element_type=\"widget\" data-widget_type=\"text-editor.default\">\n\t\t\t\t<div class=\"elementor-widget-container\">\n\t\t\t\t\t\t\t\t\t<p>Lorsque les composants peuvent communiquer de mani\u00e8re autonome avec l\u2019usine de production, organisant eux-m\u00eames les r\u00e9parations si n\u00e9cessaire \u2013 lorsque les personnes, les machines et le processus industriel sont intelligemment mis en r\u00e9seau, on parle d\u2019industrie 4.0. Mais comment en sommes-nous arriv\u00e9s l\u00e0 et que nous r\u00e9serve l\u2019avenir?<\/p>\n\t\t\t\t\t\t\t\t<\/div>\n\t\t\t\t<\/div>\n\t\t\t\t<div class=\"elementor-element elementor-element-6942b28 has-scroll-effect elementor-widget elementor-widget-image\" data-id=\"6942b28\" data-element_type=\"widget\" data-settings=\"{&quot;motion_fx_motion_fx_scrolling&quot;:&quot;yes&quot;,&quot;motion_fx_translateY_effect&quot;:&quot;yes&quot;,&quot;motion_fx_translateY_speed&quot;:{&quot;unit&quot;:&quot;px&quot;,&quot;size&quot;:1,&quot;sizes&quot;:[]},&quot;motion_fx_translateY_affectedRange&quot;:{&quot;unit&quot;:&quot;%&quot;,&quot;size&quot;:&quot;&quot;,&quot;sizes&quot;:{&quot;start&quot;:0,&quot;end&quot;:100}},&quot;motion_fx_devices&quot;:[&quot;desktop&quot;,&quot;tablet&quot;,&quot;mobile&quot;]}\" data-widget_type=\"image.default\">\n\t\t\t\t<div class=\"elementor-widget-container\">\n\t\t\t\t\t\t\t\t\t\t\t\t\t\t\t<img fetchpriority=\"high\" decoding=\"async\" width=\"800\" height=\"533\" src=\"https:\/\/liquidtool.com\/wp-content\/uploads\/2021\/03\/liquidpedia_leading-edge-1024x682.jpg\" class=\"attachment-large size-large wp-image-7328\" alt=\"De l&#039;industrie 1.0 \u00e0 l&#039;industrie 4.0 jusqu&#039;\u00e0 l&#039;avenir de l&#039;industrie 5.0 et au-del\u00e0\" srcset=\"https:\/\/liquidtool.com\/wp-content\/uploads\/2021\/03\/liquidpedia_leading-edge-1024x682.jpg 1024w, https:\/\/liquidtool.com\/wp-content\/uploads\/2021\/03\/liquidpedia_leading-edge-300x200.jpg 300w, https:\/\/liquidtool.com\/wp-content\/uploads\/2021\/03\/liquidpedia_leading-edge-768x512.jpg 768w, https:\/\/liquidtool.com\/wp-content\/uploads\/2021\/03\/liquidpedia_leading-edge-1536x1023.jpg 1536w, https:\/\/liquidtool.com\/wp-content\/uploads\/2021\/03\/liquidpedia_leading-edge.jpg 1600w\" sizes=\"(max-width: 800px) 100vw, 800px\" title=\"\">\t\t\t\t\t\t\t\t\t\t\t\t\t\t\t<\/div>\n\t\t\t\t<\/div>\n\t\t\t\t<div class=\"elementor-element elementor-element-3d9d448 elementor-widget elementor-widget-text-editor\" data-id=\"3d9d448\" data-element_type=\"widget\" data-widget_type=\"text-editor.default\">\n\t\t\t\t<div class=\"elementor-widget-container\">\n\t\t\t\t\t\t\t\t\t<p>Dans le paysage technologique actuel qui \u00e9volue rapidement, le terme <b>\u00ab\u00a0Industrie 4.0\u00a0\u00bb<\/b> est devenu un mot \u00e0 la mode. \u00c0 la base, l&rsquo;industrie 4.0 repr\u00e9sente un paradigme o\u00f9 les composants peuvent communiquer de mani\u00e8re autonome avec les usines de production, et m\u00eame orchestrer des autor\u00e9parations si n\u00e9cessaire. Cette \u00e8re se caract\u00e9rise par la mise en r\u00e9seau transparente et intelligente des hommes, des machines et des processus industriels. Mais le chemin vers cette <strong>technologie de pointe<\/strong> ne s&rsquo;est pas fait du jour au lendemain. Comment sommes-nous pass\u00e9s des installations industrielles rudimentaires du pass\u00e9 \u00e0 cet \u00e9tat avanc\u00e9, et que nous r\u00e9serve l&rsquo;avenir ? <\/p>\n\t\t\t\t\t\t\t\t<\/div>\n\t\t\t\t<\/div>\n\t\t\t\t<div class=\"elementor-element elementor-element-c0fca75 elementor-widget elementor-widget-heading\" data-id=\"c0fca75\" data-element_type=\"widget\" data-widget_type=\"heading.default\">\n\t\t\t\t<div class=\"elementor-widget-container\">\n\t\t\t\t\t<h2 class=\"elementor-heading-title elementor-size-large\">Jalons historiques : Le chemin vers l'industrie 4.0<\/h2>\t\t\t\t<\/div>\n\t\t\t\t<\/div>\n\t\t\t\t<div class=\"elementor-element elementor-element-fac47f1 elementor-widget elementor-widget-text-editor\" data-id=\"fac47f1\" data-element_type=\"widget\" data-widget_type=\"text-editor.default\">\n\t\t\t\t<div class=\"elementor-widget-container\">\n\t\t\t\t\t\t\t\t\t<p>Historiquement, le monde a connu plusieurs r\u00e9volutions industrielles, chacune marqu\u00e9e par des innovations r\u00e9volutionnaires. L&rsquo;invention de la <b>machine \u00e0 vapeur<\/b> a marqu\u00e9 le d\u00e9but de l&rsquo;industrie 1.0, ouvrant la voie \u00e0 des changements massifs dans la production et le transport. Puis vint l&rsquo;industrie 2.0, caract\u00e9ris\u00e9e par l&rsquo;introduction de <b>l&rsquo;ing\u00e9nierie \u00e9lectrique<\/b>, qui a r\u00e9volutionn\u00e9 la production de masse.  La troisi\u00e8me phase, Industrie 3.0, a vu <b>l&rsquo;automatisation constante des syst\u00e8mes<\/b>, propuls\u00e9e par l&rsquo;av\u00e8nement des technologies de l&rsquo;information et l&rsquo;introduction de l&rsquo;internet. Aujourd&rsquo;hui, nous nous trouvons au milieu de la quatri\u00e8me r\u00e9volution, port\u00e9e par des merveilles technologiques telles que l&rsquo;internet des objets (IoT), l&rsquo;informatique en nuage, l&rsquo;intelligence artificielle et les blockchains.<\/p>\n\t\t\t\t\t\t\t\t<\/div>\n\t\t\t\t<\/div>\n\t\t\t\t<div class=\"elementor-element elementor-element-2e006bb elementor-widget elementor-widget-heading\" data-id=\"2e006bb\" data-element_type=\"widget\" data-widget_type=\"heading.default\">\n\t\t\t\t<div class=\"elementor-widget-container\">\n\t\t\t\t\t<h2 class=\"elementor-heading-title elementor-size-large\">L'apog\u00e9e de l'industrie 4.0 : Une merveille technologique<\/h2>\t\t\t\t<\/div>\n\t\t\t\t<\/div>\n\t\t\t\t<div class=\"elementor-element elementor-element-0d3d529 elementor-widget elementor-widget-text-editor\" data-id=\"0d3d529\" data-element_type=\"widget\" data-widget_type=\"text-editor.default\">\n\t\t\t\t<div class=\"elementor-widget-container\">\n\t\t\t\t\t\t\t\t\t<p>Alors que nous naviguons sur les chemins complexes de l&rsquo;industrie 4.0, nous sommes entour\u00e9s de <b>machines intelligentes<\/b>, de syst\u00e8mes de stockage avanc\u00e9s et d&rsquo;installations de production \u00e0 la pointe de la technologie. Ces entit\u00e9s sont capables d&rsquo;\u00e9changer des informations, de lancer des actions, voire de se surveiller et de se contr\u00f4ler elles-m\u00eames <b>sans intervention humaine<\/b>. Alors que nous explorons encore les profondeurs et les potentiels de cette quatri\u00e8me r\u00e9volution industrielle, les visionnaires et les experts de l&rsquo;industrie regardent d\u00e9j\u00e0 vers l&rsquo;avant, identifiant les technologies de pointe qui sculpteront les contours de l&rsquo;industrie 5.0 et, potentiellement, de l&rsquo;industrie 6.0.<\/p>\n<p>Cette recherche vise \u00e0 approfondir cette odyss\u00e9e technologique. Il donne un aper\u00e7u de l&rsquo;influence profonde de ces technologies, en tra\u00e7ant le chemin depuis les stades naissants de l&rsquo;industrie 1.0 jusqu&rsquo;aux merveilles attendues de l&rsquo;industrie 6.0. Le r\u00e9cit souligne le pouvoir de transformation de la num\u00e9risation, de l&rsquo;automatisation et de la personnalisation dans la red\u00e9finition de notre environnement industriel.<\/p>\n\t\t\t\t\t\t\t\t<\/div>\n\t\t\t\t<\/div>\n\t\t\t\t<div class=\"elementor-element elementor-element-b3a0555 elementor-widget elementor-widget-heading\" data-id=\"b3a0555\" data-element_type=\"widget\" data-widget_type=\"heading.default\">\n\t\t\t\t<div class=\"elementor-widget-container\">\n\t\t\t\t\t<h2 class=\"elementor-heading-title elementor-size-large\">Envisager l'industrie 5.0 : Synergie homme-machine<\/h2>\t\t\t\t<\/div>\n\t\t\t\t<\/div>\n\t\t\t\t<div class=\"elementor-element elementor-element-928c660 elementor-widget elementor-widget-text-editor\" data-id=\"928c660\" data-element_type=\"widget\" data-widget_type=\"text-editor.default\">\n\t\t\t\t<div class=\"elementor-widget-container\">\n\t\t\t\t\t\t\t\t\t<p>L&rsquo;industrie 5.0, telle que l&rsquo;envisage le document, sera un domaine o\u00f9 la collaboration homme-machine atteindra son apog\u00e9e. Les machines ne seront plus seulement des outils, mais des partenaires, adapt\u00e9s aux besoins de chacun. L&rsquo;introduction de l&rsquo;informatique sociale jouera un r\u00f4le essentiel, en favorisant les machines capables de refl\u00e9ter les sentiments humains, facilitant ainsi des interactions plus organiques, plus compatissantes et plus efficaces.<\/p>\n\t\t\t\t\t\t\t\t<\/div>\n\t\t\t\t<\/div>\n\t\t\t\t<div class=\"elementor-element elementor-element-e0da940 elementor-widget elementor-widget-heading\" data-id=\"e0da940\" data-element_type=\"widget\" data-widget_type=\"heading.default\">\n\t\t\t\t<div class=\"elementor-widget-container\">\n\t\t\t\t\t<h2 class=\"elementor-heading-title elementor-size-large\">Sp\u00e9culations sur l'industrie 6.0 : Des machines \u00e9motionnellement intelligentes<\/h2>\t\t\t\t<\/div>\n\t\t\t\t<\/div>\n\t\t\t\t<div class=\"elementor-element elementor-element-9b730fd elementor-widget elementor-widget-text-editor\" data-id=\"9b730fd\" data-element_type=\"widget\" data-widget_type=\"text-editor.default\">\n\t\t\t\t<div class=\"elementor-widget-container\">\n\t\t\t\t\t\t\t\t\t<p>Mais l&rsquo;horizon ne s&rsquo;arr\u00eate pas \u00e0 l&rsquo;industrie 5.0. En sp\u00e9culant sur les innovations <strong>technologiques de pointe<\/strong> de l&rsquo;industrie 6.0, le document brosse le tableau d&rsquo;un monde o\u00f9 les machines ne sont pas seulement fonctionnelles, mais aussi \u00e9motionnellement intelligentes. Nous pourrions assister \u00e0 l&rsquo;av\u00e8nement de machines favorisant de v\u00e9ritables connexions \u00e9motionnelles avec les humains, o\u00f9 des avatars et des robots intelligents s&rsquo;engagent avec nous de mani\u00e8re \u00e9motionnellement astucieuse, offrant des exp\u00e9riences non seulement personnalis\u00e9es, mais aussi profond\u00e9ment empathiques.<\/p>\n\t\t\t\t\t\t\t\t<\/div>\n\t\t\t\t<\/div>\n\t\t\t\t<div class=\"elementor-element elementor-element-3e27f3f elementor-widget elementor-widget-heading\" data-id=\"3e27f3f\" data-element_type=\"widget\" data-widget_type=\"heading.default\">\n\t\t\t\t<div class=\"elementor-widget-container\">\n\t\t\t\t\t<h2 class=\"elementor-heading-title elementor-size-large\">Le chemin \u00e0 parcourir : D\u00e9fis et opportunit\u00e9s<\/h2>\t\t\t\t<\/div>\n\t\t\t\t<\/div>\n\t\t\t\t<div class=\"elementor-element elementor-element-2f4de72 elementor-widget elementor-widget-text-editor\" data-id=\"2f4de72\" data-element_type=\"widget\" data-widget_type=\"text-editor.default\">\n\t\t\t\t<div class=\"elementor-widget-container\">\n\t\t\t\t\t\t\t\t\t<p>Par essence, cette exploration n&rsquo;est pas seulement une r\u00e9trospective, mais aussi une perspective d&rsquo;avenir. Il offre une vue panoramique de l&rsquo;\u00e9volution industrielle, en mettant l&rsquo;accent sur le r\u00f4le transformateur des technologies de pointe. Le r\u00e9cit aborde les d\u00e9fis \u00e0 venir, les consid\u00e9rations \u00e9thiques li\u00e9es \u00e0 des progr\u00e8s aussi rapides et les implications soci\u00e9tales potentielles. Il souligne l&rsquo;importance non seulement d&#8217;embrasser mais aussi de comprendre cette transformation num\u00e9rique, d&rsquo;anticiper les d\u00e9fis futurs et de s&rsquo;adapter de mani\u00e8re proactive aux changements technologiques et soci\u00e9taux.<\/p>\n<p>En conclusion, alors que nous nous trouvons \u00e0 l&rsquo;aube de ces fronti\u00e8res technologiques passionnantes, il est imp\u00e9ratif que les industries, les d\u00e9cideurs politiques et les individus se fassent les champions de la m\u00e9tamorphose num\u00e9rique. L&rsquo;avenir s&rsquo;annonce plein de promesses de progr\u00e8s et, avec la bonne approche, nous pouvons faire en sorte que ce voyage ne soit pas seulement progressif, mais aussi inclusif et durable.<\/p>\n\t\t\t\t\t\t\t\t<\/div>\n\t\t\t\t<\/div>\n\t\t<div class=\"elementor-element elementor-element-71876d8 e-flex e-con-boxed e-con e-parent\" data-id=\"71876d8\" data-element_type=\"container\" data-settings=\"{&quot;background_background&quot;:&quot;classic&quot;}\">\n\t\t\t\t\t<div class=\"e-con-inner\">\n\t\t<div class=\"elementor-element elementor-element-2a84a7c e-con-full e-flex e-con e-child\" data-id=\"2a84a7c\" data-element_type=\"container\">\n\t\t<div class=\"elementor-element elementor-element-3d176ca e-flex e-con-boxed e-con e-child\" data-id=\"3d176ca\" data-element_type=\"container\">\n\t\t\t\t\t<div class=\"e-con-inner\">\n\t\t\t\t<div class=\"elementor-element elementor-element-fb75f9f elementor-widget elementor-widget-heading\" data-id=\"fb75f9f\" data-element_type=\"widget\" data-widget_type=\"heading.default\">\n\t\t\t\t<div class=\"elementor-widget-container\">\n\t\t\t\t\t<h2 class=\"elementor-heading-title elementor-size-medium\">T\u00e9l\u00e9charger le document complet<\/h2>\t\t\t\t<\/div>\n\t\t\t\t<\/div>\n\t\t\t\t<div class=\"elementor-element elementor-element-abce3ae elementor-widget elementor-widget-text-editor\" data-id=\"abce3ae\" data-element_type=\"widget\" data-widget_type=\"text-editor.default\">\n\t\t\t\t<div class=\"elementor-widget-container\">\n\t\t\t\t\t\t\t\t\t<p>T\u00e9l\u00e9charger le document complet sur les technologies de pointe. Soumettez vos coordonn\u00e9es et un e-mail contenant votre exemplaire vous sera envoy\u00e9.<\/p>\n\t\t\t\t\t\t\t\t<\/div>\n\t\t\t\t<\/div>\n\t\t\t\t<div class=\"elementor-element elementor-element-f0b7394 elementor-button-align-stretch elementor-widget elementor-widget-form\" data-id=\"f0b7394\" data-element_type=\"widget\" data-settings=\"{&quot;button_width&quot;:&quot;50&quot;,&quot;step_next_label&quot;:&quot;Suivant&quot;,&quot;step_previous_label&quot;:&quot;Pr\\u00e9c\\u00e9dent&quot;,&quot;step_type&quot;:&quot;number_text&quot;,&quot;step_icon_shape&quot;:&quot;circle&quot;}\" data-widget_type=\"form.default\">\n\t\t\t\t<div class=\"elementor-widget-container\">\n\t\t\t\t\t\t\t<form class=\"elementor-form\" method=\"post\" name=\"Leading Edge Download\" aria-label=\"Leading Edge Download\">\n\t\t\t<input type=\"hidden\" name=\"post_id\" value=\"11612\"\/>\n\t\t\t<input type=\"hidden\" name=\"form_id\" value=\"f0b7394\"\/>\n\t\t\t<input type=\"hidden\" name=\"referer_title\" value=\"Qu&#039;est-ce qui suit la 4e r\u00e9volution industrielle ? &bull; LIQUIDTOOL\" \/>\n\n\t\t\t\t\t\t\t<input type=\"hidden\" name=\"queried_id\" value=\"11612\"\/>\n\t\t\t\n\t\t\t<div class=\"elementor-form-fields-wrapper elementor-labels-above\">\n\t\t\t\t\t\t\t\t<div class=\"elementor-field-type-text elementor-field-group elementor-column elementor-field-group-firstname elementor-col-50 elementor-field-required\">\n\t\t\t\t\t\t\t\t\t\t\t\t<label for=\"form-field-firstname\" class=\"elementor-field-label\">\n\t\t\t\t\t\t\t\tPr\u00e9nom\t\t\t\t\t\t\t<\/label>\n\t\t\t\t\t\t\t\t\t\t\t\t\t\t<input size=\"1\" type=\"text\" name=\"form_fields[firstname]\" id=\"form-field-firstname\" class=\"elementor-field elementor-size-sm  elementor-field-textual\" placeholder=\"Pr\u00e9nom\" required=\"required\">\n\t\t\t\t\t\t\t\t\t\t\t<\/div>\n\t\t\t\t\t\t\t\t<div class=\"elementor-field-type-text elementor-field-group elementor-column elementor-field-group-lastname elementor-col-50 elementor-field-required\">\n\t\t\t\t\t\t\t\t\t\t\t\t<label for=\"form-field-lastname\" class=\"elementor-field-label\">\n\t\t\t\t\t\t\t\tNom de famille\t\t\t\t\t\t\t<\/label>\n\t\t\t\t\t\t\t\t\t\t\t\t\t\t<input size=\"1\" type=\"text\" name=\"form_fields[lastname]\" id=\"form-field-lastname\" class=\"elementor-field elementor-size-sm  elementor-field-textual\" placeholder=\"Nom de famille\" required=\"required\">\n\t\t\t\t\t\t\t\t\t\t\t<\/div>\n\t\t\t\t\t\t\t\t<div class=\"elementor-field-type-email elementor-field-group elementor-column elementor-field-group-email elementor-col-100 elementor-field-required\">\n\t\t\t\t\t\t\t\t\t\t\t\t<label for=\"form-field-email\" class=\"elementor-field-label\">\n\t\t\t\t\t\t\t\tAdresse e-mail\t\t\t\t\t\t\t<\/label>\n\t\t\t\t\t\t\t\t\t\t\t\t\t\t<input size=\"1\" type=\"email\" name=\"form_fields[email]\" id=\"form-field-email\" class=\"elementor-field elementor-size-sm  elementor-field-textual\" placeholder=\"Adresse e-mail\" required=\"required\">\n\t\t\t\t\t\t\t\t\t\t\t<\/div>\n\t\t\t\t\t\t\t\t<div class=\"elementor-field-group elementor-column elementor-field-type-submit elementor-col-50 e-form__buttons\">\n\t\t\t\t\t<button class=\"elementor-button elementor-size-sm\" type=\"submit\" id=\"leading_edge_download\">\n\t\t\t\t\t\t<span class=\"elementor-button-content-wrapper\">\n\t\t\t\t\t\t\t\t\t\t\t\t\t\t\t\t\t\t\t\t\t\t<span class=\"elementor-button-text\">T\u00e9l\u00e9charger le PDF<\/span>\n\t\t\t\t\t\t\t\t\t\t\t\t\t<\/span>\n\t\t\t\t\t<\/button>\n\t\t\t\t<\/div>\n\t\t\t<\/div>\n\t\t<\/form>\n\t\t\t\t\t\t<\/div>\n\t\t\t\t<\/div>\n\t\t\t\t<div class=\"elementor-element elementor-element-674a43d elementor-widget elementor-widget-text-editor\" data-id=\"674a43d\" data-element_type=\"widget\" data-widget_type=\"text-editor.default\">\n\t\t\t\t<div class=\"elementor-widget-container\">\n\t\t\t\t\t\t\t\t\t<p>*En soumettant ce formulaire, vous acceptez le <span style=\"text-decoration: underline;\"><a href=\"https:\/\/liquidtool.com\/fr\/conditions-generales\/\" target=\"_blank\" rel=\"noopener\">contrat d&rsquo;utilisation du site Web et des services<\/a><\/span> de Liquidtool et prenez connaissance de la <a href=\"https:\/\/liquidtool.com\/fr\/politique-de-protection-des-donnees-personelles\/\" target=\"_blank\" rel=\"noopener\"><span style=\"text-decoration: underline;\">politique de confidentialit\u00e9<\/span><\/a> de Liquidtool.<\/p>\n\t\t\t\t\t\t\t\t<\/div>\n\t\t\t\t<\/div>\n\t\t\t\t\t<\/div>\n\t\t\t\t<\/div>\n\t\t\t\t<\/div>\n\t\t<div class=\"elementor-element elementor-element-7a3632d e-con-full e-flex e-con e-child\" data-id=\"7a3632d\" data-element_type=\"container\">\n\t\t<div class=\"elementor-element elementor-element-9416dcf e-flex e-con-boxed e-con e-child\" data-id=\"9416dcf\" data-element_type=\"container\">\n\t\t\t\t\t<div class=\"e-con-inner\">\n\t\t\t\t<div class=\"elementor-element elementor-element-5bd2f57 elementor-widget elementor-widget-image\" data-id=\"5bd2f57\" data-element_type=\"widget\" data-widget_type=\"image.default\">\n\t\t\t\t<div class=\"elementor-widget-container\">\n\t\t\t\t\t\t\t\t\t\t\t\t\t\t\t<img decoding=\"async\" width=\"212\" height=\"300\" src=\"https:\/\/liquidtool.com\/wp-content\/uploads\/2024\/02\/Leading_Edge_Thumbnail-212x300.jpg\" class=\"attachment-medium size-medium wp-image-34269\" alt=\"\" srcset=\"https:\/\/liquidtool.com\/wp-content\/uploads\/2024\/02\/Leading_Edge_Thumbnail-212x300.jpg 212w, https:\/\/liquidtool.com\/wp-content\/uploads\/2024\/02\/Leading_Edge_Thumbnail-724x1024.jpg 724w, https:\/\/liquidtool.com\/wp-content\/uploads\/2024\/02\/Leading_Edge_Thumbnail.jpg 764w\" sizes=\"(max-width: 212px) 100vw, 212px\" title=\"\">\t\t\t\t\t\t\t\t\t\t\t\t\t\t\t<\/div>\n\t\t\t\t<\/div>\n\t\t\t\t\t<\/div>\n\t\t\t\t<\/div>\n\t\t\t\t<\/div>\n\t\t\t\t\t<\/div>\n\t\t\t\t<\/div>\n\t\t\t\t\t<\/div>\n\t\t<\/div>\n\t\t\t\t\t<\/div>\n\t\t<\/section>\n\t\t\t\t<\/div>\n\t\t","protected":false},"excerpt":{"rendered":"<p>De l&rsquo;industrie 1.0 \u00e0 l&rsquo;industrie 4.0 et au-del\u00e0 Lorsque les composants peuvent communiquer de mani\u00e8re autonome avec l\u2019usine de production, organisant eux-m\u00eames les r\u00e9parations si n\u00e9cessaire \u2013 lorsque les personnes, les machines et le processus industriel sont intelligemment mis en r\u00e9seau, on parle d\u2019industrie 4.0. Mais comment en sommes-nous arriv\u00e9s l\u00e0 et que nous r\u00e9serve [&hellip;]<\/p>\n","protected":false},"author":1,"featured_media":0,"parent":11581,"menu_order":5,"comment_status":"closed","ping_status":"closed","template":"","meta":{"content-type":"","footnotes":""},"class_list":["post-11612","page","type-page","status-publish","hentry"],"_links":{"self":[{"href":"https:\/\/liquidtool.com\/fr\/wp-json\/wp\/v2\/pages\/11612","targetHints":{"allow":["GET"]}}],"collection":[{"href":"https:\/\/liquidtool.com\/fr\/wp-json\/wp\/v2\/pages"}],"about":[{"href":"https:\/\/liquidtool.com\/fr\/wp-json\/wp\/v2\/types\/page"}],"author":[{"embeddable":true,"href":"https:\/\/liquidtool.com\/fr\/wp-json\/wp\/v2\/users\/1"}],"replies":[{"embeddable":true,"href":"https:\/\/liquidtool.com\/fr\/wp-json\/wp\/v2\/comments?post=11612"}],"version-history":[{"count":10,"href":"https:\/\/liquidtool.com\/fr\/wp-json\/wp\/v2\/pages\/11612\/revisions"}],"predecessor-version":[{"id":36972,"href":"https:\/\/liquidtool.com\/fr\/wp-json\/wp\/v2\/pages\/11612\/revisions\/36972"}],"up":[{"embeddable":true,"href":"https:\/\/liquidtool.com\/fr\/wp-json\/wp\/v2\/pages\/11581"}],"wp:attachment":[{"href":"https:\/\/liquidtool.com\/fr\/wp-json\/wp\/v2\/media?parent=11612"}],"curies":[{"name":"wp","href":"https:\/\/api.w.org\/{rel}","templated":true}]}}