{"id":11608,"date":"2021-03-10T15:41:11","date_gmt":"2021-03-10T14:41:11","guid":{"rendered":"http:\/\/liquidtool.com\/liquidpedia\/securite\/"},"modified":"2023-06-01T11:36:07","modified_gmt":"2023-06-01T09:36:07","slug":"securite","status":"publish","type":"page","link":"https:\/\/liquidtool.com\/fr\/liquidpedia\/securite\/","title":{"rendered":"S\u00e9curit\u00e9"},"content":{"rendered":"\t\t<div data-elementor-type=\"wp-page\" data-elementor-id=\"11608\" class=\"elementor elementor-11608 elementor-5361\" data-elementor-post-type=\"page\">\n\t\t\t\t\t\t<section class=\"elementor-section elementor-top-section elementor-element elementor-element-407cb4a lt-section elementor-section-boxed elementor-section-height-default elementor-section-height-default\" data-id=\"407cb4a\" data-element_type=\"section\" id=\"team\">\n\t\t\t\t\t\t<div class=\"elementor-container elementor-column-gap-default\">\n\t\t\t\t\t<div class=\"elementor-column elementor-col-100 elementor-top-column elementor-element elementor-element-dc0c7dc bg-news\" data-id=\"dc0c7dc\" data-element_type=\"column\" data-settings=\"{&quot;background_background&quot;:&quot;classic&quot;}\">\n\t\t\t<div class=\"elementor-widget-wrap elementor-element-populated\">\n\t\t\t\t\t\t<div class=\"elementor-element elementor-element-057323e lt-breadcrumb elementor-widget elementor-widget-shortcode\" data-id=\"057323e\" data-element_type=\"widget\" data-widget_type=\"shortcode.default\">\n\t\t\t\t<div class=\"elementor-widget-container\">\n\t\t\t\t\t\t\t<div class=\"elementor-shortcode\"><nav aria-label=\"breadcrumbs\" class=\"rank-math-breadcrumb\"><p><span class=\"last\">Home<\/span><\/p><\/nav><\/div>\n\t\t\t\t\t\t<\/div>\n\t\t\t\t<\/div>\n\t\t\t\t<div class=\"elementor-element elementor-element-00c9cb8 elementor-widget elementor-widget-heading\" data-id=\"00c9cb8\" data-element_type=\"widget\" data-widget_type=\"heading.default\">\n\t\t\t\t<div class=\"elementor-widget-container\">\n\t\t\t\t\t<h1 class=\"elementor-heading-title elementor-size-xl\">S\u00e9curit\u00e9 maximale des donn\u00e9es pour vos valeurs mesur\u00e9es<\/h1>\t\t\t\t<\/div>\n\t\t\t\t<\/div>\n\t\t\t\t<div class=\"elementor-element elementor-element-3704905 has-scroll-effect elementor-widget elementor-widget-image\" data-id=\"3704905\" data-element_type=\"widget\" data-settings=\"{&quot;motion_fx_motion_fx_scrolling&quot;:&quot;yes&quot;,&quot;motion_fx_translateY_effect&quot;:&quot;yes&quot;,&quot;motion_fx_translateY_speed&quot;:{&quot;unit&quot;:&quot;px&quot;,&quot;size&quot;:1,&quot;sizes&quot;:[]},&quot;motion_fx_translateY_affectedRange&quot;:{&quot;unit&quot;:&quot;%&quot;,&quot;size&quot;:&quot;&quot;,&quot;sizes&quot;:{&quot;start&quot;:0,&quot;end&quot;:100}},&quot;motion_fx_devices&quot;:[&quot;desktop&quot;,&quot;tablet&quot;,&quot;mobile&quot;]}\" data-widget_type=\"image.default\">\n\t\t\t\t<div class=\"elementor-widget-container\">\n\t\t\t\t\t\t\t\t\t\t\t\t\t\t\t<img fetchpriority=\"high\" decoding=\"async\" width=\"800\" height=\"533\" src=\"https:\/\/liquidtool.com\/wp-content\/uploads\/2020\/11\/safe-data-transfer-1024x682.jpg\" class=\"attachment-large size-large wp-image-7829\" alt=\"un verrou sur un smartphone repr\u00e9sentant un transfert de donn\u00e9es s\u00e9curis\u00e9\" srcset=\"https:\/\/liquidtool.com\/wp-content\/uploads\/2020\/11\/safe-data-transfer-1024x682.jpg 1024w, https:\/\/liquidtool.com\/wp-content\/uploads\/2020\/11\/safe-data-transfer-300x200.jpg 300w, https:\/\/liquidtool.com\/wp-content\/uploads\/2020\/11\/safe-data-transfer-768x512.jpg 768w, https:\/\/liquidtool.com\/wp-content\/uploads\/2020\/11\/safe-data-transfer-1536x1023.jpg 1536w, https:\/\/liquidtool.com\/wp-content\/uploads\/2020\/11\/safe-data-transfer.jpg 1600w\" sizes=\"(max-width: 800px) 100vw, 800px\" title=\"\">\t\t\t\t\t\t\t\t\t\t\t\t\t\t\t<\/div>\n\t\t\t\t<\/div>\n\t\t\t\t<div class=\"elementor-element elementor-element-ca58106 elementor-widget elementor-widget-heading\" data-id=\"ca58106\" data-element_type=\"widget\" data-widget_type=\"heading.default\">\n\t\t\t\t<div class=\"elementor-widget-container\">\n\t\t\t\t\t<h2 class=\"elementor-heading-title elementor-size-medium\">Principales caract\u00e9ristiques de la s\u00e9curit\u00e9 des donn\u00e9es LIQUIDTOOL<\/h2>\t\t\t\t<\/div>\n\t\t\t\t<\/div>\n\t\t\t\t<div class=\"elementor-element elementor-element-3d9d448 elementor-widget elementor-widget-text-editor\" data-id=\"3d9d448\" data-element_type=\"widget\" data-widget_type=\"text-editor.default\">\n\t\t\t\t<div class=\"elementor-widget-container\">\n\t\t\t\t\t\t\t\t\t<ul>\n<li><strong>Puce TPM<\/strong> (Trusted Platform Module) int\u00e9gr\u00e9e pour \u00e9tablir une <strong>infrastructure \u00e0 cl\u00e9 publique<\/strong> (PKI) avec des cl\u00e9s priv\u00e9es et publiques pour le cryptage asym\u00e9trique de toutes les donn\u00e9es<\/li>\n<li>la <strong>protection contre l&rsquo;usurpation d&rsquo;identit\u00e9<\/strong>, c&rsquo;est-\u00e0-dire contre les attaquants qui semblent initialement dignes de confiance, en excluant les dispositifs externes de la plateforme<\/li>\n<li>Possibilit\u00e9 de <strong>suivre<\/strong> l&rsquo;origine, l&rsquo;authenticit\u00e9 et l&rsquo;int\u00e9grit\u00e9 de <strong>toutes les donn\u00e9es<\/strong><\/li>\n<li>Le <strong>serveur d&rsquo;authentification bas\u00e9 sur Keycloak<\/strong> ne permet l&rsquo;acc\u00e8s aux donn\u00e9es de mesure qu&rsquo;aux personnes et syst\u00e8mes authentifi\u00e9s du compte client<\/li>\n<li><strong>Cryptage sym\u00e9trique<\/strong> de toutes les donn\u00e9es \u00e0 l&rsquo;aide du <strong>protocole commun HTTPS<\/strong> (HTTP sur TCP\/IP avec TLS) pour la protection contre les attaques par reniflage et les attaques de type \u00ab\u00a0man-in-the-middle\u00a0\u00bb.<\/li>\n<li><strong>Num\u00e9rotation cons\u00e9cutive<\/strong> de toutes les valeurs mesur\u00e9es, de sorte que les donn\u00e9es ne peuvent pas \u00eatre effac\u00e9es sans qu&rsquo;on le remarque<\/li>\n<\/ul>\n\t\t\t\t\t\t\t\t<\/div>\n\t\t\t\t<\/div>\n\t\t\t\t<div class=\"elementor-element elementor-element-3219d2a elementor-widget elementor-widget-heading\" data-id=\"3219d2a\" data-element_type=\"widget\" data-widget_type=\"heading.default\">\n\t\t\t\t<div class=\"elementor-widget-container\">\n\t\t\t\t\t<h2 class=\"elementor-heading-title elementor-size-medium\">Une s\u00e9curit\u00e9 maximale pour vos donn\u00e9es <\/h2>\t\t\t\t<\/div>\n\t\t\t\t<\/div>\n\t\t\t\t<div class=\"elementor-element elementor-element-0d3d529 elementor-widget elementor-widget-text-editor\" data-id=\"0d3d529\" data-element_type=\"widget\" data-widget_type=\"text-editor.default\">\n\t\t\t\t<div class=\"elementor-widget-container\">\n\t\t\t\t\t\t\t\t\t<p>Le LIQUIDTOOL Manager permet d&rsquo;acc\u00e9der \u00e0 vos donn\u00e9es de mesure de n&rsquo;importe o\u00f9 et \u00e0 tout moment. La protection de vos donn\u00e9es mesur\u00e9es est d&rsquo;une importance capitale pour nous. C&rsquo;est pourquoi le Liquidtool Manager et le Sensor disposent de divers \u00e9l\u00e9ments techniques qui <strong>garantissent un cryptage maximal et une protection<\/strong> contre les acc\u00e8s non autoris\u00e9s:<\/p>\n<ul>\n<li>Puce TPM dans le Sensor pour \u00e9tablir une infrastructure \u00e0 cl\u00e9 publique pour le cryptage asym\u00e9trique<\/li>\n<li>Traitement de toutes les demandes de connexion via un serveur d&rsquo;authentification avec keycloak<\/li>\n<li>Cryptage HTTPS de toutes les donn\u00e9es entrantes et sortantes.<\/li>\n<li>Num\u00e9rotation cons\u00e9cutive de toutes les valeurs mesur\u00e9es enregistr\u00e9es par le Sensor Liquidtool<\/li>\n<li>Stockage s\u00e9curis\u00e9 des donn\u00e9es en Europe occidentale (<a href=\"https:\/\/docs.microsoft.com\/fr-fr\/compliance\/assurance\/assurance-datacenter-security\" target=\"_blank\" rel=\"noopener\"><u>Microsoft Azure<\/u><\/a>)<\/li>\n<\/ul>\n\t\t\t\t\t\t\t\t<\/div>\n\t\t\t\t<\/div>\n\t\t\t\t<div class=\"elementor-element elementor-element-f214f8b elementor-widget elementor-widget-heading\" data-id=\"f214f8b\" data-element_type=\"widget\" data-widget_type=\"heading.default\">\n\t\t\t\t<div class=\"elementor-widget-container\">\n\t\t\t\t\t<h2 class=\"elementor-heading-title elementor-size-medium\">Une puce TPM dans chaque appareil<\/h2>\t\t\t\t<\/div>\n\t\t\t\t<\/div>\n\t\t\t\t<div class=\"elementor-element elementor-element-928c660 elementor-widget elementor-widget-text-editor\" data-id=\"928c660\" data-element_type=\"widget\" data-widget_type=\"text-editor.default\">\n\t\t\t\t<div class=\"elementor-widget-container\">\n\t\t\t\t\t\t\t\t\t<p>La s\u00e9curit\u00e9 des donn\u00e9es est d&rsquo;une importance capitale pour nous. C&rsquo;est pourquoi tous les appareils Liquidtool sont \u00e9quip\u00e9s d&rsquo;une puce TPM (Trusted Platform Module). Cette puce permet de mettre en place une infrastructure \u00e0 cl\u00e9 publique (PKI) et de <strong>garantir ainsi un haut niveau de s\u00e9curit\u00e9<\/strong>.<\/p>\n<p>La puce TPM g\u00e9n\u00e8re sa propre paire de cl\u00e9s pour chaque appareil, compos\u00e9e d&rsquo;une cl\u00e9 publique et d&rsquo;une cl\u00e9 priv\u00e9e pour le <strong>cryptage asym\u00e9trique<\/strong>. Les donn\u00e9es crypt\u00e9es avec la cl\u00e9 publique stock\u00e9e dans le Liquidtool Manager ne peuvent \u00eatre d\u00e9crypt\u00e9es qu&rsquo;avec la cl\u00e9 priv\u00e9e stock\u00e9e directement dans le Sensor.<\/p>\n<p>M\u00eame si le Sensor envoie des donn\u00e9es au Manager, celles-ci sont sign\u00e9es de telle sorte qu&rsquo;elles ne peuvent \u00eatre d\u00e9chiffr\u00e9es qu&rsquo;avec la cl\u00e9 publique stock\u00e9e dans le Manager. Cela nous permet de garantir que <strong>vos donn\u00e9es ne peuvent pas \u00eatre manipul\u00e9es<\/strong> et que l&rsquo;origine et l&rsquo;authenticit\u00e9 de vos donn\u00e9es peuvent \u00eatre <strong>retrac\u00e9es \u00e0 tout moment<\/strong>.<\/p>\n<p>L&rsquo;ICP vous prot\u00e8ge \u00e9galement des attaques par usurpation d&rsquo;identit\u00e9, c&rsquo;est-\u00e0-dire des attaquants qui se font passer pour des utilisateurs dignes de confiance : Votre gestionnaire Liquidtool n&rsquo;acceptera que les donn\u00e9es qui sont li\u00e9es \u00e0 la cl\u00e9 publique stock\u00e9e dans le gestionnaire.<\/p>\n\t\t\t\t\t\t\t\t<\/div>\n\t\t\t\t<\/div>\n\t\t\t\t<div class=\"elementor-element elementor-element-3200080 elementor-widget elementor-widget-heading\" data-id=\"3200080\" data-element_type=\"widget\" data-widget_type=\"heading.default\">\n\t\t\t\t<div class=\"elementor-widget-container\">\n\t\t\t\t\t<h2 class=\"elementor-heading-title elementor-size-medium\">Serveur d'authentification bas\u00e9 sur Keycloak pour v\u00e9rifier tous les acc\u00e8s<\/h2>\t\t\t\t<\/div>\n\t\t\t\t<\/div>\n\t\t\t\t<div class=\"elementor-element elementor-element-a1d9d5a elementor-widget elementor-widget-text-editor\" data-id=\"a1d9d5a\" data-element_type=\"widget\" data-widget_type=\"text-editor.default\">\n\t\t\t\t<div class=\"elementor-widget-container\">\n\t\t\t\t\t\t\t\t\t<p>Le Liquidtool Manager est la pi\u00e8ce ma\u00eetresse de l&rsquo;environnement Liquidtool. En effet, vos valeurs mesur\u00e9es ne sont pas les seules \u00e0 \u00eatre enregistr\u00e9es automatiquement sur la plateforme.<\/p>\n<p>Le <strong>syst\u00e8me de ticketing<\/strong>, qui vous permet par exemple de saisir des messages d&rsquo;erreur, fonctionne \u00e9galement sur la plateforme. Ce syst\u00e8me de ticketing sert \u00e0 g\u00e9rer efficacement la r\u00e9ception, la confirmation, la classification et le traitement des demandes des clients en cr\u00e9ant un \u00ab\u00a0ticket\u00a0\u00bb pour chacune de vos questions, qui est transmis directement \u00e0 nos experts.<\/p>\n<p>Tous ces tickets passent par notre serveur d&rsquo;authentification \u00e9quip\u00e9 de Keycloak, qui v\u00e9rifie ensuite que les utilisateurs et les syst\u00e8mes disposent des<strong> autorisations appropri\u00e9es pour acc\u00e9der<\/strong> au Manager.<\/p>\n<p>Keycloak cr\u00e9e des identit\u00e9s s\u00e9curis\u00e9es pour tous les utilisateurs, les stocke en toute s\u00e9curit\u00e9 et permet aux utilisateurs identifi\u00e9s d&rsquo;acc\u00e9der \u00e0 la plateforme par un processus d&rsquo;authentification unique (<strong>single sign-on<\/strong>). Toutes les valeurs mesur\u00e9es stock\u00e9es ne sont donc visibles que par les utilisateurs et Liquidtool li\u00e9s au compte client. <strong>Elles ne peuvent pas \u00eatre consult\u00e9es par des tiers<\/strong>.<\/p>\n\t\t\t\t\t\t\t\t<\/div>\n\t\t\t\t<\/div>\n\t\t\t\t<div class=\"elementor-element elementor-element-346f149 elementor-widget elementor-widget-heading\" data-id=\"346f149\" data-element_type=\"widget\" data-widget_type=\"heading.default\">\n\t\t\t\t<div class=\"elementor-widget-container\">\n\t\t\t\t\t<h2 class=\"elementor-heading-title elementor-size-medium\">Cryptage de toutes les donn\u00e9es entrantes<\/h2>\t\t\t\t<\/div>\n\t\t\t\t<\/div>\n\t\t\t\t<div class=\"elementor-element elementor-element-e417e35 elementor-widget elementor-widget-text-editor\" data-id=\"e417e35\" data-element_type=\"widget\" data-widget_type=\"text-editor.default\">\n\t\t\t\t<div class=\"elementor-widget-container\">\n\t\t\t\t\t\t\t\t\t<p>Qu&rsquo;il s&rsquo;agisse de donn\u00e9es utilisateur, d&rsquo;appels API provenant de syst\u00e8mes externes ou de donn\u00e9es de mesure collect\u00e9es automatiquement par votre Sensor, toutes les donn\u00e9es re\u00e7ues par le Manager sont <strong>crypt\u00e9es<\/strong> \u00e0 l&rsquo;aide du protocole HTTPS commun (http via TCP\/IP avec TLS). Cela nous permet de prot\u00e9ger vos donn\u00e9es contre les attaques par reniflage et les attaques de type \u00ab\u00a0man-in-the-middle\u00a0\u00bb, par exemple.<\/p>\n<p>Dans les <strong>attaques par reniflage<\/strong>, les attaquants \u00e9coutent le trafic de donn\u00e9es dans un r\u00e9seau. Dans les <strong>attaques de type \u00ab\u00a0man-in-the-middle\u00a0\u00bb<\/strong>, l&rsquo;attaquant passe entre les ordinateurs qui communiquent entre eux et peut intercepter, visualiser ou manipuler les donn\u00e9es \u00e0 volont\u00e9.<\/p>\n<p>Le <strong>cryptage sym\u00e9trique<\/strong> des donn\u00e9es \u00e9chang\u00e9es offre une protection contre ces attaques et d&rsquo;autres du m\u00eame type. Cela signifie que le serveur sur lequel les donn\u00e9es sont re\u00e7ues v\u00e9rifie d&rsquo;abord le certificat du serveur d&rsquo;o\u00f9 les donn\u00e9es sont envoy\u00e9es et ne l&rsquo;accepte que s&rsquo;il est conforme aux normes de validit\u00e9 et de fiabilit\u00e9 d\u00e9finies.<\/p>\n\t\t\t\t\t\t\t\t<\/div>\n\t\t\t\t<\/div>\n\t\t\t\t<div class=\"elementor-element elementor-element-08b1d72 elementor-widget elementor-widget-heading\" data-id=\"08b1d72\" data-element_type=\"widget\" data-widget_type=\"heading.default\">\n\t\t\t\t<div class=\"elementor-widget-container\">\n\t\t\t\t\t<h2 class=\"elementor-heading-title elementor-size-medium\">La num\u00e9rotation cons\u00e9cutive garantit la tra\u00e7abilit\u00e9 de toutes les valeurs mesur\u00e9es<\/h2>\t\t\t\t<\/div>\n\t\t\t\t<\/div>\n\t\t\t\t<div class=\"elementor-element elementor-element-79f9d0a elementor-widget elementor-widget-text-editor\" data-id=\"79f9d0a\" data-element_type=\"widget\" data-widget_type=\"text-editor.default\">\n\t\t\t\t<div class=\"elementor-widget-container\">\n\t\t\t\t\t\t\t\t\t<p>Toutes les valeurs mesur\u00e9es collect\u00e9es par le Sensor Liquidtool et envoy\u00e9es au Manager se voient attribuer un <strong>num\u00e9ro cons\u00e9cutif<\/strong> et un <strong>horodatage<\/strong> et sont enregistr\u00e9es dans le Manager. C&rsquo;est ainsi que nous garantissons qu&rsquo;aucune donn\u00e9e n&rsquo;est accidentellement effac\u00e9e ou perdue.<\/p>\n\t\t\t\t\t\t\t\t<\/div>\n\t\t\t\t<\/div>\n\t\t\t\t\t<\/div>\n\t\t<\/div>\n\t\t\t\t\t<\/div>\n\t\t<\/section>\n\t\t\t\t<\/div>\n\t\t","protected":false},"excerpt":{"rendered":"<p>S\u00e9curit\u00e9 maximale des donn\u00e9es pour vos valeurs mesur\u00e9es Principales caract\u00e9ristiques de la s\u00e9curit\u00e9 des donn\u00e9es LIQUIDTOOL Puce TPM (Trusted Platform Module) int\u00e9gr\u00e9e pour \u00e9tablir une infrastructure \u00e0 cl\u00e9 publique (PKI) avec des cl\u00e9s priv\u00e9es et publiques pour le cryptage asym\u00e9trique de toutes les donn\u00e9es la protection contre l&rsquo;usurpation d&rsquo;identit\u00e9, c&rsquo;est-\u00e0-dire contre les attaquants qui semblent [&hellip;]<\/p>\n","protected":false},"author":1,"featured_media":0,"parent":11581,"menu_order":4,"comment_status":"closed","ping_status":"closed","template":"","meta":{"content-type":"","footnotes":""},"class_list":["post-11608","page","type-page","status-publish","hentry"],"_links":{"self":[{"href":"https:\/\/liquidtool.com\/fr\/wp-json\/wp\/v2\/pages\/11608","targetHints":{"allow":["GET"]}}],"collection":[{"href":"https:\/\/liquidtool.com\/fr\/wp-json\/wp\/v2\/pages"}],"about":[{"href":"https:\/\/liquidtool.com\/fr\/wp-json\/wp\/v2\/types\/page"}],"author":[{"embeddable":true,"href":"https:\/\/liquidtool.com\/fr\/wp-json\/wp\/v2\/users\/1"}],"replies":[{"embeddable":true,"href":"https:\/\/liquidtool.com\/fr\/wp-json\/wp\/v2\/comments?post=11608"}],"version-history":[{"count":14,"href":"https:\/\/liquidtool.com\/fr\/wp-json\/wp\/v2\/pages\/11608\/revisions"}],"predecessor-version":[{"id":24227,"href":"https:\/\/liquidtool.com\/fr\/wp-json\/wp\/v2\/pages\/11608\/revisions\/24227"}],"up":[{"embeddable":true,"href":"https:\/\/liquidtool.com\/fr\/wp-json\/wp\/v2\/pages\/11581"}],"wp:attachment":[{"href":"https:\/\/liquidtool.com\/fr\/wp-json\/wp\/v2\/media?parent=11608"}],"curies":[{"name":"wp","href":"https:\/\/api.w.org\/{rel}","templated":true}]}}