{"id":11606,"date":"2021-03-10T13:41:46","date_gmt":"2021-03-10T12:41:46","guid":{"rendered":"http:\/\/liquidtool.com\/liquidpedia\/surveillance-du-lubrifiant-refrigerant\/"},"modified":"2023-06-01T11:33:58","modified_gmt":"2023-06-01T09:33:58","slug":"surveillance-du-lubrifiant-refrigerant","status":"publish","type":"page","link":"https:\/\/liquidtool.com\/fr\/liquidpedia\/surveillance-du-lubrifiant-refrigerant\/","title":{"rendered":"Surveillance du lubrifiant r\u00e9frig\u00e9rant"},"content":{"rendered":"\t\t<div data-elementor-type=\"wp-page\" data-elementor-id=\"11606\" class=\"elementor elementor-11606 elementor-5303\" data-elementor-post-type=\"page\">\n\t\t\t\t\t\t<section class=\"elementor-section elementor-top-section elementor-element elementor-element-407cb4a lt-section elementor-section-boxed elementor-section-height-default elementor-section-height-default\" data-id=\"407cb4a\" data-element_type=\"section\" id=\"team\">\n\t\t\t\t\t\t<div class=\"elementor-container elementor-column-gap-default\">\n\t\t\t\t\t<div class=\"elementor-column elementor-col-100 elementor-top-column elementor-element elementor-element-dc0c7dc bg-news\" data-id=\"dc0c7dc\" data-element_type=\"column\" data-settings=\"{&quot;background_background&quot;:&quot;classic&quot;}\">\n\t\t\t<div class=\"elementor-widget-wrap elementor-element-populated\">\n\t\t\t\t\t\t<div class=\"elementor-element elementor-element-057323e lt-breadcrumb elementor-widget elementor-widget-shortcode\" data-id=\"057323e\" data-element_type=\"widget\" data-widget_type=\"shortcode.default\">\n\t\t\t\t<div class=\"elementor-widget-container\">\n\t\t\t\t\t\t\t<div class=\"elementor-shortcode\"><nav aria-label=\"breadcrumbs\" class=\"rank-math-breadcrumb\"><p><span class=\"last\">Home<\/span><\/p><\/nav><\/div>\n\t\t\t\t\t\t<\/div>\n\t\t\t\t<\/div>\n\t\t\t\t<div class=\"elementor-element elementor-element-00c9cb8 elementor-widget elementor-widget-heading\" data-id=\"00c9cb8\" data-element_type=\"widget\" data-widget_type=\"heading.default\">\n\t\t\t\t<div class=\"elementor-widget-container\">\n\t\t\t\t\t<h1 class=\"elementor-heading-title elementor-size-xl\">Plus de s\u00e9curit\u00e9 gr\u00e2ce au contr\u00f4le r\u00e9gulier du lubrifiant r\u00e9frig\u00e9rant <\/h1>\t\t\t\t<\/div>\n\t\t\t\t<\/div>\n\t\t\t\t<div class=\"elementor-element elementor-element-3704905 has-scroll-effect elementor-widget elementor-widget-image\" data-id=\"3704905\" data-element_type=\"widget\" data-settings=\"{&quot;motion_fx_motion_fx_scrolling&quot;:&quot;yes&quot;,&quot;motion_fx_translateY_effect&quot;:&quot;yes&quot;,&quot;motion_fx_translateY_speed&quot;:{&quot;unit&quot;:&quot;px&quot;,&quot;size&quot;:1,&quot;sizes&quot;:[]},&quot;motion_fx_translateY_affectedRange&quot;:{&quot;unit&quot;:&quot;%&quot;,&quot;size&quot;:&quot;&quot;,&quot;sizes&quot;:{&quot;start&quot;:0,&quot;end&quot;:100}},&quot;motion_fx_devices&quot;:[&quot;desktop&quot;,&quot;tablet&quot;,&quot;mobile&quot;]}\" data-widget_type=\"image.default\">\n\t\t\t\t<div class=\"elementor-widget-container\">\n\t\t\t\t\t\t\t\t\t\t\t\t\t\t\t<img fetchpriority=\"high\" decoding=\"async\" width=\"800\" height=\"533\" src=\"https:\/\/liquidtool.com\/wp-content\/uploads\/2021\/03\/liquidpedia_coolant-monitoring-1024x682.jpg\" class=\"attachment-large size-large wp-image-7378\" alt=\"machine de coupe de m\u00e9taux utilisant un lubrifiant r\u00e9frig\u00e9rant pour le contr\u00f4le du lubrifiant r\u00e9frig\u00e9rant\" srcset=\"https:\/\/liquidtool.com\/wp-content\/uploads\/2021\/03\/liquidpedia_coolant-monitoring-1024x682.jpg 1024w, https:\/\/liquidtool.com\/wp-content\/uploads\/2021\/03\/liquidpedia_coolant-monitoring-300x200.jpg 300w, https:\/\/liquidtool.com\/wp-content\/uploads\/2021\/03\/liquidpedia_coolant-monitoring-768x512.jpg 768w, https:\/\/liquidtool.com\/wp-content\/uploads\/2021\/03\/liquidpedia_coolant-monitoring-1536x1023.jpg 1536w, https:\/\/liquidtool.com\/wp-content\/uploads\/2021\/03\/liquidpedia_coolant-monitoring.jpg 1600w\" sizes=\"(max-width: 800px) 100vw, 800px\" title=\"\">\t\t\t\t\t\t\t\t\t\t\t\t\t\t\t<\/div>\n\t\t\t\t<\/div>\n\t\t\t\t<div class=\"elementor-element elementor-element-587a823 elementor-widget elementor-widget-heading\" data-id=\"587a823\" data-element_type=\"widget\" data-widget_type=\"heading.default\">\n\t\t\t\t<div class=\"elementor-widget-container\">\n\t\t\t\t\t<h2 class=\"elementor-heading-title elementor-size-medium\">Prolonger la dur\u00e9e de vie de vos machines<\/h2>\t\t\t\t<\/div>\n\t\t\t\t<\/div>\n\t\t\t\t<div class=\"elementor-element elementor-element-3d9d448 elementor-widget elementor-widget-text-editor\" data-id=\"3d9d448\" data-element_type=\"widget\" data-widget_type=\"text-editor.default\">\n\t\t\t\t<div class=\"elementor-widget-container\">\n\t\t\t\t\t\t\t\t\t<p>Un liquide de refroidissement propre et stable est essentiel pour que les machines fonctionnent <strong>efficacement<\/strong> et que les pi\u00e8ces \u00e0 usiner soient fabriqu\u00e9es avec une <strong>grande qualit\u00e9<\/strong>. Cependant, la propret\u00e9 des lubrifiants r\u00e9frig\u00e9rants peut rapidement \u00eatre compromise &#8211; par exemple en raison d&rsquo;une contamination par des copeaux m\u00e9talliques, des bact\u00e9ries ou des particules \u00e9trang\u00e8res.<\/p>\n<p>Un <strong>liquide de refroidissement contamin\u00e9<\/strong> n&rsquo;entra\u00eene pas seulement une perte de qualit\u00e9, mais peut m\u00eame provoquer l&rsquo;arr\u00eat complet de vos machines et des irritations cutan\u00e9es chez vos employ\u00e9s. C&rsquo;est pourquoi il est aussi important de contr\u00f4ler r\u00e9guli\u00e8rement et soigneusement le lubrifiant r\u00e9frig\u00e9rant.<\/p>\n<p>La surveillance des valeurs les plus importantes avec le Sensor LIQUIDTOOL, ainsi que la saisie et l&rsquo;\u00e9valuation des donn\u00e9es \u00e0 l&rsquo;aide du LIQUIDTOOL Manager bas\u00e9 sur le cloud, offrent les <strong>avantages suivants<\/strong>:<\/p>\n<ul>\n<li>R\u00e9duction des co\u00fbts de concentration et d&rsquo;\u00e9limination gr\u00e2ce \u00e0 la <strong>dur\u00e9e de vie plus longue<\/strong> du lubrifiant r\u00e9frig\u00e9rant<\/li>\n<li>Des temps d&rsquo;arr\u00eat machine <strong>plus courts<\/strong><\/li>\n<li><strong>Am\u00e9lioration des conditions de travail<\/strong> des op\u00e9rateurs de machines gr\u00e2ce \u00e0 une concentration plus constante<\/li>\n<li>Une plus grande <strong>s\u00e9curit\u00e9 des processus<\/strong> pour une productivit\u00e9 accrue<\/li>\n<li><strong>Documentation s\u00e9curis\u00e9e<\/strong> de bout en bout de toutes les valeurs mesur\u00e9es<\/li>\n<\/ul>\n<p>Voir \u00ab\u00a0<a href=\"\/fr\/liquidpedia\/valeurs-mesurees\/\"><u>Les valeurs mesur\u00e9es les plus importantes\u00a0\u00bb<\/u><\/a> pour en savoir plus sur les valeurs qui fournissent des informations sur l&rsquo;\u00e9tat de votre lubrifiant r\u00e9frig\u00e9rant.<\/p>\n<p>Faites connaissance avec la solution <a href=\"\/fr\/produits\/\"><u>Smart Coolant Management<\/u><\/a> de Liquidtool et d\u00e9couvrez comment vous pouvez surveiller automatiquement votre lubrifiant r\u00e9frig\u00e9rant et acc\u00e9der \u00e0 vos donn\u00e9es de mesure de n&rsquo;importe o\u00f9 et \u00e0 tout moment.<\/p>\n\t\t\t\t\t\t\t\t<\/div>\n\t\t\t\t<\/div>\n\t\t\t\t\t<\/div>\n\t\t<\/div>\n\t\t\t\t\t<\/div>\n\t\t<\/section>\n\t\t\t\t<\/div>\n\t\t","protected":false},"excerpt":{"rendered":"<p>Plus de s\u00e9curit\u00e9 gr\u00e2ce au contr\u00f4le r\u00e9gulier du lubrifiant r\u00e9frig\u00e9rant Prolonger la dur\u00e9e de vie de vos machines Un liquide de refroidissement propre et stable est essentiel pour que les machines fonctionnent efficacement et que les pi\u00e8ces \u00e0 usiner soient fabriqu\u00e9es avec une grande qualit\u00e9. Cependant, la propret\u00e9 des lubrifiants r\u00e9frig\u00e9rants peut rapidement \u00eatre compromise [&hellip;]<\/p>\n","protected":false},"author":1,"featured_media":0,"parent":11581,"menu_order":1,"comment_status":"closed","ping_status":"closed","template":"","meta":{"content-type":"","footnotes":""},"class_list":["post-11606","page","type-page","status-publish","hentry"],"_links":{"self":[{"href":"https:\/\/liquidtool.com\/fr\/wp-json\/wp\/v2\/pages\/11606","targetHints":{"allow":["GET"]}}],"collection":[{"href":"https:\/\/liquidtool.com\/fr\/wp-json\/wp\/v2\/pages"}],"about":[{"href":"https:\/\/liquidtool.com\/fr\/wp-json\/wp\/v2\/types\/page"}],"author":[{"embeddable":true,"href":"https:\/\/liquidtool.com\/fr\/wp-json\/wp\/v2\/users\/1"}],"replies":[{"embeddable":true,"href":"https:\/\/liquidtool.com\/fr\/wp-json\/wp\/v2\/comments?post=11606"}],"version-history":[{"count":13,"href":"https:\/\/liquidtool.com\/fr\/wp-json\/wp\/v2\/pages\/11606\/revisions"}],"predecessor-version":[{"id":24214,"href":"https:\/\/liquidtool.com\/fr\/wp-json\/wp\/v2\/pages\/11606\/revisions\/24214"}],"up":[{"embeddable":true,"href":"https:\/\/liquidtool.com\/fr\/wp-json\/wp\/v2\/pages\/11581"}],"wp:attachment":[{"href":"https:\/\/liquidtool.com\/fr\/wp-json\/wp\/v2\/media?parent=11606"}],"curies":[{"name":"wp","href":"https:\/\/api.w.org\/{rel}","templated":true}]}}