{"id":11600,"date":"2021-03-10T14:01:26","date_gmt":"2021-03-10T13:01:26","guid":{"rendered":"http:\/\/liquidtool.com\/liquidpedia\/coupe-du-metal\/"},"modified":"2023-06-01T11:43:41","modified_gmt":"2023-06-01T09:43:41","slug":"coupe-du-metal","status":"publish","type":"page","link":"https:\/\/liquidtool.com\/fr\/liquidpedia\/coupe-du-metal\/","title":{"rendered":"Coupe du m\u00e9tal"},"content":{"rendered":"\t\t<div data-elementor-type=\"wp-page\" data-elementor-id=\"11600\" class=\"elementor elementor-11600 elementor-5329\" data-elementor-post-type=\"page\">\n\t\t\t\t\t\t<section class=\"elementor-section elementor-top-section elementor-element elementor-element-407cb4a lt-section elementor-section-boxed elementor-section-height-default elementor-section-height-default\" data-id=\"407cb4a\" data-element_type=\"section\" id=\"team\">\n\t\t\t\t\t\t<div class=\"elementor-container elementor-column-gap-default\">\n\t\t\t\t\t<div class=\"elementor-column elementor-col-100 elementor-top-column elementor-element elementor-element-dc0c7dc bg-news\" data-id=\"dc0c7dc\" data-element_type=\"column\" data-settings=\"{&quot;background_background&quot;:&quot;classic&quot;}\">\n\t\t\t<div class=\"elementor-widget-wrap elementor-element-populated\">\n\t\t\t\t\t\t<div class=\"elementor-element elementor-element-057323e lt-breadcrumb elementor-widget elementor-widget-shortcode\" data-id=\"057323e\" data-element_type=\"widget\" data-widget_type=\"shortcode.default\">\n\t\t\t\t<div class=\"elementor-widget-container\">\n\t\t\t\t\t\t\t<div class=\"elementor-shortcode\"><nav aria-label=\"breadcrumbs\" class=\"rank-math-breadcrumb\"><p><span class=\"last\">Home<\/span><\/p><\/nav><\/div>\n\t\t\t\t\t\t<\/div>\n\t\t\t\t<\/div>\n\t\t\t\t<div class=\"elementor-element elementor-element-00c9cb8 elementor-widget elementor-widget-heading\" data-id=\"00c9cb8\" data-element_type=\"widget\" data-widget_type=\"heading.default\">\n\t\t\t\t<div class=\"elementor-widget-container\">\n\t\t\t\t\t<h1 class=\"elementor-heading-title elementor-size-xl\">Importante t\u00e2che de coupe des m\u00e9taux<\/h1>\t\t\t\t<\/div>\n\t\t\t\t<\/div>\n\t\t\t\t<div class=\"elementor-element elementor-element-3704905 has-scroll-effect elementor-widget elementor-widget-image\" data-id=\"3704905\" data-element_type=\"widget\" data-settings=\"{&quot;motion_fx_motion_fx_scrolling&quot;:&quot;yes&quot;,&quot;motion_fx_translateY_effect&quot;:&quot;yes&quot;,&quot;motion_fx_translateY_speed&quot;:{&quot;unit&quot;:&quot;px&quot;,&quot;size&quot;:1,&quot;sizes&quot;:[]},&quot;motion_fx_translateY_affectedRange&quot;:{&quot;unit&quot;:&quot;%&quot;,&quot;size&quot;:&quot;&quot;,&quot;sizes&quot;:{&quot;start&quot;:0,&quot;end&quot;:100}},&quot;motion_fx_devices&quot;:[&quot;desktop&quot;,&quot;tablet&quot;,&quot;mobile&quot;]}\" data-widget_type=\"image.default\">\n\t\t\t\t<div class=\"elementor-widget-container\">\n\t\t\t\t\t\t\t\t\t\t\t\t\t\t\t<img fetchpriority=\"high\" decoding=\"async\" width=\"800\" height=\"533\" src=\"https:\/\/liquidtool.com\/wp-content\/uploads\/2021\/03\/liquidpedia_metal-cutting-1024x682.jpg\" class=\"attachment-large size-large wp-image-7358\" alt=\"Machine de coupe de m\u00e9taux utilisant un lubrifiant r\u00e9frig\u00e9rant\" srcset=\"https:\/\/liquidtool.com\/wp-content\/uploads\/2021\/03\/liquidpedia_metal-cutting-1024x682.jpg 1024w, https:\/\/liquidtool.com\/wp-content\/uploads\/2021\/03\/liquidpedia_metal-cutting-300x200.jpg 300w, https:\/\/liquidtool.com\/wp-content\/uploads\/2021\/03\/liquidpedia_metal-cutting-768x512.jpg 768w, https:\/\/liquidtool.com\/wp-content\/uploads\/2021\/03\/liquidpedia_metal-cutting-1536x1023.jpg 1536w, https:\/\/liquidtool.com\/wp-content\/uploads\/2021\/03\/liquidpedia_metal-cutting.jpg 1600w\" sizes=\"(max-width: 800px) 100vw, 800px\" title=\"\">\t\t\t\t\t\t\t\t\t\t\t\t\t\t\t<\/div>\n\t\t\t\t<\/div>\n\t\t\t\t<div class=\"elementor-element elementor-element-3219d2a elementor-widget elementor-widget-heading\" data-id=\"3219d2a\" data-element_type=\"widget\" data-widget_type=\"heading.default\">\n\t\t\t\t<div class=\"elementor-widget-container\">\n\t\t\t\t\t<h2 class=\"elementor-heading-title elementor-size-medium\">\u00c9viter la friction avec le lubrifiant r\u00e9frig\u00e9rant<\/h2>\t\t\t\t<\/div>\n\t\t\t\t<\/div>\n\t\t\t\t<div class=\"elementor-element elementor-element-3d9d448 elementor-widget elementor-widget-text-editor\" data-id=\"3d9d448\" data-element_type=\"widget\" data-widget_type=\"text-editor.default\">\n\t\t\t\t<div class=\"elementor-widget-container\">\n\t\t\t\t\t\t\t\t\t<p>La d\u00e9coupe des m\u00e9taux est un proc\u00e9d\u00e9 de fabrication courant, notamment dans l&rsquo;industrie m\u00e9tallurgique. Ce proc\u00e9d\u00e9 g\u00e9n\u00e8re des frottements et de la chaleur, ce qui peut entra\u00eener <b>une usure de la machine<\/b> et une <b>d\u00e9t\u00e9rioration de la qualit\u00e9 de la surface<\/b> de la pi\u00e8ce.<\/p>\n<p>Par cons\u00e9quent, l\u2019utilisation d\u2019un <strong>lubrifiant r\u00e9frig\u00e9rant<\/strong> est un <strong>facteur important de la r\u00e9ussite<\/strong> pour la d\u00e9coupe des m\u00e9taux : Le lubrifiant r\u00e9frig\u00e9rant r\u00e9duit la temp\u00e9rature et minimise la friction entre l\u2019outil et la pi\u00e8ce \u00e0 usiner, tout en <strong>prot\u00e9geant contre la corrosion<\/strong> et en \u00e9liminant les copeaux m\u00e9talliques.<\/p>\n<p>Pour pouvoir produire des pi\u00e8ces de haute qualit\u00e9, m\u00eame \u00e0 des vitesses de coupe \u00e9lev\u00e9es et \u00e0 des niveaux de friction mixtes, et pour minimiser l\u2019usure des outils, l\u2019utilisation, <strong><a href=\"https:\/\/liquidtool.com\/en\/liquidpedia\/checking-and-monitoring-coolants\/\">le contr\u00f4le et l\u2019entretien corrects du liquide de refroidissement<\/a><\/strong> sont essentiels. <\/p>\n<p>En effet, seules les d\u00e9viations d\u00e9tect\u00e9es \u00e0 un stade pr\u00e9coce peuvent \u00eatre corrig\u00e9es avant qu\u2019une machine ne doive \u00eatre r\u00e9par\u00e9e ou ne tombe compl\u00e8tement en panne, de sorte que la dur\u00e9e de vie de la machine est r\u00e9duite, que la qualit\u00e9 des pi\u00e8ces produites diminue, que le lubrifiant r\u00e9frig\u00e9rant doit \u00eatre remplac\u00e9 ou \u00e9limin\u00e9 \u00e0 grands frais ou que des probl\u00e8mes de compatibilit\u00e9 cutan\u00e9e apparaissent chez les op\u00e9rateurs de la machine.<\/p>\n<p>D\u00e9couvrez comment le <a href=\"https:\/\/liquidtool.com\/fr\/produits\/\"><u>LIQUIDTOOL Smart Coolant Management<\/u><\/a> peut <strong>surveiller automatiquement votre lubrifiant r\u00e9frig\u00e9rant<\/strong>.<\/p>\n\t\t\t\t\t\t\t\t<\/div>\n\t\t\t\t<\/div>\n\t\t\t\t\t<\/div>\n\t\t<\/div>\n\t\t\t\t\t<\/div>\n\t\t<\/section>\n\t\t\t\t<\/div>\n\t\t","protected":false},"excerpt":{"rendered":"<p>Importante t\u00e2che de coupe des m\u00e9taux \u00c9viter la friction avec le lubrifiant r\u00e9frig\u00e9rant La d\u00e9coupe des m\u00e9taux est un proc\u00e9d\u00e9 de fabrication courant, notamment dans l&rsquo;industrie m\u00e9tallurgique. Ce proc\u00e9d\u00e9 g\u00e9n\u00e8re des frottements et de la chaleur, ce qui peut entra\u00eener une usure de la machine et une d\u00e9t\u00e9rioration de la qualit\u00e9 de la surface de [&hellip;]<\/p>\n","protected":false},"author":1,"featured_media":0,"parent":11581,"menu_order":3,"comment_status":"closed","ping_status":"closed","template":"","meta":{"content-type":"","footnotes":""},"class_list":["post-11600","page","type-page","status-publish","hentry"],"_links":{"self":[{"href":"https:\/\/liquidtool.com\/fr\/wp-json\/wp\/v2\/pages\/11600","targetHints":{"allow":["GET"]}}],"collection":[{"href":"https:\/\/liquidtool.com\/fr\/wp-json\/wp\/v2\/pages"}],"about":[{"href":"https:\/\/liquidtool.com\/fr\/wp-json\/wp\/v2\/types\/page"}],"author":[{"embeddable":true,"href":"https:\/\/liquidtool.com\/fr\/wp-json\/wp\/v2\/users\/1"}],"replies":[{"embeddable":true,"href":"https:\/\/liquidtool.com\/fr\/wp-json\/wp\/v2\/comments?post=11600"}],"version-history":[{"count":9,"href":"https:\/\/liquidtool.com\/fr\/wp-json\/wp\/v2\/pages\/11600\/revisions"}],"predecessor-version":[{"id":24228,"href":"https:\/\/liquidtool.com\/fr\/wp-json\/wp\/v2\/pages\/11600\/revisions\/24228"}],"up":[{"embeddable":true,"href":"https:\/\/liquidtool.com\/fr\/wp-json\/wp\/v2\/pages\/11581"}],"wp:attachment":[{"href":"https:\/\/liquidtool.com\/fr\/wp-json\/wp\/v2\/media?parent=11600"}],"curies":[{"name":"wp","href":"https:\/\/api.w.org\/{rel}","templated":true}]}}