{"id":11598,"date":"2021-03-10T13:48:51","date_gmt":"2021-03-10T12:48:51","guid":{"rendered":"http:\/\/liquidtool.com\/liquidpedia\/valeurs-mesurees\/"},"modified":"2024-02-05T11:13:11","modified_gmt":"2024-02-05T10:13:11","slug":"valeurs-mesurees","status":"publish","type":"page","link":"https:\/\/liquidtool.com\/fr\/liquidpedia\/valeurs-mesurees\/","title":{"rendered":"Valeurs mesur\u00e9es"},"content":{"rendered":"\t\t<div data-elementor-type=\"wp-page\" data-elementor-id=\"11598\" class=\"elementor elementor-11598 elementor-5319\" data-elementor-post-type=\"page\">\n\t\t\t\t\t\t<section class=\"elementor-section elementor-top-section elementor-element elementor-element-407cb4a lt-section elementor-section-boxed elementor-section-height-default elementor-section-height-default\" data-id=\"407cb4a\" data-element_type=\"section\" id=\"team\">\n\t\t\t\t\t\t<div class=\"elementor-container elementor-column-gap-default\">\n\t\t\t\t\t<div class=\"elementor-column elementor-col-100 elementor-top-column elementor-element elementor-element-dc0c7dc bg-news\" data-id=\"dc0c7dc\" data-element_type=\"column\" data-settings=\"{&quot;background_background&quot;:&quot;classic&quot;}\">\n\t\t\t<div class=\"elementor-widget-wrap elementor-element-populated\">\n\t\t\t\t\t\t<div class=\"elementor-element elementor-element-057323e lt-breadcrumb elementor-widget elementor-widget-shortcode\" data-id=\"057323e\" data-element_type=\"widget\" data-widget_type=\"shortcode.default\">\n\t\t\t\t<div class=\"elementor-widget-container\">\n\t\t\t\t\t\t\t<div class=\"elementor-shortcode\"><nav aria-label=\"breadcrumbs\" class=\"rank-math-breadcrumb\"><p><span class=\"last\">Home<\/span><\/p><\/nav><\/div>\n\t\t\t\t\t\t<\/div>\n\t\t\t\t<\/div>\n\t\t\t\t<div class=\"elementor-element elementor-element-00c9cb8 elementor-widget elementor-widget-heading\" data-id=\"00c9cb8\" data-element_type=\"widget\" data-widget_type=\"heading.default\">\n\t\t\t\t<div class=\"elementor-widget-container\">\n\t\t\t\t\t<h1 class=\"elementor-heading-title elementor-size-xl\">Les valeurs mesur\u00e9es les plus importantes pour votre lubrifiant r\u00e9frig\u00e9rant<\/h1>\t\t\t\t<\/div>\n\t\t\t\t<\/div>\n\t\t\t\t<div class=\"elementor-element elementor-element-3704905 has-scroll-effect elementor-widget elementor-widget-image\" data-id=\"3704905\" data-element_type=\"widget\" data-settings=\"{&quot;motion_fx_motion_fx_scrolling&quot;:&quot;yes&quot;,&quot;motion_fx_translateY_effect&quot;:&quot;yes&quot;,&quot;motion_fx_translateY_speed&quot;:{&quot;unit&quot;:&quot;px&quot;,&quot;size&quot;:1,&quot;sizes&quot;:[]},&quot;motion_fx_translateY_affectedRange&quot;:{&quot;unit&quot;:&quot;%&quot;,&quot;size&quot;:&quot;&quot;,&quot;sizes&quot;:{&quot;start&quot;:0,&quot;end&quot;:100}},&quot;motion_fx_devices&quot;:[&quot;desktop&quot;,&quot;tablet&quot;,&quot;mobile&quot;]}\" data-widget_type=\"image.default\">\n\t\t\t\t<div class=\"elementor-widget-container\">\n\t\t\t\t\t\t\t\t\t\t\t\t\t\t\t<img fetchpriority=\"high\" decoding=\"async\" width=\"800\" height=\"533\" src=\"https:\/\/liquidtool.com\/wp-content\/uploads\/2021\/03\/liquidpedia_measured-values-1024x682.jpg\" class=\"attachment-large size-large wp-image-7368\" alt=\"Les principales valeurs mesur\u00e9es du lubrifiant r\u00e9frig\u00e9rant affich\u00e9es sur un \u00e9cran et un smartphone\" srcset=\"https:\/\/liquidtool.com\/wp-content\/uploads\/2021\/03\/liquidpedia_measured-values-1024x682.jpg 1024w, https:\/\/liquidtool.com\/wp-content\/uploads\/2021\/03\/liquidpedia_measured-values-300x200.jpg 300w, https:\/\/liquidtool.com\/wp-content\/uploads\/2021\/03\/liquidpedia_measured-values-768x512.jpg 768w, https:\/\/liquidtool.com\/wp-content\/uploads\/2021\/03\/liquidpedia_measured-values-1536x1023.jpg 1536w, https:\/\/liquidtool.com\/wp-content\/uploads\/2021\/03\/liquidpedia_measured-values.jpg 1600w\" sizes=\"(max-width: 800px) 100vw, 800px\" title=\"\">\t\t\t\t\t\t\t\t\t\t\t\t\t\t\t<\/div>\n\t\t\t\t<\/div>\n\t\t\t\t<div class=\"elementor-element elementor-element-3219d2a elementor-widget elementor-widget-heading\" data-id=\"3219d2a\" data-element_type=\"widget\" data-widget_type=\"heading.default\">\n\t\t\t\t<div class=\"elementor-widget-container\">\n\t\t\t\t\t<h2 class=\"elementor-heading-title elementor-size-medium\">Surveillez votre lubrifiant r\u00e9frig\u00e9rant pour une bonne d\u00e9coupe des m\u00e9taux <\/h2>\t\t\t\t<\/div>\n\t\t\t\t<\/div>\n\t\t\t\t<div class=\"elementor-element elementor-element-3d9d448 elementor-widget elementor-widget-text-editor\" data-id=\"3d9d448\" data-element_type=\"widget\" data-widget_type=\"text-editor.default\">\n\t\t\t\t<div class=\"elementor-widget-container\">\n\t\t\t\t\t\t\t\t\t<p>Les machines de coupe des m\u00e9taux d\u00e9pendent d&rsquo;un lubrifiant r\u00e9frig\u00e9rant propre. Cependant, pendant son utilisation, le lubrifiant r\u00e9frig\u00e9rant peut \u00eatre <strong>contamin\u00e9<\/strong> par des salet\u00e9s, des lubrifiants et de l&rsquo;huile hydraulique, des copeaux m\u00e9talliques, des bact\u00e9ries et d&rsquo;autres particules \u00e9trang\u00e8res.<\/p>\n<p>Cela peut avoir un<strong> impact direct<\/strong> sur des aspects qualitatifs tels que la performance ou la compatibilit\u00e9 du produit avec la peau : Un lubrifiant r\u00e9frig\u00e9rant contamin\u00e9 qui a tendance \u00e0 mousser peut non seulement immobiliser compl\u00e8tement vos machines, mais aussi provoquer des irritations cutan\u00e9es chez vos employ\u00e9s.<\/p>\n<p>Il est donc d&rsquo;autant plus<strong> important de contr\u00f4ler r\u00e9guli\u00e8rement<\/strong> les valeurs mesur\u00e9es suivantes et de toujours garder \u00e0 l&rsquo;esprit l&rsquo;\u00e9tat de votre lubrifiant r\u00e9frig\u00e9rant:<\/p>\n<ul>\n<li><strong>Concentration de l&rsquo;\u00e9mulsion<\/strong><br \/>\nLe <strong>param\u00e8tre de mesure le plus important<\/strong> indique la performance de lubrification, la protection contre la corrosion, la stabilit\u00e9, le comportement de moussage et le comportement des r\u00e9sidus<\/li>\n<li><strong>Temp\u00e9rature<\/strong><br \/>\nSurveillez en permanence la temp\u00e9rature de votre liquide de refroidissement afin d&rsquo;\u00e9viter que les propri\u00e9t\u00e9s ne changent si la temp\u00e9rature est trop \u00e9lev\u00e9e ou trop basse.<\/li>\n<li><strong>Valeur du pH<\/strong><br \/>\nL&rsquo;\u00e9volution de la valeur du pH fournit des informations pr\u00e9cieuses pour savoir si le liquide de refroidissement est contamin\u00e9. Par exemple, une baisse extr\u00eame de la valeur du pH peut indiquer une faible concentration d&rsquo;\u00e9mulsion ou une forte proportion d&rsquo;huile \u00e9trang\u00e8re. \u00c0 l&rsquo;inverse, une hausse extr\u00eame peut indiquer une possible contamination chimique par un nettoyant alcalin.<\/li>\n<li><strong>Duret\u00e9 de l&rsquo;\u00e9mulsion<\/strong><br \/>\nLa duret\u00e9 constante de l&rsquo;\u00e9mulsion est essentielle pour la qualit\u00e9 de votre liquide de refroidissement : Des niveaux \u00e9lev\u00e9s de duret\u00e9 peuvent conduire \u00e0 une \u00e9mulsion instable ou \u00e0 la formation de r\u00e9sidus.<\/li>\n<li><strong>Teneur en nitrites<\/strong><br \/>\nEn mesurant la teneur en nitrites, vous pouvez identifier et \u00e9viter le risque de formation de nitrosamines \u00e0 un stade pr\u00e9coce.<\/li>\n<\/ul>\n<p>La <strong>concentration<\/strong> de l&rsquo;\u00e9mulsion et la <strong>temp\u00e9rature<\/strong> sont les valeurs mesur\u00e9es <strong>les plus importantes<\/strong> et les plus fr\u00e9quentes. Vous pouvez surveiller r\u00e9guli\u00e8rement ces valeurs automatiquement avec le <a href=\"\/fr\/produits\/sensor01\">Sensor Liquidtool<\/a> et les documenter dans la solution de plateforme bas\u00e9e sur le cloud <a href=\"\/fr\/produits\/manager\">Liquidtool Manager<\/a>.<\/p>\n<p>Vous pouvez <strong>ajouter des mesures suppl\u00e9mentaires<\/strong> directement sur la plateforme et ainsi documenter compl\u00e8tement l&rsquo;\u00e9tat de votre lubrifiant r\u00e9frig\u00e9rant.<\/p>\n<p>En savoir plus sur les <a href=\"\/fr\/produits\/\"><u>avantages de la surveillance automatique du lubrifiant r\u00e9frig\u00e9rant<\/u><\/a>.<\/p>\n\t\t\t\t\t\t\t\t<\/div>\n\t\t\t\t<\/div>\n\t\t\t\t\t<\/div>\n\t\t<\/div>\n\t\t\t\t\t<\/div>\n\t\t<\/section>\n\t\t\t\t<\/div>\n\t\t","protected":false},"excerpt":{"rendered":"<p>Les valeurs mesur\u00e9es les plus importantes pour votre lubrifiant r\u00e9frig\u00e9rant Surveillez votre lubrifiant r\u00e9frig\u00e9rant pour une bonne d\u00e9coupe des m\u00e9taux Les machines de coupe des m\u00e9taux d\u00e9pendent d&rsquo;un lubrifiant r\u00e9frig\u00e9rant propre. Cependant, pendant son utilisation, le lubrifiant r\u00e9frig\u00e9rant peut \u00eatre contamin\u00e9 par des salet\u00e9s, des lubrifiants et de l&rsquo;huile hydraulique, des copeaux m\u00e9talliques, des bact\u00e9ries [&hellip;]<\/p>\n","protected":false},"author":1,"featured_media":0,"parent":11581,"menu_order":2,"comment_status":"closed","ping_status":"open","template":"","meta":{"content-type":"","footnotes":""},"class_list":["post-11598","page","type-page","status-publish","hentry"],"_links":{"self":[{"href":"https:\/\/liquidtool.com\/fr\/wp-json\/wp\/v2\/pages\/11598","targetHints":{"allow":["GET"]}}],"collection":[{"href":"https:\/\/liquidtool.com\/fr\/wp-json\/wp\/v2\/pages"}],"about":[{"href":"https:\/\/liquidtool.com\/fr\/wp-json\/wp\/v2\/types\/page"}],"author":[{"embeddable":true,"href":"https:\/\/liquidtool.com\/fr\/wp-json\/wp\/v2\/users\/1"}],"replies":[{"embeddable":true,"href":"https:\/\/liquidtool.com\/fr\/wp-json\/wp\/v2\/comments?post=11598"}],"version-history":[{"count":18,"href":"https:\/\/liquidtool.com\/fr\/wp-json\/wp\/v2\/pages\/11598\/revisions"}],"predecessor-version":[{"id":33676,"href":"https:\/\/liquidtool.com\/fr\/wp-json\/wp\/v2\/pages\/11598\/revisions\/33676"}],"up":[{"embeddable":true,"href":"https:\/\/liquidtool.com\/fr\/wp-json\/wp\/v2\/pages\/11581"}],"wp:attachment":[{"href":"https:\/\/liquidtool.com\/fr\/wp-json\/wp\/v2\/media?parent=11598"}],"curies":[{"name":"wp","href":"https:\/\/api.w.org\/{rel}","templated":true}]}}