{"id":11577,"date":"2022-03-29T10:34:05","date_gmt":"2022-03-29T08:34:05","guid":{"rendered":"http:\/\/liquidtool.com\/sensor01\/sensor-01-manuel-dutilisation\/"},"modified":"2023-11-29T14:31:46","modified_gmt":"2023-11-29T13:31:46","slug":"manuel-utilisation","status":"publish","type":"page","link":"https:\/\/liquidtool.com\/fr\/produits\/sensor01\/manuel-utilisation\/","title":{"rendered":"Manuel d&rsquo;utilisation"},"content":{"rendered":"\t\t<div data-elementor-type=\"wp-page\" data-elementor-id=\"11577\" class=\"elementor elementor-11577 elementor-10590\" data-elementor-post-type=\"page\">\n\t\t\t\t\t\t<section class=\"elementor-section elementor-top-section elementor-element elementor-element-b408943 lt-section elementor-section-boxed elementor-section-height-default elementor-section-height-default\" data-id=\"b408943\" data-element_type=\"section\">\n\t\t\t\t\t\t<div class=\"elementor-container elementor-column-gap-default\">\n\t\t\t\t\t<div class=\"elementor-column elementor-col-100 elementor-top-column elementor-element elementor-element-5b33b49\" data-id=\"5b33b49\" data-element_type=\"column\" data-settings=\"{&quot;background_background&quot;:&quot;classic&quot;}\">\n\t\t\t<div class=\"elementor-widget-wrap elementor-element-populated\">\n\t\t\t\t\t\t<div class=\"elementor-element elementor-element-8d0de5a lt-breadcrumb elementor-widget elementor-widget-shortcode\" data-id=\"8d0de5a\" data-element_type=\"widget\" data-widget_type=\"shortcode.default\">\n\t\t\t\t<div class=\"elementor-widget-container\">\n\t\t\t\t\t\t\t<div class=\"elementor-shortcode\"><nav aria-label=\"breadcrumbs\" class=\"rank-math-breadcrumb\"><p><span class=\"last\">Home<\/span><\/p><\/nav><\/div>\n\t\t\t\t\t\t<\/div>\n\t\t\t\t<\/div>\n\t\t\t\t<div class=\"elementor-element elementor-element-089e021 elementor-widget elementor-widget-heading\" data-id=\"089e021\" data-element_type=\"widget\" data-widget_type=\"heading.default\">\n\t\t\t\t<div class=\"elementor-widget-container\">\n\t\t\t\t\t<h1 class=\"elementor-heading-title elementor-size-xl\">Le Liquidtool Sensor 01 - Manuel d'utilisation<\/h1>\t\t\t\t<\/div>\n\t\t\t\t<\/div>\n\t\t\t\t<div class=\"elementor-element elementor-element-b28968b elementor-widget elementor-widget-text-editor\" data-id=\"b28968b\" data-element_type=\"widget\" data-widget_type=\"text-editor.default\">\n\t\t\t\t<div class=\"elementor-widget-container\">\n\t\t\t\t\t\t\t\t\t<p>Le Sensor01 de Liquidtool est un syst\u00e8me d&rsquo;autosurveillance et ne n\u00e9cessite aucune maintenance. Si un probl\u00e8me survient, le Sensor vous envoie automatiquement une notification, incluant des conseils sur la fa\u00e7on de r\u00e9soudre le probl\u00e8me. Le Sensor re\u00e7oit des mises \u00e0 jour \u00ab\u00a0over-the-air\u00a0\u00bb. Il est donc toujours \u00e0 jour sans que vous ayez \u00e0 intervenir. Consultez le manuel pour plus de d\u00e9tails.<\/p>\n\t\t\t\t\t\t\t\t<\/div>\n\t\t\t\t<\/div>\n\t\t\t\t<div class=\"elementor-element elementor-element-839b0a2 elementor-widget elementor-widget-heading\" data-id=\"839b0a2\" data-element_type=\"widget\" data-widget_type=\"heading.default\">\n\t\t\t\t<div class=\"elementor-widget-container\">\n\t\t\t\t\t<h2 class=\"elementor-heading-title elementor-size-medium\">Documents<\/h2>\t\t\t\t<\/div>\n\t\t\t\t<\/div>\n\t\t\t\t<div class=\"elementor-element elementor-element-e82a53d elementor-position-inline-start lt_download elementor-mobile-position-inline-start elementor-view-default elementor-widget elementor-widget-icon-box\" data-id=\"e82a53d\" data-element_type=\"widget\" data-widget_type=\"icon-box.default\">\n\t\t\t\t<div class=\"elementor-widget-container\">\n\t\t\t\t\t\t\t<div class=\"elementor-icon-box-wrapper\">\n\n\t\t\t\t\t\t<div class=\"elementor-icon-box-icon\">\n\t\t\t\t<a href=\"http:\/\/liquidtool.com\/wp-content\/uploads\/2023\/04\/Device-Manual_Sensor01_EN_230216.pdf\" target=\"_blank\" class=\"elementor-icon\" tabindex=\"-1\" aria-label=\"Sensor 01 \u2014 Manuel d&#039;utilisation\">\n\t\t\t\t<i aria-hidden=\"true\" class=\"fal fa-file-pdf\"><\/i>\t\t\t\t<\/a>\n\t\t\t<\/div>\n\t\t\t\n\t\t\t\t\t\t<div class=\"elementor-icon-box-content\">\n\n\t\t\t\t\t\t\t\t\t<div class=\"elementor-icon-box-title\">\n\t\t\t\t\t\t<a href=\"http:\/\/liquidtool.com\/wp-content\/uploads\/2023\/04\/Device-Manual_Sensor01_EN_230216.pdf\" target=\"_blank\" >\n\t\t\t\t\t\t\tSensor 01 \u2014 Manuel d'utilisation\t\t\t\t\t\t<\/a>\n\t\t\t\t\t<\/div>\n\t\t\t\t\n\t\t\t\t\t\t\t\t\t<p class=\"elementor-icon-box-description\">\n\t\t\t\t\t\tPDF | 1.6 MB | Fran\u00e7ais\t\t\t\t\t<\/p>\n\t\t\t\t\n\t\t\t<\/div>\n\t\t\t\n\t\t<\/div>\n\t\t\t\t\t\t<\/div>\n\t\t\t\t<\/div>\n\t\t\t\t<div class=\"elementor-element elementor-element-5fd3cc5 elementor-position-inline-start lt_download elementor-mobile-position-inline-start elementor-view-default elementor-widget elementor-widget-icon-box\" data-id=\"5fd3cc5\" data-element_type=\"widget\" data-widget_type=\"icon-box.default\">\n\t\t\t\t<div class=\"elementor-widget-container\">\n\t\t\t\t\t\t\t<div class=\"elementor-icon-box-wrapper\">\n\n\t\t\t\t\t\t<div class=\"elementor-icon-box-icon\">\n\t\t\t\t<a href=\"https:\/\/liquidtool.com\/wp-content\/uploads\/2022\/05\/DE_Betriebsanleitung-Sensor-01-2023-11-29.pdf\" class=\"elementor-icon\" tabindex=\"-1\" aria-label=\"Sensor 01 \u2014 Benutzerhandbuch\">\n\t\t\t\t<i aria-hidden=\"true\" class=\"fal fa-file-pdf\"><\/i>\t\t\t\t<\/a>\n\t\t\t<\/div>\n\t\t\t\n\t\t\t\t\t\t<div class=\"elementor-icon-box-content\">\n\n\t\t\t\t\t\t\t\t\t<div class=\"elementor-icon-box-title\">\n\t\t\t\t\t\t<a href=\"https:\/\/liquidtool.com\/wp-content\/uploads\/2022\/05\/DE_Betriebsanleitung-Sensor-01-2023-11-29.pdf\" >\n\t\t\t\t\t\t\tSensor 01 \u2014 Benutzerhandbuch\t\t\t\t\t\t<\/a>\n\t\t\t\t\t<\/div>\n\t\t\t\t\n\t\t\t\t\t\t\t\t\t<p class=\"elementor-icon-box-description\">\n\t\t\t\t\t\tPDF | 1.5 MB | Deutsch\t\t\t\t\t<\/p>\n\t\t\t\t\n\t\t\t<\/div>\n\t\t\t\n\t\t<\/div>\n\t\t\t\t\t\t<\/div>\n\t\t\t\t<\/div>\n\t\t\t\t<div class=\"elementor-element elementor-element-f675f57 elementor-position-inline-start lt_download elementor-mobile-position-inline-start elementor-view-default elementor-widget elementor-widget-icon-box\" data-id=\"f675f57\" data-element_type=\"widget\" data-widget_type=\"icon-box.default\">\n\t\t\t\t<div class=\"elementor-widget-container\">\n\t\t\t\t\t\t\t<div class=\"elementor-icon-box-wrapper\">\n\n\t\t\t\t\t\t<div class=\"elementor-icon-box-icon\">\n\t\t\t\t<a href=\"http:\/\/liquidtool.com\/wp-content\/uploads\/2023\/04\/FR_Mode-demploi-Sensor-01-2023-11-29.pdf\" class=\"elementor-icon\" tabindex=\"-1\" aria-label=\"Sensor 01 \u2014 Manual\">\n\t\t\t\t<i aria-hidden=\"true\" class=\"fal fa-file-pdf\"><\/i>\t\t\t\t<\/a>\n\t\t\t<\/div>\n\t\t\t\n\t\t\t\t\t\t<div class=\"elementor-icon-box-content\">\n\n\t\t\t\t\t\t\t\t\t<div class=\"elementor-icon-box-title\">\n\t\t\t\t\t\t<a href=\"http:\/\/liquidtool.com\/wp-content\/uploads\/2023\/04\/FR_Mode-demploi-Sensor-01-2023-11-29.pdf\" >\n\t\t\t\t\t\t\tSensor 01 \u2014 Manual\t\t\t\t\t\t<\/a>\n\t\t\t\t\t<\/div>\n\t\t\t\t\n\t\t\t\t\t\t\t\t\t<p class=\"elementor-icon-box-description\">\n\t\t\t\t\t\tPDF | 1.5 MB | English\t\t\t\t\t<\/p>\n\t\t\t\t\n\t\t\t<\/div>\n\t\t\t\n\t\t<\/div>\n\t\t\t\t\t\t<\/div>\n\t\t\t\t<\/div>\n\t\t\t\t\t<\/div>\n\t\t<\/div>\n\t\t\t\t\t<\/div>\n\t\t<\/section>\n\t\t\t\t<\/div>\n\t\t","protected":false},"excerpt":{"rendered":"<p>Le Liquidtool Sensor 01 &#8211; Manuel d&rsquo;utilisation Le Sensor01 de Liquidtool est un syst\u00e8me d&rsquo;autosurveillance et ne n\u00e9cessite aucune maintenance. Si un probl\u00e8me survient, le Sensor vous envoie automatiquement une notification, incluant des conseils sur la fa\u00e7on de r\u00e9soudre le probl\u00e8me. Le Sensor re\u00e7oit des mises \u00e0 jour \u00ab\u00a0over-the-air\u00a0\u00bb. Il est donc toujours \u00e0 jour [&hellip;]<\/p>\n","protected":false},"author":1,"featured_media":0,"parent":11575,"menu_order":1,"comment_status":"closed","ping_status":"open","template":"","meta":{"content-type":"","footnotes":""},"class_list":["post-11577","page","type-page","status-publish","hentry"],"_links":{"self":[{"href":"https:\/\/liquidtool.com\/fr\/wp-json\/wp\/v2\/pages\/11577","targetHints":{"allow":["GET"]}}],"collection":[{"href":"https:\/\/liquidtool.com\/fr\/wp-json\/wp\/v2\/pages"}],"about":[{"href":"https:\/\/liquidtool.com\/fr\/wp-json\/wp\/v2\/types\/page"}],"author":[{"embeddable":true,"href":"https:\/\/liquidtool.com\/fr\/wp-json\/wp\/v2\/users\/1"}],"replies":[{"embeddable":true,"href":"https:\/\/liquidtool.com\/fr\/wp-json\/wp\/v2\/comments?post=11577"}],"version-history":[{"count":13,"href":"https:\/\/liquidtool.com\/fr\/wp-json\/wp\/v2\/pages\/11577\/revisions"}],"predecessor-version":[{"id":24008,"href":"https:\/\/liquidtool.com\/fr\/wp-json\/wp\/v2\/pages\/11577\/revisions\/24008"}],"up":[{"embeddable":true,"href":"https:\/\/liquidtool.com\/fr\/wp-json\/wp\/v2\/pages\/11575"}],"wp:attachment":[{"href":"https:\/\/liquidtool.com\/fr\/wp-json\/wp\/v2\/media?parent=11577"}],"curies":[{"name":"wp","href":"https:\/\/api.w.org\/{rel}","templated":true}]}}