{"id":11573,"date":"2021-07-15T09:40:49","date_gmt":"2021-07-15T07:40:49","guid":{"rendered":"http:\/\/liquidtool.com\/demandez-une-demo\/"},"modified":"2024-11-26T06:58:13","modified_gmt":"2024-11-26T05:58:13","slug":"demandez-une-demo","status":"publish","type":"page","link":"https:\/\/liquidtool.com\/fr\/produits\/demandez-une-demo\/","title":{"rendered":"Demandez une d\u00e9mo"},"content":{"rendered":"\t\t<div data-elementor-type=\"wp-page\" data-elementor-id=\"11573\" class=\"elementor elementor-11573 elementor-7905\" data-elementor-post-type=\"page\">\n\t\t\t\t\t\t<section class=\"elementor-section elementor-top-section elementor-element elementor-element-b408943 lt-section has-nobottom elementor-section-boxed elementor-section-height-default elementor-section-height-default\" data-id=\"b408943\" data-element_type=\"section\">\n\t\t\t\t\t\t<div class=\"elementor-container elementor-column-gap-default\">\n\t\t\t\t\t<div class=\"elementor-column elementor-col-100 elementor-top-column elementor-element elementor-element-5b33b49\" data-id=\"5b33b49\" data-element_type=\"column\" data-settings=\"{&quot;background_background&quot;:&quot;classic&quot;}\">\n\t\t\t<div class=\"elementor-widget-wrap elementor-element-populated\">\n\t\t\t\t\t\t<div class=\"elementor-element elementor-element-d7713cb lt-breadcrumb elementor-widget elementor-widget-shortcode\" data-id=\"d7713cb\" data-element_type=\"widget\" data-widget_type=\"shortcode.default\">\n\t\t\t\t<div class=\"elementor-widget-container\">\n\t\t\t\t\t\t\t<div class=\"elementor-shortcode\"><nav aria-label=\"breadcrumbs\" class=\"rank-math-breadcrumb\"><p><span class=\"last\">Home<\/span><\/p><\/nav><\/div>\n\t\t\t\t\t\t<\/div>\n\t\t\t\t<\/div>\n\t\t\t\t<div class=\"elementor-element elementor-element-089e021 elementor-widget elementor-widget-heading\" data-id=\"089e021\" data-element_type=\"widget\" data-widget_type=\"heading.default\">\n\t\t\t\t<div class=\"elementor-widget-container\">\n\t\t\t\t\t<h1 class=\"elementor-heading-title elementor-size-xl\">Vous souhaitez parler \u00e0 un expert Liquidtool ?<\/h1>\t\t\t\t<\/div>\n\t\t\t\t<\/div>\n\t\t\t\t<section class=\"elementor-section elementor-inner-section elementor-element elementor-element-01113f5 elementor-section-full_width elementor-section-content-middle elementor-section-height-default elementor-section-height-default\" data-id=\"01113f5\" data-element_type=\"section\">\n\t\t\t\t\t\t<div class=\"elementor-container elementor-column-gap-no\">\n\t\t\t\t\t<div class=\"elementor-column elementor-col-66 elementor-inner-column elementor-element elementor-element-6654d23\" data-id=\"6654d23\" data-element_type=\"column\">\n\t\t\t<div class=\"elementor-widget-wrap elementor-element-populated\">\n\t\t\t\t\t\t<div class=\"elementor-element elementor-element-6104215 elementor-widget elementor-widget-text-editor\" data-id=\"6104215\" data-element_type=\"widget\" data-widget_type=\"text-editor.default\">\n\t\t\t\t<div class=\"elementor-widget-container\">\n\t\t\t\t\t\t\t\t\t<p>Nos experts seront heureux de prendre le temps de vous parler de la gestion intelligente des lubrifiants r\u00e9frig\u00e9rants et de la num\u00e9risation des zones de production.<\/p>\n<p>Veuillez s\u00e9lectionner une date et une heure appropri\u00e9es ci-dessous et remplir les d\u00e9tails dans le formulaire.<\/p>\n<p>La r\u00e9union en ligne se d\u00e9roulera via Microsoft Teams et peut \u00eatre organis\u00e9e en anglais ou en allemand.<\/p>\n\t\t\t\t\t\t\t\t<\/div>\n\t\t\t\t<\/div>\n\t\t\t\t\t<\/div>\n\t\t<\/div>\n\t\t\t\t<div class=\"elementor-column elementor-col-33 elementor-inner-column elementor-element elementor-element-e0bf210\" data-id=\"e0bf210\" data-element_type=\"column\">\n\t\t\t<div class=\"elementor-widget-wrap elementor-element-populated\">\n\t\t\t\t\t\t<div class=\"elementor-element elementor-element-1e60d50 elementor-widget elementor-widget-image\" data-id=\"1e60d50\" data-element_type=\"widget\" data-widget_type=\"image.default\">\n\t\t\t\t<div class=\"elementor-widget-container\">\n\t\t\t\t\t\t\t\t\t\t\t\t\t\t\t<img fetchpriority=\"high\" decoding=\"async\" width=\"300\" height=\"300\" src=\"https:\/\/liquidtool.com\/wp-content\/uploads\/2023\/03\/Sales-team-300x300.png\" class=\"attachment-medium size-medium wp-image-16533\" alt=\"\" srcset=\"https:\/\/liquidtool.com\/wp-content\/uploads\/2023\/03\/Sales-team-300x300.png 300w, https:\/\/liquidtool.com\/wp-content\/uploads\/2023\/03\/Sales-team-1024x1024.png 1024w, https:\/\/liquidtool.com\/wp-content\/uploads\/2023\/03\/Sales-team-150x150.png 150w, https:\/\/liquidtool.com\/wp-content\/uploads\/2023\/03\/Sales-team-768x768.png 768w, https:\/\/liquidtool.com\/wp-content\/uploads\/2023\/03\/elementor\/thumbs\/Sales-team-q2zbw3hvfxkzmkdgec1r96qbdkgi0788urmd9ioxts.png 800w, https:\/\/liquidtool.com\/wp-content\/uploads\/2023\/03\/Sales-team.png 1200w\" sizes=\"(max-width: 300px) 100vw, 300px\" title=\"\">\t\t\t\t\t\t\t\t\t\t\t\t\t\t\t<\/div>\n\t\t\t\t<\/div>\n\t\t\t\t\t<\/div>\n\t\t<\/div>\n\t\t\t\t\t<\/div>\n\t\t<\/section>\n\t\t\t\t\t<\/div>\n\t\t<\/div>\n\t\t\t\t\t<\/div>\n\t\t<\/section>\n\t\t\t\t<section class=\"elementor-section elementor-top-section elementor-element elementor-element-2dc138c elementor-section-boxed elementor-section-height-default elementor-section-height-default\" data-id=\"2dc138c\" data-element_type=\"section\">\n\t\t\t\t\t\t<div class=\"elementor-container elementor-column-gap-default\">\n\t\t\t\t\t<div class=\"elementor-column elementor-col-100 elementor-top-column elementor-element elementor-element-0c06a48\" data-id=\"0c06a48\" data-element_type=\"column\">\n\t\t\t<div class=\"elementor-widget-wrap elementor-element-populated\">\n\t\t\t\t\t\t<div class=\"elementor-element elementor-element-89a334f elementor-widget elementor-widget-hubspot-meeting\" data-id=\"89a334f\" data-element_type=\"widget\" data-widget_type=\"hubspot-meeting.default\">\n\t\t\t\t<div class=\"elementor-widget-container\">\n\t\t\t\t\t\n\t\t<div class=\"meetings-iframe-container\" data-src=\"https:\/\/meetings-eu1.hubspot.com\/rick-youngblood\/en-website-book-a-meeting?embed=true\"><\/div>\n\t\t<script>\n\t\t\tif(window.hbspt && window.hbspt.meetings){\n\t\t\t\twindow.hbspt.meetings.create(\".meetings-iframe-container\");\n\t\t\t}\n\t\t\t<\/script>\n\t\t\t\t\t\t<\/div>\n\t\t\t\t<\/div>\n\t\t\t\t\t<\/div>\n\t\t<\/div>\n\t\t\t\t\t<\/div>\n\t\t<\/section>\n\t\t\t\t<\/div>\n\t\t","protected":false},"excerpt":{"rendered":"<p>Vous souhaitez parler \u00e0 un expert Liquidtool ? Nos experts seront heureux de prendre le temps de vous parler de la gestion intelligente des lubrifiants r\u00e9frig\u00e9rants et de la num\u00e9risation des zones de production. Veuillez s\u00e9lectionner une date et une heure appropri\u00e9es ci-dessous et remplir les d\u00e9tails dans le formulaire. La r\u00e9union en ligne se [&hellip;]<\/p>\n","protected":false},"author":3,"featured_media":0,"parent":13789,"menu_order":6,"comment_status":"closed","ping_status":"closed","template":"","meta":{"content-type":"","footnotes":""},"class_list":["post-11573","page","type-page","status-publish","hentry"],"_links":{"self":[{"href":"https:\/\/liquidtool.com\/fr\/wp-json\/wp\/v2\/pages\/11573","targetHints":{"allow":["GET"]}}],"collection":[{"href":"https:\/\/liquidtool.com\/fr\/wp-json\/wp\/v2\/pages"}],"about":[{"href":"https:\/\/liquidtool.com\/fr\/wp-json\/wp\/v2\/types\/page"}],"author":[{"embeddable":true,"href":"https:\/\/liquidtool.com\/fr\/wp-json\/wp\/v2\/users\/3"}],"replies":[{"embeddable":true,"href":"https:\/\/liquidtool.com\/fr\/wp-json\/wp\/v2\/comments?post=11573"}],"version-history":[{"count":12,"href":"https:\/\/liquidtool.com\/fr\/wp-json\/wp\/v2\/pages\/11573\/revisions"}],"predecessor-version":[{"id":37337,"href":"https:\/\/liquidtool.com\/fr\/wp-json\/wp\/v2\/pages\/11573\/revisions\/37337"}],"up":[{"embeddable":true,"href":"https:\/\/liquidtool.com\/fr\/wp-json\/wp\/v2\/pages\/13789"}],"wp:attachment":[{"href":"https:\/\/liquidtool.com\/fr\/wp-json\/wp\/v2\/media?parent=11573"}],"curies":[{"name":"wp","href":"https:\/\/api.w.org\/{rel}","templated":true}]}}