{"id":14841,"date":"2022-11-21T17:57:11","date_gmt":"2022-11-21T16:57:11","guid":{"rendered":"http:\/\/liquidtool.com\/?page_id=14841"},"modified":"2022-12-05T08:58:17","modified_gmt":"2022-12-05T07:58:17","slug":"press-release-sweden-nov-2022","status":"publish","type":"page","link":"https:\/\/liquidtool.com\/en\/media\/press-release-sweden-nov-2022\/","title":{"rendered":"Press release Sweden Nov 2022"},"content":{"rendered":"\t\t<div data-elementor-type=\"wp-page\" data-elementor-id=\"14841\" class=\"elementor elementor-14841\" data-elementor-post-type=\"page\">\n\t\t\t\t\t\t<section class=\"elementor-section elementor-top-section elementor-element elementor-element-5c2d91f0 lt-section elementor-section-boxed elementor-section-height-default elementor-section-height-default\" data-id=\"5c2d91f0\" data-element_type=\"section\" id=\"team\">\n\t\t\t\t\t\t<div class=\"elementor-container elementor-column-gap-default\">\n\t\t\t\t\t<div class=\"elementor-column elementor-col-100 elementor-top-column elementor-element elementor-element-1b2700b2 bg-news\" data-id=\"1b2700b2\" data-element_type=\"column\" data-settings=\"{&quot;background_background&quot;:&quot;classic&quot;}\">\n\t\t\t<div class=\"elementor-widget-wrap elementor-element-populated\">\n\t\t\t\t\t\t<div class=\"elementor-element elementor-element-786f4ec6 lt-breadcrumb elementor-widget elementor-widget-shortcode\" data-id=\"786f4ec6\" data-element_type=\"widget\" data-widget_type=\"shortcode.default\">\n\t\t\t\t<div class=\"elementor-widget-container\">\n\t\t\t\t\t\t\t<div class=\"elementor-shortcode\"><nav aria-label=\"breadcrumbs\" class=\"rank-math-breadcrumb\"><p><span class=\"last\">Home<\/span><\/p><\/nav><\/div>\n\t\t\t\t\t\t<\/div>\n\t\t\t\t<\/div>\n\t\t\t\t<div class=\"elementor-element elementor-element-4a127a23 elementor-widget elementor-widget-heading\" data-id=\"4a127a23\" data-element_type=\"widget\" data-widget_type=\"heading.default\">\n\t\t\t\t<div class=\"elementor-widget-container\">\n\t\t\t\t\t<h1 class=\"elementor-heading-title elementor-size-xl\">LIQUIDTOOL Instructor \u00f6vervakar sk\u00e4rv\u00e4tskor med hj\u00e4lp av intelligent teknik<\/h1>\t\t\t\t<\/div>\n\t\t\t\t<\/div>\n\t\t\t\t<div class=\"elementor-element elementor-element-68b49dca elementor-widget elementor-widget-image\" data-id=\"68b49dca\" data-element_type=\"widget\" data-widget_type=\"image.default\">\n\t\t\t\t<div class=\"elementor-widget-container\">\n\t\t\t\t\t\t\t\t\t\t\t\t\t\t\t<img fetchpriority=\"high\" decoding=\"async\" width=\"800\" height=\"533\" src=\"https:\/\/liquidtool.com\/wp-content\/uploads\/2020\/10\/Operator_Sensor_mount-1024x682.jpg\" class=\"attachment-large size-large wp-image-1301\" alt=\"Liquidtool sensor mounted on the side of a metal cutting cnc machine and handled by machine operator\" srcset=\"https:\/\/liquidtool.com\/wp-content\/uploads\/2020\/10\/Operator_Sensor_mount-1024x682.jpg 1024w, https:\/\/liquidtool.com\/wp-content\/uploads\/2020\/10\/Operator_Sensor_mount-300x200.jpg 300w, https:\/\/liquidtool.com\/wp-content\/uploads\/2020\/10\/Operator_Sensor_mount-768x512.jpg 768w, https:\/\/liquidtool.com\/wp-content\/uploads\/2020\/10\/Operator_Sensor_mount-1536x1023.jpg 1536w, https:\/\/liquidtool.com\/wp-content\/uploads\/2020\/10\/Operator_Sensor_mount.jpg 1600w\" sizes=\"(max-width: 800px) 100vw, 800px\" title=\"\">\t\t\t\t\t\t\t\t\t\t\t\t\t\t\t<\/div>\n\t\t\t\t<\/div>\n\t\t\t\t<div class=\"elementor-element elementor-element-111ebbef elementor-widget elementor-widget-text-editor\" data-id=\"111ebbef\" data-element_type=\"widget\" data-widget_type=\"text-editor.default\">\n\t\t\t\t<div class=\"elementor-widget-container\">\n\t\t\t\t\t\t\t\t\t<p><b>LIQUIDTOOL Instructor \u00e4r den f\u00f6rsta intelligenta l\u00f6sningen f\u00f6r \u00f6vervakning av sk\u00e4rv\u00e4tskor som anv\u00e4nder plug &amp; play-teknik och \u00f6vervakar sk\u00e4rv\u00e4tskornas tillst\u00e5nd automatiskt, enkelt och tillf\u00f6rlitligt. Produkten fr\u00e5n det schweiziska nystartade f\u00f6retaget Liquidtool Systems kombinerar intelligent teknik med tillf\u00f6rlitlig sensorteknik f\u00f6r att skapa en innovativ produkt d\u00e4r data kan n\u00e5s n\u00e4r som helst och var som helst tack vare en molnbaserad plattform. Instructor g\u00f6r det m\u00f6jligt f\u00f6r f\u00f6retag inom metallbearbetningsindustrin att g\u00f6ra satsningar p\u00e5 digitalisering och Industri 4.0.<\/b><\/p>\n<p>Med Liquidtool Instructor har Liquidtool Systems lanserat den f\u00f6rsta intelligenta, IoT-baserade l\u00f6sningen f\u00f6r \u00f6vervakning av sk\u00e4rv\u00e4tskor. Det \u00e4r den f\u00f6rsta produkten n\u00e5gonsin som kombinerar en plug &amp; play-l\u00f6sning och en molnbaserad plattform med intelligent, automatiserad och tillf\u00f6rlitlig m\u00e4tning i en produkt som tar metallbearbetande f\u00f6retag ett steg n\u00e4rmare Industri 4.0. Liquidtool Sensor, som ocks\u00e5 finns tillg\u00e4nglig, g\u00f6r datainsamling enkel. Tack vare plug &amp; play \u00e4r sensorinst\u00e4llningen ett enkelt och intuitivt f\u00f6retag: den h\u00f6gintegrerade sensorn monteras magnetiskt p\u00e5 den maskin som ska \u00f6vervakas, ansluts till f\u00f6retagets WLAN- eller LAN-internetanslutning och anv\u00e4nds med motsvarande app via surfplatta, smartphone eller dator.<\/p>\n<h3>Automatisk m\u00e4tning och utv\u00e4rdering av sk\u00e4rv\u00e4tskan<\/h3>\n<p>Sensorn f\u00f6r metallsk\u00e4rande maskiner \u00e4r kompatibel med sk\u00e4rv\u00e4tskor fr\u00e5n alla tillverkare och \u00f6vervakar dem automatiskt. Liquidtool Sensor tar regelbundet prover av sk\u00e4rv\u00e4tska fr\u00e5n maskinens tank och m\u00e4ter provet med den inbyggda refraktometern och termometern. Den lagrar de insamlade uppgifterna p\u00e5 ett s\u00e4kert s\u00e4tt p\u00e5 motsvarande plattform, vilket g\u00f6r att avvikelser kan uppt\u00e4ckas i ett tidigt skede. Anv\u00e4ndarna kan l\u00e4gga till ytterligare v\u00e4rden som pH, nitrit och vattenh\u00e5rdhet manuellt. Tillf\u00f6rlitliga, regelbundna m\u00e4tningar utg\u00f6r grunden f\u00f6r att stabilisera och optimera processer, \u00f6ka effektiviteten och identifiera problem i ett tidigt skede. Detta kan i sin tur minska maskinstillest\u00e5nd och bidrar till en l\u00e4ngre livsl\u00e4ngd f\u00f6r sk\u00e4rv\u00e4tskan och verktygen.<\/p>\n<h3>Molnbaserad plattform f\u00f6r maximal \u00f6vervakningsflexibilitet<\/h3>\n<p>De data som samlas in av sensorn lagras och analyseras i den molnbaserade Liquidtool Manager. Manager ger s\u00e4ker \u00e5tkomst till alla aktuella och historiska m\u00e4tdata \u2013 i realtid och fr\u00e5n olika enheter, t.ex. smartphones, surfplattor och datorer. De lagrade uppgifterna kan visas direkt i Liquidtool Manager via olika grafik, statistik och rapporter.<\/p>\n<h3>&#8220;Digitalt f\u00f6rst&#8221;<\/h3>\n<p>Liquidtool Instructor utvecklas och s\u00e4ljs av det schweiziska nystartade f\u00f6retaget Liquidtool Systems, ett systerf\u00f6retag till Blaser Swisslube AG, som har varit ledande inom produktion av sm\u00f6rjmedel i \u00f6ver 80 \u00e5r. \u201dMed Liquidtool Instructor \u00e4r vi stolta \u00f6ver att kunna erbjuda v\u00e5ra kunder en produkt som ger ett betydande bidrag till den progressiva digitaliseringen av metallbearbetningsindustrin\u201d, s\u00e4ger Daniel Brawand, chef f\u00f6r f\u00f6rs\u00e4ljning och marknadsf\u00f6ring p\u00e5 Liquidtool Systems. \u201dInstructor och den tillh\u00f6rande sensorn installeras och anv\u00e4nds enkelt och intuitivt, vilket g\u00f6r att anv\u00e4ndarna kan g\u00f6ra tillf\u00f6rlitliga m\u00e4tningar med minimal anstr\u00e4ngning. Baserat p\u00e5 detta kan de optimera sina processer och minimera underh\u00e5llskostnaderna.\u201d<\/p>\n<p>Liquidtool-l\u00f6sningarna \u00e4r tillg\u00e4ngliga f\u00f6r den svenska markanaden via TechPoint Systemteknik AB. Innan man best\u00e4mmer sig f\u00f6r ett k\u00f6p \u00e4r det m\u00f6jligt att ordna en 30-dagars testperiod av Liquidtool Instructor.<\/p>\n<h3>Automatiskt fyllningssystem i prototypfasen<\/h3>\n<p>Liquidtool System arbetar redan p\u00e5 en ny l\u00f6sning f\u00f6r att hj\u00e4lpa f\u00f6retag med hanteringen av sk\u00e4rv\u00e4tskor. Ett helautomatiskt fyllningssystem \u00e4r redan i prototypfasen. Systemet (Liquidtool AutoPilot) fyller automatiskt p\u00e5 sk\u00e4rv\u00e4tsketankar och garanterar alltid fulla tankar med r\u00e4tt sk\u00e4rv\u00e4tskekoncentration. AutoPilot \u00e4r utformad f\u00f6r att helt integrera Liquidtool Instructor som en av dess h\u00e5rdvaruelement. Liquidtool Systems planerar att lansera det automatiska p\u00e5fyllningssystemet v\u00e5ren 2023.<\/p>\n<p>Titta p\u00e5 den h\u00e4r videon f\u00f6r att l\u00e4ra dig hur smart hantering av sk\u00e4rv\u00e4tska \u00f6kar den totala produktiviteten:<\/p>\t\t\t\t\t\t\t\t<\/div>\n\t\t\t\t<\/div>\n\t\t\t\t<div class=\"elementor-element elementor-element-814e3ca elementor-widget elementor-widget-video\" data-id=\"814e3ca\" data-element_type=\"widget\" data-settings=\"{&quot;youtube_url&quot;:&quot;https:\\\/\\\/www.youtube.com\\\/watch?v=fjzYvmlmJOU&quot;,&quot;show_image_overlay&quot;:&quot;yes&quot;,&quot;image_overlay&quot;:{&quot;url&quot;:&quot;https:\\\/\\\/liquidtool.com\\\/wp-content\\\/uploads\\\/2021\\\/04\\\/Thumbnail_Explainer-Video_2.jpg&quot;,&quot;id&quot;:6629,&quot;size&quot;:&quot;&quot;,&quot;alt&quot;:&quot;Liquidtool Smart coolant management explainer video&quot;,&quot;source&quot;:&quot;library&quot;},&quot;video_type&quot;:&quot;youtube&quot;,&quot;controls&quot;:&quot;yes&quot;}\" data-widget_type=\"video.default\">\n\t\t\t\t<div class=\"elementor-widget-container\">\n\t\t\t\t\t\t\t<div class=\"elementor-wrapper elementor-open-inline\">\n\t\t\t<div class=\"elementor-video\"><\/div>\t\t\t\t<div class=\"elementor-custom-embed-image-overlay\" style=\"background-image: url(https:\/\/liquidtool.com\/wp-content\/uploads\/2021\/04\/Thumbnail_Explainer-Video_2.jpg);\">\n\t\t\t\t\t\t\t\t\t\t\t\t\t\t\t\t<div class=\"elementor-custom-embed-play\" role=\"button\" aria-label=\"Play Video about Liquidtool Smart coolant management explainer video\" tabindex=\"0\">\n\t\t\t\t\t\t\t<i aria-hidden=\"true\" class=\"eicon-play\"><\/i>\t\t\t\t\t\t<\/div>\n\t\t\t\t\t\t\t\t\t<\/div>\n\t\t\t\t\t<\/div>\n\t\t\t\t\t\t<\/div>\n\t\t\t\t<\/div>\n\t\t\t\t\t<\/div>\n\t\t<\/div>\n\t\t\t\t\t<\/div>\n\t\t<\/section>\n\t\t\t\t<\/div>\n\t\t","protected":false},"excerpt":{"rendered":"<p>LIQUIDTOOL Instructor \u00f6vervakar sk\u00e4rv\u00e4tskor med hj\u00e4lp av intelligent teknik LIQUIDTOOL Instructor \u00e4r den f\u00f6rsta intelligenta l\u00f6sningen f\u00f6r \u00f6vervakning av sk\u00e4rv\u00e4tskor som anv\u00e4nder plug &amp; play-teknik och \u00f6vervakar sk\u00e4rv\u00e4tskornas tillst\u00e5nd automatiskt, enkelt och tillf\u00f6rlitligt. Produkten fr\u00e5n det schweiziska nystartade f\u00f6retaget Liquidtool Systems kombinerar intelligent teknik med tillf\u00f6rlitlig sensorteknik f\u00f6r att skapa en innovativ produkt d\u00e4r data [&hellip;]<\/p>\n","protected":false},"author":3,"featured_media":0,"parent":5424,"menu_order":0,"comment_status":"closed","ping_status":"closed","template":"","meta":{"content-type":"","footnotes":""},"class_list":["post-14841","page","type-page","status-publish","hentry"],"_links":{"self":[{"href":"https:\/\/liquidtool.com\/en\/wp-json\/wp\/v2\/pages\/14841","targetHints":{"allow":["GET"]}}],"collection":[{"href":"https:\/\/liquidtool.com\/en\/wp-json\/wp\/v2\/pages"}],"about":[{"href":"https:\/\/liquidtool.com\/en\/wp-json\/wp\/v2\/types\/page"}],"author":[{"embeddable":true,"href":"https:\/\/liquidtool.com\/en\/wp-json\/wp\/v2\/users\/3"}],"replies":[{"embeddable":true,"href":"https:\/\/liquidtool.com\/en\/wp-json\/wp\/v2\/comments?post=14841"}],"version-history":[{"count":14,"href":"https:\/\/liquidtool.com\/en\/wp-json\/wp\/v2\/pages\/14841\/revisions"}],"predecessor-version":[{"id":15159,"href":"https:\/\/liquidtool.com\/en\/wp-json\/wp\/v2\/pages\/14841\/revisions\/15159"}],"up":[{"embeddable":true,"href":"https:\/\/liquidtool.com\/en\/wp-json\/wp\/v2\/pages\/5424"}],"wp:attachment":[{"href":"https:\/\/liquidtool.com\/en\/wp-json\/wp\/v2\/media?parent=14841"}],"curies":[{"name":"wp","href":"https:\/\/api.w.org\/{rel}","templated":true}]}}