{"id":8318,"date":"2021-09-17T10:48:35","date_gmt":"2021-09-17T08:48:35","guid":{"rendered":"http:\/\/liquidtool.com\/?page_id=8318"},"modified":"2024-03-28T16:03:34","modified_gmt":"2024-03-28T15:03:34","slug":"faq","status":"publish","type":"page","link":"https:\/\/liquidtool.com\/de\/liquidpedia\/faq\/","title":{"rendered":"FAQ"},"content":{"rendered":"\t\t<div data-elementor-type=\"wp-page\" data-elementor-id=\"8318\" class=\"elementor elementor-8318 elementor-8317\" data-elementor-post-type=\"page\">\n\t\t\t\t\t\t<section class=\"elementor-section elementor-top-section elementor-element elementor-element-36dc17a lt-section is-dark  elementor-section-height-min-height elementor-reverse-mobile elementor-section-boxed elementor-section-height-default elementor-section-items-middle\" data-id=\"36dc17a\" data-element_type=\"section\" data-settings=\"{&quot;background_background&quot;:&quot;classic&quot;}\">\n\t\t\t\t\t\t<div class=\"elementor-container elementor-column-gap-wider\">\n\t\t\t\t\t<div class=\"elementor-column elementor-col-50 elementor-top-column elementor-element elementor-element-d8069eb\" data-id=\"d8069eb\" data-element_type=\"column\">\n\t\t\t<div class=\"elementor-widget-wrap elementor-element-populated\">\n\t\t\t\t\t\t<div class=\"elementor-element elementor-element-3e05474 lt-breadcrumb elementor-widget elementor-widget-shortcode\" data-id=\"3e05474\" data-element_type=\"widget\" data-widget_type=\"shortcode.default\">\n\t\t\t\t<div class=\"elementor-widget-container\">\n\t\t\t\t\t\t\t<div class=\"elementor-shortcode\"><nav aria-label=\"breadcrumbs\" class=\"rank-math-breadcrumb\"><p><span class=\"last\">Home<\/span><\/p><\/nav><\/div>\n\t\t\t\t\t\t<\/div>\n\t\t\t\t<\/div>\n\t\t\t\t<div class=\"elementor-element elementor-element-8cee5ac elementor-widget elementor-widget-heading\" data-id=\"8cee5ac\" data-element_type=\"widget\" data-widget_type=\"heading.default\">\n\t\t\t\t<div class=\"elementor-widget-container\">\n\t\t\t\t\t<h1 class=\"elementor-heading-title elementor-size-xxl\">H\u00e4ufig gestellte Fragen (FAQ)<\/h1>\t\t\t\t<\/div>\n\t\t\t\t<\/div>\n\t\t\t\t<div class=\"elementor-element elementor-element-5651246 is-lead elementor-widget elementor-widget-text-editor\" data-id=\"5651246\" data-element_type=\"widget\" data-widget_type=\"text-editor.default\">\n\t\t\t\t<div class=\"elementor-widget-container\">\n\t\t\t\t\t\t\t\t\t<p>Ob Sie Fragen zur Bestellung, den Produkten, den Ger\u00e4ten oder zur Datensicherheit haben, hier finden Sie die h\u00e4ufig gestellten Fragen unserer Kunden.<\/p>\n\t\t\t\t\t\t\t\t<\/div>\n\t\t\t\t<\/div>\n\t\t\t\t\t<\/div>\n\t\t<\/div>\n\t\t\t\t<div class=\"elementor-column elementor-col-50 elementor-top-column elementor-element elementor-element-334c81d\" data-id=\"334c81d\" data-element_type=\"column\">\n\t\t\t<div class=\"elementor-widget-wrap elementor-element-populated\">\n\t\t\t\t\t\t<div class=\"elementor-element elementor-element-21fe8b5 elementor-hidden-desktop elementor-hidden-tablet elementor-widget elementor-widget-spacer\" data-id=\"21fe8b5\" data-element_type=\"widget\" data-widget_type=\"spacer.default\">\n\t\t\t\t<div class=\"elementor-widget-container\">\n\t\t\t\t\t\t\t<div class=\"elementor-spacer\">\n\t\t\t<div class=\"elementor-spacer-inner\"><\/div>\n\t\t<\/div>\n\t\t\t\t\t\t<\/div>\n\t\t\t\t<\/div>\n\t\t\t\t\t<\/div>\n\t\t<\/div>\n\t\t\t\t\t<\/div>\n\t\t<\/section>\n\t\t\t\t<section class=\"elementor-section elementor-top-section elementor-element elementor-element-a3b9c89 lt-section has-nobottom elementor-section-boxed elementor-section-height-default elementor-section-height-default\" data-id=\"a3b9c89\" data-element_type=\"section\">\n\t\t\t\t\t\t<div class=\"elementor-container elementor-column-gap-default\">\n\t\t\t\t\t<div class=\"elementor-column elementor-col-100 elementor-top-column elementor-element elementor-element-6356e6a\" data-id=\"6356e6a\" data-element_type=\"column\">\n\t\t\t<div class=\"elementor-widget-wrap elementor-element-populated\">\n\t\t\t\t\t\t<div class=\"elementor-element elementor-element-8db57e9 elementor-widget elementor-widget-heading\" data-id=\"8db57e9\" data-element_type=\"widget\" data-widget_type=\"heading.default\">\n\t\t\t\t<div class=\"elementor-widget-container\">\n\t\t\t\t\t<h2 class=\"elementor-heading-title elementor-size-default\">Die beliebtesten Fragen<\/h2>\t\t\t\t<\/div>\n\t\t\t\t<\/div>\n\t\t\t\t<section class=\"elementor-section elementor-inner-section elementor-element elementor-element-bddd26a elementor-section-full_width elementor-section-content-top elementor-section-height-default elementor-section-height-default\" data-id=\"bddd26a\" data-element_type=\"section\">\n\t\t\t\t\t\t<div class=\"elementor-container elementor-column-gap-default\">\n\t\t\t\t\t<div class=\"elementor-column elementor-col-33 elementor-inner-column elementor-element elementor-element-3ad3541 lt-team__member\" data-id=\"3ad3541\" data-element_type=\"column\" data-settings=\"{&quot;background_background&quot;:&quot;classic&quot;}\">\n\t\t\t<div class=\"elementor-widget-wrap elementor-element-populated\">\n\t\t\t\t\t\t<div class=\"elementor-element elementor-element-cd0bcc0 elementor-widget elementor-widget-heading\" data-id=\"cd0bcc0\" data-element_type=\"widget\" data-widget_type=\"heading.default\">\n\t\t\t\t<div class=\"elementor-widget-container\">\n\t\t\t\t\t<h3 class=\"elementor-heading-title elementor-size-medium\"><a href=\"https:\/\/liquidtool.com\/de\/liquidpedia\/faq\/produkt\/#security-faq\">Wie lautet Ihre Datenschutzrichtlinie?<\/a><\/h3>\t\t\t\t<\/div>\n\t\t\t\t<\/div>\n\t\t\t\t\t<\/div>\n\t\t<\/div>\n\t\t\t\t<div class=\"elementor-column elementor-col-33 elementor-inner-column elementor-element elementor-element-4d4a8fc lt-team__member\" data-id=\"4d4a8fc\" data-element_type=\"column\" data-settings=\"{&quot;background_background&quot;:&quot;classic&quot;}\">\n\t\t\t<div class=\"elementor-widget-wrap elementor-element-populated\">\n\t\t\t\t\t\t<div class=\"elementor-element elementor-element-7e6d0dc elementor-widget elementor-widget-heading\" data-id=\"7e6d0dc\" data-element_type=\"widget\" data-widget_type=\"heading.default\">\n\t\t\t\t<div class=\"elementor-widget-container\">\n\t\t\t\t\t<h3 class=\"elementor-heading-title elementor-size-medium\"><a href=\"https:\/\/liquidtool.com\/de\/liquidpedia\/faq\/technisches\/#installation-faq\">Was muss ich f\u00fcr die Installation des Liquidtool Sensor 01 mitbringen?<\/a><\/h3>\t\t\t\t<\/div>\n\t\t\t\t<\/div>\n\t\t\t\t\t<\/div>\n\t\t<\/div>\n\t\t\t\t<div class=\"elementor-column elementor-col-33 elementor-inner-column elementor-element elementor-element-98c32a9 lt-team__member\" data-id=\"98c32a9\" data-element_type=\"column\" data-settings=\"{&quot;background_background&quot;:&quot;classic&quot;}\">\n\t\t\t<div class=\"elementor-widget-wrap elementor-element-populated\">\n\t\t\t\t\t\t<div class=\"elementor-element elementor-element-9fe902c elementor-widget elementor-widget-heading\" data-id=\"9fe902c\" data-element_type=\"widget\" data-widget_type=\"heading.default\">\n\t\t\t\t<div class=\"elementor-widget-container\">\n\t\t\t\t\t<h3 class=\"elementor-heading-title elementor-size-medium\"><a href=\"https:\/\/liquidtool.com\/de\/liquidpedia\/faq\/produkt\/#device-faq\">Wie kann ich den Liquidtool Sensor 01 registrieren?<\/a><\/h3>\t\t\t\t<\/div>\n\t\t\t\t<\/div>\n\t\t\t\t\t<\/div>\n\t\t<\/div>\n\t\t\t\t\t<\/div>\n\t\t<\/section>\n\t\t\t\t\t<\/div>\n\t\t<\/div>\n\t\t\t\t\t<\/div>\n\t\t<\/section>\n\t\t\t\t<section class=\"elementor-section elementor-top-section elementor-element elementor-element-4631c8a lt-section elementor-section-boxed elementor-section-height-default elementor-section-height-default\" data-id=\"4631c8a\" data-element_type=\"section\">\n\t\t\t\t\t\t<div class=\"elementor-container elementor-column-gap-default\">\n\t\t\t\t\t<div class=\"elementor-column elementor-col-100 elementor-top-column elementor-element elementor-element-8c2d73a\" data-id=\"8c2d73a\" data-element_type=\"column\">\n\t\t\t<div class=\"elementor-widget-wrap elementor-element-populated\">\n\t\t\t\t\t\t<div class=\"elementor-element elementor-element-d0b25ce elementor-widget elementor-widget-heading\" data-id=\"d0b25ce\" data-element_type=\"widget\" data-widget_type=\"heading.default\">\n\t\t\t\t<div class=\"elementor-widget-container\">\n\t\t\t\t\t<h2 class=\"elementor-heading-title elementor-size-default\">Alle Kategorien<\/h2>\t\t\t\t<\/div>\n\t\t\t\t<\/div>\n\t\t\t\t<section class=\"elementor-section elementor-inner-section elementor-element elementor-element-20d3edd elementor-section-full_width elementor-section-content-top elementor-section-height-default elementor-section-height-default\" data-id=\"20d3edd\" data-element_type=\"section\">\n\t\t\t\t\t\t<div class=\"elementor-container elementor-column-gap-default\">\n\t\t\t\t\t<div class=\"elementor-column elementor-col-33 elementor-inner-column elementor-element elementor-element-d4be76f lt-team__member\" data-id=\"d4be76f\" data-element_type=\"column\" data-settings=\"{&quot;background_background&quot;:&quot;classic&quot;}\">\n\t\t\t<div class=\"elementor-widget-wrap elementor-element-populated\">\n\t\t\t\t\t\t<div class=\"elementor-element elementor-element-55fd6b4 elementor-widget elementor-widget-image\" data-id=\"55fd6b4\" data-element_type=\"widget\" data-widget_type=\"image.default\">\n\t\t\t\t<div class=\"elementor-widget-container\">\n\t\t\t\t\t\t\t\t\t\t\t\t\t\t\t\t<a href=\"https:\/\/liquidtool.com\/de\/liquidpedia\/faq\/bestellung\/\">\n\t\t\t\t\t\t\t<img fetchpriority=\"high\" decoding=\"async\" width=\"800\" height=\"450\" src=\"https:\/\/liquidtool.com\/wp-content\/uploads\/2022\/06\/faq_ordering-1024x576.png\" class=\"attachment-large size-large wp-image-13544\" alt=\"\" srcset=\"https:\/\/liquidtool.com\/wp-content\/uploads\/2022\/06\/faq_ordering-1024x576.png 1024w, https:\/\/liquidtool.com\/wp-content\/uploads\/2022\/06\/faq_ordering-300x169.png 300w, https:\/\/liquidtool.com\/wp-content\/uploads\/2022\/06\/faq_ordering-768x432.png 768w, https:\/\/liquidtool.com\/wp-content\/uploads\/2022\/06\/faq_ordering-1536x864.png 1536w, https:\/\/liquidtool.com\/wp-content\/uploads\/2022\/06\/faq_ordering.png 1600w\" sizes=\"(max-width: 800px) 100vw, 800px\" title=\"\">\t\t\t\t\t\t\t\t<\/a>\n\t\t\t\t\t\t\t\t\t\t\t\t\t\t\t<\/div>\n\t\t\t\t<\/div>\n\t\t\t\t<div class=\"elementor-element elementor-element-108d452 elementor-widget elementor-widget-heading\" data-id=\"108d452\" data-element_type=\"widget\" data-widget_type=\"heading.default\">\n\t\t\t\t<div class=\"elementor-widget-container\">\n\t\t\t\t\t<h3 class=\"elementor-heading-title elementor-size-medium\"><a href=\"https:\/\/liquidtool.com\/de\/liquidpedia\/faq\/bestellung\/\">Bestellung<\/a><\/h3>\t\t\t\t<\/div>\n\t\t\t\t<\/div>\n\t\t\t\t<div class=\"elementor-element elementor-element-ca80c11 elementor-widget elementor-widget-button\" data-id=\"ca80c11\" data-element_type=\"widget\" data-widget_type=\"button.default\">\n\t\t\t\t<div class=\"elementor-widget-container\">\n\t\t\t\t\t\t\t\t\t<div class=\"elementor-button-wrapper\">\n\t\t\t\t\t<a class=\"elementor-button elementor-button-link elementor-size-sm\" href=\"https:\/\/liquidtool.com\/de\/liquidpedia\/faq\/bestellung\/\">\n\t\t\t\t\t\t<span class=\"elementor-button-content-wrapper\">\n\t\t\t\t\t\t\t\t\t<span class=\"elementor-button-text\">Lesen<\/span>\n\t\t\t\t\t<\/span>\n\t\t\t\t\t<\/a>\n\t\t\t\t<\/div>\n\t\t\t\t\t\t\t\t<\/div>\n\t\t\t\t<\/div>\n\t\t\t\t\t<\/div>\n\t\t<\/div>\n\t\t\t\t<div class=\"elementor-column elementor-col-33 elementor-inner-column elementor-element elementor-element-b90ea6c lt-team__member\" data-id=\"b90ea6c\" data-element_type=\"column\" data-settings=\"{&quot;background_background&quot;:&quot;classic&quot;}\">\n\t\t\t<div class=\"elementor-widget-wrap elementor-element-populated\">\n\t\t\t\t\t\t<div class=\"elementor-element elementor-element-107644c elementor-widget elementor-widget-image\" data-id=\"107644c\" data-element_type=\"widget\" data-widget_type=\"image.default\">\n\t\t\t\t<div class=\"elementor-widget-container\">\n\t\t\t\t\t\t\t\t\t\t\t\t\t\t\t\t<a href=\"https:\/\/liquidtool.com\/de\/liquidpedia\/faq\/produkt\/\">\n\t\t\t\t\t\t\t<img decoding=\"async\" width=\"800\" height=\"450\" src=\"https:\/\/liquidtool.com\/wp-content\/uploads\/2022\/06\/faq_product-1024x576.png\" class=\"attachment-large size-large wp-image-13556\" alt=\"\" srcset=\"https:\/\/liquidtool.com\/wp-content\/uploads\/2022\/06\/faq_product-1024x576.png 1024w, https:\/\/liquidtool.com\/wp-content\/uploads\/2022\/06\/faq_product-300x169.png 300w, https:\/\/liquidtool.com\/wp-content\/uploads\/2022\/06\/faq_product-768x432.png 768w, https:\/\/liquidtool.com\/wp-content\/uploads\/2022\/06\/faq_product-1536x864.png 1536w, https:\/\/liquidtool.com\/wp-content\/uploads\/2022\/06\/faq_product.png 1600w\" sizes=\"(max-width: 800px) 100vw, 800px\" title=\"\">\t\t\t\t\t\t\t\t<\/a>\n\t\t\t\t\t\t\t\t\t\t\t\t\t\t\t<\/div>\n\t\t\t\t<\/div>\n\t\t\t\t<div class=\"elementor-element elementor-element-1379457 elementor-widget elementor-widget-heading\" data-id=\"1379457\" data-element_type=\"widget\" data-widget_type=\"heading.default\">\n\t\t\t\t<div class=\"elementor-widget-container\">\n\t\t\t\t\t<h3 class=\"elementor-heading-title elementor-size-medium\"><a href=\"https:\/\/liquidtool.com\/de\/liquidpedia\/faq\/produkt\/\">Product<\/a><\/h3>\t\t\t\t<\/div>\n\t\t\t\t<\/div>\n\t\t\t\t<div class=\"elementor-element elementor-element-c4ce8d8 elementor-widget elementor-widget-button\" data-id=\"c4ce8d8\" data-element_type=\"widget\" data-widget_type=\"button.default\">\n\t\t\t\t<div class=\"elementor-widget-container\">\n\t\t\t\t\t\t\t\t\t<div class=\"elementor-button-wrapper\">\n\t\t\t\t\t<a class=\"elementor-button elementor-button-link elementor-size-sm\" href=\"https:\/\/liquidtool.com\/de\/liquidpedia\/faq\/produkt\/\">\n\t\t\t\t\t\t<span class=\"elementor-button-content-wrapper\">\n\t\t\t\t\t\t\t\t\t<span class=\"elementor-button-text\">Lesen<\/span>\n\t\t\t\t\t<\/span>\n\t\t\t\t\t<\/a>\n\t\t\t\t<\/div>\n\t\t\t\t\t\t\t\t<\/div>\n\t\t\t\t<\/div>\n\t\t\t\t\t<\/div>\n\t\t<\/div>\n\t\t\t\t<div class=\"elementor-column elementor-col-33 elementor-inner-column elementor-element elementor-element-92ea888 lt-team__member\" data-id=\"92ea888\" data-element_type=\"column\" data-settings=\"{&quot;background_background&quot;:&quot;classic&quot;}\">\n\t\t\t<div class=\"elementor-widget-wrap elementor-element-populated\">\n\t\t\t\t\t\t<div class=\"elementor-element elementor-element-a7a015e elementor-widget elementor-widget-image\" data-id=\"a7a015e\" data-element_type=\"widget\" data-widget_type=\"image.default\">\n\t\t\t\t<div class=\"elementor-widget-container\">\n\t\t\t\t\t\t\t\t\t\t\t\t\t\t\t\t<a href=\"https:\/\/liquidtool.com\/de\/liquidpedia\/faq\/technisches\/\">\n\t\t\t\t\t\t\t<img decoding=\"async\" width=\"800\" height=\"450\" src=\"https:\/\/liquidtool.com\/wp-content\/uploads\/2022\/06\/faq_technical-1024x576.png\" class=\"attachment-large size-large wp-image-13568\" alt=\"\" srcset=\"https:\/\/liquidtool.com\/wp-content\/uploads\/2022\/06\/faq_technical-1024x576.png 1024w, https:\/\/liquidtool.com\/wp-content\/uploads\/2022\/06\/faq_technical-300x169.png 300w, https:\/\/liquidtool.com\/wp-content\/uploads\/2022\/06\/faq_technical-768x432.png 768w, https:\/\/liquidtool.com\/wp-content\/uploads\/2022\/06\/faq_technical-1536x864.png 1536w, https:\/\/liquidtool.com\/wp-content\/uploads\/2022\/06\/faq_technical.png 1600w\" sizes=\"(max-width: 800px) 100vw, 800px\" title=\"\">\t\t\t\t\t\t\t\t<\/a>\n\t\t\t\t\t\t\t\t\t\t\t\t\t\t\t<\/div>\n\t\t\t\t<\/div>\n\t\t\t\t<div class=\"elementor-element elementor-element-1f6e2c5 elementor-widget elementor-widget-heading\" data-id=\"1f6e2c5\" data-element_type=\"widget\" data-widget_type=\"heading.default\">\n\t\t\t\t<div class=\"elementor-widget-container\">\n\t\t\t\t\t<h3 class=\"elementor-heading-title elementor-size-medium\"><a href=\"https:\/\/liquidtool.com\/de\/liquidpedia\/faq\/technisches\/\">Technisches<\/a><\/h3>\t\t\t\t<\/div>\n\t\t\t\t<\/div>\n\t\t\t\t<div class=\"elementor-element elementor-element-53b0c5d elementor-widget elementor-widget-button\" data-id=\"53b0c5d\" data-element_type=\"widget\" data-widget_type=\"button.default\">\n\t\t\t\t<div class=\"elementor-widget-container\">\n\t\t\t\t\t\t\t\t\t<div class=\"elementor-button-wrapper\">\n\t\t\t\t\t<a class=\"elementor-button elementor-button-link elementor-size-sm\" href=\"https:\/\/liquidtool.com\/de\/liquidpedia\/faq\/technisches\/\">\n\t\t\t\t\t\t<span class=\"elementor-button-content-wrapper\">\n\t\t\t\t\t\t\t\t\t<span class=\"elementor-button-text\">Lesen<\/span>\n\t\t\t\t\t<\/span>\n\t\t\t\t\t<\/a>\n\t\t\t\t<\/div>\n\t\t\t\t\t\t\t\t<\/div>\n\t\t\t\t<\/div>\n\t\t\t\t\t<\/div>\n\t\t<\/div>\n\t\t\t\t\t<\/div>\n\t\t<\/section>\n\t\t\t\t\t<\/div>\n\t\t<\/div>\n\t\t\t\t\t<\/div>\n\t\t<\/section>\n\t\t\t\t<section class=\"elementor-section elementor-top-section elementor-element elementor-element-835c606 elementor-section-content-middle lt-section has-notop  elementor-reverse-mobile elementor-section-boxed elementor-section-height-default elementor-section-height-default\" data-id=\"835c606\" data-element_type=\"section\" data-settings=\"{&quot;background_background&quot;:&quot;classic&quot;}\">\n\t\t\t\t\t\t<div class=\"elementor-container elementor-column-gap-wider\">\n\t\t\t\t\t<div class=\"elementor-column elementor-col-100 elementor-top-column elementor-element elementor-element-4687fbd\" data-id=\"4687fbd\" data-element_type=\"column\">\n\t\t\t<div class=\"elementor-widget-wrap elementor-element-populated\">\n\t\t\t\t\t\t<div class=\"elementor-element elementor-element-1a8537b elementor-widget elementor-widget-heading\" data-id=\"1a8537b\" data-element_type=\"widget\" data-widget_type=\"heading.default\">\n\t\t\t\t<div class=\"elementor-widget-container\">\n\t\t\t\t\t<h2 class=\"elementor-heading-title elementor-size-xl\">Haben Sie etwas vermisst?<\/h2>\t\t\t\t<\/div>\n\t\t\t\t<\/div>\n\t\t\t\t<section class=\"elementor-section elementor-inner-section elementor-element elementor-element-819651b elementor-section-full_width elementor-section-height-default elementor-section-height-default\" data-id=\"819651b\" data-element_type=\"section\">\n\t\t\t\t\t\t<div class=\"elementor-container elementor-column-gap-wide\">\n\t\t\t\t\t<div class=\"elementor-column elementor-col-50 elementor-inner-column elementor-element elementor-element-c390701\" data-id=\"c390701\" data-element_type=\"column\">\n\t\t\t<div class=\"elementor-widget-wrap elementor-element-populated\">\n\t\t\t\t\t\t<div class=\"elementor-element elementor-element-da656b0 elementor-view-stacked elementor-shape-circle elementor-position-block-start elementor-mobile-position-block-start elementor-widget elementor-widget-icon-box\" data-id=\"da656b0\" data-element_type=\"widget\" data-widget_type=\"icon-box.default\">\n\t\t\t\t<div class=\"elementor-widget-container\">\n\t\t\t\t\t\t\t<div class=\"elementor-icon-box-wrapper\">\n\n\t\t\t\t\t\t<div class=\"elementor-icon-box-icon\">\n\t\t\t\t<a href=\"tel:+41345116151\" class=\"elementor-icon\" tabindex=\"-1\" aria-label=\"0041 34 511 61 51\">\n\t\t\t\t<i aria-hidden=\"true\" class=\"fal fa-phone-rotary\"><\/i>\t\t\t\t<\/a>\n\t\t\t<\/div>\n\t\t\t\n\t\t\t\t\t\t<div class=\"elementor-icon-box-content\">\n\n\t\t\t\t\t\t\t\t\t<h3 class=\"elementor-icon-box-title\">\n\t\t\t\t\t\t<a href=\"tel:+41345116151\" >\n\t\t\t\t\t\t\t0041 34 511 61 51\t\t\t\t\t\t<\/a>\n\t\t\t\t\t<\/h3>\n\t\t\t\t\n\t\t\t\t\n\t\t\t<\/div>\n\t\t\t\n\t\t<\/div>\n\t\t\t\t\t\t<\/div>\n\t\t\t\t<\/div>\n\t\t\t\t\t<\/div>\n\t\t<\/div>\n\t\t\t\t<div class=\"elementor-column elementor-col-50 elementor-inner-column elementor-element elementor-element-b89c13c\" data-id=\"b89c13c\" data-element_type=\"column\">\n\t\t\t<div class=\"elementor-widget-wrap elementor-element-populated\">\n\t\t\t\t\t\t<div class=\"elementor-element elementor-element-aacbed2 elementor-view-stacked elementor-shape-circle elementor-position-block-start elementor-mobile-position-block-start elementor-widget elementor-widget-icon-box\" data-id=\"aacbed2\" data-element_type=\"widget\" data-widget_type=\"icon-box.default\">\n\t\t\t\t<div class=\"elementor-widget-container\">\n\t\t\t\t\t\t\t<div class=\"elementor-icon-box-wrapper\">\n\n\t\t\t\t\t\t<div class=\"elementor-icon-box-icon\">\n\t\t\t\t<a href=\"http:\/\/mailxto.com\/9rbj62dn1t\" class=\"elementor-icon\" tabindex=\"-1\" aria-label=\"support@liquidtool.com\" target=\"_blank\" rel=\"noopener\">\n\t\t\t\t<i aria-hidden=\"true\" class=\"fal fa-envelope\"><\/i>\t\t\t\t<\/a>\n\t\t\t<\/div>\n\t\t\t\n\t\t\t\t\t\t<div class=\"elementor-icon-box-content\">\n\n\t\t\t\t\t\t\t\t\t<h3 class=\"elementor-icon-box-title\">\n\t\t\t\t\t\t<a href=\"http:\/\/mailxto.com\/9rbj62dn1t\" target=\"_blank\" rel=\"noopener\">\n\t\t\t\t\t\t\tsupport@liquidtool.com\t\t\t\t\t\t<\/a>\n\t\t\t\t\t<\/h3>\n\t\t\t\t\n\t\t\t\t\n\t\t\t<\/div>\n\t\t\t\n\t\t<\/div>\n\t\t\t\t\t\t<\/div>\n\t\t\t\t<\/div>\n\t\t\t\t\t<\/div>\n\t\t<\/div>\n\t\t\t\t\t<\/div>\n\t\t<\/section>\n\t\t\t\t\t<\/div>\n\t\t<\/div>\n\t\t\t\t\t<\/div>\n\t\t<\/section>\n\t\t\t\t<\/div>\n\t\t","protected":false},"excerpt":{"rendered":"<p>H\u00e4ufig gestellte Fragen (FAQ) Ob Sie Fragen zur Bestellung, den Produkten, den Ger\u00e4ten oder zur Datensicherheit haben, hier finden Sie die h\u00e4ufig gestellten Fragen unserer Kunden. Die beliebtesten Fragen Wie lautet Ihre Datenschutzrichtlinie? Was muss ich f\u00fcr die Installation des Liquidtool Sensor 01 mitbringen? Wie kann ich den Liquidtool Sensor 01 registrieren? Alle Kategorien Bestellung [&hellip;]<\/p>\n","protected":false},"author":3,"featured_media":0,"parent":5219,"menu_order":99,"comment_status":"closed","ping_status":"open","template":"","meta":{"content-type":"","footnotes":""},"class_list":["post-8318","page","type-page","status-publish","hentry"],"_links":{"self":[{"href":"https:\/\/liquidtool.com\/de\/wp-json\/wp\/v2\/pages\/8318","targetHints":{"allow":["GET"]}}],"collection":[{"href":"https:\/\/liquidtool.com\/de\/wp-json\/wp\/v2\/pages"}],"about":[{"href":"https:\/\/liquidtool.com\/de\/wp-json\/wp\/v2\/types\/page"}],"author":[{"embeddable":true,"href":"https:\/\/liquidtool.com\/de\/wp-json\/wp\/v2\/users\/3"}],"replies":[{"embeddable":true,"href":"https:\/\/liquidtool.com\/de\/wp-json\/wp\/v2\/comments?post=8318"}],"version-history":[{"count":15,"href":"https:\/\/liquidtool.com\/de\/wp-json\/wp\/v2\/pages\/8318\/revisions"}],"predecessor-version":[{"id":34975,"href":"https:\/\/liquidtool.com\/de\/wp-json\/wp\/v2\/pages\/8318\/revisions\/34975"}],"up":[{"embeddable":true,"href":"https:\/\/liquidtool.com\/de\/wp-json\/wp\/v2\/pages\/5219"}],"wp:attachment":[{"href":"https:\/\/liquidtool.com\/de\/wp-json\/wp\/v2\/media?parent=8318"}],"curies":[{"name":"wp","href":"https:\/\/api.w.org\/{rel}","templated":true}]}}