{"id":7906,"date":"2021-07-15T09:40:49","date_gmt":"2021-07-15T07:40:49","guid":{"rendered":"http:\/\/liquidtool.com\/?page_id=7906"},"modified":"2024-11-26T06:59:02","modified_gmt":"2024-11-26T05:59:02","slug":"demo-vereinbaren","status":"publish","type":"page","link":"https:\/\/liquidtool.com\/de\/produkte\/demo-vereinbaren\/","title":{"rendered":"Demo anfragen"},"content":{"rendered":"\t\t<div data-elementor-type=\"wp-page\" data-elementor-id=\"7906\" class=\"elementor elementor-7906 elementor-7905\" data-elementor-post-type=\"page\">\n\t\t\t\t\t\t<section class=\"elementor-section elementor-top-section elementor-element elementor-element-b408943 lt-section has-nobottom elementor-section-boxed elementor-section-height-default elementor-section-height-default\" data-id=\"b408943\" data-element_type=\"section\">\n\t\t\t\t\t\t<div class=\"elementor-container elementor-column-gap-default\">\n\t\t\t\t\t<div class=\"elementor-column elementor-col-100 elementor-top-column elementor-element elementor-element-5b33b49\" data-id=\"5b33b49\" data-element_type=\"column\" data-settings=\"{&quot;background_background&quot;:&quot;classic&quot;}\">\n\t\t\t<div class=\"elementor-widget-wrap elementor-element-populated\">\n\t\t\t\t\t\t<div class=\"elementor-element elementor-element-d7713cb lt-breadcrumb elementor-widget elementor-widget-shortcode\" data-id=\"d7713cb\" data-element_type=\"widget\" data-widget_type=\"shortcode.default\">\n\t\t\t\t<div class=\"elementor-widget-container\">\n\t\t\t\t\t\t\t<div class=\"elementor-shortcode\"><nav aria-label=\"breadcrumbs\" class=\"rank-math-breadcrumb\"><p><span class=\"last\">Home<\/span><\/p><\/nav><\/div>\n\t\t\t\t\t\t<\/div>\n\t\t\t\t<\/div>\n\t\t\t\t<div class=\"elementor-element elementor-element-089e021 elementor-widget elementor-widget-heading\" data-id=\"089e021\" data-element_type=\"widget\" data-widget_type=\"heading.default\">\n\t\t\t\t<div class=\"elementor-widget-container\">\n\t\t\t\t\t<h1 class=\"elementor-heading-title elementor-size-xl\">M\u00f6chten Sie mit einem Profi von Liquidtool sprechen?<\/h1>\t\t\t\t<\/div>\n\t\t\t\t<\/div>\n\t\t\t\t<section class=\"elementor-section elementor-inner-section elementor-element elementor-element-01113f5 elementor-section-full_width elementor-section-content-middle elementor-section-height-default elementor-section-height-default\" data-id=\"01113f5\" data-element_type=\"section\">\n\t\t\t\t\t\t<div class=\"elementor-container elementor-column-gap-no\">\n\t\t\t\t\t<div class=\"elementor-column elementor-col-66 elementor-inner-column elementor-element elementor-element-6654d23\" data-id=\"6654d23\" data-element_type=\"column\">\n\t\t\t<div class=\"elementor-widget-wrap elementor-element-populated\">\n\t\t\t\t\t\t<div class=\"elementor-element elementor-element-6104215 elementor-widget elementor-widget-text-editor\" data-id=\"6104215\" data-element_type=\"widget\" data-widget_type=\"text-editor.default\">\n\t\t\t\t<div class=\"elementor-widget-container\">\n\t\t\t\t\t\t\t\t\t<p>Unsere Experten nehmen sich gerne Zeit f\u00fcr Sie und sprechen mit Ihnen gerne \u00fcber smartes K\u00fchlschmierstoff-Management und die Digitalisierung der Werkstatt.<\/p>\n<p>Bitte w\u00e4hlen Sie unten ein passendes Datum und eine Uhrzeit aus und f\u00fcllen Sie die Details im Formular aus.<\/p>\n<p>Das Online-Meeting wird \u00fcber Microsoft Teams durchgef\u00fchrt und kann auf Deutsch oder Englisch abgehalten werden.<\/p>\n\t\t\t\t\t\t\t\t<\/div>\n\t\t\t\t<\/div>\n\t\t\t\t\t<\/div>\n\t\t<\/div>\n\t\t\t\t<div class=\"elementor-column elementor-col-33 elementor-inner-column elementor-element elementor-element-e0bf210\" data-id=\"e0bf210\" data-element_type=\"column\">\n\t\t\t<div class=\"elementor-widget-wrap elementor-element-populated\">\n\t\t\t\t\t\t<div class=\"elementor-element elementor-element-1e60d50 elementor-widget elementor-widget-image\" data-id=\"1e60d50\" data-element_type=\"widget\" data-widget_type=\"image.default\">\n\t\t\t\t<div class=\"elementor-widget-container\">\n\t\t\t\t\t\t\t\t\t\t\t\t\t\t\t<img fetchpriority=\"high\" decoding=\"async\" width=\"300\" height=\"300\" src=\"https:\/\/liquidtool.com\/wp-content\/uploads\/2023\/03\/Sales-team-300x300.png\" class=\"attachment-medium size-medium wp-image-16534\" alt=\"\" srcset=\"https:\/\/liquidtool.com\/wp-content\/uploads\/2023\/03\/Sales-team-300x300.png 300w, https:\/\/liquidtool.com\/wp-content\/uploads\/2023\/03\/Sales-team-1024x1024.png 1024w, https:\/\/liquidtool.com\/wp-content\/uploads\/2023\/03\/Sales-team-150x150.png 150w, https:\/\/liquidtool.com\/wp-content\/uploads\/2023\/03\/Sales-team-768x768.png 768w, https:\/\/liquidtool.com\/wp-content\/uploads\/2023\/03\/elementor\/thumbs\/Sales-team-q2zbw3hvfxkzmkdgec1r96qbdkgi0788urmd9ioxts.png 800w, https:\/\/liquidtool.com\/wp-content\/uploads\/2023\/03\/Sales-team.png 1200w\" sizes=\"(max-width: 300px) 100vw, 300px\" title=\"\">\t\t\t\t\t\t\t\t\t\t\t\t\t\t\t<\/div>\n\t\t\t\t<\/div>\n\t\t\t\t\t<\/div>\n\t\t<\/div>\n\t\t\t\t\t<\/div>\n\t\t<\/section>\n\t\t\t\t\t<\/div>\n\t\t<\/div>\n\t\t\t\t\t<\/div>\n\t\t<\/section>\n\t\t\t\t<section class=\"elementor-section elementor-top-section elementor-element elementor-element-2dc138c elementor-section-boxed elementor-section-height-default elementor-section-height-default\" data-id=\"2dc138c\" data-element_type=\"section\">\n\t\t\t\t\t\t<div class=\"elementor-container elementor-column-gap-default\">\n\t\t\t\t\t<div class=\"elementor-column elementor-col-100 elementor-top-column elementor-element elementor-element-0c06a48\" data-id=\"0c06a48\" data-element_type=\"column\">\n\t\t\t<div class=\"elementor-widget-wrap elementor-element-populated\">\n\t\t\t\t\t\t<div class=\"elementor-element elementor-element-9ff0fba elementor-widget elementor-widget-hubspot-meeting\" data-id=\"9ff0fba\" data-element_type=\"widget\" data-widget_type=\"hubspot-meeting.default\">\n\t\t\t\t<div class=\"elementor-widget-container\">\n\t\t\t\t\t\n\t\t<div class=\"meetings-iframe-container\" data-src=\"https:\/\/meetings-eu1.hubspot.com\/daniel-brawand\/de-website-book-a-meeting?embed=true\"><\/div>\n\t\t<script>\n\t\t\tif(window.hbspt && window.hbspt.meetings){\n\t\t\t\twindow.hbspt.meetings.create(\".meetings-iframe-container\");\n\t\t\t}\n\t\t\t<\/script>\n\t\t\t\t\t\t<\/div>\n\t\t\t\t<\/div>\n\t\t\t\t\t<\/div>\n\t\t<\/div>\n\t\t\t\t\t<\/div>\n\t\t<\/section>\n\t\t\t\t<\/div>\n\t\t","protected":false},"excerpt":{"rendered":"<p>M\u00f6chten Sie mit einem Profi von Liquidtool sprechen? Unsere Experten nehmen sich gerne Zeit f\u00fcr Sie und sprechen mit Ihnen gerne \u00fcber smartes K\u00fchlschmierstoff-Management und die Digitalisierung der Werkstatt. Bitte w\u00e4hlen Sie unten ein passendes Datum und eine Uhrzeit aus und f\u00fcllen Sie die Details im Formular aus. Das Online-Meeting wird \u00fcber Microsoft Teams durchgef\u00fchrt [&hellip;]<\/p>\n","protected":false},"author":3,"featured_media":0,"parent":12382,"menu_order":6,"comment_status":"closed","ping_status":"closed","template":"","meta":{"content-type":"","footnotes":""},"class_list":["post-7906","page","type-page","status-publish","hentry"],"_links":{"self":[{"href":"https:\/\/liquidtool.com\/de\/wp-json\/wp\/v2\/pages\/7906","targetHints":{"allow":["GET"]}}],"collection":[{"href":"https:\/\/liquidtool.com\/de\/wp-json\/wp\/v2\/pages"}],"about":[{"href":"https:\/\/liquidtool.com\/de\/wp-json\/wp\/v2\/types\/page"}],"author":[{"embeddable":true,"href":"https:\/\/liquidtool.com\/de\/wp-json\/wp\/v2\/users\/3"}],"replies":[{"embeddable":true,"href":"https:\/\/liquidtool.com\/de\/wp-json\/wp\/v2\/comments?post=7906"}],"version-history":[{"count":17,"href":"https:\/\/liquidtool.com\/de\/wp-json\/wp\/v2\/pages\/7906\/revisions"}],"predecessor-version":[{"id":37340,"href":"https:\/\/liquidtool.com\/de\/wp-json\/wp\/v2\/pages\/7906\/revisions\/37340"}],"up":[{"embeddable":true,"href":"https:\/\/liquidtool.com\/de\/wp-json\/wp\/v2\/pages\/12382"}],"wp:attachment":[{"href":"https:\/\/liquidtool.com\/de\/wp-json\/wp\/v2\/media?parent=7906"}],"curies":[{"name":"wp","href":"https:\/\/api.w.org\/{rel}","templated":true}]}}