{"id":5370,"date":"2021-03-10T15:56:18","date_gmt":"2021-03-10T14:56:18","guid":{"rendered":"http:\/\/liquidtool.com\/?page_id=5370"},"modified":"2024-07-04T15:27:45","modified_gmt":"2024-07-04T13:27:45","slug":"leading-edge","status":"publish","type":"page","link":"https:\/\/liquidtool.com\/de\/liquidpedia\/leading-edge\/","title":{"rendered":"Leading Edge Technologien"},"content":{"rendered":"\t\t<div data-elementor-type=\"wp-page\" data-elementor-id=\"5370\" class=\"elementor elementor-5370 elementor-5369\" data-elementor-post-type=\"page\">\n\t\t\t\t\t\t<section class=\"elementor-section elementor-top-section elementor-element elementor-element-407cb4a lt-section elementor-section-boxed elementor-section-height-default elementor-section-height-default\" data-id=\"407cb4a\" data-element_type=\"section\" id=\"team\">\n\t\t\t\t\t\t<div class=\"elementor-container elementor-column-gap-default\">\n\t\t\t\t\t<div class=\"elementor-column elementor-col-100 elementor-top-column elementor-element elementor-element-dc0c7dc bg-news\" data-id=\"dc0c7dc\" data-element_type=\"column\" data-settings=\"{&quot;background_background&quot;:&quot;classic&quot;}\">\n\t\t\t<div class=\"elementor-widget-wrap elementor-element-populated\">\n\t\t\t\t\t\t<div class=\"elementor-element elementor-element-057323e lt-breadcrumb elementor-widget elementor-widget-shortcode\" data-id=\"057323e\" data-element_type=\"widget\" data-widget_type=\"shortcode.default\">\n\t\t\t\t<div class=\"elementor-widget-container\">\n\t\t\t\t\t\t\t<div class=\"elementor-shortcode\"><nav aria-label=\"breadcrumbs\" class=\"rank-math-breadcrumb\"><p><span class=\"last\">Home<\/span><\/p><\/nav><\/div>\n\t\t\t\t\t\t<\/div>\n\t\t\t\t<\/div>\n\t\t\t\t<div class=\"elementor-element elementor-element-00c9cb8 elementor-widget elementor-widget-heading\" data-id=\"00c9cb8\" data-element_type=\"widget\" data-widget_type=\"heading.default\">\n\t\t\t\t<div class=\"elementor-widget-container\">\n\t\t\t\t\t<h1 class=\"elementor-heading-title elementor-size-default\">Von Industrie 1.0 zu 6.0 und dar\u00fcber hinaus: Die Entwicklung von Spitzentechnologien<\/h1>\t\t\t\t<\/div>\n\t\t\t\t<\/div>\n\t\t\t\t<div class=\"elementor-element elementor-element-c8699b2 elementor-widget elementor-widget-text-editor\" data-id=\"c8699b2\" data-element_type=\"widget\" data-widget_type=\"text-editor.default\">\n\t\t\t\t<div class=\"elementor-widget-container\">\n\t\t\t\t\t\t\t\t\t<p>Wenn Komponenten selbstst\u00e4ndig mit der Produktionsanlage kommunizieren und sich im Bedarfsfall selbst reparieren k\u00f6nnen &#8211; wenn Menschen, Maschinen und der industrielle Prozess intelligent vernetzt sind, spricht man von Industrie 4.0. Wie sind wir so weit gekommen und was wird die Zukunft bringen?<\/p>\n\t\t\t\t\t\t\t\t<\/div>\n\t\t\t\t<\/div>\n\t\t\t\t<div class=\"elementor-element elementor-element-6942b28 has-scroll-effect elementor-widget elementor-widget-image\" data-id=\"6942b28\" data-element_type=\"widget\" data-settings=\"{&quot;motion_fx_motion_fx_scrolling&quot;:&quot;yes&quot;,&quot;motion_fx_translateY_effect&quot;:&quot;yes&quot;,&quot;motion_fx_translateY_speed&quot;:{&quot;unit&quot;:&quot;px&quot;,&quot;size&quot;:1,&quot;sizes&quot;:[]},&quot;motion_fx_translateY_affectedRange&quot;:{&quot;unit&quot;:&quot;%&quot;,&quot;size&quot;:&quot;&quot;,&quot;sizes&quot;:{&quot;start&quot;:0,&quot;end&quot;:100}},&quot;motion_fx_devices&quot;:[&quot;desktop&quot;,&quot;tablet&quot;,&quot;mobile&quot;]}\" data-widget_type=\"image.default\">\n\t\t\t\t<div class=\"elementor-widget-container\">\n\t\t\t\t\t\t\t\t\t\t\t\t\t\t\t<img fetchpriority=\"high\" decoding=\"async\" width=\"800\" height=\"533\" src=\"https:\/\/liquidtool.com\/wp-content\/uploads\/2021\/03\/liquidpedia_leading-edge-1024x682.jpg\" class=\"attachment-large size-large wp-image-5652\" alt=\"Von der Industrie 1.0 zur Industrie 4.0 und \u00fcber die Industrie 5.0 hinaus\" srcset=\"https:\/\/liquidtool.com\/wp-content\/uploads\/2021\/03\/liquidpedia_leading-edge-1024x682.jpg 1024w, https:\/\/liquidtool.com\/wp-content\/uploads\/2021\/03\/liquidpedia_leading-edge-300x200.jpg 300w, https:\/\/liquidtool.com\/wp-content\/uploads\/2021\/03\/liquidpedia_leading-edge-768x512.jpg 768w, https:\/\/liquidtool.com\/wp-content\/uploads\/2021\/03\/liquidpedia_leading-edge-1536x1023.jpg 1536w, https:\/\/liquidtool.com\/wp-content\/uploads\/2021\/03\/liquidpedia_leading-edge.jpg 1600w\" sizes=\"(max-width: 800px) 100vw, 800px\" title=\"\">\t\t\t\t\t\t\t\t\t\t\t\t\t\t\t<\/div>\n\t\t\t\t<\/div>\n\t\t\t\t<div class=\"elementor-element elementor-element-3d9d448 elementor-widget elementor-widget-text-editor\" data-id=\"3d9d448\" data-element_type=\"widget\" data-widget_type=\"text-editor.default\">\n\t\t\t\t<div class=\"elementor-widget-container\">\n\t\t\t\t\t\t\t\t\t<p>In der heutigen sich rasch entwickelnden technologischen Landschaft hat sich der Begriff &#171;<b>Industrie 4.0<\/b>&#187; als Schlagwort etabliert. In seinem Kern repr\u00e4sentiert die Industrie 4.0 ein Paradigma, in dem Komponenten autonom mit Produktionsanlagen kommunizieren k\u00f6nnen und bei Bedarf selbst Reparaturen arrangieren. Diese \u00c4ra zeichnet sich durch die nahtlose und intelligente Vernetzung von Menschen, Maschinen und industriellen Prozessen aus. Aber wie haben wir diesen technologischen H\u00f6hepunkt erreicht und was h\u00e4lt die <strong>Zukunft<\/strong> f\u00fcr uns bereit? <\/p>\n\t\t\t\t\t\t\t\t<\/div>\n\t\t\t\t<\/div>\n\t\t\t\t<div class=\"elementor-element elementor-element-c0fca75 elementor-widget elementor-widget-heading\" data-id=\"c0fca75\" data-element_type=\"widget\" data-widget_type=\"heading.default\">\n\t\t\t\t<div class=\"elementor-widget-container\">\n\t\t\t\t\t<h2 class=\"elementor-heading-title elementor-size-large\">Historische Meilensteine: Der Weg zur vierten industriellen Revolution<\/h2>\t\t\t\t<\/div>\n\t\t\t\t<\/div>\n\t\t\t\t<div class=\"elementor-element elementor-element-fac47f1 elementor-widget elementor-widget-text-editor\" data-id=\"fac47f1\" data-element_type=\"widget\" data-widget_type=\"text-editor.default\">\n\t\t\t\t<div class=\"elementor-widget-container\">\n\t\t\t\t\t\t\t\t\t<p>Historisch gesehen hat die Welt mehrere industrielle Revolutionen erlebt, die jeweils durch bahnbrechende Innovationen gekennzeichnet waren. Die Erfindung der <b>Dampfmaschine<\/b> leitete die erste industrielle Revolution ein, gefolgt von der Einf\u00fchrung der <b>Elektrotechnik<\/b> in der Massenproduktion, die die zweite industrielle Revolution kennzeichnete.  Die dritte Phase, die dritte industrielle Revolution, sah die stetige <b>Automatisierung von Systemen<\/b>, angetrieben durch Informationstechnologien und der Einf\u00fchrung des Internets. Heute befinden wir uns mitten in der vierten industriellen Revolution, unterst\u00fctzt von technologischen Wundern wie dem Internet der Dinge (IoT), Cloud Computing, K\u00fcnstlicher Intelligenz und Blockchains.<\/p>\n\t\t\t\t\t\t\t\t<\/div>\n\t\t\t\t<\/div>\n\t\t\t\t<div class=\"elementor-element elementor-element-2e006bb elementor-widget elementor-widget-heading\" data-id=\"2e006bb\" data-element_type=\"widget\" data-widget_type=\"heading.default\">\n\t\t\t\t<div class=\"elementor-widget-container\">\n\t\t\t\t\t<h2 class=\"elementor-heading-title elementor-size-large\">Der H\u00f6hepunkt der Industrie 4.0: Ein technologisches Wunder<\/h2>\t\t\t\t<\/div>\n\t\t\t\t<\/div>\n\t\t\t\t<div class=\"elementor-element elementor-element-0d3d529 elementor-widget elementor-widget-text-editor\" data-id=\"0d3d529\" data-element_type=\"widget\" data-widget_type=\"text-editor.default\">\n\t\t\t\t<div class=\"elementor-widget-container\">\n\t\t\t\t\t\t\t\t\t<p>W\u00e4hrend wir durch die komplexen Wege der Industrie 4.0 navigieren, sind wir umgeben von <b>intelligenten Maschinen<\/b>, fortschrittlichen Speichersystemen und modernsten Produktionsanlagen. Diese Einheiten k\u00f6nnen Informationen austauschen, Aktionen initiieren und sich sogar <b>ohne menschliches Eingreifen<\/b> \u00fcberwachen und steuern. Obwohl wir uns noch mitten in der Entwicklung der vierten industriellen Revolution befinden, werfen Vision\u00e4re und Branchenexperten bereits einen Blick in die Zukunft und identifizieren die Schl\u00fcsseltechnologien, die die Konturen von Industrie 5.0 und m\u00f6glicherweise Industrie 6.0 pr\u00e4gen werden.<\/p>\n<p>Die vorliegende Arbeit zielt darauf ab, tiefer in diese technologische Odyssee einzutauchen. Sie bietet Einblicke in den tiefgreifenden Einfluss aller erw\u00e4hnten Technologien und zeichnet die Reise von den Anf\u00e4ngen der Industrie 1.0 bis zu den erwarteten Wundern der Industrie 6.0 und dar\u00fcber hinaus nach. Die Arbeit unterstreicht die transformative Kraft der Digitalisierung, Automatisierung und Personalisierung bei der Neudefinition unserer industriellen Landschaft.<\/p>\n\t\t\t\t\t\t\t\t<\/div>\n\t\t\t\t<\/div>\n\t\t\t\t<div class=\"elementor-element elementor-element-b3a0555 elementor-widget elementor-widget-heading\" data-id=\"b3a0555\" data-element_type=\"widget\" data-widget_type=\"heading.default\">\n\t\t\t\t<div class=\"elementor-widget-container\">\n\t\t\t\t\t<h2 class=\"elementor-heading-title elementor-size-large\">Blick in die Zukunft: Industrie 5.0 und Mensch-Maschine-Synergie<\/h2>\t\t\t\t<\/div>\n\t\t\t\t<\/div>\n\t\t\t\t<div class=\"elementor-element elementor-element-928c660 elementor-widget elementor-widget-text-editor\" data-id=\"928c660\" data-element_type=\"widget\" data-widget_type=\"text-editor.default\">\n\t\t\t\t<div class=\"elementor-widget-container\">\n\t\t\t\t\t\t\t\t\t<p>Industrie 5.0 wird in der Arbeit als eine Welt dargestellt, in der die Zusammenarbeit zwischen Mensch und Maschine ihren H\u00f6hepunkt erreicht. Maschinen werden nicht nur Werkzeuge sein; sie werden Partner sein, ma\u00dfgeschneidert, um individuellen Bed\u00fcrfnissen gerecht zu werden. Die Einf\u00fchrung von sozialer Informatik wird eine zentrale Rolle spielen und Maschinen f\u00f6rdern, die menschliche Gef\u00fchle widerspiegeln k\u00f6nnen, wodurch die Interaktionen organischer, mitf\u00fchlender und effizienter werden.<\/p>\n\t\t\t\t\t\t\t\t<\/div>\n\t\t\t\t<\/div>\n\t\t\t\t<div class=\"elementor-element elementor-element-e0da940 elementor-widget elementor-widget-heading\" data-id=\"e0da940\" data-element_type=\"widget\" data-widget_type=\"heading.default\">\n\t\t\t\t<div class=\"elementor-widget-container\">\n\t\t\t\t\t<h2 class=\"elementor-heading-title elementor-size-large\">Spekulationen \u00fcber Industrie 6.0: Emotional intelligente Maschinen<\/h2>\t\t\t\t<\/div>\n\t\t\t\t<\/div>\n\t\t\t\t<div class=\"elementor-element elementor-element-9b730fd elementor-widget elementor-widget-text-editor\" data-id=\"9b730fd\" data-element_type=\"widget\" data-widget_type=\"text-editor.default\">\n\t\t\t\t<div class=\"elementor-widget-container\">\n\t\t\t\t\t\t\t\t\t<p>Aber der Horizont h\u00f6rt nicht bei Industrie 5.0 auf. Das Whitepaper spekuliert \u00fcber die <strong>bahnbrechenden technischen Innovationen<\/strong> der Industrie 6.0 und zeichnet das Bild einer Welt, in der Maschinen nicht nur funktional, sondern auch emotional intelligent sind. Wir k\u00f6nnten den Beginn von Maschinen erleben, die echte emotionale Beziehungen zu Menschen aufbauen, in denen intelligente Avatare und Bots auf emotional kluge Weise mit uns in Kontakt treten und Erfahrungen bieten, die nicht nur personalisiert, sondern auch zutiefst einf\u00fchlsam sind.<\/p>\n\t\t\t\t\t\t\t\t<\/div>\n\t\t\t\t<\/div>\n\t\t\t\t<div class=\"elementor-element elementor-element-3e27f3f elementor-widget elementor-widget-heading\" data-id=\"3e27f3f\" data-element_type=\"widget\" data-widget_type=\"heading.default\">\n\t\t\t\t<div class=\"elementor-widget-container\">\n\t\t\t\t\t<h2 class=\"elementor-heading-title elementor-size-large\">Die kommenden Herausforderungen und M\u00f6glichkeiten<\/h2>\t\t\t\t<\/div>\n\t\t\t\t<\/div>\n\t\t\t\t<div class=\"elementor-element elementor-element-2f4de72 elementor-widget elementor-widget-text-editor\" data-id=\"2f4de72\" data-element_type=\"widget\" data-widget_type=\"text-editor.default\">\n\t\t\t\t<div class=\"elementor-widget-container\">\n\t\t\t\t\t\t\t\t\t<p>Zusammenfassend bietet dieses Paper nicht nur einen R\u00fcckblick, sondern auch eine zukunftsorientierte Perspektive. Sie bietet einen Panoramablick auf die industrielle Evolution und betont die transformative Rolle der Schl\u00fcsseltechnologien. Die Arbeit ber\u00fchrt auch die bevorstehenden Herausforderungen, die ethischen \u00dcberlegungen solch rascher Fortschritte und die potenziellen gesellschaftlichen Auswirkungen. Es wird betont, wie wichtig es ist, diese digitale Transformation nicht nur zu umarmen, sondern auch zu verstehen, zuk\u00fcnftige Herausforderungen zu antizipieren und sich proaktiv an technologische und gesellschaftliche Ver\u00e4nderungen anzupassen.<\/p>\n<p>Zusammenfassend l\u00e4sst sich sagen, dass wir an der Schwelle zu diesen aufregenden technologischen Entwicklungen stehen und dass es f\u00fcr Branchen, politische Entscheidungstr\u00e4ger und Einzelpersonen unerl\u00e4sslich ist, sich f\u00fcr die digitale Metamorphose einzusetzen. Die Zukunft verspricht Fortschritte, und mit dem richtigen Ansatz k\u00f6nnen wir sicherstellen, dass diese Reise nicht nur fortschrittlich, sondern auch integrativ und nachhaltig ist.<\/p>\n\t\t\t\t\t\t\t\t<\/div>\n\t\t\t\t<\/div>\n\t\t<div class=\"elementor-element elementor-element-71876d8 e-flex e-con-boxed e-con e-parent\" data-id=\"71876d8\" data-element_type=\"container\" data-settings=\"{&quot;background_background&quot;:&quot;classic&quot;}\">\n\t\t\t\t\t<div class=\"e-con-inner\">\n\t\t<div class=\"elementor-element elementor-element-2a84a7c e-con-full e-flex e-con e-child\" data-id=\"2a84a7c\" data-element_type=\"container\">\n\t\t<div class=\"elementor-element elementor-element-3d176ca e-flex e-con-boxed e-con e-child\" data-id=\"3d176ca\" data-element_type=\"container\">\n\t\t\t\t\t<div class=\"e-con-inner\">\n\t\t\t\t<div class=\"elementor-element elementor-element-fb75f9f elementor-widget elementor-widget-heading\" data-id=\"fb75f9f\" data-element_type=\"widget\" data-widget_type=\"heading.default\">\n\t\t\t\t<div class=\"elementor-widget-container\">\n\t\t\t\t\t<h2 class=\"elementor-heading-title elementor-size-medium\">Vollst\u00e4ndiges Whitepaper herunterladen<\/h2>\t\t\t\t<\/div>\n\t\t\t\t<\/div>\n\t\t\t\t<div class=\"elementor-element elementor-element-abce3ae elementor-widget elementor-widget-text-editor\" data-id=\"abce3ae\" data-element_type=\"widget\" data-widget_type=\"text-editor.default\">\n\t\t\t\t<div class=\"elementor-widget-container\">\n\t\t\t\t\t\t\t\t\t<p>Lade das vollst\u00e4ndige Whitepaper \u00fcber bahnbrechende Leittechnologien herunter. Trage deine Kontaktdaten ein und du erh\u00e4ltst eine E-Mail mit deinem Exemplar.<\/p>\n\t\t\t\t\t\t\t\t<\/div>\n\t\t\t\t<\/div>\n\t\t\t\t<div class=\"elementor-element elementor-element-f0b7394 elementor-button-align-stretch elementor-widget elementor-widget-form\" data-id=\"f0b7394\" data-element_type=\"widget\" data-settings=\"{&quot;button_width&quot;:&quot;50&quot;,&quot;step_next_label&quot;:&quot;Weiter&quot;,&quot;step_previous_label&quot;:&quot;Zur\\u00fcck&quot;,&quot;step_type&quot;:&quot;number_text&quot;,&quot;step_icon_shape&quot;:&quot;circle&quot;}\" data-widget_type=\"form.default\">\n\t\t\t\t<div class=\"elementor-widget-container\">\n\t\t\t\t\t\t\t<form class=\"elementor-form\" method=\"post\" name=\"Leading Edge Download\" aria-label=\"Leading Edge Download\">\n\t\t\t<input type=\"hidden\" name=\"post_id\" value=\"5370\"\/>\n\t\t\t<input type=\"hidden\" name=\"form_id\" value=\"f0b7394\"\/>\n\t\t\t<input type=\"hidden\" name=\"referer_title\" value=\"Industrie 1.0 bis 6.0: Technologieentwicklung &bull; LIQUIDTOOL\" \/>\n\n\t\t\t\t\t\t\t<input type=\"hidden\" name=\"queried_id\" value=\"5370\"\/>\n\t\t\t\n\t\t\t<div class=\"elementor-form-fields-wrapper elementor-labels-above\">\n\t\t\t\t\t\t\t\t<div class=\"elementor-field-type-text elementor-field-group elementor-column elementor-field-group-firstname elementor-col-50 elementor-field-required\">\n\t\t\t\t\t\t\t\t\t\t\t\t<label for=\"form-field-firstname\" class=\"elementor-field-label\">\n\t\t\t\t\t\t\t\tVorname\t\t\t\t\t\t\t<\/label>\n\t\t\t\t\t\t\t\t\t\t\t\t\t\t<input size=\"1\" type=\"text\" name=\"form_fields[firstname]\" id=\"form-field-firstname\" class=\"elementor-field elementor-size-sm  elementor-field-textual\" placeholder=\"Vorname\" required=\"required\">\n\t\t\t\t\t\t\t\t\t\t\t<\/div>\n\t\t\t\t\t\t\t\t<div class=\"elementor-field-type-text elementor-field-group elementor-column elementor-field-group-lastname elementor-col-50 elementor-field-required\">\n\t\t\t\t\t\t\t\t\t\t\t\t<label for=\"form-field-lastname\" class=\"elementor-field-label\">\n\t\t\t\t\t\t\t\tNachname\t\t\t\t\t\t\t<\/label>\n\t\t\t\t\t\t\t\t\t\t\t\t\t\t<input size=\"1\" type=\"text\" name=\"form_fields[lastname]\" id=\"form-field-lastname\" class=\"elementor-field elementor-size-sm  elementor-field-textual\" placeholder=\"Nachname\" required=\"required\">\n\t\t\t\t\t\t\t\t\t\t\t<\/div>\n\t\t\t\t\t\t\t\t<div class=\"elementor-field-type-email elementor-field-group elementor-column elementor-field-group-email elementor-col-100 elementor-field-required\">\n\t\t\t\t\t\t\t\t\t\t\t\t<label for=\"form-field-email\" class=\"elementor-field-label\">\n\t\t\t\t\t\t\t\tE-Mail\t\t\t\t\t\t\t<\/label>\n\t\t\t\t\t\t\t\t\t\t\t\t\t\t<input size=\"1\" type=\"email\" name=\"form_fields[email]\" id=\"form-field-email\" class=\"elementor-field elementor-size-sm  elementor-field-textual\" placeholder=\"E-Mail\" required=\"required\">\n\t\t\t\t\t\t\t\t\t\t\t<\/div>\n\t\t\t\t\t\t\t\t<div class=\"elementor-field-group elementor-column elementor-field-type-submit elementor-col-50 e-form__buttons\">\n\t\t\t\t\t<button class=\"elementor-button elementor-size-sm\" type=\"submit\" id=\"leading_edge_download\">\n\t\t\t\t\t\t<span class=\"elementor-button-content-wrapper\">\n\t\t\t\t\t\t\t\t\t\t\t\t\t\t\t\t\t\t\t\t\t\t<span class=\"elementor-button-text\">PDF herunterladen<\/span>\n\t\t\t\t\t\t\t\t\t\t\t\t\t<\/span>\n\t\t\t\t\t<\/button>\n\t\t\t\t<\/div>\n\t\t\t<\/div>\n\t\t<\/form>\n\t\t\t\t\t\t<\/div>\n\t\t\t\t<\/div>\n\t\t\t\t<div class=\"elementor-element elementor-element-674a43d elementor-widget elementor-widget-text-editor\" data-id=\"674a43d\" data-element_type=\"widget\" data-widget_type=\"text-editor.default\">\n\t\t\t\t<div class=\"elementor-widget-container\">\n\t\t\t\t\t\t\t\t\t<p>*Mit dem Absenden dieses Formulars erkl\u00e4ren Sie sich mit der Liquidtool <span style=\"text-decoration: underline;\"><a href=\"https:\/\/liquidtool.com\/de\/nutzungsbedingungen\/\" target=\"_blank\" rel=\"noopener\">Website- und Service-Nutzungsvereinbarung<\/a><\/span> einverstanden und nehmen die Liquidtool <a href=\"https:\/\/liquidtool.com\/de\/datenschutz\/\" target=\"_blank\" rel=\"noopener\"><span style=\"text-decoration: underline;\">Datenschutzbestimmungen<\/span><\/a> zur Kenntnis.<\/p>\n\t\t\t\t\t\t\t\t<\/div>\n\t\t\t\t<\/div>\n\t\t\t\t\t<\/div>\n\t\t\t\t<\/div>\n\t\t\t\t<\/div>\n\t\t<div class=\"elementor-element elementor-element-7a3632d e-con-full e-flex e-con e-child\" data-id=\"7a3632d\" data-element_type=\"container\">\n\t\t<div class=\"elementor-element elementor-element-9416dcf e-flex e-con-boxed e-con e-child\" data-id=\"9416dcf\" data-element_type=\"container\">\n\t\t\t\t\t<div class=\"e-con-inner\">\n\t\t\t\t<div class=\"elementor-element elementor-element-5bd2f57 elementor-widget elementor-widget-image\" data-id=\"5bd2f57\" data-element_type=\"widget\" data-widget_type=\"image.default\">\n\t\t\t\t<div class=\"elementor-widget-container\">\n\t\t\t\t\t\t\t\t\t\t\t\t\t\t\t<img decoding=\"async\" width=\"212\" height=\"300\" src=\"https:\/\/liquidtool.com\/wp-content\/uploads\/2024\/02\/Leading_Edge_Thumbnail-212x300.jpg\" class=\"attachment-medium size-medium wp-image-34270\" alt=\"\" srcset=\"https:\/\/liquidtool.com\/wp-content\/uploads\/2024\/02\/Leading_Edge_Thumbnail-212x300.jpg 212w, https:\/\/liquidtool.com\/wp-content\/uploads\/2024\/02\/Leading_Edge_Thumbnail-724x1024.jpg 724w, https:\/\/liquidtool.com\/wp-content\/uploads\/2024\/02\/Leading_Edge_Thumbnail.jpg 764w\" sizes=\"(max-width: 212px) 100vw, 212px\" title=\"\">\t\t\t\t\t\t\t\t\t\t\t\t\t\t\t<\/div>\n\t\t\t\t<\/div>\n\t\t\t\t\t<\/div>\n\t\t\t\t<\/div>\n\t\t\t\t<\/div>\n\t\t\t\t\t<\/div>\n\t\t\t\t<\/div>\n\t\t\t\t\t<\/div>\n\t\t<\/div>\n\t\t\t\t\t<\/div>\n\t\t<\/section>\n\t\t\t\t<\/div>\n\t\t","protected":false},"excerpt":{"rendered":"<p>Von Industrie 1.0 zu 6.0 und dar\u00fcber hinaus: Die Entwicklung von Spitzentechnologien Wenn Komponenten selbstst\u00e4ndig mit der Produktionsanlage kommunizieren und sich im Bedarfsfall selbst reparieren k\u00f6nnen &#8211; wenn Menschen, Maschinen und der industrielle Prozess intelligent vernetzt sind, spricht man von Industrie 4.0. Wie sind wir so weit gekommen und was wird die Zukunft bringen? In [&hellip;]<\/p>\n","protected":false},"author":1,"featured_media":0,"parent":5219,"menu_order":5,"comment_status":"closed","ping_status":"closed","template":"","meta":{"content-type":"","footnotes":""},"class_list":["post-5370","page","type-page","status-publish","hentry"],"_links":{"self":[{"href":"https:\/\/liquidtool.com\/de\/wp-json\/wp\/v2\/pages\/5370","targetHints":{"allow":["GET"]}}],"collection":[{"href":"https:\/\/liquidtool.com\/de\/wp-json\/wp\/v2\/pages"}],"about":[{"href":"https:\/\/liquidtool.com\/de\/wp-json\/wp\/v2\/types\/page"}],"author":[{"embeddable":true,"href":"https:\/\/liquidtool.com\/de\/wp-json\/wp\/v2\/users\/1"}],"replies":[{"embeddable":true,"href":"https:\/\/liquidtool.com\/de\/wp-json\/wp\/v2\/comments?post=5370"}],"version-history":[{"count":30,"href":"https:\/\/liquidtool.com\/de\/wp-json\/wp\/v2\/pages\/5370\/revisions"}],"predecessor-version":[{"id":36974,"href":"https:\/\/liquidtool.com\/de\/wp-json\/wp\/v2\/pages\/5370\/revisions\/36974"}],"up":[{"embeddable":true,"href":"https:\/\/liquidtool.com\/de\/wp-json\/wp\/v2\/pages\/5219"}],"wp:attachment":[{"href":"https:\/\/liquidtool.com\/de\/wp-json\/wp\/v2\/media?parent=5370"}],"curies":[{"name":"wp","href":"https:\/\/api.w.org\/{rel}","templated":true}]}}