{"id":5362,"date":"2021-03-10T15:41:11","date_gmt":"2021-03-10T14:41:11","guid":{"rendered":"http:\/\/liquidtool.com\/?page_id=5362"},"modified":"2023-06-01T11:36:07","modified_gmt":"2023-06-01T09:36:07","slug":"security","status":"publish","type":"page","link":"https:\/\/liquidtool.com\/de\/liquidpedia\/security\/","title":{"rendered":"Security"},"content":{"rendered":"\t\t<div data-elementor-type=\"wp-page\" data-elementor-id=\"5362\" class=\"elementor elementor-5362 elementor-5361\" data-elementor-post-type=\"page\">\n\t\t\t\t\t\t<section class=\"elementor-section elementor-top-section elementor-element elementor-element-407cb4a lt-section elementor-section-boxed elementor-section-height-default elementor-section-height-default\" data-id=\"407cb4a\" data-element_type=\"section\" id=\"team\">\n\t\t\t\t\t\t<div class=\"elementor-container elementor-column-gap-default\">\n\t\t\t\t\t<div class=\"elementor-column elementor-col-100 elementor-top-column elementor-element elementor-element-dc0c7dc bg-news\" data-id=\"dc0c7dc\" data-element_type=\"column\" data-settings=\"{&quot;background_background&quot;:&quot;classic&quot;}\">\n\t\t\t<div class=\"elementor-widget-wrap elementor-element-populated\">\n\t\t\t\t\t\t<div class=\"elementor-element elementor-element-057323e lt-breadcrumb elementor-widget elementor-widget-shortcode\" data-id=\"057323e\" data-element_type=\"widget\" data-widget_type=\"shortcode.default\">\n\t\t\t\t<div class=\"elementor-widget-container\">\n\t\t\t\t\t\t\t<div class=\"elementor-shortcode\"><nav aria-label=\"breadcrumbs\" class=\"rank-math-breadcrumb\"><p><span class=\"last\">Home<\/span><\/p><\/nav><\/div>\n\t\t\t\t\t\t<\/div>\n\t\t\t\t<\/div>\n\t\t\t\t<div class=\"elementor-element elementor-element-00c9cb8 elementor-widget elementor-widget-heading\" data-id=\"00c9cb8\" data-element_type=\"widget\" data-widget_type=\"heading.default\">\n\t\t\t\t<div class=\"elementor-widget-container\">\n\t\t\t\t\t<h1 class=\"elementor-heading-title elementor-size-xl\">H\u00f6chste Datensicherheit f\u00fcr Ihre Messwerte<\/h1>\t\t\t\t<\/div>\n\t\t\t\t<\/div>\n\t\t\t\t<div class=\"elementor-element elementor-element-3704905 has-scroll-effect elementor-widget elementor-widget-image\" data-id=\"3704905\" data-element_type=\"widget\" data-settings=\"{&quot;motion_fx_motion_fx_scrolling&quot;:&quot;yes&quot;,&quot;motion_fx_translateY_effect&quot;:&quot;yes&quot;,&quot;motion_fx_translateY_speed&quot;:{&quot;unit&quot;:&quot;px&quot;,&quot;size&quot;:1,&quot;sizes&quot;:[]},&quot;motion_fx_translateY_affectedRange&quot;:{&quot;unit&quot;:&quot;%&quot;,&quot;size&quot;:&quot;&quot;,&quot;sizes&quot;:{&quot;start&quot;:0,&quot;end&quot;:100}},&quot;motion_fx_devices&quot;:[&quot;desktop&quot;,&quot;tablet&quot;,&quot;mobile&quot;]}\" data-widget_type=\"image.default\">\n\t\t\t\t<div class=\"elementor-widget-container\">\n\t\t\t\t\t\t\t\t\t\t\t\t\t\t\t<img fetchpriority=\"high\" decoding=\"async\" width=\"800\" height=\"533\" src=\"https:\/\/liquidtool.com\/wp-content\/uploads\/2020\/11\/safe-data-transfer-1024x682.jpg\" class=\"attachment-large size-large wp-image-2046\" alt=\"ein Schloss \u00fcber einem Smartphone, das f\u00fcr eine sichere Daten\u00fcbertragung steht\" srcset=\"https:\/\/liquidtool.com\/wp-content\/uploads\/2020\/11\/safe-data-transfer-1024x682.jpg 1024w, https:\/\/liquidtool.com\/wp-content\/uploads\/2020\/11\/safe-data-transfer-300x200.jpg 300w, https:\/\/liquidtool.com\/wp-content\/uploads\/2020\/11\/safe-data-transfer-768x512.jpg 768w, https:\/\/liquidtool.com\/wp-content\/uploads\/2020\/11\/safe-data-transfer-1536x1023.jpg 1536w, https:\/\/liquidtool.com\/wp-content\/uploads\/2020\/11\/safe-data-transfer.jpg 1600w\" sizes=\"(max-width: 800px) 100vw, 800px\" title=\"\">\t\t\t\t\t\t\t\t\t\t\t\t\t\t\t<\/div>\n\t\t\t\t<\/div>\n\t\t\t\t<div class=\"elementor-element elementor-element-ca58106 elementor-widget elementor-widget-heading\" data-id=\"ca58106\" data-element_type=\"widget\" data-widget_type=\"heading.default\">\n\t\t\t\t<div class=\"elementor-widget-container\">\n\t\t\t\t\t<h2 class=\"elementor-heading-title elementor-size-medium\">Hauptmerkmale der Datensicherheit von LIQUIDTOOL<\/h2>\t\t\t\t<\/div>\n\t\t\t\t<\/div>\n\t\t\t\t<div class=\"elementor-element elementor-element-3d9d448 elementor-widget elementor-widget-text-editor\" data-id=\"3d9d448\" data-element_type=\"widget\" data-widget_type=\"text-editor.default\">\n\t\t\t\t<div class=\"elementor-widget-container\">\n\t\t\t\t\t\t\t\t\t<ul>\n<li>integrierter <strong>TPM-Chip<\/strong> (Trusted Platform Module) zum Aufbau einer <strong>Public-Key-Infrastruktur<\/strong> (PKI) mit Private und Public Key zur asymmetrischen Verschl\u00fcsselung aller Daten<\/li>\n<li><strong>Schutz vor Spoofing<\/strong>, also das Vort\u00e4uschen einer vertrauensw\u00fcrdigen Identit\u00e4t durch den Angreifer, durch Ausschluss fremder Ger\u00e4te aus der Plattform<\/li>\n<li>M\u00f6glichkeit, die Herkunft, Authentizit\u00e4t und Integrit\u00e4t<strong> aller Daten nachzuverfolgen<\/strong><\/li>\n<li><strong>Keycloak-basierter Authentifizierungsserver<\/strong> erlaubt Zugriff auf Messsdaten nur f\u00fcr authentifizierte Personen und Systeme innerhalb des Kundenkontos<\/li>\n<li><strong>Symmetrische Verschl\u00fcsselung<\/strong> aller Daten \u00fcber das verbreitete <strong>HTTPS-Protokoll<\/strong> (HTTP \u00fcber TCP\/IP mit TLS) f\u00fcr den Schutz vor Sniffing-Angriffen und Man-in-the-Middle-Angriffen<\/li>\n<li><strong>Fortlaufende Nummerierung<\/strong> aller Messwerte, sodass keine Daten unbemerkt gel\u00f6scht werden k\u00f6nnen<\/li>\n<\/ul>\n\t\t\t\t\t\t\t\t<\/div>\n\t\t\t\t<\/div>\n\t\t\t\t<div class=\"elementor-element elementor-element-3219d2a elementor-widget elementor-widget-heading\" data-id=\"3219d2a\" data-element_type=\"widget\" data-widget_type=\"heading.default\">\n\t\t\t\t<div class=\"elementor-widget-container\">\n\t\t\t\t\t<h2 class=\"elementor-heading-title elementor-size-medium\">H\u00f6chste Sicherheit f\u00fcr Ihre Daten <\/h2>\t\t\t\t<\/div>\n\t\t\t\t<\/div>\n\t\t\t\t<div class=\"elementor-element elementor-element-0d3d529 elementor-widget elementor-widget-text-editor\" data-id=\"0d3d529\" data-element_type=\"widget\" data-widget_type=\"text-editor.default\">\n\t\t\t\t<div class=\"elementor-widget-container\">\n\t\t\t\t\t\t\t\t\t<p>Jederzeit von \u00fcberall auf Ihre Messdaten zugreifen \u2013 das macht die LIQUIDTOOL Plattform m\u00f6glich. Der Schutz Ihrer Messdaten ist f\u00fcr uns von zentraler Wichtigkeit. Aus diesem Grund sind die LIQUIDTOOL Plattform und der LIQUIDTOOL Sensor mit verschiedenen technischen Elementen ausgestattet, die maximale Verschl\u00fcsselung und Schutz vor Fremdzugriff garantieren:<\/p>\n<ul>\n<li>TPM Chip im Sensor zum Aufbau einer Public-Key-Infrastruktur zur asymmetrischen Verschl\u00fcsselung<\/li>\n<li>Bearbeitung aller Login-Anfragen \u00fcber einen mit Keycloak ausgestatteten Authentifizierungsserver<\/li>\n<li>HTTPS-Verschl\u00fcsselung aller ein- und ausgehenden Daten<\/li>\n<li>Fortlaufende Nummerierung aller vom LIQUIDTOOL Sensor erhobenen Messwerte<\/li>\n<li>Sichere Datenspeicherung in Westeuropa (<a href=\"https:\/\/docs.microsoft.com\/de-de\/compliance\/assurance\/assurance-datacenter-security\" target=\"_blank\" rel=\"noopener\">Microsoft Azure<\/a>)<\/li>\n<\/ul>\n\t\t\t\t\t\t\t\t<\/div>\n\t\t\t\t<\/div>\n\t\t\t\t<div class=\"elementor-element elementor-element-f214f8b elementor-widget elementor-widget-heading\" data-id=\"f214f8b\" data-element_type=\"widget\" data-widget_type=\"heading.default\">\n\t\t\t\t<div class=\"elementor-widget-container\">\n\t\t\t\t\t<h2 class=\"elementor-heading-title elementor-size-medium\">Asymmetrische Verschl\u00fcsselung zum Schutz Ihrer Messdaten<\/h2>\t\t\t\t<\/div>\n\t\t\t\t<\/div>\n\t\t\t\t<div class=\"elementor-element elementor-element-928c660 elementor-widget elementor-widget-text-editor\" data-id=\"928c660\" data-element_type=\"widget\" data-widget_type=\"text-editor.default\">\n\t\t\t\t<div class=\"elementor-widget-container\">\n\t\t\t\t\t\t\t\t\t<p>Datensicherheit ist f\u00fcr uns von zentraler Wichtigkeit. Deswegen sind alle LIQUIDTOOL Ger\u00e4te mit einem TPM (Trusted Platform Module) Chip ausgestattet. Dieser Chip macht es m\u00f6glich, eine Public-Key-Infrastruktur (PKI) aufzubauen und so einen<strong> hohen Sicherheitsstandard<\/strong> zu gew\u00e4hrleisten.<\/p>\n<p>Der TPM Chip generiert f\u00fcr jedes Ger\u00e4t ein eigene Schl\u00fcsselpaar bestehend aus einem \u00f6ffentlichen Schl\u00fcssel (Public Key) und einem privaten Schl\u00fcssel (Private Key) zur <strong>asymmetrischen Verschl\u00fcsselung<\/strong>.<\/p>\n<p>Daten, die mit dem \u00f6ffentlichen Schl\u00fcssel, der auf der LIQUIDTOOL Plattform gespeichert ist, verschl\u00fcsselt werden, k\u00f6nnen nur mit dem privaten Schl\u00fcssel, der direkt im Ger\u00e4t gespeichert ist, entschl\u00fcsselt werden.<\/p>\n<p>Und auch wenn der Sensor Daten an die Plattform schickt, werden diese so signiert, dass sie nur mit dem auf der Plattform gespeicherten \u00f6ffentlichen Schl\u00fcssel entschl\u00fcsselt werden k\u00f6nnen.<\/p>\n<p>So garantieren wir, dass Ihre Daten <strong>nicht manipuliert<\/strong> werden k\u00f6nnen und Herkunft und Authentizit\u00e4t Ihrer Daten jederzeit <strong>nachvollziehbar<\/strong> sind. Auf die Authentizit\u00e4t der Datensicherheit legen wir gr\u00f6ssten Wert.<\/p>\n<p>Die PKI <strong>sch\u00fctzt<\/strong> Sie zudem vor <strong>Spoofing-Angriffen<\/strong>, also davor, dass sich Angreifer als vertrauensw\u00fcrdige Nutzer ausgeben: Ihre LIQUIDTOOL Plattform akzeptiert nur Daten, die mit dem auf der Plattform gespeicherten Public Key verkn\u00fcpft sind.<\/p>\n\t\t\t\t\t\t\t\t<\/div>\n\t\t\t\t<\/div>\n\t\t\t\t<div class=\"elementor-element elementor-element-3200080 elementor-widget elementor-widget-heading\" data-id=\"3200080\" data-element_type=\"widget\" data-widget_type=\"heading.default\">\n\t\t\t\t<div class=\"elementor-widget-container\">\n\t\t\t\t\t<h2 class=\"elementor-heading-title elementor-size-medium\">Keycloak-basierter Authentifizierungsserver zur Pr\u00fcfung aller Zugriffe<\/h2>\t\t\t\t<\/div>\n\t\t\t\t<\/div>\n\t\t\t\t<div class=\"elementor-element elementor-element-a1d9d5a elementor-widget elementor-widget-text-editor\" data-id=\"a1d9d5a\" data-element_type=\"widget\" data-widget_type=\"text-editor.default\">\n\t\t\t\t<div class=\"elementor-widget-container\">\n\t\t\t\t\t\t\t\t\t<p>Die LIQUIDTOOL Plattform ist das Herzst\u00fcck der LIQUIDTOOL-Umgebung. Schliesslich werden auf der Plattform nicht nur automatisch Ihre Messwerte gespeichert. Auch das Ticketing System, mit dem Sie zum Beispiel Fehlermeldungen eingeben k\u00f6nnen, l\u00e4uft \u00fcber die Plattform.<\/p>\n<p>Dieses <strong>Ticketing-System<\/strong> kommt zum Einsatz, um den Empfang, die Best\u00e4tigung, Einordnung und Bearbeitung von Kundenanfragen effizient zu managen, indem Sie f\u00fcr jedes Ihrer Anliegen ein sogenanntes Ticket erstellen, das direkt an unsere Experten weitergeleitet wird.<\/p>\n<p>Alle diese Anfragen laufen \u00fcber unseren mit Keycloak ausgestatteten Authentifizierungsserver, der pr\u00fcft, ob Nutzer und Systeme \u00fcber die <strong>korrekten Berechtigungen<\/strong> verf\u00fcgen, um auf die Plattform zuzugreifen.<\/p>\n<p>Keycloak erstellt sichere Identit\u00e4ten f\u00fcr alle Nutzer, speichert diese sicher ab und erm\u00f6glicht es den identifizierten Nutzern, \u00fcber einen einzigen Authentifizierungsprozess (<strong>Single-Sign-On<\/strong>) Zugriff auf die Plattform zu bekommen. Alle gespeicherten Messwerte sind dadurch nur f\u00fcr die mit dem Kundenaccount verkn\u00fcpften Nutzer und LIQUIDTOOL sichtbar. <strong>Drittparteien k\u00f6nnen darauf nicht zugreifen.<\/strong><\/p>\n\t\t\t\t\t\t\t\t<\/div>\n\t\t\t\t<\/div>\n\t\t\t\t<div class=\"elementor-element elementor-element-346f149 elementor-widget elementor-widget-heading\" data-id=\"346f149\" data-element_type=\"widget\" data-widget_type=\"heading.default\">\n\t\t\t\t<div class=\"elementor-widget-container\">\n\t\t\t\t\t<h2 class=\"elementor-heading-title elementor-size-medium\">Verschl\u00fcsselung aller eingehender Daten<\/h2>\t\t\t\t<\/div>\n\t\t\t\t<\/div>\n\t\t\t\t<div class=\"elementor-element elementor-element-e417e35 elementor-widget elementor-widget-text-editor\" data-id=\"e417e35\" data-element_type=\"widget\" data-widget_type=\"text-editor.default\">\n\t\t\t\t<div class=\"elementor-widget-container\">\n\t\t\t\t\t\t\t\t\t<p>Egal ob Nutzerdaten, API Calls von externen Systemen oder Messdaten, die Ihr Sensor automatisch erhebt \u2013 alle Daten, die auf die Plattform eingehen, werden mit dem g\u00e4ngigen HTTPS Protokoll (http \u00fcber TCP\/IP mit TLS) <strong>verschl\u00fcsselt<\/strong>. So sch\u00fctzen wir Ihre Daten zum Beispiel vor Sniffing-Angriffen und Man-in-the-Middle-Angriffen.<\/p>\n<p>Bei <strong>Sniffing-Angriffen<\/strong> h\u00f6ren Angreifer den Datenverkehr in einem Netzwerk ab. Bei einer <strong>Man-in-the-Middle-Attacke<\/strong> schaltet sich der Angreifer zwischen die miteinander kommunizierenden Computer und kann dabei Daten beliebig abfangen, einsehen oder manipulieren.<\/p>\n<p>Schutz vor solchen und \u00e4hnlichen Angriffen bietet die <strong>symmetrische Verschl\u00fcsselung<\/strong> der ausgetauschten Daten. Das bedeutet, dass der Server, auf dem die Daten eingehen, zuerst das Zertifikat des Servers, von dem die Daten gesendet werden, pr\u00fcft und sie erst dann akzeptiert, wenn dieses den definierten G\u00fcltigkeits- und Vertrauensw\u00fcrdigkeitsstandards entspricht.<\/p>\n\t\t\t\t\t\t\t\t<\/div>\n\t\t\t\t<\/div>\n\t\t\t\t<div class=\"elementor-element elementor-element-08b1d72 elementor-widget elementor-widget-heading\" data-id=\"08b1d72\" data-element_type=\"widget\" data-widget_type=\"heading.default\">\n\t\t\t\t<div class=\"elementor-widget-container\">\n\t\t\t\t\t<h2 class=\"elementor-heading-title elementor-size-medium\">Fortlaufende Nummerierung garantiert Nachvollziehbarkeit aller Messwerte<\/h2>\t\t\t\t<\/div>\n\t\t\t\t<\/div>\n\t\t\t\t<div class=\"elementor-element elementor-element-79f9d0a elementor-widget elementor-widget-text-editor\" data-id=\"79f9d0a\" data-element_type=\"widget\" data-widget_type=\"text-editor.default\">\n\t\t\t\t<div class=\"elementor-widget-container\">\n\t\t\t\t\t\t\t\t\t<p>Alle Messwerte, die vom LIQUIDTOOL Sensor erhoben und an die Plattform gesendet werden, werden mit einer<strong> fortlaufenden Nummer<\/strong> und einem <strong>Zeitstempel<\/strong> versehen und auf der Plattform gespeichert. So garantieren wir, dass keine Daten unbemerkt gel\u00f6scht werden oder verloren gehen.<\/p>\n\t\t\t\t\t\t\t\t<\/div>\n\t\t\t\t<\/div>\n\t\t\t\t\t<\/div>\n\t\t<\/div>\n\t\t\t\t\t<\/div>\n\t\t<\/section>\n\t\t\t\t<\/div>\n\t\t","protected":false},"excerpt":{"rendered":"<p>H\u00f6chste Datensicherheit f\u00fcr Ihre Messwerte Hauptmerkmale der Datensicherheit von LIQUIDTOOL integrierter TPM-Chip (Trusted Platform Module) zum Aufbau einer Public-Key-Infrastruktur (PKI) mit Private und Public Key zur asymmetrischen Verschl\u00fcsselung aller Daten Schutz vor Spoofing, also das Vort\u00e4uschen einer vertrauensw\u00fcrdigen Identit\u00e4t durch den Angreifer, durch Ausschluss fremder Ger\u00e4te aus der Plattform M\u00f6glichkeit, die Herkunft, Authentizit\u00e4t und Integrit\u00e4t [&hellip;]<\/p>\n","protected":false},"author":1,"featured_media":0,"parent":5219,"menu_order":4,"comment_status":"closed","ping_status":"closed","template":"","meta":{"content-type":"","footnotes":""},"class_list":["post-5362","page","type-page","status-publish","hentry"],"_links":{"self":[{"href":"https:\/\/liquidtool.com\/de\/wp-json\/wp\/v2\/pages\/5362","targetHints":{"allow":["GET"]}}],"collection":[{"href":"https:\/\/liquidtool.com\/de\/wp-json\/wp\/v2\/pages"}],"about":[{"href":"https:\/\/liquidtool.com\/de\/wp-json\/wp\/v2\/types\/page"}],"author":[{"embeddable":true,"href":"https:\/\/liquidtool.com\/de\/wp-json\/wp\/v2\/users\/1"}],"replies":[{"embeddable":true,"href":"https:\/\/liquidtool.com\/de\/wp-json\/wp\/v2\/comments?post=5362"}],"version-history":[{"count":10,"href":"https:\/\/liquidtool.com\/de\/wp-json\/wp\/v2\/pages\/5362\/revisions"}],"predecessor-version":[{"id":24226,"href":"https:\/\/liquidtool.com\/de\/wp-json\/wp\/v2\/pages\/5362\/revisions\/24226"}],"up":[{"embeddable":true,"href":"https:\/\/liquidtool.com\/de\/wp-json\/wp\/v2\/pages\/5219"}],"wp:attachment":[{"href":"https:\/\/liquidtool.com\/de\/wp-json\/wp\/v2\/media?parent=5362"}],"curies":[{"name":"wp","href":"https:\/\/api.w.org\/{rel}","templated":true}]}}