{"id":5330,"date":"2021-03-10T14:01:26","date_gmt":"2021-03-10T13:01:26","guid":{"rendered":"http:\/\/liquidtool.com\/?page_id=5330"},"modified":"2023-06-01T11:36:04","modified_gmt":"2023-06-01T09:36:04","slug":"zerspanung","status":"publish","type":"page","link":"https:\/\/liquidtool.com\/de\/liquidpedia\/zerspanung\/","title":{"rendered":"Zerspanung"},"content":{"rendered":"\t\t<div data-elementor-type=\"wp-page\" data-elementor-id=\"5330\" class=\"elementor elementor-5330 elementor-5329\" data-elementor-post-type=\"page\">\n\t\t\t\t\t\t<section class=\"elementor-section elementor-top-section elementor-element elementor-element-407cb4a lt-section elementor-section-boxed elementor-section-height-default elementor-section-height-default\" data-id=\"407cb4a\" data-element_type=\"section\" id=\"team\">\n\t\t\t\t\t\t<div class=\"elementor-container elementor-column-gap-default\">\n\t\t\t\t\t<div class=\"elementor-column elementor-col-100 elementor-top-column elementor-element elementor-element-dc0c7dc bg-news\" data-id=\"dc0c7dc\" data-element_type=\"column\" data-settings=\"{&quot;background_background&quot;:&quot;classic&quot;}\">\n\t\t\t<div class=\"elementor-widget-wrap elementor-element-populated\">\n\t\t\t\t\t\t<div class=\"elementor-element elementor-element-057323e lt-breadcrumb elementor-widget elementor-widget-shortcode\" data-id=\"057323e\" data-element_type=\"widget\" data-widget_type=\"shortcode.default\">\n\t\t\t\t<div class=\"elementor-widget-container\">\n\t\t\t\t\t\t\t<div class=\"elementor-shortcode\"><nav aria-label=\"breadcrumbs\" class=\"rank-math-breadcrumb\"><p><span class=\"last\">Home<\/span><\/p><\/nav><\/div>\n\t\t\t\t\t\t<\/div>\n\t\t\t\t<\/div>\n\t\t\t\t<div class=\"elementor-element elementor-element-00c9cb8 elementor-widget elementor-widget-heading\" data-id=\"00c9cb8\" data-element_type=\"widget\" data-widget_type=\"heading.default\">\n\t\t\t\t<div class=\"elementor-widget-container\">\n\t\t\t\t\t<h1 class=\"elementor-heading-title elementor-size-xl\">Wichtige Aufgabe in der Zerspanung<\/h1>\t\t\t\t<\/div>\n\t\t\t\t<\/div>\n\t\t\t\t<div class=\"elementor-element elementor-element-3704905 has-scroll-effect elementor-widget elementor-widget-image\" data-id=\"3704905\" data-element_type=\"widget\" data-settings=\"{&quot;motion_fx_motion_fx_scrolling&quot;:&quot;yes&quot;,&quot;motion_fx_translateY_effect&quot;:&quot;yes&quot;,&quot;motion_fx_translateY_speed&quot;:{&quot;unit&quot;:&quot;px&quot;,&quot;size&quot;:1,&quot;sizes&quot;:[]},&quot;motion_fx_translateY_affectedRange&quot;:{&quot;unit&quot;:&quot;%&quot;,&quot;size&quot;:&quot;&quot;,&quot;sizes&quot;:{&quot;start&quot;:0,&quot;end&quot;:100}},&quot;motion_fx_devices&quot;:[&quot;desktop&quot;,&quot;tablet&quot;,&quot;mobile&quot;]}\" data-widget_type=\"image.default\">\n\t\t\t\t<div class=\"elementor-widget-container\">\n\t\t\t\t\t\t\t\t\t\t\t\t\t\t\t<img fetchpriority=\"high\" decoding=\"async\" width=\"800\" height=\"533\" src=\"https:\/\/liquidtool.com\/wp-content\/uploads\/2021\/03\/liquidpedia_metal-cutting-1024x682.jpg\" class=\"attachment-large size-large wp-image-5281\" alt=\"CNC Maschine nutzt K\u00fchlschmierstoff\" srcset=\"https:\/\/liquidtool.com\/wp-content\/uploads\/2021\/03\/liquidpedia_metal-cutting-1024x682.jpg 1024w, https:\/\/liquidtool.com\/wp-content\/uploads\/2021\/03\/liquidpedia_metal-cutting-300x200.jpg 300w, https:\/\/liquidtool.com\/wp-content\/uploads\/2021\/03\/liquidpedia_metal-cutting-768x512.jpg 768w, https:\/\/liquidtool.com\/wp-content\/uploads\/2021\/03\/liquidpedia_metal-cutting-1536x1023.jpg 1536w, https:\/\/liquidtool.com\/wp-content\/uploads\/2021\/03\/liquidpedia_metal-cutting.jpg 1600w\" sizes=\"(max-width: 800px) 100vw, 800px\" title=\"\">\t\t\t\t\t\t\t\t\t\t\t\t\t\t\t<\/div>\n\t\t\t\t<\/div>\n\t\t\t\t<div class=\"elementor-element elementor-element-3219d2a elementor-widget elementor-widget-heading\" data-id=\"3219d2a\" data-element_type=\"widget\" data-widget_type=\"heading.default\">\n\t\t\t\t<div class=\"elementor-widget-container\">\n\t\t\t\t\t<h2 class=\"elementor-heading-title elementor-size-medium\">Mit K\u00fchlschmierstoff Reibung vermeiden<\/h2>\t\t\t\t<\/div>\n\t\t\t\t<\/div>\n\t\t\t\t<div class=\"elementor-element elementor-element-3d9d448 elementor-widget elementor-widget-text-editor\" data-id=\"3d9d448\" data-element_type=\"widget\" data-widget_type=\"text-editor.default\">\n\t\t\t\t<div class=\"elementor-widget-container\">\n\t\t\t\t\t\t\t\t\t<p>Die Zerspanung ist besonders in der metallverarbeitenden Industrie ein weitverbreitetes Fertigungsverfahren. Dabei entsteht Reibung und W\u00e4rme, was zum <strong>Verschleiss<\/strong> der Maschine f\u00fchren und die <strong>Oberfl\u00e4chenqualit\u00e4t<\/strong> des Werkst\u00fcckes verschlechtern kann.<\/p>\n<p>Entsprechend ist der Einsatz von K\u00fchlschmierstoffen ein wichtiger Erfolgsfaktor f\u00fcr die Metallzerspanung: K\u00fchlschmierstoff minimiert die Temperatur und die Reibung zwischen Werkzeug und dem Werkst\u00fcck, sch\u00fctzt vor <strong>Korrosion<\/strong> und sp\u00fclt Metallsp\u00e4ne weg.<\/p>\n<p>Um auch bei hohen Schnittgeschwindigkeiten und Mischreibungen <strong>qualitativ hochwertige St\u00fccke<\/strong> produzieren zu k\u00f6nnen und dabei den Werkzeugverschleiss zu minimieren, ist die korrekte Anwendung, <a href=\"\/de\/liquidpedia\/kuehlschmierstoffe-pruefen-und-ueberwachen\/\"><u>\u00dcberwachung und Pflege von K\u00fchlschmierstoff<\/u><\/a> zentral.<\/p>\n<p>Denn nur wer <strong>fr\u00fchzeitig Abweichungen erkennt<\/strong>, kann diese auch korrigieren, bevor die Maschine repariert werden muss oder gar komplett ausf\u00e4llt, die Lebensdauer der Maschine reduziert wird, die Qualit\u00e4t der produzierten Werkst\u00fccke abnimmt, K\u00fchlschmierstoffe teuer ersetzt oder entsorgt werden m\u00fcssen oder Hautunvertr\u00e4glichkeiten bei Maschinenbediener*innen aufkommen.<\/p>\n<p>Lesen Sie mehr dazu, wie das smarte K\u00fchlschmierstoff-Management von Liquidtool Ihren <a href=\"\/de\/produkte\"><u>K\u00fchlschmierstoff automatisch \u00fcberwacht<\/u><\/a>.<\/p>\n\t\t\t\t\t\t\t\t<\/div>\n\t\t\t\t<\/div>\n\t\t\t\t\t<\/div>\n\t\t<\/div>\n\t\t\t\t\t<\/div>\n\t\t<\/section>\n\t\t\t\t<\/div>\n\t\t","protected":false},"excerpt":{"rendered":"<p>Wichtige Aufgabe in der Zerspanung Mit K\u00fchlschmierstoff Reibung vermeiden Die Zerspanung ist besonders in der metallverarbeitenden Industrie ein weitverbreitetes Fertigungsverfahren. Dabei entsteht Reibung und W\u00e4rme, was zum Verschleiss der Maschine f\u00fchren und die Oberfl\u00e4chenqualit\u00e4t des Werkst\u00fcckes verschlechtern kann. Entsprechend ist der Einsatz von K\u00fchlschmierstoffen ein wichtiger Erfolgsfaktor f\u00fcr die Metallzerspanung: K\u00fchlschmierstoff minimiert die Temperatur und [&hellip;]<\/p>\n","protected":false},"author":1,"featured_media":0,"parent":5219,"menu_order":3,"comment_status":"closed","ping_status":"closed","template":"","meta":{"content-type":"","footnotes":""},"class_list":["post-5330","page","type-page","status-publish","hentry"],"_links":{"self":[{"href":"https:\/\/liquidtool.com\/de\/wp-json\/wp\/v2\/pages\/5330","targetHints":{"allow":["GET"]}}],"collection":[{"href":"https:\/\/liquidtool.com\/de\/wp-json\/wp\/v2\/pages"}],"about":[{"href":"https:\/\/liquidtool.com\/de\/wp-json\/wp\/v2\/types\/page"}],"author":[{"embeddable":true,"href":"https:\/\/liquidtool.com\/de\/wp-json\/wp\/v2\/users\/1"}],"replies":[{"embeddable":true,"href":"https:\/\/liquidtool.com\/de\/wp-json\/wp\/v2\/comments?post=5330"}],"version-history":[{"count":8,"href":"https:\/\/liquidtool.com\/de\/wp-json\/wp\/v2\/pages\/5330\/revisions"}],"predecessor-version":[{"id":24222,"href":"https:\/\/liquidtool.com\/de\/wp-json\/wp\/v2\/pages\/5330\/revisions\/24222"}],"up":[{"embeddable":true,"href":"https:\/\/liquidtool.com\/de\/wp-json\/wp\/v2\/pages\/5219"}],"wp:attachment":[{"href":"https:\/\/liquidtool.com\/de\/wp-json\/wp\/v2\/media?parent=5330"}],"curies":[{"name":"wp","href":"https:\/\/api.w.org\/{rel}","templated":true}]}}