{"id":5320,"date":"2021-03-10T13:48:51","date_gmt":"2021-03-10T12:48:51","guid":{"rendered":"http:\/\/liquidtool.com\/?page_id=5320"},"modified":"2024-02-05T11:13:11","modified_gmt":"2024-02-05T10:13:11","slug":"messwerte","status":"publish","type":"page","link":"https:\/\/liquidtool.com\/de\/liquidpedia\/messwerte\/","title":{"rendered":"Messwerte"},"content":{"rendered":"\t\t<div data-elementor-type=\"wp-page\" data-elementor-id=\"5320\" class=\"elementor elementor-5320 elementor-5319\" data-elementor-post-type=\"page\">\n\t\t\t\t\t\t<section class=\"elementor-section elementor-top-section elementor-element elementor-element-407cb4a lt-section elementor-section-boxed elementor-section-height-default elementor-section-height-default\" data-id=\"407cb4a\" data-element_type=\"section\" id=\"team\">\n\t\t\t\t\t\t<div class=\"elementor-container elementor-column-gap-default\">\n\t\t\t\t\t<div class=\"elementor-column elementor-col-100 elementor-top-column elementor-element elementor-element-dc0c7dc bg-news\" data-id=\"dc0c7dc\" data-element_type=\"column\" data-settings=\"{&quot;background_background&quot;:&quot;classic&quot;}\">\n\t\t\t<div class=\"elementor-widget-wrap elementor-element-populated\">\n\t\t\t\t\t\t<div class=\"elementor-element elementor-element-057323e lt-breadcrumb elementor-widget elementor-widget-shortcode\" data-id=\"057323e\" data-element_type=\"widget\" data-widget_type=\"shortcode.default\">\n\t\t\t\t<div class=\"elementor-widget-container\">\n\t\t\t\t\t\t\t<div class=\"elementor-shortcode\"><nav aria-label=\"breadcrumbs\" class=\"rank-math-breadcrumb\"><p><span class=\"last\">Home<\/span><\/p><\/nav><\/div>\n\t\t\t\t\t\t<\/div>\n\t\t\t\t<\/div>\n\t\t\t\t<div class=\"elementor-element elementor-element-00c9cb8 elementor-widget elementor-widget-heading\" data-id=\"00c9cb8\" data-element_type=\"widget\" data-widget_type=\"heading.default\">\n\t\t\t\t<div class=\"elementor-widget-container\">\n\t\t\t\t\t<h1 class=\"elementor-heading-title elementor-size-xl\">Die wichtigsten Messwerte f\u00fcr Ihre K\u00fchlschmierstoffe<\/h1>\t\t\t\t<\/div>\n\t\t\t\t<\/div>\n\t\t\t\t<div class=\"elementor-element elementor-element-3704905 has-scroll-effect elementor-widget elementor-widget-image\" data-id=\"3704905\" data-element_type=\"widget\" data-settings=\"{&quot;motion_fx_motion_fx_scrolling&quot;:&quot;yes&quot;,&quot;motion_fx_translateY_effect&quot;:&quot;yes&quot;,&quot;motion_fx_translateY_speed&quot;:{&quot;unit&quot;:&quot;px&quot;,&quot;size&quot;:1,&quot;sizes&quot;:[]},&quot;motion_fx_translateY_affectedRange&quot;:{&quot;unit&quot;:&quot;%&quot;,&quot;size&quot;:&quot;&quot;,&quot;sizes&quot;:{&quot;start&quot;:0,&quot;end&quot;:100}},&quot;motion_fx_devices&quot;:[&quot;desktop&quot;,&quot;tablet&quot;,&quot;mobile&quot;]}\" data-widget_type=\"image.default\">\n\t\t\t\t<div class=\"elementor-widget-container\">\n\t\t\t\t\t\t\t\t\t\t\t\t\t\t\t<img fetchpriority=\"high\" decoding=\"async\" width=\"800\" height=\"533\" src=\"https:\/\/liquidtool.com\/wp-content\/uploads\/2021\/03\/liquidpedia_measured-values-1024x682.jpg\" class=\"attachment-large size-large wp-image-5279\" alt=\"Die wichtigsten Messwerte des K\u00fchlschmierstoffs dargestellt auf einem Bildschirm und Smartphone\" srcset=\"https:\/\/liquidtool.com\/wp-content\/uploads\/2021\/03\/liquidpedia_measured-values-1024x682.jpg 1024w, https:\/\/liquidtool.com\/wp-content\/uploads\/2021\/03\/liquidpedia_measured-values-300x200.jpg 300w, https:\/\/liquidtool.com\/wp-content\/uploads\/2021\/03\/liquidpedia_measured-values-768x512.jpg 768w, https:\/\/liquidtool.com\/wp-content\/uploads\/2021\/03\/liquidpedia_measured-values-1536x1023.jpg 1536w, https:\/\/liquidtool.com\/wp-content\/uploads\/2021\/03\/liquidpedia_measured-values.jpg 1600w\" sizes=\"(max-width: 800px) 100vw, 800px\" title=\"\">\t\t\t\t\t\t\t\t\t\t\t\t\t\t\t<\/div>\n\t\t\t\t<\/div>\n\t\t\t\t<div class=\"elementor-element elementor-element-3219d2a elementor-widget elementor-widget-heading\" data-id=\"3219d2a\" data-element_type=\"widget\" data-widget_type=\"heading.default\">\n\t\t\t\t<div class=\"elementor-widget-container\">\n\t\t\t\t\t<h2 class=\"elementor-heading-title elementor-size-medium\">\u00dcberwachen Sie Ihre K\u00fchlschmierstoffe f\u00fcr reibungslose Zerspanung <\/h2>\t\t\t\t<\/div>\n\t\t\t\t<\/div>\n\t\t\t\t<div class=\"elementor-element elementor-element-3d9d448 elementor-widget elementor-widget-text-editor\" data-id=\"3d9d448\" data-element_type=\"widget\" data-widget_type=\"text-editor.default\">\n\t\t\t\t<div class=\"elementor-widget-container\">\n\t\t\t\t\t\t\t\t\t<p>Metallzerspanende Maschinen sind auf saubere K\u00fchlschmierstoffe angewiesen. Im Laufe ihrer Verwendung werden K\u00fchlschmierstoffe jedoch mit Schmutz, Gleitbahn- und Hydraulik\u00f6l, Metallsp\u00e4nen, Bakterien und weiteren Fremdpartikel <b>kontaminiert<\/b>. <\/p>\n<p>Dies kann sich direkt auf Qualit\u00e4tsaspekte wie Leistung oder Hautvertr\u00e4glichkeit des Produkts auswirken: K\u00fchlschmierstoff, der kontaminiert ist und Schaum bildet, kann also nicht nur Ihre Maschinen zum <b>Erliegen<\/b> bringen, sondern auch Hautirritationen bei Ihren Mitarbeiter:innen ausl\u00f6sen. Der K\u00fchlschmierstoff Emulsion kommt also eine grosse Bedeutung zu. <\/p>\n<p>Entsprechend wichtig ist es, die folgenden Messwerte <b>regelm\u00e4ssig zu <span style=\"text-decoration: underline;\"><a href=\"https:\/\/liquidtool.com\/de\/liquidpedia\/kuehlschmierstoffe-pruefen-und-ueberwachen\/\">\u00fcberwachen<\/a><\/span><\/b> und den Status Ihres wassermischbaren K\u00fchlschmierstoffs immer im Blick zu behalten:<\/p>\n<ul>\n<li><strong>Konzentration<\/strong><br \/>Der <b>wichtigste<\/b> Mess-Parameter gibt Aufschluss \u00fcber Schmierleistung, Korrosionsschutz, Stabilit\u00e4t, Schaumverhalten und R\u00fcckstandsverhalten.<\/li>\n<li><strong>Temperatur<\/strong><br \/>Behalten Sie die Temperatur Ihres K\u00fchlschmierstoffs jederzeit im Auge, um zu vermeiden, dass sich die Eigenschaften bei zu hoher oder niedriger Temperatur ver\u00e4ndern.<\/li>\n<li><strong>pH-Wert<br \/><\/strong>Die Entwicklung des K\u00fchlschmierstoff pH Werts gibt Ihnen wertvolle Informationen dar\u00fcber, ob der KSS verunreinigt ist. Ein extremer Abfall vom K\u00fchlschmierstoff pH-Wert kann zum Beispiel auf eine niedrige Konzentration der Emulsion oder einen hohen Anteil an Fremd\u00f6l hinweisen. Ein extremer Anstieg des pH-Werts vom K\u00fchlschmierstoff hingegen kann auf eine m\u00f6gliche chemische Verunreinigung mit einem alkalischen Reiniger hindeuten.<\/li>\n<li><strong>Emulsionsh\u00e4rte<br \/><\/strong>Eine konstante Emulsionsh\u00e4rte ist entscheidend f\u00fcr eine hohe Qualit\u00e4t Ihres K\u00fchlschmiermittels: Hohe H\u00e4rtegrade k\u00f6nnen zu einer instabilen Emulsion oder zur Bildung von R\u00fcckst\u00e4nden f\u00fchren.<\/li>\n<li><strong>Nitritgehalt<\/strong><br \/>Durch die Messung des Nitritgehalts k\u00f6nnen Sie das Risiko einer Nitrosaminbildung fr\u00fchzeitig erkennen und vermeiden.<\/li>\n<\/ul>\n<p>Die K\u00fchlschmiermittel-<strong>Konzentration<\/strong> sowie die <strong>Temperatur<\/strong> sind die <strong>wichtigsten Messwerte<\/strong>, die entsprechend am h\u00e4ufigsten gemessen werden k\u00f6nnen. Diese Werte k\u00f6nnen Sie mit dem <span style=\"text-decoration: underline;\"><a href=\"https:\/\/liquidtool.com\/de\/produkte\/instructor\/\">Liquidtool Instructor<\/a><\/span> automatisch regelm\u00e4ssig \u00fcberwachen und in der cloudbasierten Plattforml\u00f6sung Liquitool Manager dokumentieren. <\/p>\n<p><strong>Zus\u00e4tzliche Messungen<\/strong> k\u00f6nnen Sie direkt auf der Plattform erg\u00e4nzen und so den Zustand Ihres wassergemischten K\u00fchlschmierstoffes l\u00fcckenlos dokumentieren. Die Messungen, Daten und Reports k\u00f6nnen dann auch gleich f\u00fcr die Dokumentation der TRGS 611 verwendet werden.<\/p>\n<p>Lernen Sie mehr \u00fcber die <a href=\"https:\/\/liquidtool.com\/de\/produkte\/\"><u>Vorteile der automatischen K\u00fchlschmierstoff\u00fcberwachung<\/u><\/a>.<\/p>\n\t\t\t\t\t\t\t\t<\/div>\n\t\t\t\t<\/div>\n\t\t\t\t\t<\/div>\n\t\t<\/div>\n\t\t\t\t\t<\/div>\n\t\t<\/section>\n\t\t\t\t<\/div>\n\t\t","protected":false},"excerpt":{"rendered":"<p>Die wichtigsten Messwerte f\u00fcr Ihre K\u00fchlschmierstoffe \u00dcberwachen Sie Ihre K\u00fchlschmierstoffe f\u00fcr reibungslose Zerspanung Metallzerspanende Maschinen sind auf saubere K\u00fchlschmierstoffe angewiesen. Im Laufe ihrer Verwendung werden K\u00fchlschmierstoffe jedoch mit Schmutz, Gleitbahn- und Hydraulik\u00f6l, Metallsp\u00e4nen, Bakterien und weiteren Fremdpartikel kontaminiert. Dies kann sich direkt auf Qualit\u00e4tsaspekte wie Leistung oder Hautvertr\u00e4glichkeit des Produkts auswirken: K\u00fchlschmierstoff, der kontaminiert ist [&hellip;]<\/p>\n","protected":false},"author":1,"featured_media":0,"parent":5219,"menu_order":2,"comment_status":"closed","ping_status":"open","template":"","meta":{"content-type":"","footnotes":""},"class_list":["post-5320","page","type-page","status-publish","hentry"],"_links":{"self":[{"href":"https:\/\/liquidtool.com\/de\/wp-json\/wp\/v2\/pages\/5320","targetHints":{"allow":["GET"]}}],"collection":[{"href":"https:\/\/liquidtool.com\/de\/wp-json\/wp\/v2\/pages"}],"about":[{"href":"https:\/\/liquidtool.com\/de\/wp-json\/wp\/v2\/types\/page"}],"author":[{"embeddable":true,"href":"https:\/\/liquidtool.com\/de\/wp-json\/wp\/v2\/users\/1"}],"replies":[{"embeddable":true,"href":"https:\/\/liquidtool.com\/de\/wp-json\/wp\/v2\/comments?post=5320"}],"version-history":[{"count":20,"href":"https:\/\/liquidtool.com\/de\/wp-json\/wp\/v2\/pages\/5320\/revisions"}],"predecessor-version":[{"id":32212,"href":"https:\/\/liquidtool.com\/de\/wp-json\/wp\/v2\/pages\/5320\/revisions\/32212"}],"up":[{"embeddable":true,"href":"https:\/\/liquidtool.com\/de\/wp-json\/wp\/v2\/pages\/5219"}],"wp:attachment":[{"href":"https:\/\/liquidtool.com\/de\/wp-json\/wp\/v2\/media?parent=5320"}],"curies":[{"name":"wp","href":"https:\/\/api.w.org\/{rel}","templated":true}]}}