{"id":5304,"date":"2021-03-10T13:41:46","date_gmt":"2021-03-10T12:41:46","guid":{"rendered":"http:\/\/liquidtool.com\/?page_id=5304"},"modified":"2023-06-01T11:33:57","modified_gmt":"2023-06-01T09:33:57","slug":"kuehlschmierstoffueberwachung","status":"publish","type":"page","link":"https:\/\/liquidtool.com\/de\/liquidpedia\/kuehlschmierstoffueberwachung\/","title":{"rendered":"K\u00fchlschmierstoff-\u00dcberwachung"},"content":{"rendered":"\t\t<div data-elementor-type=\"wp-page\" data-elementor-id=\"5304\" class=\"elementor elementor-5304 elementor-5303\" data-elementor-post-type=\"page\">\n\t\t\t\t\t\t<section class=\"elementor-section elementor-top-section elementor-element elementor-element-407cb4a lt-section elementor-section-boxed elementor-section-height-default elementor-section-height-default\" data-id=\"407cb4a\" data-element_type=\"section\" id=\"team\">\n\t\t\t\t\t\t<div class=\"elementor-container elementor-column-gap-default\">\n\t\t\t\t\t<div class=\"elementor-column elementor-col-100 elementor-top-column elementor-element elementor-element-dc0c7dc bg-news\" data-id=\"dc0c7dc\" data-element_type=\"column\" data-settings=\"{&quot;background_background&quot;:&quot;classic&quot;}\">\n\t\t\t<div class=\"elementor-widget-wrap elementor-element-populated\">\n\t\t\t\t\t\t<div class=\"elementor-element elementor-element-057323e lt-breadcrumb elementor-widget elementor-widget-shortcode\" data-id=\"057323e\" data-element_type=\"widget\" data-widget_type=\"shortcode.default\">\n\t\t\t\t<div class=\"elementor-widget-container\">\n\t\t\t\t\t\t\t<div class=\"elementor-shortcode\"><nav aria-label=\"breadcrumbs\" class=\"rank-math-breadcrumb\"><p><span class=\"last\">Home<\/span><\/p><\/nav><\/div>\n\t\t\t\t\t\t<\/div>\n\t\t\t\t<\/div>\n\t\t\t\t<div class=\"elementor-element elementor-element-00c9cb8 elementor-widget elementor-widget-heading\" data-id=\"00c9cb8\" data-element_type=\"widget\" data-widget_type=\"heading.default\">\n\t\t\t\t<div class=\"elementor-widget-container\">\n\t\t\t\t\t<h1 class=\"elementor-heading-title elementor-size-xl\">Mehr Sicherheit dank regelm\u00e4ssiger K\u00fchlschmierstoff\u00fcberwachung<\/h1>\t\t\t\t<\/div>\n\t\t\t\t<\/div>\n\t\t\t\t<div class=\"elementor-element elementor-element-3704905 has-scroll-effect elementor-widget elementor-widget-image\" data-id=\"3704905\" data-element_type=\"widget\" data-settings=\"{&quot;motion_fx_motion_fx_scrolling&quot;:&quot;yes&quot;,&quot;motion_fx_translateY_effect&quot;:&quot;yes&quot;,&quot;motion_fx_translateY_speed&quot;:{&quot;unit&quot;:&quot;px&quot;,&quot;size&quot;:1,&quot;sizes&quot;:[]},&quot;motion_fx_translateY_affectedRange&quot;:{&quot;unit&quot;:&quot;%&quot;,&quot;size&quot;:&quot;&quot;,&quot;sizes&quot;:{&quot;start&quot;:0,&quot;end&quot;:100}},&quot;motion_fx_devices&quot;:[&quot;desktop&quot;,&quot;tablet&quot;,&quot;mobile&quot;]}\" data-widget_type=\"image.default\">\n\t\t\t\t<div class=\"elementor-widget-container\">\n\t\t\t\t\t\t\t\t\t\t\t\t\t\t\t<img fetchpriority=\"high\" decoding=\"async\" width=\"800\" height=\"533\" src=\"https:\/\/liquidtool.com\/wp-content\/uploads\/2021\/03\/liquidpedia_coolant-monitoring-1024x682.jpg\" class=\"attachment-large size-large wp-image-5277\" alt=\"Metall zerspanende Maschine benutzt K\u00fchlschmierstoff zur KSS-\u00dcberwachung\" srcset=\"https:\/\/liquidtool.com\/wp-content\/uploads\/2021\/03\/liquidpedia_coolant-monitoring-1024x682.jpg 1024w, https:\/\/liquidtool.com\/wp-content\/uploads\/2021\/03\/liquidpedia_coolant-monitoring-300x200.jpg 300w, https:\/\/liquidtool.com\/wp-content\/uploads\/2021\/03\/liquidpedia_coolant-monitoring-768x512.jpg 768w, https:\/\/liquidtool.com\/wp-content\/uploads\/2021\/03\/liquidpedia_coolant-monitoring-1536x1023.jpg 1536w, https:\/\/liquidtool.com\/wp-content\/uploads\/2021\/03\/liquidpedia_coolant-monitoring.jpg 1600w\" sizes=\"(max-width: 800px) 100vw, 800px\" title=\"\">\t\t\t\t\t\t\t\t\t\t\t\t\t\t\t<\/div>\n\t\t\t\t<\/div>\n\t\t\t\t<div class=\"elementor-element elementor-element-587a823 elementor-widget elementor-widget-heading\" data-id=\"587a823\" data-element_type=\"widget\" data-widget_type=\"heading.default\">\n\t\t\t\t<div class=\"elementor-widget-container\">\n\t\t\t\t\t<h2 class=\"elementor-heading-title elementor-size-medium\">Verl\u00e4ngerte Lebensdauer f\u00fcr Ihre Maschinen<\/h2>\t\t\t\t<\/div>\n\t\t\t\t<\/div>\n\t\t\t\t<div class=\"elementor-element elementor-element-3d9d448 elementor-widget elementor-widget-text-editor\" data-id=\"3d9d448\" data-element_type=\"widget\" data-widget_type=\"text-editor.default\">\n\t\t\t\t<div class=\"elementor-widget-container\">\n\t\t\t\t\t\t\t\t\t<p>Saubere, stabile K\u00fchlschmierstoffe sind ein entscheidender Erfolgsfaktor daf\u00fcr, dass Maschinen <strong>effizient laufen<\/strong> und Werkst\u00fccke in <strong>hoher Qualit\u00e4t<\/strong> angefertigt werden k\u00f6nnen. Die Sauberkeit von K\u00fchlschmierstoffen kann aber schnell beeintr\u00e4chtigt werden \u2013 etwa, indem sie durch Metallsp\u00e4ne, Bakterien oder Fremdpartikel verschmutzt werden.<\/p>\n<p><strong>Verschmutzte K\u00fchlschmierstoffe<\/strong> f\u00fchren nicht nur zu Qualit\u00e4tseinbussen, sondern k\u00f6nnen Ihre Maschinen sogar ganz zum Erliegen bringen und Hautirritationen bei Ihren Mitarbeiter*innen ausl\u00f6sen. Umso wichtiger ist es, <a href=\"\/de\/liquidpedia\/kuehlschmierstoffe-pruefen-und-ueberwachen\/\"><strong><span style=\"text-decoration: underline;\">K\u00fchlschmierstoffe regelm\u00e4ssig und genau zu \u00fcberwachen<\/span><\/strong><\/a>.<\/p>\n<p>Die \u00dcberwachung der wichtigsten Werte mit dem LIQUIDTOOL Sensor und Eingabe und Auswertung der Daten \u00fcber den cloudbasierten LIQUIDTOOL Manager bietet Ihnen folgende <strong>Vorteile<\/strong>:<\/p>\n<ul>\n<li>reduzierte Konzentrat- und Entsorgungskosten durch <strong>l\u00e4ngere Standzeit<\/strong> des K\u00fchlschmierstoffes<\/li>\n<li><strong>niedrigere Stillstandzeiten<\/strong> der Maschinen<\/li>\n<li><strong>verbesserte Arbeitsbedingungen<\/strong> f\u00fcr Maschinenbediener*innendurch konstantere Konzentration<\/li>\n<li><strong>erh\u00f6hte Prozesssicherheit<\/strong> f\u00fcr eine erh\u00f6hte Produktivit\u00e4t<\/li>\n<li>l\u00fcckenlose und sichere <strong>Dokumentation<\/strong> aller Messwerte<\/li>\n<\/ul>\n<p>Erfahren Sie unter <a href=\"\/de\/liquidpedia\/messwerte\/\" data-schema-attribute=\"\"><u>\u00abDie wichtigsten Messwerte\u00bb<\/u><\/a> mehr dazu, welche Werte Ihnen Aufschluss \u00fcber den Zustand Ihres K\u00fchlschmierstoffes liefern.<\/p>\n<p>Lernen Sie das <a href=\"\/de\/produkte\/\"><u>smarte K\u00fchlschmierstoff-Management<\/u><\/a> von Liquidtool kennen und lesen Sie, wie Sie Ihre K\u00fchlschmierstoffe automatisch \u00fcberwachen und von jederzeit und von \u00fcberall auf Ihre Messdaten zugreifen k\u00f6nnen.<\/p>\n\t\t\t\t\t\t\t\t<\/div>\n\t\t\t\t<\/div>\n\t\t\t\t\t<\/div>\n\t\t<\/div>\n\t\t\t\t\t<\/div>\n\t\t<\/section>\n\t\t\t\t<\/div>\n\t\t","protected":false},"excerpt":{"rendered":"<p>Mehr Sicherheit dank regelm\u00e4ssiger K\u00fchlschmierstoff\u00fcberwachung Verl\u00e4ngerte Lebensdauer f\u00fcr Ihre Maschinen Saubere, stabile K\u00fchlschmierstoffe sind ein entscheidender Erfolgsfaktor daf\u00fcr, dass Maschinen effizient laufen und Werkst\u00fccke in hoher Qualit\u00e4t angefertigt werden k\u00f6nnen. Die Sauberkeit von K\u00fchlschmierstoffen kann aber schnell beeintr\u00e4chtigt werden \u2013 etwa, indem sie durch Metallsp\u00e4ne, Bakterien oder Fremdpartikel verschmutzt werden. Verschmutzte K\u00fchlschmierstoffe f\u00fchren nicht nur [&hellip;]<\/p>\n","protected":false},"author":1,"featured_media":0,"parent":5219,"menu_order":1,"comment_status":"closed","ping_status":"closed","template":"","meta":{"content-type":"","footnotes":""},"class_list":["post-5304","page","type-page","status-publish","hentry"],"_links":{"self":[{"href":"https:\/\/liquidtool.com\/de\/wp-json\/wp\/v2\/pages\/5304","targetHints":{"allow":["GET"]}}],"collection":[{"href":"https:\/\/liquidtool.com\/de\/wp-json\/wp\/v2\/pages"}],"about":[{"href":"https:\/\/liquidtool.com\/de\/wp-json\/wp\/v2\/types\/page"}],"author":[{"embeddable":true,"href":"https:\/\/liquidtool.com\/de\/wp-json\/wp\/v2\/users\/1"}],"replies":[{"embeddable":true,"href":"https:\/\/liquidtool.com\/de\/wp-json\/wp\/v2\/comments?post=5304"}],"version-history":[{"count":7,"href":"https:\/\/liquidtool.com\/de\/wp-json\/wp\/v2\/pages\/5304\/revisions"}],"predecessor-version":[{"id":24213,"href":"https:\/\/liquidtool.com\/de\/wp-json\/wp\/v2\/pages\/5304\/revisions\/24213"}],"up":[{"embeddable":true,"href":"https:\/\/liquidtool.com\/de\/wp-json\/wp\/v2\/pages\/5219"}],"wp:attachment":[{"href":"https:\/\/liquidtool.com\/de\/wp-json\/wp\/v2\/media?parent=5304"}],"curies":[{"name":"wp","href":"https:\/\/api.w.org\/{rel}","templated":true}]}}