{"id":4470,"date":"2020-10-08T09:41:11","date_gmt":"2020-10-08T07:41:11","guid":{"rendered":"http:\/\/liquidtool.com\/impressum\/"},"modified":"2024-06-28T14:57:01","modified_gmt":"2024-06-28T12:57:01","slug":"impressum","status":"publish","type":"page","link":"https:\/\/liquidtool.com\/de\/impressum\/","title":{"rendered":"Impressum"},"content":{"rendered":"\t\t<div data-elementor-type=\"wp-page\" data-elementor-id=\"4470\" class=\"elementor elementor-4470 elementor-1521\" data-elementor-post-type=\"page\">\n\t\t\t\t\t\t<section class=\"elementor-section elementor-top-section elementor-element elementor-element-6d81584 lt-section elementor-section-boxed elementor-section-height-default elementor-section-height-default\" data-id=\"6d81584\" data-element_type=\"section\">\n\t\t\t\t\t\t<div class=\"elementor-container elementor-column-gap-default\">\n\t\t\t\t\t<div class=\"elementor-column elementor-col-100 elementor-top-column elementor-element elementor-element-c8f4bd1\" data-id=\"c8f4bd1\" data-element_type=\"column\">\n\t\t\t<div class=\"elementor-widget-wrap elementor-element-populated\">\n\t\t\t\t\t\t<div class=\"elementor-element elementor-element-26fb1e1 elementor-widget elementor-widget-heading\" data-id=\"26fb1e1\" data-element_type=\"widget\" data-widget_type=\"heading.default\">\n\t\t\t\t<div class=\"elementor-widget-container\">\n\t\t\t\t\t<h1 class=\"elementor-heading-title elementor-size-xl\">Impressum<\/h1>\t\t\t\t<\/div>\n\t\t\t\t<\/div>\n\t\t\t\t<div class=\"elementor-element elementor-element-0a11956 elementor-widget elementor-widget-text-editor\" data-id=\"0a11956\" data-element_type=\"widget\" data-widget_type=\"text-editor.default\">\n\t\t\t\t<div class=\"elementor-widget-container\">\n\t\t\t\t\t\t\t\t\t<p><strong>LIQUIDTOOL Systems AG<\/strong><br \/>Winterseistrasse 22<br \/>3415 Hasle-R\u00fcegsau<br \/>Schweiz<\/p>\n\t\t\t\t\t\t\t\t<\/div>\n\t\t\t\t<\/div>\n\t\t\t\t<div class=\"elementor-element elementor-element-9ae3822 elementor-widget elementor-widget-heading\" data-id=\"9ae3822\" data-element_type=\"widget\" data-widget_type=\"heading.default\">\n\t\t\t\t<div class=\"elementor-widget-container\">\n\t\t\t\t\t<h2 class=\"elementor-heading-title elementor-size-small\">Kontaktdaten<\/h2>\t\t\t\t<\/div>\n\t\t\t\t<\/div>\n\t\t\t\t<div class=\"elementor-element elementor-element-361037d elementor-widget elementor-widget-text-editor\" data-id=\"361037d\" data-element_type=\"widget\" data-widget_type=\"text-editor.default\">\n\t\t\t\t<div class=\"elementor-widget-container\">\n\t\t\t\t\t\t\t\t\t<p><b>Tel:<\/b> +41 34 511 61 51<br \/><b>E-mail: <\/b>support@liquidtool.com<br \/><b>Referenznummer: <\/b>CH-170.3.040.949-0<br \/><b>Unternehmens-Identifikationsnummer: <\/b>CHE-294.232.151<br \/><b>MwSt: <\/b>CHE-294.232.151 MWST<b><\/b><\/p>\n\t\t\t\t\t\t\t\t<\/div>\n\t\t\t\t<\/div>\n\t\t\t\t<div class=\"elementor-element elementor-element-aef4377 elementor-widget elementor-widget-heading\" data-id=\"aef4377\" data-element_type=\"widget\" data-widget_type=\"heading.default\">\n\t\t\t\t<div class=\"elementor-widget-container\">\n\t\t\t\t\t<h3 class=\"elementor-heading-title elementor-size-small\">Registrations-IDs<\/h3>\t\t\t\t<\/div>\n\t\t\t\t<\/div>\n\t\t\t\t<div class=\"elementor-element elementor-element-3702977 elementor-widget elementor-widget-text-editor\" data-id=\"3702977\" data-element_type=\"widget\" data-widget_type=\"text-editor.default\">\n\t\t\t\t<div class=\"elementor-widget-container\">\n\t\t\t\t\t\t\t\t\t<p><b>SYDEREP ID:<\/b> FR036694<br \/><strong>Ecosystem:<\/strong> FR042634_050O7G<br \/><strong>Screlec:<\/strong> FR036694_06BN7L<br \/><strong>Citeo:<\/strong> FR268992_01WOWI<br \/><b>WEEE-Reg.-Nr.:<\/b> DE 16576836<\/p>\n\t\t\t\t\t\t\t\t<\/div>\n\t\t\t\t<\/div>\n\t\t\t\t<div class=\"elementor-element elementor-element-8601973 elementor-widget elementor-widget-heading\" data-id=\"8601973\" data-element_type=\"widget\" data-widget_type=\"heading.default\">\n\t\t\t\t<div class=\"elementor-widget-container\">\n\t\t\t\t\t<h2 class=\"elementor-heading-title elementor-size-medium\">Haftungsausschluss<\/h2>\t\t\t\t<\/div>\n\t\t\t\t<\/div>\n\t\t\t\t<div class=\"elementor-element elementor-element-3effc2e elementor-widget elementor-widget-heading\" data-id=\"3effc2e\" data-element_type=\"widget\" data-widget_type=\"heading.default\">\n\t\t\t\t<div class=\"elementor-widget-container\">\n\t\t\t\t\t<h3 class=\"elementor-heading-title elementor-size-small\">Verantwortlichkeit f\u00fcr Inhalte<\/h3>\t\t\t\t<\/div>\n\t\t\t\t<\/div>\n\t\t\t\t<div class=\"elementor-element elementor-element-d862a73 elementor-widget elementor-widget-text-editor\" data-id=\"d862a73\" data-element_type=\"widget\" data-widget_type=\"text-editor.default\">\n\t\t\t\t<div class=\"elementor-widget-container\">\n\t\t\t\t\t\t\t\t\t<p>Die Inhalte unserer Seiten wurden mit gr\u00f6sster Sorgfalt erstellt. Dennoch k\u00f6nnen wir f\u00fcr die Aktualit\u00e4t, Zuverl\u00e4ssigkeit und Vollst\u00e4ndigkeit der Inhalte keine Gew\u00e4hr \u00fcbernehmen. F\u00fcr die Inhalte, die wir selbst erstellt haben, sind wir nach den gesetzlichen Bestimmungen verantwortlich. In diesem Zusammenhang m\u00f6chten wir klarstellen, dass wir nicht f\u00fcr Informationen verantwortlich sind, die von Dritten zur Verf\u00fcgung gestellt oder von diesen gesammelt werden. Bei Bekanntwerden von Rechtsverletzungen werden wir unserer Verpflichtung zur Sperrung oder L\u00f6schung der entsprechenden Inhalte nachkommen. F\u00fcr die Inhalte fremder Links (externe Inhalte) sind die jeweiligen Betreiber der Seiten verantwortlich. Zum Zeitpunkt der Setzung der auf unseren Seiten verwendeten Links waren keine rechtswidrigen Aktivit\u00e4ten in diesen erkennbar. Sobald uns rechtswidrige Aktivit\u00e4ten oder Verst\u00f6sse bekannt werden, werden wir den entsprechenden Link entfernen.<\/p>\n\t\t\t\t\t\t\t\t<\/div>\n\t\t\t\t<\/div>\n\t\t\t\t<div class=\"elementor-element elementor-element-ccbc2c0 elementor-widget elementor-widget-heading\" data-id=\"ccbc2c0\" data-element_type=\"widget\" data-widget_type=\"heading.default\">\n\t\t\t\t<div class=\"elementor-widget-container\">\n\t\t\t\t\t<h3 class=\"elementor-heading-title elementor-size-small\">Copyright<\/h3>\t\t\t\t<\/div>\n\t\t\t\t<\/div>\n\t\t\t\t<div class=\"elementor-element elementor-element-e3500af elementor-widget elementor-widget-text-editor\" data-id=\"e3500af\" data-element_type=\"widget\" data-widget_type=\"text-editor.default\">\n\t\t\t\t<div class=\"elementor-widget-container\">\n\t\t\t\t\t\t\t\t\t<p>Unsere Webseiten und deren Inhalte (Texte, Fotos, Grafiken, Design) sind urheberrechtlich gesch\u00fctzt und verbleiben beim jeweiligen Rechteinhaber. Die Verwendung, Reproduktion, Vervielf\u00e4ltigung oder Ver\u00e4nderung der Inhalte bedarf der schriftlichen Genehmigung durch die Webseitenbetreiber bzw. Rechteinhaber. <\/p>\n\t\t\t\t\t\t\t\t<\/div>\n\t\t\t\t<\/div>\n\t\t\t\t\t<\/div>\n\t\t<\/div>\n\t\t\t\t\t<\/div>\n\t\t<\/section>\n\t\t\t\t<\/div>\n\t\t","protected":false},"excerpt":{"rendered":"<p>Impressum LIQUIDTOOL Systems AGWinterseistrasse 223415 Hasle-R\u00fcegsauSchweiz Kontaktdaten Tel: +41 34 511 61 51E-mail: support@liquidtool.comReferenznummer: CH-170.3.040.949-0Unternehmens-Identifikationsnummer: CHE-294.232.151MwSt: CHE-294.232.151 MWST Registrations-IDs SYDEREP ID: FR036694Ecosystem: FR042634_050O7GScrelec: FR036694_06BN7LCiteo: FR268992_01WOWIWEEE-Reg.-Nr.: DE 16576836 Haftungsausschluss Verantwortlichkeit f\u00fcr Inhalte Die Inhalte unserer Seiten wurden mit gr\u00f6sster Sorgfalt erstellt. Dennoch k\u00f6nnen wir f\u00fcr die Aktualit\u00e4t, Zuverl\u00e4ssigkeit und Vollst\u00e4ndigkeit der Inhalte keine Gew\u00e4hr \u00fcbernehmen. F\u00fcr [&hellip;]<\/p>\n","protected":false},"author":1,"featured_media":0,"parent":0,"menu_order":100,"comment_status":"closed","ping_status":"open","template":"","meta":{"content-type":"","footnotes":""},"class_list":["post-4470","page","type-page","status-publish","hentry"],"_links":{"self":[{"href":"https:\/\/liquidtool.com\/de\/wp-json\/wp\/v2\/pages\/4470","targetHints":{"allow":["GET"]}}],"collection":[{"href":"https:\/\/liquidtool.com\/de\/wp-json\/wp\/v2\/pages"}],"about":[{"href":"https:\/\/liquidtool.com\/de\/wp-json\/wp\/v2\/types\/page"}],"author":[{"embeddable":true,"href":"https:\/\/liquidtool.com\/de\/wp-json\/wp\/v2\/users\/1"}],"replies":[{"embeddable":true,"href":"https:\/\/liquidtool.com\/de\/wp-json\/wp\/v2\/comments?post=4470"}],"version-history":[{"count":8,"href":"https:\/\/liquidtool.com\/de\/wp-json\/wp\/v2\/pages\/4470\/revisions"}],"predecessor-version":[{"id":36932,"href":"https:\/\/liquidtool.com\/de\/wp-json\/wp\/v2\/pages\/4470\/revisions\/36932"}],"wp:attachment":[{"href":"https:\/\/liquidtool.com\/de\/wp-json\/wp\/v2\/media?parent=4470"}],"curies":[{"name":"wp","href":"https:\/\/api.w.org\/{rel}","templated":true}]}}