{"id":3781,"date":"2020-12-29T16:22:22","date_gmt":"2020-12-29T15:22:22","guid":{"rendered":"http:\/\/liquidtool.com\/allgemeine-geschaeftsbedingungen-fuer-anlagen\/"},"modified":"2024-07-05T15:13:50","modified_gmt":"2024-07-05T13:13:50","slug":"agb-anlagen","status":"publish","type":"page","link":"https:\/\/liquidtool.com\/de\/agb-anlagen\/","title":{"rendered":"Allgemeine Gesch\u00e4ftsbedingungen f\u00fcr Anlagen"},"content":{"rendered":"\t\t<div data-elementor-type=\"wp-page\" data-elementor-id=\"3781\" class=\"elementor elementor-3781 elementor-3688\" data-elementor-post-type=\"page\">\n\t\t\t\t<div class=\"elementor-element elementor-element-cfe2f1e lt-section e-flex e-con-boxed e-con e-parent\" data-id=\"cfe2f1e\" data-element_type=\"container\">\n\t\t\t\t\t<div class=\"e-con-inner\">\n\t\t<div class=\"elementor-element elementor-element-744fb46 e-con-full e-flex e-con e-child\" data-id=\"744fb46\" data-element_type=\"container\">\n\t\t\t\t<div class=\"elementor-element elementor-element-7c2fb58 elementor-widget elementor-widget-heading\" data-id=\"7c2fb58\" data-element_type=\"widget\" data-widget_type=\"heading.default\">\n\t\t\t\t<div class=\"elementor-widget-container\">\n\t\t\t\t\t<h1 class=\"elementor-heading-title elementor-size-xl\">Allgemeine Gesch\u00e4ftsbedingungen der Liquidtool Systems AG f\u00fcr Anlagen und Dienstleistungen<\/h1>\t\t\t\t<\/div>\n\t\t\t\t<\/div>\n\t\t\t\t<div class=\"elementor-element elementor-element-219955b elementor-widget elementor-widget-heading\" data-id=\"219955b\" data-element_type=\"widget\" data-widget_type=\"heading.default\">\n\t\t\t\t<div class=\"elementor-widget-container\">\n\t\t\t\t\t<h3 class=\"elementor-heading-title elementor-size-default\">1. Allgemeines<\/h3>\t\t\t\t<\/div>\n\t\t\t\t<\/div>\n\t\t\t\t<div class=\"elementor-element elementor-element-5b40e8a elementor-widget elementor-widget-text-editor\" data-id=\"5b40e8a\" data-element_type=\"widget\" data-widget_type=\"text-editor.default\">\n\t\t\t\t<div class=\"elementor-widget-container\">\n\t\t\t\t\t\t\t\t\t<p>F\u00fcr s\u00e4mtliche Dienstleistungen und Lieferungen der Liquidtool Systems AG (nachfolgend: \u00abLiquidtool\u00bb) im Bezug auf Liquidtool Devices (Instructor, Autopilot, Guardian etc.), in Folgenden \u00abAnlage\u00bb genannt, gelten stets diese allgemeinen Gesch\u00e4ftsbedingungen. Insoweit diese und auch das Website und Service User Agreement keine Regelungen enthalten, gilt das Schweizerische Obligationenrecht. Annahme der bestellten Ware oder Abnahme der erbrachten Dienstleistung bedeutet in jedem Fall Anerkennung dieser \u00abAllgemeinen Gesch\u00e4ftsbedingungen\u00bb durch den Kunden. Der Begriff \u201eDienstleistungen\u201c umfasst Leistungen von Liquidtool aus Auftrags- wie auch aus Werkvertragsrecht.<\/p>\n\t\t\t\t\t\t\t\t<\/div>\n\t\t\t\t<\/div>\n\t\t\t\t<div class=\"elementor-element elementor-element-8f8a83e elementor-widget elementor-widget-heading\" data-id=\"8f8a83e\" data-element_type=\"widget\" data-widget_type=\"heading.default\">\n\t\t\t\t<div class=\"elementor-widget-container\">\n\t\t\t\t\t<h3 class=\"elementor-heading-title elementor-size-default\">2. Gegenstand und Umfang der Leistung; Datenschutz<\/h3>\t\t\t\t<\/div>\n\t\t\t\t<\/div>\n\t\t\t\t<div class=\"elementor-element elementor-element-7597e5c elementor-widget elementor-widget-text-editor\" data-id=\"7597e5c\" data-element_type=\"widget\" data-widget_type=\"text-editor.default\">\n\t\t\t\t<div class=\"elementor-widget-container\">\n\t\t\t\t\t\t\t\t\t<p>Gegenstand und Umfang der geschuldeten Leistung wird ausschliesslich durch die schriftliche Best\u00e4tigung der Bestellung des Kunden durch Liquidtool definiert. Der Kunde hat dabei f\u00fcr den Kauf der Anlage zwei Optionen, n\u00e4mlich der Vereinbarung einer<\/p>\n<ul>\n<li><em>j\u00e4hrlichen Lizenz<\/em> f\u00fcr die \u00abSolution as a Service\u00bb. Die Mindestvertragsdauer betr\u00e4gt zwei Jahre, mit Dienstleistungen gem\u00e4ss Produktbeschrieb. Die Gew\u00e4hrleistung auf der Anlage besteht w\u00e4hrend der gesamten Vertragsdauer; oder einer<\/li>\n<li><em>Einmallizenz <\/em> f\u00fcr die \u00abSolution as a Service\u00bb gem\u00e4ss Produktbeschrieb. Die Gew\u00e4hrleistung auf der Anlage betr\u00e4gt ein Jahr ab Lieferung der Anlage.<\/li>\n<\/ul>\n<p>Die entsprechende Lizenz wird \u00fcber die Plattform von Liquidtool gel\u00f6st. Mit L\u00f6sen und\/oder Gebrauch der Lizenz erkl\u00e4rt der Kunde ausdr\u00fccklich sein Einverst\u00e4ndnis mit den vorliegenden Allgemeinen Gesch\u00e4ftsbedingungen. Ein vorzeitiges R\u00fcckgaberecht des Kunden in Bezug auf die Anlage und ein damit verbundenes R\u00fcckerstattungsrecht f\u00fcr die von ihm geleisteten Zahlungen ist ausgeschlossen, ausser wenn dies schriftlich vereinbart ist.<\/p>\n<p>Die Erhebung, Speicherung oder Bearbeitung von personenbezogenen Daten erfolgt ausschliesslich im Zusammenhang mit der Leistungserf\u00fcllung, wobei die Speicherung und Auftragsbearbeitung solcher Daten im In- oder im Ausland stattfinden kann. Die Datenschutzgesetzgebung wird dabei jederzeit eingehalten.<\/p>\n<p>Die aktuelle Datenschutzrichtlinie finden Sie auf der Seite von Liquidtool <a href=\"https:\/\/liquidtool.com\/de\/datenschutz\/\">https:\/\/liquidtool.com\/de\/datenschutz<\/a>.<\/p>\n\t\t\t\t\t\t\t\t<\/div>\n\t\t\t\t<\/div>\n\t\t\t\t<div class=\"elementor-element elementor-element-0eebb6a elementor-widget elementor-widget-heading\" data-id=\"0eebb6a\" data-element_type=\"widget\" data-widget_type=\"heading.default\">\n\t\t\t\t<div class=\"elementor-widget-container\">\n\t\t\t\t\t<h3 class=\"elementor-heading-title elementor-size-default\">3. Steuern und Abgaben<\/h3>\t\t\t\t<\/div>\n\t\t\t\t<\/div>\n\t\t\t\t<div class=\"elementor-element elementor-element-32cb0b0 elementor-widget elementor-widget-text-editor\" data-id=\"32cb0b0\" data-element_type=\"widget\" data-widget_type=\"text-editor.default\">\n\t\t\t\t<div class=\"elementor-widget-container\">\n\t\t\t\t\t\t\t\t\t<p>Die Preise verstehen sich exklusive Installationskosten. Verpackung und Versand der Ware sind im Preis inbegriffen.<\/p>\n<p>Abgaben und Steuern wie die Aufwandpauschale des Spediteurs, die Mehrwertsteuer, die Digital Service Tax, Zollabgaben und Verzollungsgeb\u00fchren sowie s\u00e4mtliche weiteren anfallenden Steuern, insbesondere (aber nicht ausschliesslich) solche, welche die Lieferung sowie den Gebrauch der Ware oder der erbrachten Dienstleistungen durch den Kunden betreffen, werden ausschliesslich vom Kunden getragen.<\/p>\n\t\t\t\t\t\t\t\t<\/div>\n\t\t\t\t<\/div>\n\t\t\t\t<div class=\"elementor-element elementor-element-efe11f0 elementor-widget elementor-widget-heading\" data-id=\"efe11f0\" data-element_type=\"widget\" data-widget_type=\"heading.default\">\n\t\t\t\t<div class=\"elementor-widget-container\">\n\t\t\t\t\t<h3 class=\"elementor-heading-title elementor-size-default\">4. Immaterialg\u00fcterrechte an der Anlage<\/h3>\t\t\t\t<\/div>\n\t\t\t\t<\/div>\n\t\t\t\t<div class=\"elementor-element elementor-element-8a1b0a5 elementor-widget elementor-widget-text-editor\" data-id=\"8a1b0a5\" data-element_type=\"widget\" data-widget_type=\"text-editor.default\">\n\t\t\t\t<div class=\"elementor-widget-container\">\n\t\t\t\t\t\t\t\t\t<p>Alle Immaterialg\u00fcterrechte an der Anlage verbleiben vollumf\u00e4nglich bei Liquidtool, sofern sie nicht ausdr\u00fccklich und schriftlich dem Kunden einger\u00e4umt werden.<\/p>\n\t\t\t\t\t\t\t\t<\/div>\n\t\t\t\t<\/div>\n\t\t\t\t<div class=\"elementor-element elementor-element-906111a elementor-widget elementor-widget-heading\" data-id=\"906111a\" data-element_type=\"widget\" data-widget_type=\"heading.default\">\n\t\t\t\t<div class=\"elementor-widget-container\">\n\t\t\t\t\t<h3 class=\"elementor-heading-title elementor-size-default\">5. Betrieb, Unterhalt und \u00dcberwachung<\/h3>\t\t\t\t<\/div>\n\t\t\t\t<\/div>\n\t\t\t\t<div class=\"elementor-element elementor-element-f676cca elementor-widget elementor-widget-text-editor\" data-id=\"f676cca\" data-element_type=\"widget\" data-widget_type=\"text-editor.default\">\n\t\t\t\t<div class=\"elementor-widget-container\">\n\t\t\t\t\t\t\t\t\t<p>Der Kunde betreibt die Anlage im Rahmen des Vertragszweckes und tr\u00e4gt allf\u00e4llige in diesem Zusammenhang anfallende Betriebskosten und -risiken der Anlage selber.<\/p>\n<p>Es liegt in der alleinigen Verantwortung des Kunden, die Anlage fachgerecht zu unterhalten und regelm\u00e4ssig zu \u00fcberpr\u00fcfen. Insbesondere ist der Kunde verpflichtet, die Anlage <strong>regelm\u00e4ssig zu warten und regelm\u00e4ssige Kontrollen<\/strong> der Anlage vorzunehmen, um deren einwandfreies Funktionieren sicherzustellen.<\/p>\n<p>Zudem hat der Kunde <strong>jederzeit eine manuelle Back-up L\u00f6sung<\/strong> (bspw. manuelles Nachf\u00fcllen, nachf\u00fcllen mit einem Jet Mix usw.) bereitzustellen, um beim Ausfall der Anlage unverz\u00fcglich den Weiterbetrieb seiner Anlagen sicherzustellen.<\/p>\n<p>Der Kunde informiert Liquidtool oder deren Vertreter umgehend \u00fcber allf\u00e4llige St\u00f6rungen, Fehlfunktionen oder Besch\u00e4digungen der Anlage.<\/p>\n\t\t\t\t\t\t\t\t<\/div>\n\t\t\t\t<\/div>\n\t\t\t\t<div class=\"elementor-element elementor-element-87cc4ac elementor-widget elementor-widget-heading\" data-id=\"87cc4ac\" data-element_type=\"widget\" data-widget_type=\"heading.default\">\n\t\t\t\t<div class=\"elementor-widget-container\">\n\t\t\t\t\t<h3 class=\"elementor-heading-title elementor-size-default\">6. Kontrolle der Lieferung und Dienstleistung<\/h3>\t\t\t\t<\/div>\n\t\t\t\t<\/div>\n\t\t\t\t<div class=\"elementor-element elementor-element-74335f5 elementor-widget elementor-widget-text-editor\" data-id=\"74335f5\" data-element_type=\"widget\" data-widget_type=\"text-editor.default\">\n\t\t\t\t<div class=\"elementor-widget-container\">\n\t\t\t\t\t\t\t\t\t<p>Die gelieferte Anlage ist bei Empfang durch den Kunden zu pr\u00fcfen, auf jeden Fall jedoch vor einer allf\u00e4lligen Verwendung. <strong>Vor der Verwendung im Autopilot-Betrieb ist die Anlage ausreichend lange zu testen, um die Kalibrierung und Konfigurierung zu pr\u00fcfen.<\/strong> Dienstleistungen sind nach deren Erbringung, sp\u00e4testens vor Verwendung von deren Ergebnis zu pr\u00fcfen. Beanstandungen sind nur g\u00fcltig, wenn sie Liquidtool innert 8 Tagen nach Erhalt der Ware bzw. Abnahme der Dienstleistung schriftlich mitgeteilt werden. Unterl\u00e4sst der Kunde diese Pr\u00fcfung, ist Liquidtool im Rahmen des gesetzlich Zul\u00e4ssigen von jeglicher Haftung befreit.<\/p>\n\t\t\t\t\t\t\t\t<\/div>\n\t\t\t\t<\/div>\n\t\t\t\t<div class=\"elementor-element elementor-element-7228d00 elementor-widget elementor-widget-heading\" data-id=\"7228d00\" data-element_type=\"widget\" data-widget_type=\"heading.default\">\n\t\t\t\t<div class=\"elementor-widget-container\">\n\t\t\t\t\t<h3 class=\"elementor-heading-title elementor-size-default\">7. Zahlungsverzug<\/h3>\t\t\t\t<\/div>\n\t\t\t\t<\/div>\n\t\t\t\t<div class=\"elementor-element elementor-element-9960b32 elementor-widget elementor-widget-text-editor\" data-id=\"9960b32\" data-element_type=\"widget\" data-widget_type=\"text-editor.default\">\n\t\t\t\t<div class=\"elementor-widget-container\">\n\t\t\t\t\t\t\t\t\t<p>H\u00e4lt der Kunde die Zahlungsbedingungen nicht ein oder wird er zahlungsunf\u00e4hig, werden s\u00e4mtliche Guthaben von Liquidtool ihm gegen\u00fcber unabh\u00e4ngig von den vereinbarten Zahlungsterminen zur Zahlung f\u00e4llig und k\u00f6nnen von Liquidtool sofort eingefordert werden. Ausserdem steht Liquidtool ohne den Kunden besonders zu mahnen das Recht zu, die Dienstleistungen einzustellen und\/oder vom Vertrag zur\u00fcckzutreten. Sie ist ferner berechtigt, alle dem Kunden bereits best\u00e4tigten, aber noch nicht ausgef\u00fchrten oder in der Ausf\u00fchrung befindlichen Auftr\u00e4ge fristlos zu annullieren.<\/p>\n\t\t\t\t\t\t\t\t<\/div>\n\t\t\t\t<\/div>\n\t\t\t\t<div class=\"elementor-element elementor-element-c9ee03b elementor-widget elementor-widget-heading\" data-id=\"c9ee03b\" data-element_type=\"widget\" data-widget_type=\"heading.default\">\n\t\t\t\t<div class=\"elementor-widget-container\">\n\t\t\t\t\t<h3 class=\"elementor-heading-title elementor-size-default\">8. Gew\u00e4hrleistung und Haftung Liquidtool<\/h3>\t\t\t\t<\/div>\n\t\t\t\t<\/div>\n\t\t\t\t<div class=\"elementor-element elementor-element-cafcec8 elementor-widget elementor-widget-text-editor\" data-id=\"cafcec8\" data-element_type=\"widget\" data-widget_type=\"text-editor.default\">\n\t\t\t\t<div class=\"elementor-widget-container\">\n\t\t\t\t\t\t\t\t\t<p>Die Anlage unterst\u00fctzt den Kunden bei der Erhebung von Messwerten von bzw. der automatischen Bef\u00fcllung seiner Anlagen mit K\u00fchlschmierstoffen und\/oder Additiven, wobei keine v\u00f6llig st\u00f6rungsfreie und insbesondere ununterbrochene Funktion der Anlage und Lieferung von Daten gew\u00e4hrleistet werden kann. However, no completely unobstructed and in particular uninterrupted functioning of the Device and delivery of data is warranted.  Liquidtool haftet deshalb dem Kunden f\u00fcr Sch\u00e4den, die diesem aus dem Gebrauch der Anlage erwachsen, nur im Falle der vors\u00e4tzlichen oder grobfahrl\u00e4ssigen Sch\u00e4digung durch sie oder ihre Hilfspersonen. Es ist dagegen alleine am Kunden, seinen Produktionsbetrieb so auszurichten, dass bei St\u00f6rungen oder w\u00e4hrend des Ersatzes der Anlage keine ungewollten Betriebsunterbr\u00fcche oder andere Sch\u00e4den auftreten. Verletzt der Kunde seine Verpflichtungen gem\u00e4ss Ziff. 5 Abs. 2-4 oder Ziff. 6, so entf\u00e4llt jegliche Haftung von Liquidtool. Dasselbe gilt bei Verletzung der vorgegebenen Installationsvoraussetzungen.<\/p>\n<p>Treten w\u00e4hrend des Betriebs St\u00f6rungen an der Anlage auf, die durch mehrmaliges Aus- und erneutes Einschalten nicht behoben werden k\u00f6nnen, so dokumentiert der Kunde diese und sendet Liquidtool eine schriftliche M\u00e4ngelr\u00fcge (z.B. per EMail) zusammen mit der Dokumentation der St\u00f6rung. Liquidtool ist berechtigt, am Einsatzort der Anlage deren Funktionieren zu \u00fcberpr\u00fcfen. Best\u00e4tigt sich die St\u00f6rung, ersetzt Liquidtool die Anlage innert der Garantiefrist auf eigene Kosten.<\/p>\n<p>Dar\u00fcber hinaus hat der Kunde keine weiteren Anspr\u00fcche gegen\u00fcber Liquidtool. Somit hat der Kunde kein Recht auf Wandelung, Minderung oder irgendwelchen Schadenersatz, wie z.B. wegen Betriebsunterbruch und entgangenem Gewinn. Ausgeschlossen sind insbesondere auch Anspr\u00fcche des Kunden auf Ersatz von indirektem, unmittelbarem oder mittelbarem Schaden oder Folgeschaden sowie aller sonstigen Kosten, die dem Kunden im Zusammenhang mit der beanstandeten Anlage oder Dienstleistung entstanden sind. Die zwingenden Bestimmungen des Bundesgesetzes \u00fcber die Produkthaftpflicht (PrHG) bleiben vorbehalten. Aus m\u00fcndlichen Angaben des Personals von Liquidtool oder seiner Agenten oder Hilfspersonen kann der Kunde keine Zusicherung f\u00fcr Eigenschaften oder die Anwendung der Anlage und damit auch keine Haftung von Liquidtool ableiten. Bei der Nichteinhaltung von Vorschriften bez\u00fcglich Handhabung der Liquidtool-Produkte oder Anwendung der Ergebnisse der erbrachten Dienstleistungen ist jegliche Haftung ausgeschlossen.<\/p>\n\t\t\t\t\t\t\t\t<\/div>\n\t\t\t\t<\/div>\n\t\t\t\t<div class=\"elementor-element elementor-element-a7cfe41 elementor-widget elementor-widget-heading\" data-id=\"a7cfe41\" data-element_type=\"widget\" data-widget_type=\"heading.default\">\n\t\t\t\t<div class=\"elementor-widget-container\">\n\t\t\t\t\t<h3 class=\"elementor-heading-title elementor-size-default\">9. Force Majeure<\/h3>\t\t\t\t<\/div>\n\t\t\t\t<\/div>\n\t\t\t\t<div class=\"elementor-element elementor-element-17a387f elementor-widget elementor-widget-text-editor\" data-id=\"17a387f\" data-element_type=\"widget\" data-widget_type=\"text-editor.default\">\n\t\t\t\t<div class=\"elementor-widget-container\">\n\t\t\t\t\t\t\t\t\t<p>Force Majeure-Ereignisse entbinden Liquidtool w\u00e4hrend ihres Andauerns von der Einhaltung der vereinbarten Erf\u00fcllungsfristen. Als Force Majeure-Ereignisse gelten u.a.: Mobilmachung, Krieg, Sabotageakte, Streiks, Aussperrungen, Unruhen, Demonstrationen, Revolution, Terrorakte, Pandemien oder Epidemien, beh\u00f6rdliche Verf\u00fcgungen, insbesondere Sanktionen, Rohstoffmangel, \u00dcberschwemmung, Sturm, Feuer und sonstige Elementarereignisse wie auch alle anderen unvorhergesehenen Unterbrechungen im Betrieb des Distributors oder von Liquidtool oder weiteren Lieferanten bzw. Ereignisse, welche deren Leistung vor\u00fcbergehend oder dauerhaft verunm\u00f6glichen oder wirtschaftlich unzumutbar machen.<\/p>\n\t\t\t\t\t\t\t\t<\/div>\n\t\t\t\t<\/div>\n\t\t\t\t<div class=\"elementor-element elementor-element-587e87e elementor-widget elementor-widget-heading\" data-id=\"587e87e\" data-element_type=\"widget\" data-widget_type=\"heading.default\">\n\t\t\t\t<div class=\"elementor-widget-container\">\n\t\t\t\t\t<h3 class=\"elementor-heading-title elementor-size-default\">10. Gerichtsstand und anwendbares Recht<\/h3>\t\t\t\t<\/div>\n\t\t\t\t<\/div>\n\t\t\t\t<div class=\"elementor-element elementor-element-8b6c7b5 elementor-widget elementor-widget-text-editor\" data-id=\"8b6c7b5\" data-element_type=\"widget\" data-widget_type=\"text-editor.default\">\n\t\t\t\t<div class=\"elementor-widget-container\">\n\t\t\t\t\t\t\t\t\t<p>Ausschliesslicher Gerichtsstand f\u00fcr alle sich im Zusammenhang mit unseren Dienstleistungen und Lieferungen ergebenden Streitigkeiten sind die zust\u00e4ndigen Gerichte an <strong>unserem Sitz, wobei wir das Recht haben, den Kunden an seinem Sitz gerichtlich zu belangen. <\/strong> Es ist ausschliesslich das materielle Recht am Sitz von Liquidtool (unter Ausschluss des Wiener Kaufrechts [[CISG]]) anwendbar.<\/p>\n\t\t\t\t\t\t\t\t<\/div>\n\t\t\t\t<\/div>\n\t\t\t\t<div class=\"elementor-element elementor-element-bf25b13 elementor-widget elementor-widget-text-editor\" data-id=\"bf25b13\" data-element_type=\"widget\" data-widget_type=\"text-editor.default\">\n\t\t\t\t<div class=\"elementor-widget-container\">\n\t\t\t\t\t\t\t\t\t<p>\u00a9 Liquidtool Systems AG<br \/>Hasle-R\u00fcegsau, 20. November 2023<\/p>\n\t\t\t\t\t\t\t\t<\/div>\n\t\t\t\t<\/div>\n\t\t\t\t<\/div>\n\t\t\t\t\t<\/div>\n\t\t\t\t<\/div>\n\t\t\t\t<\/div>\n\t\t","protected":false},"excerpt":{"rendered":"<p>Allgemeine Gesch\u00e4ftsbedingungen der Liquidtool Systems AG f\u00fcr Anlagen und Dienstleistungen 1. Allgemeines F\u00fcr s\u00e4mtliche Dienstleistungen und Lieferungen der Liquidtool Systems AG (nachfolgend: \u00abLiquidtool\u00bb) im Bezug auf Liquidtool Devices (Instructor, Autopilot, Guardian etc.), in Folgenden \u00abAnlage\u00bb genannt, gelten stets diese allgemeinen Gesch\u00e4ftsbedingungen. Insoweit diese und auch das Website und Service User Agreement keine Regelungen enthalten, gilt [&hellip;]<\/p>\n","protected":false},"author":1,"featured_media":0,"parent":0,"menu_order":102,"comment_status":"closed","ping_status":"open","template":"","meta":{"content-type":"","footnotes":""},"class_list":["post-3781","page","type-page","status-publish","hentry"],"_links":{"self":[{"href":"https:\/\/liquidtool.com\/de\/wp-json\/wp\/v2\/pages\/3781","targetHints":{"allow":["GET"]}}],"collection":[{"href":"https:\/\/liquidtool.com\/de\/wp-json\/wp\/v2\/pages"}],"about":[{"href":"https:\/\/liquidtool.com\/de\/wp-json\/wp\/v2\/types\/page"}],"author":[{"embeddable":true,"href":"https:\/\/liquidtool.com\/de\/wp-json\/wp\/v2\/users\/1"}],"replies":[{"embeddable":true,"href":"https:\/\/liquidtool.com\/de\/wp-json\/wp\/v2\/comments?post=3781"}],"version-history":[{"count":17,"href":"https:\/\/liquidtool.com\/de\/wp-json\/wp\/v2\/pages\/3781\/revisions"}],"predecessor-version":[{"id":36983,"href":"https:\/\/liquidtool.com\/de\/wp-json\/wp\/v2\/pages\/3781\/revisions\/36983"}],"wp:attachment":[{"href":"https:\/\/liquidtool.com\/de\/wp-json\/wp\/v2\/media?parent=3781"}],"curies":[{"name":"wp","href":"https:\/\/api.w.org\/{rel}","templated":true}]}}