{"id":37068,"date":"2024-07-23T17:22:52","date_gmt":"2024-07-23T15:22:52","guid":{"rendered":"https:\/\/liquidtool.com\/?page_id=37068"},"modified":"2024-07-23T17:39:50","modified_gmt":"2024-07-23T15:39:50","slug":"etkon","status":"publish","type":"page","link":"https:\/\/liquidtool.com\/de\/referenzen\/etkon\/","title":{"rendered":"Etkon"},"content":{"rendered":"\t\t<div data-elementor-type=\"wp-page\" data-elementor-id=\"37068\" class=\"elementor elementor-37068 elementor-37067\" data-elementor-post-type=\"page\">\n\t\t\t\t\t\t<section class=\"elementor-section elementor-top-section elementor-element elementor-element-30263188 lt-section elementor-section-boxed elementor-section-height-default elementor-section-height-default\" data-id=\"30263188\" data-element_type=\"section\" id=\"team\">\n\t\t\t\t\t\t<div class=\"elementor-container elementor-column-gap-default\">\n\t\t\t\t\t<div class=\"elementor-column elementor-col-100 elementor-top-column elementor-element elementor-element-5c2983a2 bg-news\" data-id=\"5c2983a2\" data-element_type=\"column\" data-settings=\"{&quot;background_background&quot;:&quot;classic&quot;}\">\n\t\t\t<div class=\"elementor-widget-wrap elementor-element-populated\">\n\t\t\t\t\t\t<div class=\"elementor-element elementor-element-716e76a1 elementor-widget elementor-widget-heading\" data-id=\"716e76a1\" data-element_type=\"widget\" data-widget_type=\"heading.default\">\n\t\t\t\t<div class=\"elementor-widget-container\">\n\t\t\t\t\t<h2 class=\"elementor-heading-title elementor-size-medium\">Praxisbericht etkon (Schweiz) AG (Straumann Group)<\/h2>\t\t\t\t<\/div>\n\t\t\t\t<\/div>\n\t\t\t\t<div class=\"elementor-element elementor-element-4538fd74 elementor-widget elementor-widget-heading\" data-id=\"4538fd74\" data-element_type=\"widget\" data-widget_type=\"heading.default\">\n\t\t\t\t<div class=\"elementor-widget-container\">\n\t\t\t\t\t<h1 class=\"elementor-heading-title elementor-size-xl\">Eine Stunde mehr Produktion t\u00e4glich<\/h1>\t\t\t\t<\/div>\n\t\t\t\t<\/div>\n\t\t\t\t<div class=\"elementor-element elementor-element-49d94cec elementor-widget elementor-widget-text-editor\" data-id=\"49d94cec\" data-element_type=\"widget\" data-widget_type=\"text-editor.default\">\n\t\t\t\t<div class=\"elementor-widget-container\">\n\t\t\t\t\t\t\t\t\t<p>Bei Etkon, einem hochspezialisierten Dentallabor, war die manuelle \u00dcberwachung und das Nachf\u00fcllen des K\u00fchlschmierstoffs (KSS) ein zeitaufwendiger Prozess. T\u00e4glich ben\u00f6tigten sie knapp 60 Minuten f\u00fcr diese Aufgabe \u2013 wertvolle Zeit, die an den CNC-Maschinen fehlte. Mit der Einf\u00fchrung von Liquidtool kann diese Stunde nun <strong>effizienter genutzt werden<\/strong>.  <\/p>\n\t\t\t\t\t\t\t\t<\/div>\n\t\t\t\t<\/div>\n\t\t<div class=\"elementor-element elementor-element-2426ba96 e-flex e-con-boxed e-con e-parent\" data-id=\"2426ba96\" data-element_type=\"container\">\n\t\t\t\t\t<div class=\"e-con-inner\">\n\t\t\t\t<div class=\"elementor-element elementor-element-2835c123 elementor-widget elementor-widget-image\" data-id=\"2835c123\" data-element_type=\"widget\" data-widget_type=\"image.default\">\n\t\t\t\t<div class=\"elementor-widget-container\">\n\t\t\t\t\t\t\t\t\t\t\t\t\t\t\t<img fetchpriority=\"high\" decoding=\"async\" width=\"800\" height=\"600\" src=\"https:\/\/liquidtool.com\/wp-content\/uploads\/2024\/07\/Maschinenpark-1024x768.jpg\" class=\"attachment-large size-large wp-image-37078\" alt=\"\" srcset=\"https:\/\/liquidtool.com\/wp-content\/uploads\/2024\/07\/Maschinenpark-1024x768.jpg 1024w, https:\/\/liquidtool.com\/wp-content\/uploads\/2024\/07\/Maschinenpark-300x225.jpg 300w, https:\/\/liquidtool.com\/wp-content\/uploads\/2024\/07\/Maschinenpark-768x576.jpg 768w, https:\/\/liquidtool.com\/wp-content\/uploads\/2024\/07\/Maschinenpark.jpg 1216w\" sizes=\"(max-width: 800px) 100vw, 800px\" title=\"\">\t\t\t\t\t\t\t\t\t\t\t\t\t\t\t<\/div>\n\t\t\t\t<\/div>\n\t\t\t\t<div class=\"elementor-element elementor-element-1c0762f5 elementor-widget elementor-widget-image\" data-id=\"1c0762f5\" data-element_type=\"widget\" data-widget_type=\"image.default\">\n\t\t\t\t<div class=\"elementor-widget-container\">\n\t\t\t\t\t\t\t\t\t\t\t\t\t\t\t<img decoding=\"async\" width=\"800\" height=\"600\" src=\"https:\/\/liquidtool.com\/wp-content\/uploads\/2024\/07\/Domgjoni-AutoPilot-1024x768.jpg\" class=\"attachment-large size-large wp-image-37090\" alt=\"\" srcset=\"https:\/\/liquidtool.com\/wp-content\/uploads\/2024\/07\/Domgjoni-AutoPilot-1024x768.jpg 1024w, https:\/\/liquidtool.com\/wp-content\/uploads\/2024\/07\/Domgjoni-AutoPilot-300x225.jpg 300w, https:\/\/liquidtool.com\/wp-content\/uploads\/2024\/07\/Domgjoni-AutoPilot-768x576.jpg 768w, https:\/\/liquidtool.com\/wp-content\/uploads\/2024\/07\/Domgjoni-AutoPilot.jpg 1216w\" sizes=\"(max-width: 800px) 100vw, 800px\" title=\"\">\t\t\t\t\t\t\t\t\t\t\t\t\t\t\t<\/div>\n\t\t\t\t<\/div>\n\t\t\t\t<div class=\"elementor-element elementor-element-1572ff47 elementor-widget elementor-widget-image\" data-id=\"1572ff47\" data-element_type=\"widget\" data-widget_type=\"image.default\">\n\t\t\t\t<div class=\"elementor-widget-container\">\n\t\t\t\t\t\t\t\t\t\t\t\t\t\t\t<img fetchpriority=\"high\" decoding=\"async\" width=\"800\" height=\"600\" src=\"https:\/\/liquidtool.com\/wp-content\/uploads\/2024\/07\/Maschinenpark-1024x768.jpg\" class=\"attachment-large size-large wp-image-37078\" alt=\"\" srcset=\"https:\/\/liquidtool.com\/wp-content\/uploads\/2024\/07\/Maschinenpark-1024x768.jpg 1024w, https:\/\/liquidtool.com\/wp-content\/uploads\/2024\/07\/Maschinenpark-300x225.jpg 300w, https:\/\/liquidtool.com\/wp-content\/uploads\/2024\/07\/Maschinenpark-768x576.jpg 768w, https:\/\/liquidtool.com\/wp-content\/uploads\/2024\/07\/Maschinenpark.jpg 1216w\" sizes=\"(max-width: 800px) 100vw, 800px\" title=\"\">\t\t\t\t\t\t\t\t\t\t\t\t\t\t\t<\/div>\n\t\t\t\t<\/div>\n\t\t\t\t\t<\/div>\n\t\t\t\t<\/div>\n\t\t\t\t<div class=\"elementor-element elementor-element-4c7b91b elementor-widget elementor-widget-heading\" data-id=\"4c7b91b\" data-element_type=\"widget\" data-widget_type=\"heading.default\">\n\t\t\t\t<div class=\"elementor-widget-container\">\n\t\t\t\t\t<h2 class=\"elementor-heading-title elementor-size-medium\">Massgeschneiderte L\u00f6sungen im Dentallabor<\/h2>\t\t\t\t<\/div>\n\t\t\t\t<\/div>\n\t\t\t\t<div class=\"elementor-element elementor-element-630151bb elementor-widget elementor-widget-text-editor\" data-id=\"630151bb\" data-element_type=\"widget\" data-widget_type=\"text-editor.default\">\n\t\t\t\t<div class=\"elementor-widget-container\">\n\t\t\t\t\t\t\t\t\t<p><a href=\"https:\/\/www.straumann.com\/ch\/de\/zahnaerzte\/popups\/company\/etkon-switzerland.html\" target=\"_blank\" rel=\"noopener\">Etkon <\/a>ist bekannt f\u00fcr die Produktion von individuellen prothetischen L\u00f6sungen f\u00fcr die Zahnmedizin, sei es <a href=\"https:\/\/www.straumann.com\/ch\/de\/discover\/cares-prothetik.html\" target=\"_blank\" rel=\"noopener\">Kronen, Schienen oder Totalalprothesen<\/a>. Diese massgeschneiderten Produkte erfordern eine hohe <strong>Pr\u00e4senz der Bediener an den Maschinen<\/strong>. Das t\u00e4gliche Messen der KSS-Konzentration und die \u00dcberpr\u00fcfung des F\u00fcllstands nahmen viel Zeit in Anspruch, die besser genutzt werden k\u00f6nnte.  <\/p>\n\t\t\t\t\t\t\t\t<\/div>\n\t\t\t\t<\/div>\n\t\t\t\t<div class=\"elementor-element elementor-element-597f9675 elementor-widget elementor-widget-heading\" data-id=\"597f9675\" data-element_type=\"widget\" data-widget_type=\"heading.default\">\n\t\t\t\t<div class=\"elementor-widget-container\">\n\t\t\t\t\t<h2 class=\"elementor-heading-title elementor-size-medium\">Digitalisierte Arbeitsprozesse mit dem Liquidtool AutoPilot<\/h2>\t\t\t\t<\/div>\n\t\t\t\t<\/div>\n\t\t\t\t<div class=\"elementor-element elementor-element-1e9266e9 elementor-widget elementor-widget-text-editor\" data-id=\"1e9266e9\" data-element_type=\"widget\" data-widget_type=\"text-editor.default\">\n\t\t\t\t<div class=\"elementor-widget-container\">\n\t\t\t\t\t\t\t\t\t<p>\u201eF\u00fcr uns war die Installation des Liquidtool AutoPilot eine <strong>Erl\u00f6sung<\/strong>\u201c, sagt Izak Domgjoni, Teamleiter der CAM-Abteilung. Vor der Einf\u00fchrung war das Management des K\u00fchlschmierstoffs oft problematisch. <strong>Heute l\u00e4uft alles reibungslos<\/strong>. Besonders praktisch ist die M\u00f6glichkeit, kurz vor Feierabend noch Auftr\u00e4ge einzugeben, ohne sich um den K\u00fchlschmierstoffstand sorgen zu m\u00fcssen.  <\/p>\n\t\t\t\t\t\t\t\t<\/div>\n\t\t\t\t<\/div>\n\t\t\t\t<div class=\"elementor-element elementor-element-68ac9710 elementor-widget elementor-widget-heading\" data-id=\"68ac9710\" data-element_type=\"widget\" data-widget_type=\"heading.default\">\n\t\t\t\t<div class=\"elementor-widget-container\">\n\t\t\t\t\t<h2 class=\"elementor-heading-title elementor-size-medium\">Fortschritt durch Digitalisierung<\/h2>\t\t\t\t<\/div>\n\t\t\t\t<\/div>\n\t\t\t\t<div class=\"elementor-element elementor-element-588d619 elementor-widget elementor-widget-text-editor\" data-id=\"588d619\" data-element_type=\"widget\" data-widget_type=\"text-editor.default\">\n\t\t\t\t<div class=\"elementor-widget-container\">\n\t\t\t\t\t\t\t\t\t<p>Etkon hat die Digitalisierung konsequent vorangetrieben \u2013 rund 80% der Auftr\u00e4ge werden bereits digital abgewickelt. Der n\u00e4chste logische Schritt war die <strong>Digitalisierung des K\u00fchlschmierstoff-Managements.<\/strong> Mit dem Liquidtool Manager kann Izak Domgjoni nun <strong>schnell und einfach \u00c4nderungen<\/strong> an den Parametern vornehmen, die rasch bei den KSS-Tanks sichtbar werden.  <\/p>\n\t\t\t\t\t\t\t\t<\/div>\n\t\t\t\t<\/div>\n\t\t<div class=\"elementor-element elementor-element-fc7ef9e e-flex e-con-boxed e-con e-parent\" data-id=\"fc7ef9e\" data-element_type=\"container\">\n\t\t\t\t\t<div class=\"e-con-inner\">\n\t\t\t\t<div class=\"elementor-element elementor-element-e0d2c3e elementor-widget elementor-widget-image\" data-id=\"e0d2c3e\" data-element_type=\"widget\" data-widget_type=\"image.default\">\n\t\t\t\t<div class=\"elementor-widget-container\">\n\t\t\t\t\t\t\t\t\t\t\t\t\t\t\t<img decoding=\"async\" width=\"800\" height=\"600\" src=\"https:\/\/liquidtool.com\/wp-content\/uploads\/2024\/07\/Quote-DE-1024x768.jpg\" class=\"attachment-large size-large wp-image-37114\" alt=\"\" srcset=\"https:\/\/liquidtool.com\/wp-content\/uploads\/2024\/07\/Quote-DE-1024x768.jpg 1024w, https:\/\/liquidtool.com\/wp-content\/uploads\/2024\/07\/Quote-DE-300x225.jpg 300w, https:\/\/liquidtool.com\/wp-content\/uploads\/2024\/07\/Quote-DE-768x576.jpg 768w, https:\/\/liquidtool.com\/wp-content\/uploads\/2024\/07\/Quote-DE-1536x1152.jpg 1536w, https:\/\/liquidtool.com\/wp-content\/uploads\/2024\/07\/Quote-DE.jpg 1920w\" sizes=\"(max-width: 800px) 100vw, 800px\" title=\"\">\t\t\t\t\t\t\t\t\t\t\t\t\t\t\t<\/div>\n\t\t\t\t<\/div>\n\t\t<div class=\"elementor-element elementor-element-0c4a43c e-flex e-con-boxed e-con e-child\" data-id=\"0c4a43c\" data-element_type=\"container\">\n\t\t\t\t\t<div class=\"e-con-inner\">\n\t\t\t\t<div class=\"elementor-element elementor-element-49d192f elementor-widget elementor-widget-heading\" data-id=\"49d192f\" data-element_type=\"widget\" data-widget_type=\"heading.default\">\n\t\t\t\t<div class=\"elementor-widget-container\">\n\t\t\t\t\t<h3 class=\"elementor-heading-title elementor-size-default\">Zeitersparnis und erh\u00f6hte Lebensdauer<\/h3>\t\t\t\t<\/div>\n\t\t\t\t<\/div>\n\t\t\t\t<div class=\"elementor-element elementor-element-2b6222c elementor-widget elementor-widget-text-editor\" data-id=\"2b6222c\" data-element_type=\"widget\" data-widget_type=\"text-editor.default\">\n\t\t\t\t<div class=\"elementor-widget-container\">\n\t\t\t\t\t\t\t\t\t<p>Neben der erheblichen Zeitersparnis berichtet Domgjoni auch von <strong>verl\u00e4ngerten Standzeiten des K\u00fchlschmierstoffs und der Fr\u00e4ser<\/strong>.<\/p>\n<p>Fr\u00fcher musste halbj\u00e4hrlich neues Konzentrat bestellt werden, doch seit \u00fcber sieben Monaten sind die aktuellen F\u00e4sser im Einsatz und der F\u00fcllstand ist weiterhin ausreichend.<\/p>\n<p>Auch einige Fr\u00e4ser haben eine konstante Standzeit von 140 Minuten erreicht, was die <strong>Kalkulation und Vorausplanung erleichtert<\/strong>.<\/p>\n\t\t\t\t\t\t\t\t<\/div>\n\t\t\t\t<\/div>\n\t\t\t\t\t<\/div>\n\t\t\t\t<\/div>\n\t\t\t\t\t<\/div>\n\t\t\t\t<\/div>\n\t\t\t\t<div class=\"elementor-element elementor-element-78875a23 elementor-widget elementor-widget-heading\" data-id=\"78875a23\" data-element_type=\"widget\" data-widget_type=\"heading.default\">\n\t\t\t\t<div class=\"elementor-widget-container\">\n\t\t\t\t\t<h2 class=\"elementor-heading-title elementor-size-medium\">Verbesserte Produktqualit\u00e4t<\/h2>\t\t\t\t<\/div>\n\t\t\t\t<\/div>\n\t\t\t\t<div class=\"elementor-element elementor-element-438f292e elementor-widget elementor-widget-text-editor\" data-id=\"438f292e\" data-element_type=\"widget\" data-widget_type=\"text-editor.default\">\n\t\t\t\t<div class=\"elementor-widget-container\">\n\t\t\t\t\t\t\t\t\t<p>Die Produktqualit\u00e4t hat sich ebenfalls verbessert. Es gibt <strong>weniger R\u00fcckst\u00e4nde, und die Maschinen laufen sauberer<\/strong>. Diese Verbesserungen tragen zu einer <strong>h\u00f6heren Effizienz und Zuverl\u00e4ssigkeit<\/strong> im Produktionsprozess bei.  <\/p>\n\t\t\t\t\t\t\t\t<\/div>\n\t\t\t\t<\/div>\n\t\t\t\t<div class=\"elementor-element elementor-element-5bf1c362 elementor-widget elementor-widget-heading\" data-id=\"5bf1c362\" data-element_type=\"widget\" data-widget_type=\"heading.default\">\n\t\t\t\t<div class=\"elementor-widget-container\">\n\t\t\t\t\t<h2 class=\"elementor-heading-title elementor-size-medium\">Empfehlung f\u00fcr den Liquidtool AutoPilot<\/h2>\t\t\t\t<\/div>\n\t\t\t\t<\/div>\n\t\t\t\t<div class=\"elementor-element elementor-element-4e6584a elementor-widget elementor-widget-text-editor\" data-id=\"4e6584a\" data-element_type=\"widget\" data-widget_type=\"text-editor.default\">\n\t\t\t\t<div class=\"elementor-widget-container\">\n\t\t\t\t\t\t\t\t\t<p>Auf die Frage, wem Domgjoni den Liquidtool AutoPilot empfiehlt, antwortet er: \u201eF\u00fcr jeden, der nass bearbeitet!\u201c Er sieht die <strong>Vorteile sowohl bei Grossproduzenten als auch bei kleinen, spezialisierten Unternehmen.<\/strong> Trotz anf\u00e4nglicher Schwierigkeiten in den ersten zwei Wochen hat sich das System schnell stabilisiert, und seitdem sind sie \u00e4usserst zufrieden.  <\/p>\n\t\t\t\t\t\t\t\t<\/div>\n\t\t\t\t<\/div>\n\t\t\t\t<div class=\"elementor-element elementor-element-8932333 elementor-widget elementor-widget-heading\" data-id=\"8932333\" data-element_type=\"widget\" data-widget_type=\"heading.default\">\n\t\t\t\t<div class=\"elementor-widget-container\">\n\t\t\t\t\t<h2 class=\"elementor-heading-title elementor-size-medium\">Ein gelungenes Beispiel f\u00fcr digitale Transformation<\/h2>\t\t\t\t<\/div>\n\t\t\t\t<\/div>\n\t\t\t\t<div class=\"elementor-element elementor-element-3d26d577 elementor-widget elementor-widget-text-editor\" data-id=\"3d26d577\" data-element_type=\"widget\" data-widget_type=\"text-editor.default\">\n\t\t\t\t<div class=\"elementor-widget-container\">\n\t\t\t\t\t\t\t\t\t<p>Der Einsatz des Liquidtool AutoPilot bei <a href=\"https:\/\/www.straumann.com\/ch\/de\/zahnaerzte\/popups\/company\/etkon-switzerland.html\" target=\"_blank\" rel=\"noopener\">Etkon <\/a>zeigt eindrucksvoll, wie Digitalisierung und moderne Technologie Arbeitsprozesse <strong>effizienter und produktiver gestalten<\/strong> k\u00f6nnen.<\/p>\n<p>Durch die Automatisierung zeitaufwendiger Aufgaben, die Verl\u00e4ngerung der Standzeiten von Materialien und die Verbesserung der Produktqualit\u00e4t hat Etkon nicht nur seine <strong>Produktionskapazit\u00e4ten erh\u00f6ht<\/strong>, sondern auch die <strong>Zufriedenheit der Mitarbeiter gesteigert<\/strong>.<\/p>\n<p>Dieses erfolgreiche Beispiel unterstreicht, wie entscheidend digitale L\u00f6sungen f\u00fcr die Zukunft der Zahntechnik und anderer spezialisierter Branchen sind.<\/p>\n\t\t\t\t\t\t\t\t<\/div>\n\t\t\t\t<\/div>\n\t\t\t\t\t<\/div>\n\t\t<\/div>\n\t\t\t\t\t<\/div>\n\t\t<\/section>\n\t\t\t\t<\/div>\n\t\t","protected":false},"excerpt":{"rendered":"<p>Praxisbericht etkon (Schweiz) AG (Straumann Group) Eine Stunde mehr Produktion t\u00e4glich Bei Etkon, einem hochspezialisierten Dentallabor, war die manuelle \u00dcberwachung und das Nachf\u00fcllen des K\u00fchlschmierstoffs (KSS) ein zeitaufwendiger Prozess. T\u00e4glich ben\u00f6tigten sie knapp 60 Minuten f\u00fcr diese Aufgabe \u2013 wertvolle Zeit, die an den CNC-Maschinen fehlte. Mit der Einf\u00fchrung von Liquidtool kann diese Stunde nun [&hellip;]<\/p>\n","protected":false},"author":3,"featured_media":0,"parent":33096,"menu_order":4,"comment_status":"closed","ping_status":"closed","template":"","meta":{"content-type":"","footnotes":""},"class_list":["post-37068","page","type-page","status-publish","hentry"],"_links":{"self":[{"href":"https:\/\/liquidtool.com\/de\/wp-json\/wp\/v2\/pages\/37068","targetHints":{"allow":["GET"]}}],"collection":[{"href":"https:\/\/liquidtool.com\/de\/wp-json\/wp\/v2\/pages"}],"about":[{"href":"https:\/\/liquidtool.com\/de\/wp-json\/wp\/v2\/types\/page"}],"author":[{"embeddable":true,"href":"https:\/\/liquidtool.com\/de\/wp-json\/wp\/v2\/users\/3"}],"replies":[{"embeddable":true,"href":"https:\/\/liquidtool.com\/de\/wp-json\/wp\/v2\/comments?post=37068"}],"version-history":[{"count":8,"href":"https:\/\/liquidtool.com\/de\/wp-json\/wp\/v2\/pages\/37068\/revisions"}],"predecessor-version":[{"id":37137,"href":"https:\/\/liquidtool.com\/de\/wp-json\/wp\/v2\/pages\/37068\/revisions\/37137"}],"up":[{"embeddable":true,"href":"https:\/\/liquidtool.com\/de\/wp-json\/wp\/v2\/pages\/33096"}],"wp:attachment":[{"href":"https:\/\/liquidtool.com\/de\/wp-json\/wp\/v2\/media?parent=37068"}],"curies":[{"name":"wp","href":"https:\/\/api.w.org\/{rel}","templated":true}]}}