{"id":35826,"date":"2024-04-29T16:31:39","date_gmt":"2024-04-29T14:31:39","guid":{"rendered":"https:\/\/liquidtool.com\/?page_id=35826"},"modified":"2024-10-08T13:23:54","modified_gmt":"2024-10-08T11:23:54","slug":"support-nachricht","status":"publish","type":"page","link":"https:\/\/liquidtool.com\/de\/kontakt\/support-nachricht\/","title":{"rendered":"Support-Nachricht"},"content":{"rendered":"\t\t<div data-elementor-type=\"wp-page\" data-elementor-id=\"35826\" class=\"elementor elementor-35826 elementor-35825\" data-elementor-post-type=\"page\">\n\t\t\t\t\t\t<section class=\"elementor-section elementor-top-section elementor-element elementor-element-b408943 lt-section elementor-section-boxed elementor-section-height-default elementor-section-height-default\" data-id=\"b408943\" data-element_type=\"section\">\n\t\t\t\t\t\t<div class=\"elementor-container elementor-column-gap-default\">\n\t\t\t\t\t<div class=\"elementor-column elementor-col-100 elementor-top-column elementor-element elementor-element-5b33b49\" data-id=\"5b33b49\" data-element_type=\"column\" data-settings=\"{&quot;background_background&quot;:&quot;classic&quot;}\">\n\t\t\t<div class=\"elementor-widget-wrap elementor-element-populated\">\n\t\t\t\t\t\t<div class=\"elementor-element elementor-element-333a533 lt-breadcrumb elementor-hidden-desktop elementor-hidden-tablet elementor-hidden-phone elementor-widget elementor-widget-shortcode\" data-id=\"333a533\" data-element_type=\"widget\" data-widget_type=\"shortcode.default\">\n\t\t\t\t<div class=\"elementor-widget-container\">\n\t\t\t\t\t\t\t<div class=\"elementor-shortcode\"><\/div>\n\t\t\t\t\t\t<\/div>\n\t\t\t\t<\/div>\n\t\t\t\t<div class=\"elementor-element elementor-element-089e021 elementor-widget elementor-widget-heading\" data-id=\"089e021\" data-element_type=\"widget\" data-widget_type=\"heading.default\">\n\t\t\t\t<div class=\"elementor-widget-container\">\n\t\t\t\t\t<h1 class=\"elementor-heading-title elementor-size-xl\">Ben\u00f6tigen Sie Unterst\u00fctzung?<\/h1>\t\t\t\t<\/div>\n\t\t\t\t<\/div>\n\t\t\t\t<div class=\"elementor-element elementor-element-b28968b elementor-widget elementor-widget-text-editor\" data-id=\"b28968b\" data-element_type=\"widget\" data-widget_type=\"text-editor.default\">\n\t\t\t\t<div class=\"elementor-widget-container\">\n\t\t\t\t\t\t\t\t\t<p>Du bist Kunde und brauchst Unterst\u00fctzung oder hast eine Frage?<\/p><p>Wir helfen dir gerne per Telefon, E-Mail oder Kontaktformular!<\/p><p>\u00a0<\/p><h4>Telefonischer Support<\/h4><p>USA\/Kanada: +1 929 543 5123<\/p><p>Europa: +32 2 808 36 73<\/p><p>Schweiz: +41 34 511 61 51.<\/p><p>\u00a0<\/p><h4>E-Mail-Support<\/h4><p>support@liquidtool.com<\/p><p>\u00a0<\/p><h4>Kontakt-Formular f\u00fcr den Kundendienst<\/h4><p>Bitte f\u00fclle das untenstehende Formular aus:<\/p>\t\t\t\t\t\t\t\t<\/div>\n\t\t\t\t<\/div>\n\t\t\t\t<div class=\"elementor-element elementor-element-9e6867e elementor-widget elementor-widget-hubspot-form\" data-id=\"9e6867e\" data-element_type=\"widget\" data-widget_type=\"hubspot-form.default\">\n\t\t\t\t<div class=\"elementor-widget-container\">\n\t\t\t\t\t\n\t\t\t\t\t\t<script>\n\t\t\t\t\t\t\twindow.hsFormsOnReady = window.hsFormsOnReady || [];\n\t\t\t\t\t\t\twindow.hsFormsOnReady.push(()=>{\n\t\t\t\t\t\t\t\thbspt.forms.create({\n\t\t\t\t\t\t\t\t\tportalId: 143598597,\n\t\t\t\t\t\t\t\t\tformId: \"b5578ff3-0b99-4777-acba-fcfa35ce4cb5\",\n\t\t\t\t\t\t\t\t\ttarget: \"#hbspt-form-1776598618000-5687548429\",\n\t\t\t\t\t\t\t\t\tregion: \"eu1\",\n\t\t\t\t\t\t\t\t\t\n\t\t\t\t\t\t\t})});\n\t\t\t\t\t\t<\/script>\n\t\t\t\t\t\t<div class=\"hbspt-form\" id=\"hbspt-form-1776598618000-5687548429\"><\/div>\t\t\t\t<\/div>\n\t\t\t\t<\/div>\n\t\t\t\t\t<\/div>\n\t\t<\/div>\n\t\t\t\t\t<\/div>\n\t\t<\/section>\n\t\t\t\t<\/div>\n\t\t","protected":false},"excerpt":{"rendered":"<p>Ben\u00f6tigen Sie Unterst\u00fctzung? Du bist Kunde und brauchst Unterst\u00fctzung oder hast eine Frage? Wir helfen dir gerne per Telefon, E-Mail oder Kontaktformular! \u00a0 Telefonischer Support USA\/Kanada: +1 929 543 5123 Europa: +32 2 808 36 73 Schweiz: +41 34 511 61 51. \u00a0 E-Mail-Support support@liquidtool.com \u00a0 Kontakt-Formular f\u00fcr den Kundendienst Bitte f\u00fclle das untenstehende Formular [&hellip;]<\/p>\n","protected":false},"author":3,"featured_media":0,"parent":1603,"menu_order":10,"comment_status":"closed","ping_status":"open","template":"","meta":{"content-type":"","footnotes":""},"class_list":["post-35826","page","type-page","status-publish","hentry"],"_links":{"self":[{"href":"https:\/\/liquidtool.com\/de\/wp-json\/wp\/v2\/pages\/35826","targetHints":{"allow":["GET"]}}],"collection":[{"href":"https:\/\/liquidtool.com\/de\/wp-json\/wp\/v2\/pages"}],"about":[{"href":"https:\/\/liquidtool.com\/de\/wp-json\/wp\/v2\/types\/page"}],"author":[{"embeddable":true,"href":"https:\/\/liquidtool.com\/de\/wp-json\/wp\/v2\/users\/3"}],"replies":[{"embeddable":true,"href":"https:\/\/liquidtool.com\/de\/wp-json\/wp\/v2\/comments?post=35826"}],"version-history":[{"count":16,"href":"https:\/\/liquidtool.com\/de\/wp-json\/wp\/v2\/pages\/35826\/revisions"}],"predecessor-version":[{"id":37279,"href":"https:\/\/liquidtool.com\/de\/wp-json\/wp\/v2\/pages\/35826\/revisions\/37279"}],"up":[{"embeddable":true,"href":"https:\/\/liquidtool.com\/de\/wp-json\/wp\/v2\/pages\/1603"}],"wp:attachment":[{"href":"https:\/\/liquidtool.com\/de\/wp-json\/wp\/v2\/media?parent=35826"}],"curies":[{"name":"wp","href":"https:\/\/api.w.org\/{rel}","templated":true}]}}