{"id":35573,"date":"2024-04-15T12:13:47","date_gmt":"2024-04-15T10:13:47","guid":{"rendered":"https:\/\/liquidtool.com\/referenzen\/fraisa\/"},"modified":"2024-04-15T14:29:06","modified_gmt":"2024-04-15T12:29:06","slug":"fraisa","status":"publish","type":"page","link":"https:\/\/liquidtool.com\/de\/referenzen\/fraisa\/","title":{"rendered":"Fraisa"},"content":{"rendered":"\t\t<div data-elementor-type=\"wp-page\" data-elementor-id=\"35573\" class=\"elementor elementor-35573 elementor-34834\" data-elementor-post-type=\"page\">\n\t\t\t\t\t\t<section class=\"elementor-section elementor-top-section elementor-element elementor-element-30263188 lt-section elementor-section-boxed elementor-section-height-default elementor-section-height-default\" data-id=\"30263188\" data-element_type=\"section\" id=\"team\">\n\t\t\t\t\t\t<div class=\"elementor-container elementor-column-gap-default\">\n\t\t\t\t\t<div class=\"elementor-column elementor-col-100 elementor-top-column elementor-element elementor-element-5c2983a2 bg-news\" data-id=\"5c2983a2\" data-element_type=\"column\" data-settings=\"{&quot;background_background&quot;:&quot;classic&quot;}\">\n\t\t\t<div class=\"elementor-widget-wrap elementor-element-populated\">\n\t\t\t\t\t\t<div class=\"elementor-element elementor-element-716e76a1 elementor-widget elementor-widget-heading\" data-id=\"716e76a1\" data-element_type=\"widget\" data-widget_type=\"heading.default\">\n\t\t\t\t<div class=\"elementor-widget-container\">\n\t\t\t\t\t<h2 class=\"elementor-heading-title elementor-size-medium\">Fraisa Praxisbericht<\/h2>\t\t\t\t<\/div>\n\t\t\t\t<\/div>\n\t\t\t\t<div class=\"elementor-element elementor-element-4538fd74 elementor-widget elementor-widget-heading\" data-id=\"4538fd74\" data-element_type=\"widget\" data-widget_type=\"heading.default\">\n\t\t\t\t<div class=\"elementor-widget-container\">\n\t\t\t\t\t<h1 class=\"elementor-heading-title elementor-size-xl\">Den ROI in 5 Wochen erreicht<\/h1>\t\t\t\t<\/div>\n\t\t\t\t<\/div>\n\t\t\t\t<div class=\"elementor-element elementor-element-49d94cec elementor-widget elementor-widget-text-editor\" data-id=\"49d94cec\" data-element_type=\"widget\" data-widget_type=\"text-editor.default\">\n\t\t\t\t<div class=\"elementor-widget-container\">\n\t\t\t\t\t\t\t\t\t<p>Mit einer einzigen L\u00f6sung sogleich 2 Stunden Arbeit pro Woche eingespart. Genau so erging es Sven Wyss. Dank dem Einsatz des Liquidtool AutoPilot m\u00fcssen er und seine Kollegen im Applikations- und Testzentrum von Fraisa keine der 6 CNC-Maschinen mehr manuell mit KSS bef\u00fcllen. Alles l\u00e4uft automatisch \u2013 und sie sparen sich <strong>w\u00f6chentlich mindestens zwei Stunden Nachf\u00fcllarbeit<\/strong> pro Abteilung.<\/p>\n\t\t\t\t\t\t\t\t<\/div>\n\t\t\t\t<\/div>\n\t\t<div class=\"elementor-element elementor-element-2426ba96 e-flex e-con-boxed e-con e-parent\" data-id=\"2426ba96\" data-element_type=\"container\">\n\t\t\t\t\t<div class=\"e-con-inner\">\n\t\t\t\t<div class=\"elementor-element elementor-element-2835c123 elementor-widget elementor-widget-image\" data-id=\"2835c123\" data-element_type=\"widget\" data-widget_type=\"image.default\">\n\t\t\t\t<div class=\"elementor-widget-container\">\n\t\t\t\t\t\t\t\t\t\t\t\t\t\t\t<img fetchpriority=\"high\" decoding=\"async\" width=\"800\" height=\"601\" src=\"https:\/\/liquidtool.com\/wp-content\/uploads\/2024\/04\/Tools-1-1024x769.jpg\" class=\"attachment-large size-large wp-image-35519\" alt=\"Tools made by Fraisa\" srcset=\"https:\/\/liquidtool.com\/wp-content\/uploads\/2024\/04\/Tools-1-1024x769.jpg 1024w, https:\/\/liquidtool.com\/wp-content\/uploads\/2024\/04\/Tools-1-300x225.jpg 300w, https:\/\/liquidtool.com\/wp-content\/uploads\/2024\/04\/Tools-1-768x577.jpg 768w, https:\/\/liquidtool.com\/wp-content\/uploads\/2024\/04\/Tools-1.jpg 1216w\" sizes=\"(max-width: 800px) 100vw, 800px\" title=\"\">\t\t\t\t\t\t\t\t\t\t\t\t\t\t\t<\/div>\n\t\t\t\t<\/div>\n\t\t\t\t<div class=\"elementor-element elementor-element-1c0762f5 elementor-widget elementor-widget-image\" data-id=\"1c0762f5\" data-element_type=\"widget\" data-widget_type=\"image.default\">\n\t\t\t\t<div class=\"elementor-widget-container\">\n\t\t\t\t\t\t\t\t\t\t\t\t\t\t\t<img decoding=\"async\" width=\"800\" height=\"600\" src=\"https:\/\/liquidtool.com\/wp-content\/uploads\/2024\/04\/Sven-Wyss-machine1-1024x768.jpg\" class=\"attachment-large size-large wp-image-35543\" alt=\"Ein Mann vor einer GF cnc Maschine\" srcset=\"https:\/\/liquidtool.com\/wp-content\/uploads\/2024\/04\/Sven-Wyss-machine1-1024x768.jpg 1024w, https:\/\/liquidtool.com\/wp-content\/uploads\/2024\/04\/Sven-Wyss-machine1-300x225.jpg 300w, https:\/\/liquidtool.com\/wp-content\/uploads\/2024\/04\/Sven-Wyss-machine1-768x576.jpg 768w, https:\/\/liquidtool.com\/wp-content\/uploads\/2024\/04\/Sven-Wyss-machine1.jpg 1216w\" sizes=\"(max-width: 800px) 100vw, 800px\" title=\"\">\t\t\t\t\t\t\t\t\t\t\t\t\t\t\t<\/div>\n\t\t\t\t<\/div>\n\t\t\t\t<div class=\"elementor-element elementor-element-1572ff47 elementor-widget elementor-widget-image\" data-id=\"1572ff47\" data-element_type=\"widget\" data-widget_type=\"image.default\">\n\t\t\t\t<div class=\"elementor-widget-container\">\n\t\t\t\t\t\t\t\t\t\t\t\t\t\t\t<img decoding=\"async\" width=\"800\" height=\"601\" src=\"https:\/\/liquidtool.com\/wp-content\/uploads\/2024\/04\/Fraisa-building-1024x769.jpg\" class=\"attachment-large size-large wp-image-35531\" alt=\"Fraisa main building\" srcset=\"https:\/\/liquidtool.com\/wp-content\/uploads\/2024\/04\/Fraisa-building-1024x769.jpg 1024w, https:\/\/liquidtool.com\/wp-content\/uploads\/2024\/04\/Fraisa-building-300x225.jpg 300w, https:\/\/liquidtool.com\/wp-content\/uploads\/2024\/04\/Fraisa-building-768x577.jpg 768w, https:\/\/liquidtool.com\/wp-content\/uploads\/2024\/04\/Fraisa-building.jpg 1216w\" sizes=\"(max-width: 800px) 100vw, 800px\" title=\"\">\t\t\t\t\t\t\t\t\t\t\t\t\t\t\t<\/div>\n\t\t\t\t<\/div>\n\t\t\t\t\t<\/div>\n\t\t\t\t<\/div>\n\t\t\t\t<div class=\"elementor-element elementor-element-4c7b91b elementor-widget elementor-widget-heading\" data-id=\"4c7b91b\" data-element_type=\"widget\" data-widget_type=\"heading.default\">\n\t\t\t\t<div class=\"elementor-widget-container\">\n\t\t\t\t\t<h2 class=\"elementor-heading-title elementor-size-medium\">Vom Interesse zur praktischen Anwendung<\/h2>\t\t\t\t<\/div>\n\t\t\t\t<\/div>\n\t\t\t\t<div class=\"elementor-element elementor-element-630151bb elementor-widget elementor-widget-text-editor\" data-id=\"630151bb\" data-element_type=\"widget\" data-widget_type=\"text-editor.default\">\n\t\t\t\t<div class=\"elementor-widget-container\">\n\t\t\t\t\t\t\t\t\t<p>Ein Interesse an Chemie hatte Sven Wyss schon immer. F\u00fcr ihn war darum der K\u00fchlschmierstoff mehr als ein notwendiges \u00dcbel. Als es w\u00e4hrend seines Studiums zum Produktionstechniker HF darum ging, im eigenen Unternehmen Prozesse zu finden, in welche Anwendungen der Industrie 4.0 integriert werden k\u00f6nnen, wurde er auf Liquidtool und den <span style=\"text-decoration: underline;\"><a href=\"https:\/\/liquidtool.com\/de\/produkte\/autopilot-single\/\">AutoPilot<\/a><\/span> aufmerksam. <\/p>\n\t\t\t\t\t\t\t\t<\/div>\n\t\t\t\t<\/div>\n\t\t\t\t<div class=\"elementor-element elementor-element-597f9675 elementor-widget elementor-widget-heading\" data-id=\"597f9675\" data-element_type=\"widget\" data-widget_type=\"heading.default\">\n\t\t\t\t<div class=\"elementor-widget-container\">\n\t\t\t\t\t<h2 class=\"elementor-heading-title elementor-size-medium\">Automatisierung als Schl\u00fcssel zur Effizienz<\/h2>\t\t\t\t<\/div>\n\t\t\t\t<\/div>\n\t\t\t\t<div class=\"elementor-element elementor-element-1e9266e9 elementor-widget elementor-widget-text-editor\" data-id=\"1e9266e9\" data-element_type=\"widget\" data-widget_type=\"text-editor.default\">\n\t\t\t\t<div class=\"elementor-widget-container\">\n\t\t\t\t\t\t\t\t\t<p>In der vertieften Analyse stellte man fest, dass das manuelle Nachfahren <strong>viel Zeit ben\u00f6tigt und fehleranf\u00e4llig war<\/strong>. Mal l\u00f6ste es den Schlauch vom Fass und flutete den Boden, mal glich die Konzentrations-Bestimmung mit dem Handrefraktometer eher einer Sch\u00e4tzung. Alles in Allem eine m\u00fchsame, zeitintensive Arbeit, die pro Maschine mindestens 15-20 Minuten pro Woche in Anspruch nahm.<\/p>\n\t\t\t\t\t\t\t\t<\/div>\n\t\t\t\t<\/div>\n\t\t\t\t<div class=\"elementor-element elementor-element-68ac9710 elementor-widget elementor-widget-heading\" data-id=\"68ac9710\" data-element_type=\"widget\" data-widget_type=\"heading.default\">\n\t\t\t\t<div class=\"elementor-widget-container\">\n\t\t\t\t\t<h2 class=\"elementor-heading-title elementor-size-medium\">Nachhaltige Vorteile und Kosteneinsparungen<\/h2>\t\t\t\t<\/div>\n\t\t\t\t<\/div>\n\t\t\t\t<div class=\"elementor-element elementor-element-588d619 elementor-widget elementor-widget-text-editor\" data-id=\"588d619\" data-element_type=\"widget\" data-widget_type=\"text-editor.default\">\n\t\t\t\t<div class=\"elementor-widget-container\">\n\t\t\t\t\t\t\t\t\t<p>Heute werden die K\u00fchlschmierstoff-Tanks der 6 Maschinen automatisch \u00fcberwacht und bef\u00fcllt. Dank dieser Zeitersparnis von 6*20 Minuten pro Woche konnten sie bei <span style=\"text-decoration: underline;\"><a href=\"https:\/\/www.fraisa.com\/de\/\" target=\"_blank\" rel=\"noopener\">Fraisa<\/a><\/span> berechnen, dass sich die Kosten f\u00fcr die Automatisierung der Maschinen bereits nach <strong>rund 5 Wochen amortisiert<\/strong> haben.<\/p>\n<p>Gleichzeitig beobachten Wyss und seine Kollegen einen <strong>R\u00fcckgang des Konzentrat-Verbrauchs um mindestens 10%<\/strong>. Dadurch m\u00fcssen die KSS-F\u00e4sser seltener gewechselt und nachbestellt werden, was \u00f6kologische und \u00f6konomische Vorteile bringt.<\/p>\n\t\t\t\t\t\t\t\t<\/div>\n\t\t\t\t<\/div>\n\t\t<div class=\"elementor-element elementor-element-fc7ef9e e-flex e-con-boxed e-con e-parent\" data-id=\"fc7ef9e\" data-element_type=\"container\">\n\t\t\t\t\t<div class=\"e-con-inner\">\n\t\t\t\t<div class=\"elementor-element elementor-element-e0d2c3e elementor-widget elementor-widget-image\" data-id=\"e0d2c3e\" data-element_type=\"widget\" data-widget_type=\"image.default\">\n\t\t\t\t<div class=\"elementor-widget-container\">\n\t\t\t\t\t\t\t\t\t\t\t\t\t\t\t<img loading=\"lazy\" decoding=\"async\" width=\"800\" height=\"600\" src=\"https:\/\/liquidtool.com\/wp-content\/uploads\/2024\/04\/Sven-Wyss-Zitat-1024x768.jpg\" class=\"attachment-large size-large wp-image-35435\" alt=\"Ein Mann vor einer cnc Maschine r\u00fchmt den Liquidtool AutoPilot\" srcset=\"https:\/\/liquidtool.com\/wp-content\/uploads\/2024\/04\/Sven-Wyss-Zitat-1024x768.jpg 1024w, https:\/\/liquidtool.com\/wp-content\/uploads\/2024\/04\/Sven-Wyss-Zitat-300x225.jpg 300w, https:\/\/liquidtool.com\/wp-content\/uploads\/2024\/04\/Sven-Wyss-Zitat-768x576.jpg 768w, https:\/\/liquidtool.com\/wp-content\/uploads\/2024\/04\/Sven-Wyss-Zitat-1536x1152.jpg 1536w, https:\/\/liquidtool.com\/wp-content\/uploads\/2024\/04\/Sven-Wyss-Zitat.jpg 1920w\" sizes=\"(max-width: 800px) 100vw, 800px\" title=\"\">\t\t\t\t\t\t\t\t\t\t\t\t\t\t\t<\/div>\n\t\t\t\t<\/div>\n\t\t<div class=\"elementor-element elementor-element-0c4a43c e-flex e-con-boxed e-con e-child\" data-id=\"0c4a43c\" data-element_type=\"container\">\n\t\t\t\t\t<div class=\"e-con-inner\">\n\t\t\t\t<div class=\"elementor-element elementor-element-49d192f elementor-widget elementor-widget-heading\" data-id=\"49d192f\" data-element_type=\"widget\" data-widget_type=\"heading.default\">\n\t\t\t\t<div class=\"elementor-widget-container\">\n\t\t\t\t\t<h3 class=\"elementor-heading-title elementor-size-default\">Die Bedeutung konstanter Produktionsergebnisse<\/h3>\t\t\t\t<\/div>\n\t\t\t\t<\/div>\n\t\t\t\t<div class=\"elementor-element elementor-element-2b6222c elementor-widget elementor-widget-text-editor\" data-id=\"2b6222c\" data-element_type=\"widget\" data-widget_type=\"text-editor.default\">\n\t\t\t\t<div class=\"elementor-widget-container\">\n\t\t\t\t\t\t\t\t\t<p>Fraisa ist ein f\u00fchrender Produzent von Werkzeugen f\u00fcr die <a href=\"https:\/\/www.fraisa.com\/de\/branchen\" target=\"_blank\" rel=\"noopener\">Luftfahrt, Medizinaltechnik, Uhrenindustrie, Werkzeugbau, Feinmechanik und f\u00fcr Lohnfertiger<\/a>. Sie werben mit dem Slogan \u00abPassion for Precision\u00bb.<\/p>\n<p>Konstante Ergebnisse und stabile Prozesse sind unter diesen Voraussetzungen unabdingbar. Nur so kann eine gleichbleibend hohe Qualit\u00e4t der Produkte sichergestellt werden. Das erleichtert den Anwendungstechnikern um Sven Wyss auch gleich die Aufbereitung der Werkzeuge f\u00fcr die Kunden.<\/p>\n\t\t\t\t\t\t\t\t<\/div>\n\t\t\t\t<\/div>\n\t\t\t\t\t<\/div>\n\t\t\t\t<\/div>\n\t\t\t\t\t<\/div>\n\t\t\t\t<\/div>\n\t\t\t\t<div class=\"elementor-element elementor-element-28d4259d elementor-widget elementor-widget-text-editor\" data-id=\"28d4259d\" data-element_type=\"widget\" data-widget_type=\"text-editor.default\">\n\t\t\t\t<div class=\"elementor-widget-container\">\n\t\t\t\t\t\t\t\t\t<\/p>\n<p>Eine konstante KSS-Konzentration bringt aus Sicht von Wyss noch weitere Vorteile: Er beobachtete eine <strong>Verl\u00e4ngerung der Standzeit<\/strong> der eingesetzten Werkzeuge und eine <strong>verbesserte Sauberkeit<\/strong> der Maschinen. <\/p>\n\t\t\t\t\t\t\t\t<\/div>\n\t\t\t\t<\/div>\n\t\t\t\t<div class=\"elementor-element elementor-element-78875a23 elementor-widget elementor-widget-heading\" data-id=\"78875a23\" data-element_type=\"widget\" data-widget_type=\"heading.default\">\n\t\t\t\t<div class=\"elementor-widget-container\">\n\t\t\t\t\t<h2 class=\"elementor-heading-title elementor-size-medium\">Benutzerfreundlichkeit und Teamakzeptanz<\/h2>\t\t\t\t<\/div>\n\t\t\t\t<\/div>\n\t\t\t\t<div class=\"elementor-element elementor-element-438f292e elementor-widget elementor-widget-text-editor\" data-id=\"438f292e\" data-element_type=\"widget\" data-widget_type=\"text-editor.default\">\n\t\t\t\t<div class=\"elementor-widget-container\">\n\t\t\t\t\t\t\t\t\t<p>Auf die Frage, welches Feature ihn am besten gef\u00e4llt, meint Wyss: \u00abDas Dashboard f\u00fcr die Gesamt\u00fcbersicht ist genial.\u00bb Die verschiedenen Grafiken und Einstellungen im <span style=\"text-decoration: underline;\"><a href=\"https:\/\/liquidtool.com\/de\/produkte\/manager\/\">Manager<\/a><\/span> machen es f\u00fcr ihn einfach, den \u00dcberblick \u00fcber die Maschinen zu behalten. <\/p>\n<p>Durch die einfache Bedienbarkeit der Online-Plattform verstehen es sowohl die j\u00fcngeren als auch \u00e4lteren Arbeitskollegen auf Anhieb. Zugleich f\u00f6rdert dies die <strong>Akzeptanz<\/strong> und erleichtert die <strong>Integration<\/strong> der neuen Technologie in den Arbeitsalltag.<\/p>\n\t\t\t\t\t\t\t\t<\/div>\n\t\t\t\t<\/div>\n\t\t\t\t<div class=\"elementor-element elementor-element-5bf1c362 elementor-widget elementor-widget-heading\" data-id=\"5bf1c362\" data-element_type=\"widget\" data-widget_type=\"heading.default\">\n\t\t\t\t<div class=\"elementor-widget-container\">\n\t\t\t\t\t<h2 class=\"elementor-heading-title elementor-size-medium\">Fazit und Empfehlung<\/h2>\t\t\t\t<\/div>\n\t\t\t\t<\/div>\n\t\t\t\t<div class=\"elementor-element elementor-element-3d26d577 elementor-widget elementor-widget-text-editor\" data-id=\"3d26d577\" data-element_type=\"widget\" data-widget_type=\"text-editor.default\">\n\t\t\t\t<div class=\"elementor-widget-container\">\n\t\t\t\t\t\t\t\t\t<p>Die Einf\u00fchrung des Liquidtool AutoPilot bei Fraisa zeigt, dass auch scheinbar kleine Optimierungen im Produktionsprozess zu sp\u00fcrbaren Verbesserungen f\u00fchren k\u00f6nnen. Sven Wyss empfiehlt den <span style=\"text-decoration: underline;\"><a href=\"https:\/\/liquidtool.com\/de\/produkte\/autopilot-multi\/\">Liquidtool AutoPilot<\/a><\/span> nachdr\u00fccklich f\u00fcr Unternehmen, die auf <strong>konstante KSS-Qualit\u00e4t angewiesen<\/strong> sind. <\/p>\n<p>Die Vorteile sind besonders f\u00fcr Firmen relevant, die in der Werkzeugherstellung oder mit gr\u00f6sseren Produktionsstrassen t\u00e4tig sind. <\/p>\n<p>Doch auch kleinere Lohnfertiger k\u00f6nnen von dieser Innovation profitieren, indem sie ihre <strong>Mitarbeitenden von administrativen Aufgaben entlasten<\/strong> und sie sich auf ihre Kernkompetenzen konzentrieren k\u00f6nnen.<\/p>\n<p>Diese Erfolgsgeschichte zeigt eindrucksvoll, wie durch den Einsatz moderner Technologien nicht nur die Arbeitsprozesse optimiert, sondern auch die Produktqualit\u00e4t und Arbeitsbedingungen verbessert werden k\u00f6nnen. <\/p>\n<p>Der Liquidtool AutoPilot steht beispielhaft f\u00fcr die M\u00f6glichkeiten, die sich durch die Digitalisierung und Automatisierung in der modernen Fertigungsindustrie er\u00f6ffnen. <strong>Und das mit einem ROI von nur wenigen Wochen!<\/strong><\/p>\n\t\t\t\t\t\t\t\t<\/div>\n\t\t\t\t<\/div>\n\t\t\t\t\t<\/div>\n\t\t<\/div>\n\t\t\t\t\t<\/div>\n\t\t<\/section>\n\t\t\t\t<\/div>\n\t\t","protected":false},"excerpt":{"rendered":"<p>Fraisa Praxisbericht Den ROI in 5 Wochen erreicht Mit einer einzigen L\u00f6sung sogleich 2 Stunden Arbeit pro Woche eingespart. Genau so erging es Sven Wyss. Dank dem Einsatz des Liquidtool AutoPilot m\u00fcssen er und seine Kollegen im Applikations- und Testzentrum von Fraisa keine der 6 CNC-Maschinen mehr manuell mit KSS bef\u00fcllen. Alles l\u00e4uft automatisch \u2013 [&hellip;]<\/p>\n","protected":false},"author":3,"featured_media":0,"parent":33096,"menu_order":3,"comment_status":"closed","ping_status":"closed","template":"","meta":{"content-type":"","footnotes":""},"class_list":["post-35573","page","type-page","status-publish","hentry"],"_links":{"self":[{"href":"https:\/\/liquidtool.com\/de\/wp-json\/wp\/v2\/pages\/35573","targetHints":{"allow":["GET"]}}],"collection":[{"href":"https:\/\/liquidtool.com\/de\/wp-json\/wp\/v2\/pages"}],"about":[{"href":"https:\/\/liquidtool.com\/de\/wp-json\/wp\/v2\/types\/page"}],"author":[{"embeddable":true,"href":"https:\/\/liquidtool.com\/de\/wp-json\/wp\/v2\/users\/3"}],"replies":[{"embeddable":true,"href":"https:\/\/liquidtool.com\/de\/wp-json\/wp\/v2\/comments?post=35573"}],"version-history":[{"count":3,"href":"https:\/\/liquidtool.com\/de\/wp-json\/wp\/v2\/pages\/35573\/revisions"}],"predecessor-version":[{"id":35576,"href":"https:\/\/liquidtool.com\/de\/wp-json\/wp\/v2\/pages\/35573\/revisions\/35576"}],"up":[{"embeddable":true,"href":"https:\/\/liquidtool.com\/de\/wp-json\/wp\/v2\/pages\/33096"}],"wp:attachment":[{"href":"https:\/\/liquidtool.com\/de\/wp-json\/wp\/v2\/media?parent=35573"}],"curies":[{"name":"wp","href":"https:\/\/api.w.org\/{rel}","templated":true}]}}