{"id":33159,"date":"2024-01-08T10:26:56","date_gmt":"2024-01-08T09:26:56","guid":{"rendered":"https:\/\/liquidtool.com\/?page_id=33159"},"modified":"2024-04-15T12:16:03","modified_gmt":"2024-04-15T10:16:03","slug":"ceratizit","status":"publish","type":"page","link":"https:\/\/liquidtool.com\/de\/referenzen\/ceratizit\/","title":{"rendered":"Ceratizit"},"content":{"rendered":"\t\t<div data-elementor-type=\"wp-page\" data-elementor-id=\"33159\" class=\"elementor elementor-33159 elementor-33158\" data-elementor-post-type=\"page\">\n\t\t\t\t\t\t<section class=\"elementor-section elementor-top-section elementor-element elementor-element-407cb4a lt-section elementor-section-boxed elementor-section-height-default elementor-section-height-default\" data-id=\"407cb4a\" data-element_type=\"section\" id=\"team\">\n\t\t\t\t\t\t<div class=\"elementor-container elementor-column-gap-default\">\n\t\t\t\t\t<div class=\"elementor-column elementor-col-100 elementor-top-column elementor-element elementor-element-dc0c7dc bg-news\" data-id=\"dc0c7dc\" data-element_type=\"column\" data-settings=\"{&quot;background_background&quot;:&quot;classic&quot;}\">\n\t\t\t<div class=\"elementor-widget-wrap elementor-element-populated\">\n\t\t\t\t\t\t<div class=\"elementor-element elementor-element-1f689f0 elementor-widget elementor-widget-heading\" data-id=\"1f689f0\" data-element_type=\"widget\" data-widget_type=\"heading.default\">\n\t\t\t\t<div class=\"elementor-widget-container\">\n\t\t\t\t\t<h2 class=\"elementor-heading-title elementor-size-medium\">Praxisbericht Ceratizit Gruppe<\/h2>\t\t\t\t<\/div>\n\t\t\t\t<\/div>\n\t\t\t\t<div class=\"elementor-element elementor-element-00c9cb8 elementor-widget elementor-widget-heading\" data-id=\"00c9cb8\" data-element_type=\"widget\" data-widget_type=\"heading.default\">\n\t\t\t\t<div class=\"elementor-widget-container\">\n\t\t\t\t\t<h1 class=\"elementor-heading-title elementor-size-xl\">Effizienzsteigerung und Nachhaltigkeit mit automatischem KSS-Management<\/h1>\t\t\t\t<\/div>\n\t\t\t\t<\/div>\n\t\t\t\t<div class=\"elementor-element elementor-element-46043ff elementor-widget elementor-widget-text-editor\" data-id=\"46043ff\" data-element_type=\"widget\" data-widget_type=\"text-editor.default\">\n\t\t\t\t<div class=\"elementor-widget-container\">\n\t\t\t\t\t\t\t\t\t<p>Wer tr\u00e4umt nicht davon, sich das Leben zu vereinfachen? Simon Bastiani und seine beiden Anwendungstechniker-Kollegen von Ceratizit m\u00fcssen sich seit Mitte 2023 keine Gedanken mehr um den K\u00fchlschmierstoff machen. Die Umstellung auf den Liquidtool AutoPilot war f\u00fcr sie ein wichtiger Schritt in Richtung Effizienz und Nachhaltigkeit. Diese Erfolgsgeschichte zeigt, wie Ceratizit durch den Einsatz moderner Technologie seine Betriebsabl\u00e4ufe optimiert und gleichzeitig einen Beitrag zum Umweltschutz leistet.<\/p>\n\t\t\t\t\t\t\t\t<\/div>\n\t\t\t\t<\/div>\n\t\t<div class=\"elementor-element elementor-element-235e6f6 e-flex e-con-boxed e-con e-parent\" data-id=\"235e6f6\" data-element_type=\"container\">\n\t\t\t\t\t<div class=\"e-con-inner\">\n\t\t\t\t<div class=\"elementor-element elementor-element-74132c0 elementor-widget elementor-widget-image\" data-id=\"74132c0\" data-element_type=\"widget\" data-widget_type=\"image.default\">\n\t\t\t\t<div class=\"elementor-widget-container\">\n\t\t\t\t\t\t\t\t\t\t\t\t\t\t\t<img fetchpriority=\"high\" decoding=\"async\" width=\"800\" height=\"600\" src=\"https:\/\/liquidtool.com\/wp-content\/uploads\/2024\/01\/Ceratizit-shop-floor-impression-1024x768.jpg\" class=\"attachment-large size-large wp-image-33184\" alt=\"A machine at the ceratizit technical center\" srcset=\"https:\/\/liquidtool.com\/wp-content\/uploads\/2024\/01\/Ceratizit-shop-floor-impression-1024x768.jpg 1024w, https:\/\/liquidtool.com\/wp-content\/uploads\/2024\/01\/Ceratizit-shop-floor-impression-300x225.jpg 300w, https:\/\/liquidtool.com\/wp-content\/uploads\/2024\/01\/Ceratizit-shop-floor-impression-768x576.jpg 768w, https:\/\/liquidtool.com\/wp-content\/uploads\/2024\/01\/Ceratizit-shop-floor-impression-1536x1152.jpg 1536w, https:\/\/liquidtool.com\/wp-content\/uploads\/2024\/01\/Ceratizit-shop-floor-impression-2048x1536.jpg 2048w\" sizes=\"(max-width: 800px) 100vw, 800px\" title=\"\">\t\t\t\t\t\t\t\t\t\t\t\t\t\t\t<\/div>\n\t\t\t\t<\/div>\n\t\t\t\t<div class=\"elementor-element elementor-element-bf6681c elementor-widget elementor-widget-image\" data-id=\"bf6681c\" data-element_type=\"widget\" data-widget_type=\"image.default\">\n\t\t\t\t<div class=\"elementor-widget-container\">\n\t\t\t\t\t\t\t\t\t\t\t\t\t\t\t<img decoding=\"async\" width=\"800\" height=\"600\" src=\"https:\/\/liquidtool.com\/wp-content\/uploads\/2024\/01\/Simon-Bastiani-at-machine-1024x768.jpg\" class=\"attachment-large size-large wp-image-33196\" alt=\"engineer simon bastiani at a machine at the ceratizit technical center\" srcset=\"https:\/\/liquidtool.com\/wp-content\/uploads\/2024\/01\/Simon-Bastiani-at-machine-1024x768.jpg 1024w, https:\/\/liquidtool.com\/wp-content\/uploads\/2024\/01\/Simon-Bastiani-at-machine-300x225.jpg 300w, https:\/\/liquidtool.com\/wp-content\/uploads\/2024\/01\/Simon-Bastiani-at-machine-768x576.jpg 768w, https:\/\/liquidtool.com\/wp-content\/uploads\/2024\/01\/Simon-Bastiani-at-machine-1536x1152.jpg 1536w, https:\/\/liquidtool.com\/wp-content\/uploads\/2024\/01\/Simon-Bastiani-at-machine-2048x1536.jpg 2048w\" sizes=\"(max-width: 800px) 100vw, 800px\" title=\"\">\t\t\t\t\t\t\t\t\t\t\t\t\t\t\t<\/div>\n\t\t\t\t<\/div>\n\t\t\t\t<div class=\"elementor-element elementor-element-5e5c61b elementor-widget elementor-widget-image\" data-id=\"5e5c61b\" data-element_type=\"widget\" data-widget_type=\"image.default\">\n\t\t\t\t<div class=\"elementor-widget-container\">\n\t\t\t\t\t\t\t\t\t\t\t\t\t\t\t<img decoding=\"async\" width=\"800\" height=\"600\" src=\"https:\/\/liquidtool.com\/wp-content\/uploads\/2024\/01\/Tool-overview-1024x768.jpg\" class=\"attachment-large size-large wp-image-33172\" alt=\"an overview of tools made by ceratizit\" srcset=\"https:\/\/liquidtool.com\/wp-content\/uploads\/2024\/01\/Tool-overview-1024x768.jpg 1024w, https:\/\/liquidtool.com\/wp-content\/uploads\/2024\/01\/Tool-overview-300x225.jpg 300w, https:\/\/liquidtool.com\/wp-content\/uploads\/2024\/01\/Tool-overview-768x576.jpg 768w, https:\/\/liquidtool.com\/wp-content\/uploads\/2024\/01\/Tool-overview-1536x1152.jpg 1536w, https:\/\/liquidtool.com\/wp-content\/uploads\/2024\/01\/Tool-overview-2048x1536.jpg 2048w\" sizes=\"(max-width: 800px) 100vw, 800px\" title=\"\">\t\t\t\t\t\t\t\t\t\t\t\t\t\t\t<\/div>\n\t\t\t\t<\/div>\n\t\t\t\t\t<\/div>\n\t\t\t\t<\/div>\n\t\t\t\t<div class=\"elementor-element elementor-element-3219d2a elementor-widget elementor-widget-heading\" data-id=\"3219d2a\" data-element_type=\"widget\" data-widget_type=\"heading.default\">\n\t\t\t\t<div class=\"elementor-widget-container\">\n\t\t\t\t\t<h2 class=\"elementor-heading-title elementor-size-medium\">Von manueller Kontrolle zur automatisierten \u00dcberwachung<\/h2>\t\t\t\t<\/div>\n\t\t\t\t<\/div>\n\t\t\t\t<div class=\"elementor-element elementor-element-3d9d448 elementor-widget elementor-widget-text-editor\" data-id=\"3d9d448\" data-element_type=\"widget\" data-widget_type=\"text-editor.default\">\n\t\t\t\t<div class=\"elementor-widget-container\">\n\t\t\t\t\t\t\t\t\t<p><a href=\"https:\/\/www.ceratizit.com\/\" target=\"_blank\" rel=\"noopener\"><span style=\"text-decoration: underline;\">Ceratizit<\/span><\/a> ist ein f\u00fchrender Hersteller von Zerspanungswerkzeugen und Hartmetalll\u00f6sungen. Bei den Zerspanungstests im Ceratizit-Technical Center spielt die gleichbleibende Qualit\u00e4t des K\u00fchlschmiermittels eine entscheidende Rolle. Um diese zu gew\u00e4hrleisten war bisher ein hoher manueller Aufwand erforderlich, damit Ver\u00e4nderungen \u00fcberhaupt festgestellt und darauf reagiert werden konnte. Mit dem Einsatz des <span style=\"text-decoration: underline;\"><a href=\"https:\/\/liquidtool.com\/de\/produkte\/autopilot-single\/\">Liquidtool AutoPilot<\/a><\/span> hat sich dies grundlegend ge\u00e4ndert. Simon Bastiani und seine Kollegen profitieren nun von einer kontinuierlichen und genauen \u00dcberwachung des KSS, was nicht nur die Arbeitsabl\u00e4ufe vereinfacht, sondern auch konstante Top-Qualit\u00e4t garantiert und somit die Vergleichbarkeit von Versuchsergebnissen gew\u00e4hrleistet.<\/p>\n\t\t\t\t\t\t\t\t<\/div>\n\t\t\t\t<\/div>\n\t\t\t\t<div class=\"elementor-element elementor-element-ac74fff elementor-widget elementor-widget-heading\" data-id=\"ac74fff\" data-element_type=\"widget\" data-widget_type=\"heading.default\">\n\t\t\t\t<div class=\"elementor-widget-container\">\n\t\t\t\t\t<h2 class=\"elementor-heading-title elementor-size-medium\">Nachhaltigkeit im Fokus: Ceratizits Engagement f\u00fcr eine bessere Zukunft<\/h2>\t\t\t\t<\/div>\n\t\t\t\t<\/div>\n\t\t\t\t<div class=\"elementor-element elementor-element-5f7cf93 elementor-widget elementor-widget-text-editor\" data-id=\"5f7cf93\" data-element_type=\"widget\" data-widget_type=\"text-editor.default\">\n\t\t\t\t<div class=\"elementor-widget-container\">\n\t\t\t\t\t\t\t\t\t<p>Ceratizit hat sich mit seinem Leitspruch <span style=\"text-decoration: underline;\"><a href=\"https:\/\/www.ceratizit.com\/int\/en\/sustainability.html\" target=\"_blank\" rel=\"noopener\">\u00abTooling a sustainable Future\u00bb<\/a><\/span> der Nachhaltigkeit verschrieben. Das Ziel, bis 2025 CO2-neutral zu sein, wird durch Massnahmen wie die Verl\u00e4ngerung der KSS-Standzeit und den Einsatz umweltfreundlicherer Produkte unterst\u00fctzt. So wird nun die Standzeit des K\u00fchlschmiermittels von einem auf zwei Jahre verl\u00e4ngert. Dies f\u00fchrt nicht nur zu einer Reduzierung der Entsorgungsaufwands, sondern auch zu einer Halbierung der Kosten f\u00fcr Konzentrate.<\/p>\n\t\t\t\t\t\t\t\t<\/div>\n\t\t\t\t<\/div>\n\t\t\t\t<div class=\"elementor-element elementor-element-de7d9cb elementor-widget elementor-widget-heading\" data-id=\"de7d9cb\" data-element_type=\"widget\" data-widget_type=\"heading.default\">\n\t\t\t\t<div class=\"elementor-widget-container\">\n\t\t\t\t\t<h2 class=\"elementor-heading-title elementor-size-medium\">Positive Nebeneffekte: Verbesserte Arbeitsbedingungen und Sauberkeit<\/h2>\t\t\t\t<\/div>\n\t\t\t\t<\/div>\n\t\t\t\t<div class=\"elementor-element elementor-element-388540d elementor-widget elementor-widget-text-editor\" data-id=\"388540d\" data-element_type=\"widget\" data-widget_type=\"text-editor.default\">\n\t\t\t\t<div class=\"elementor-widget-container\">\n\t\t\t\t\t\t\t\t\t<p>Neben den technischen Vorteilen berichtet Simon Bastiani auch von einer verbesserten Hautvertr\u00e4glichkeit des K\u00fchlschmierstoffs und einer sichtbaren Reinheit. Diese Ver\u00e4nderungen tragen zur Verbesserung der Arbeitsbedingungen bei und zeigen, dass technologische Fortschritte auch positive Auswirkungen auf die Gesundheit der Mitarbeitenden haben k\u00f6nnen.<\/p>\n\t\t\t\t\t\t\t\t<\/div>\n\t\t\t\t<\/div>\n\t\t\t\t<div class=\"elementor-element elementor-element-1115371 elementor-widget elementor-widget-heading\" data-id=\"1115371\" data-element_type=\"widget\" data-widget_type=\"heading.default\">\n\t\t\t\t<div class=\"elementor-widget-container\">\n\t\t\t\t\t<h2 class=\"elementor-heading-title elementor-size-medium\">Zukunftsorientierte Pl\u00e4ne: Ceratizits Vision mit dem Liquidtool AutoPilot<\/h2>\t\t\t\t<\/div>\n\t\t\t\t<\/div>\n\t\t\t\t<div class=\"elementor-element elementor-element-d7c32ed elementor-widget elementor-widget-text-editor\" data-id=\"d7c32ed\" data-element_type=\"widget\" data-widget_type=\"text-editor.default\">\n\t\t\t\t<div class=\"elementor-widget-container\">\n\t\t\t\t\t\t\t\t\t<p>Simon Bastiani sieht in der Erweiterung der Messparameter des Liquidtool AutoPilot, wie pH- oder Nitritwerte, Potenzial f\u00fcr noch pr\u00e4zisere Kontrollen und l\u00fcckenlose Dokumentation von Sicherheitsstandards (z.B. <span style=\"text-decoration: underline;\"><a href=\"https:\/\/www.baua.de\/DE\/Angebote\/Regelwerk\/TRGS\/TRGS-611.html\" target=\"_blank\" rel=\"noopener\">TRGS 611<\/a><\/span>). Mit bereits drei ausgestatteten Maschinen in Kempten (<span style=\"text-decoration: underline;\"><a href=\"https:\/\/liquidtool.com\/de\/produkte\/autopilot-multi\/\">AutoPilot Multi<\/a><\/span>) und Pl\u00e4nen f\u00fcr eine weitere Expansion, ist Ceratizit auf einem guten Weg, seine Effizienz und Nachhaltigkeit weiter zu steigern.<\/p>\n\t\t\t\t\t\t\t\t<\/div>\n\t\t\t\t<\/div>\n\t\t\t\t<div class=\"elementor-element elementor-element-e547900 elementor-widget elementor-widget-heading\" data-id=\"e547900\" data-element_type=\"widget\" data-widget_type=\"heading.default\">\n\t\t\t\t<div class=\"elementor-widget-container\">\n\t\t\t\t\t<h2 class=\"elementor-heading-title elementor-size-medium\">Fazit: Technologie und Nachhaltigkeit gehen Hand in Hand\n<\/h2>\t\t\t\t<\/div>\n\t\t\t\t<\/div>\n\t\t\t\t<div class=\"elementor-element elementor-element-21dbcbe elementor-widget elementor-widget-text-editor\" data-id=\"21dbcbe\" data-element_type=\"widget\" data-widget_type=\"text-editor.default\">\n\t\t\t\t<div class=\"elementor-widget-container\">\n\t\t\t\t\t\t\t\t\t<p>Die Geschichte von Ceratizit und dem Liquidtool AutoPilot zeigt, wie innovative Technologien nicht nur die Effizienz und Produktivit\u00e4t steigern, sondern auch einen wesentlichen Beitrag zum Umweltschutz leisten k\u00f6nnen. Diese Erfolgsgeschichte ist ein Beweis daf\u00fcr, dass Nachhaltigkeit und Wirtschaftlichkeit keine Gegens\u00e4tze sein m\u00fcssen, sondern sich gegenseitig verst\u00e4rken k\u00f6nnen.<\/p>\n\t\t\t\t\t\t\t\t<\/div>\n\t\t\t\t<\/div>\n\t\t\t\t\t<\/div>\n\t\t<\/div>\n\t\t\t\t\t<\/div>\n\t\t<\/section>\n\t\t\t\t<\/div>\n\t\t","protected":false},"excerpt":{"rendered":"<p>Praxisbericht Ceratizit Gruppe Effizienzsteigerung und Nachhaltigkeit mit automatischem KSS-Management Wer tr\u00e4umt nicht davon, sich das Leben zu vereinfachen? Simon Bastiani und seine beiden Anwendungstechniker-Kollegen von Ceratizit m\u00fcssen sich seit Mitte 2023 keine Gedanken mehr um den K\u00fchlschmierstoff machen. Die Umstellung auf den Liquidtool AutoPilot war f\u00fcr sie ein wichtiger Schritt in Richtung Effizienz und Nachhaltigkeit. [&hellip;]<\/p>\n","protected":false},"author":3,"featured_media":32933,"parent":33096,"menu_order":1,"comment_status":"closed","ping_status":"closed","template":"","meta":{"content-type":"","footnotes":""},"class_list":["post-33159","page","type-page","status-publish","has-post-thumbnail","hentry"],"_links":{"self":[{"href":"https:\/\/liquidtool.com\/de\/wp-json\/wp\/v2\/pages\/33159","targetHints":{"allow":["GET"]}}],"collection":[{"href":"https:\/\/liquidtool.com\/de\/wp-json\/wp\/v2\/pages"}],"about":[{"href":"https:\/\/liquidtool.com\/de\/wp-json\/wp\/v2\/types\/page"}],"author":[{"embeddable":true,"href":"https:\/\/liquidtool.com\/de\/wp-json\/wp\/v2\/users\/3"}],"replies":[{"embeddable":true,"href":"https:\/\/liquidtool.com\/de\/wp-json\/wp\/v2\/comments?post=33159"}],"version-history":[{"count":11,"href":"https:\/\/liquidtool.com\/de\/wp-json\/wp\/v2\/pages\/33159\/revisions"}],"predecessor-version":[{"id":35572,"href":"https:\/\/liquidtool.com\/de\/wp-json\/wp\/v2\/pages\/33159\/revisions\/35572"}],"up":[{"embeddable":true,"href":"https:\/\/liquidtool.com\/de\/wp-json\/wp\/v2\/pages\/33096"}],"wp:featuredmedia":[{"embeddable":true,"href":"https:\/\/liquidtool.com\/de\/wp-json\/wp\/v2\/media\/32933"}],"wp:attachment":[{"href":"https:\/\/liquidtool.com\/de\/wp-json\/wp\/v2\/media?parent=33159"}],"curies":[{"name":"wp","href":"https:\/\/api.w.org\/{rel}","templated":true}]}}