{"id":33120,"date":"2024-01-05T17:06:20","date_gmt":"2024-01-05T16:06:20","guid":{"rendered":"https:\/\/liquidtool.com\/?page_id=33120"},"modified":"2024-04-15T12:16:00","modified_gmt":"2024-04-15T10:16:00","slug":"ibor","status":"publish","type":"page","link":"https:\/\/liquidtool.com\/de\/referenzen\/ibor\/","title":{"rendered":"Ibor"},"content":{"rendered":"\t\t<div data-elementor-type=\"wp-page\" data-elementor-id=\"33120\" class=\"elementor elementor-33120 elementor-33119\" data-elementor-post-type=\"page\">\n\t\t\t\t\t\t<section class=\"elementor-section elementor-top-section elementor-element elementor-element-407cb4a lt-section elementor-section-boxed elementor-section-height-default elementor-section-height-default\" data-id=\"407cb4a\" data-element_type=\"section\" id=\"team\">\n\t\t\t\t\t\t<div class=\"elementor-container elementor-column-gap-default\">\n\t\t\t\t\t<div class=\"elementor-column elementor-col-100 elementor-top-column elementor-element elementor-element-dc0c7dc bg-news\" data-id=\"dc0c7dc\" data-element_type=\"column\" data-settings=\"{&quot;background_background&quot;:&quot;classic&quot;}\">\n\t\t\t<div class=\"elementor-widget-wrap elementor-element-populated\">\n\t\t\t\t\t\t<div class=\"elementor-element elementor-element-1f689f0 elementor-widget elementor-widget-heading\" data-id=\"1f689f0\" data-element_type=\"widget\" data-widget_type=\"heading.default\">\n\t\t\t\t<div class=\"elementor-widget-container\">\n\t\t\t\t\t<h2 class=\"elementor-heading-title elementor-size-medium\">Praxisbericht IBOR AG<\/h2>\t\t\t\t<\/div>\n\t\t\t\t<\/div>\n\t\t\t\t<div class=\"elementor-element elementor-element-00c9cb8 elementor-widget elementor-widget-heading\" data-id=\"00c9cb8\" data-element_type=\"widget\" data-widget_type=\"heading.default\">\n\t\t\t\t<div class=\"elementor-widget-container\">\n\t\t\t\t\t<h1 class=\"elementor-heading-title elementor-size-xl\">Von kostspieligen Missgeschicken zu effizienter Produktion<\/h1>\t\t\t\t<\/div>\n\t\t\t\t<\/div>\n\t\t\t\t<div class=\"elementor-element elementor-element-46043ff elementor-widget elementor-widget-text-editor\" data-id=\"46043ff\" data-element_type=\"widget\" data-widget_type=\"text-editor.default\">\n\t\t\t\t<div class=\"elementor-widget-container\">\n\t\t\t\t\t\t\t\t\t<p>Ein \u00fcberlaufender K\u00fchlschmierstoff-Tank ist nicht nur ein \u00c4rgernis, sondern auch eine Verschwendung von Ressourcen und Geld. Bei der IBOR AG, einem renommierten Schweizer Lohnfertiger, ist dies ein wiederkehrendes Problem, das nicht nur Unordnung verursachte, sondern auch die Effizienz beeintr\u00e4chtigt. och nun hat sich das Blatt gewendet.<\/p>\n\t\t\t\t\t\t\t\t<\/div>\n\t\t\t\t<\/div>\n\t\t<div class=\"elementor-element elementor-element-235e6f6 e-flex e-con-boxed e-con e-parent\" data-id=\"235e6f6\" data-element_type=\"container\">\n\t\t\t\t\t<div class=\"e-con-inner\">\n\t\t\t\t<div class=\"elementor-element elementor-element-74132c0 elementor-widget elementor-widget-image\" data-id=\"74132c0\" data-element_type=\"widget\" data-widget_type=\"image.default\">\n\t\t\t\t<div class=\"elementor-widget-container\">\n\t\t\t\t\t\t\t\t\t\t\t\t\t\t\t<img fetchpriority=\"high\" decoding=\"async\" width=\"800\" height=\"600\" src=\"https:\/\/liquidtool.com\/wp-content\/uploads\/2024\/01\/Hedelius-machine-1024x768.jpg\" class=\"attachment-large size-large wp-image-33048\" alt=\"Hedelius machine at ibor ag\" srcset=\"https:\/\/liquidtool.com\/wp-content\/uploads\/2024\/01\/Hedelius-machine-1024x768.jpg 1024w, https:\/\/liquidtool.com\/wp-content\/uploads\/2024\/01\/Hedelius-machine-300x225.jpg 300w, https:\/\/liquidtool.com\/wp-content\/uploads\/2024\/01\/Hedelius-machine-768x576.jpg 768w, https:\/\/liquidtool.com\/wp-content\/uploads\/2024\/01\/Hedelius-machine-1536x1152.jpg 1536w, https:\/\/liquidtool.com\/wp-content\/uploads\/2024\/01\/Hedelius-machine.jpg 2016w\" sizes=\"(max-width: 800px) 100vw, 800px\" title=\"\">\t\t\t\t\t\t\t\t\t\t\t\t\t\t\t<\/div>\n\t\t\t\t<\/div>\n\t\t\t\t<div class=\"elementor-element elementor-element-bf6681c elementor-widget elementor-widget-image\" data-id=\"bf6681c\" data-element_type=\"widget\" data-widget_type=\"image.default\">\n\t\t\t\t<div class=\"elementor-widget-container\">\n\t\t\t\t\t\t\t\t\t\t\t\t\t\t\t<img decoding=\"async\" width=\"800\" height=\"600\" src=\"https:\/\/liquidtool.com\/wp-content\/uploads\/2024\/01\/Thomas-Battig-with-Filler_4x3-1024x768.jpg\" class=\"attachment-large size-large wp-image-33072\" alt=\"Thomas B\u00e4ttig with Liquidtool Extender\" srcset=\"https:\/\/liquidtool.com\/wp-content\/uploads\/2024\/01\/Thomas-Battig-with-Filler_4x3-1024x768.jpg 1024w, https:\/\/liquidtool.com\/wp-content\/uploads\/2024\/01\/Thomas-Battig-with-Filler_4x3-300x225.jpg 300w, https:\/\/liquidtool.com\/wp-content\/uploads\/2024\/01\/Thomas-Battig-with-Filler_4x3-768x576.jpg 768w, https:\/\/liquidtool.com\/wp-content\/uploads\/2024\/01\/Thomas-Battig-with-Filler_4x3.jpg 1512w\" sizes=\"(max-width: 800px) 100vw, 800px\" title=\"\">\t\t\t\t\t\t\t\t\t\t\t\t\t\t\t<\/div>\n\t\t\t\t<\/div>\n\t\t\t\t<div class=\"elementor-element elementor-element-5e5c61b elementor-widget elementor-widget-image\" data-id=\"5e5c61b\" data-element_type=\"widget\" data-widget_type=\"image.default\">\n\t\t\t\t<div class=\"elementor-widget-container\">\n\t\t\t\t\t\t\t\t\t\t\t\t\t\t\t<img decoding=\"async\" width=\"800\" height=\"600\" src=\"https:\/\/liquidtool.com\/wp-content\/uploads\/2024\/01\/Machine-at-work-1024x768.jpg\" class=\"attachment-large size-large wp-image-33024\" alt=\"a cnc machine milling using coolant\" srcset=\"https:\/\/liquidtool.com\/wp-content\/uploads\/2024\/01\/Machine-at-work-1024x768.jpg 1024w, https:\/\/liquidtool.com\/wp-content\/uploads\/2024\/01\/Machine-at-work-300x225.jpg 300w, https:\/\/liquidtool.com\/wp-content\/uploads\/2024\/01\/Machine-at-work-768x576.jpg 768w, https:\/\/liquidtool.com\/wp-content\/uploads\/2024\/01\/Machine-at-work-1536x1152.jpg 1536w, https:\/\/liquidtool.com\/wp-content\/uploads\/2024\/01\/Machine-at-work.jpg 2016w\" sizes=\"(max-width: 800px) 100vw, 800px\" title=\"\">\t\t\t\t\t\t\t\t\t\t\t\t\t\t\t<\/div>\n\t\t\t\t<\/div>\n\t\t\t\t\t<\/div>\n\t\t\t\t<\/div>\n\t\t\t\t<div class=\"elementor-element elementor-element-3219d2a elementor-widget elementor-widget-heading\" data-id=\"3219d2a\" data-element_type=\"widget\" data-widget_type=\"heading.default\">\n\t\t\t\t<div class=\"elementor-widget-container\">\n\t\t\t\t\t<h2 class=\"elementor-heading-title elementor-size-medium\">Die Herausforderung: Ungl\u00fcckliche K\u00fchlschmierstoff-Verluste<\/h2>\t\t\t\t<\/div>\n\t\t\t\t<\/div>\n\t\t\t\t<div class=\"elementor-element elementor-element-3d9d448 elementor-widget elementor-widget-text-editor\" data-id=\"3d9d448\" data-element_type=\"widget\" data-widget_type=\"text-editor.default\">\n\t\t\t\t<div class=\"elementor-widget-container\">\n\t\t\t\t\t\t\t\t\t<p>Bei der <span style=\"text-decoration: underline;\"><a href=\"https:\/\/www.ibor.ch\/\" target=\"_blank\" rel=\"noopener\">IBOR AG<\/a><\/span>, spezialisiert auf die Fertigung von Platten und kubischen Teilen, ist das Management des K\u00fchlschmierstoffs (KSS) eine st\u00e4ndige Herausforderung. Thomas B\u00e4ttig, der Leiter der Produktion, sieht sich immer wieder mit \u00dcberl\u00e4ufen und daraus resultierenden KSS-Verlusten konfrontiert. Diese Missgeschicke sind nicht nur kostspielig, sondern beeintr\u00e4chtigen auch die Produktivit\u00e4t.<\/p>\n\t\t\t\t\t\t\t\t<\/div>\n\t\t\t\t<\/div>\n\t\t\t\t<div class=\"elementor-element elementor-element-ac74fff elementor-widget elementor-widget-heading\" data-id=\"ac74fff\" data-element_type=\"widget\" data-widget_type=\"heading.default\">\n\t\t\t\t<div class=\"elementor-widget-container\">\n\t\t\t\t\t<h2 class=\"elementor-heading-title elementor-size-medium\">Die L\u00f6sung: Liquidtool AutoPilot<\/h2>\t\t\t\t<\/div>\n\t\t\t\t<\/div>\n\t\t\t\t<div class=\"elementor-element elementor-element-5f7cf93 elementor-widget elementor-widget-text-editor\" data-id=\"5f7cf93\" data-element_type=\"widget\" data-widget_type=\"text-editor.default\">\n\t\t\t\t<div class=\"elementor-widget-container\">\n\t\t\t\t\t\t\t\t\t<p>Mit der Einf\u00fchrung des <span style=\"text-decoration: underline;\"><a href=\"https:\/\/liquidtool.com\/de\/produkte\/autopilot-single\/\">Liquidtool AutoPilot<\/a><\/span>, einem automatischen KSS-Management-System, auf bislang einer Maschine, l\u00e4uft es nun besser. Dieses System gew\u00e4hrleistet einen konstanten F\u00fcllstand und die richtige Konzentration des K\u00fchlschmiermittels, was zu einer signifikanten Reduzierung des KSS-Verbrauchs um 10-30% f\u00fchrt. Die konstante Qualit\u00e4t des K\u00fchlschmierstoffs verbesserte nicht nur die Produktionsprozesse, sondern auch die Arbeitsumgebung.<\/p>\n\t\t\t\t\t\t\t\t<\/div>\n\t\t\t\t<\/div>\n\t\t\t\t<div class=\"elementor-element elementor-element-de7d9cb elementor-widget elementor-widget-heading\" data-id=\"de7d9cb\" data-element_type=\"widget\" data-widget_type=\"heading.default\">\n\t\t\t\t<div class=\"elementor-widget-container\">\n\t\t\t\t\t<h2 class=\"elementor-heading-title elementor-size-medium\">Bis zu 30% KSS-Einsparungen<\/h2>\t\t\t\t<\/div>\n\t\t\t\t<\/div>\n\t\t\t\t<div class=\"elementor-element elementor-element-388540d elementor-widget elementor-widget-text-editor\" data-id=\"388540d\" data-element_type=\"widget\" data-widget_type=\"text-editor.default\">\n\t\t\t\t<div class=\"elementor-widget-container\">\n\t\t\t\t\t\t\t\t\t<p>Die Implementierung des Liquidtool AutoPilot bei IBOR f\u00fchrt zu einer deutlichen Verbesserung der Prozessstabilit\u00e4t. Mit <span style=\"text-decoration: underline;\"><a href=\"https:\/\/www.ibor.ch\/maschinenpark\" target=\"_blank\" rel=\"noopener\">18 CNC-Fr\u00e4smaschinen<\/a><\/span> und einem Fokus auf hochwertige Produkte f\u00fcr den Maschinen-, Flugzeug- und Fahrzeugbau ist die Aufrechterhaltung einer konstanten KSS-Qualit\u00e4t entscheidend. Bislang werden <span style=\"text-decoration: underline;\"><a href=\"https:\/\/liquidtool.com\/de\/liquidpedia\/messwerte\/\">wichtige Parameter<\/a><\/span> wie Konzentration, pH-Wert und F\u00fcllstand nur sporadisch \u00fcberwacht, was zu Qualit\u00e4tsschwankungen f\u00fchrt. Der Liquidtool AutoPilot schafft hier Abhilfe.<\/p>\n\t\t\t\t\t\t\t\t<\/div>\n\t\t\t\t<\/div>\n\t\t\t\t<div class=\"elementor-element elementor-element-1115371 elementor-widget elementor-widget-heading\" data-id=\"1115371\" data-element_type=\"widget\" data-widget_type=\"heading.default\">\n\t\t\t\t<div class=\"elementor-widget-container\">\n\t\t\t\t\t<h2 class=\"elementor-heading-title elementor-size-medium\">Erkenntnisse und Anpassungen f\u00fcr optimale Ergebnisse<\/h2>\t\t\t\t<\/div>\n\t\t\t\t<\/div>\n\t\t\t\t<div class=\"elementor-element elementor-element-d7c32ed elementor-widget elementor-widget-text-editor\" data-id=\"d7c32ed\" data-element_type=\"widget\" data-widget_type=\"text-editor.default\">\n\t\t\t\t<div class=\"elementor-widget-container\">\n\t\t\t\t\t\t\t\t\t<p>Durch die Datenanalyse im <span style=\"text-decoration: underline;\"><a href=\"https:\/\/liquidtool.com\/de\/produkte\/manager\/\">Liquidtool Manager<\/a><\/span> entdeckte Thomas B\u00e4ttig, dass die Temperatur des K\u00fchlschmiermittels im Sommer bis zu 30\u00b0C erreichte \u2013 identisch mit der Temperatur in der Produktionshalle. Diese Einsicht f\u00fchrte zu Anpassungen in der Fertigung, um beim Messen der Bohrabst\u00e4nde auch bei 20\u00b0C in den Toleranzen zu sein. Die konstante \u00dcberwachung des F\u00fcllstands verhindert nun ein schnelles Erw\u00e4rmen des KSS, was zu einer verbesserten K\u00fchlleistung f\u00fchrt.<\/p>\n\t\t\t\t\t\t\t\t<\/div>\n\t\t\t\t<\/div>\n\t\t\t\t<div class=\"elementor-element elementor-element-e547900 elementor-widget elementor-widget-heading\" data-id=\"e547900\" data-element_type=\"widget\" data-widget_type=\"heading.default\">\n\t\t\t\t<div class=\"elementor-widget-container\">\n\t\t\t\t\t<h2 class=\"elementor-heading-title elementor-size-medium\">Positive Auswirkungen auf die Arbeitsumgebung<\/h2>\t\t\t\t<\/div>\n\t\t\t\t<\/div>\n\t\t\t\t<div class=\"elementor-element elementor-element-21dbcbe elementor-widget elementor-widget-text-editor\" data-id=\"21dbcbe\" data-element_type=\"widget\" data-widget_type=\"text-editor.default\">\n\t\t\t\t<div class=\"elementor-widget-container\">\n\t\t\t\t\t\t\t\t\t<p>Neben den Einsparungen und der verbesserten Prozesseffizienz berichtet Thomas B\u00e4ttig von einer sichtbaren Verbesserung der K\u00fchlschmiermittel-Qualit\u00e4t. Der KSS sieht ges\u00fcnder aus, riecht angenehmer und ist in einem besseren Zustand, was sich positiv auf die Arbeitsbedingungen auswirkt. Probleme wie Flecken auf Aluminiumteilen geh\u00f6ren dank des optimierten KSS-Managements der Vergangenheit an.<\/p>\n\t\t\t\t\t\t\t\t<\/div>\n\t\t\t\t<\/div>\n\t\t\t\t<div class=\"elementor-element elementor-element-6d6e784 elementor-widget elementor-widget-heading\" data-id=\"6d6e784\" data-element_type=\"widget\" data-widget_type=\"heading.default\">\n\t\t\t\t<div class=\"elementor-widget-container\">\n\t\t\t\t\t<h2 class=\"elementor-heading-title elementor-size-medium\">Zukunftspl\u00e4ne und kontinuierliche \u00dcberwachung<\/h2>\t\t\t\t<\/div>\n\t\t\t\t<\/div>\n\t\t\t\t<div class=\"elementor-element elementor-element-6eb4665 elementor-widget elementor-widget-text-editor\" data-id=\"6eb4665\" data-element_type=\"widget\" data-widget_type=\"text-editor.default\">\n\t\t\t\t<div class=\"elementor-widget-container\">\n\t\t\t\t\t\t\t\t\t<p>Trotz des Vertrauens in die Liquidtool-Technologie f\u00fchrt Thomas B\u00e4ttig regelm\u00e4ssige manuelle Kontrollen durch, um die automatisch erfassten Daten zu validieren. Diese stichprobenartigen \u00dcberpr\u00fcfungen best\u00e4tigen die Genauigkeit des Systems. IBOR plant, aufgrund der positiven Erfahrungen, die Ausstattung weiterer Maschinen mit dem Liquidtool AutoPilot.<\/p>\n\t\t\t\t\t\t\t\t<\/div>\n\t\t\t\t<\/div>\n\t\t\t\t<div class=\"elementor-element elementor-element-3ae024e elementor-widget elementor-widget-heading\" data-id=\"3ae024e\" data-element_type=\"widget\" data-widget_type=\"heading.default\">\n\t\t\t\t<div class=\"elementor-widget-container\">\n\t\t\t\t\t<h2 class=\"elementor-heading-title elementor-size-medium\">Fazit: Dank Digitalisierung ein Schritt in Richtung Zukunft<\/h2>\t\t\t\t<\/div>\n\t\t\t\t<\/div>\n\t\t\t\t<div class=\"elementor-element elementor-element-504e0df elementor-widget elementor-widget-text-editor\" data-id=\"504e0df\" data-element_type=\"widget\" data-widget_type=\"text-editor.default\">\n\t\t\t\t<div class=\"elementor-widget-container\">\n\t\t\t\t\t\t\t\t\t<p>Die Erfolgsgeschichte der IBOR AG mit dem Liquidtool AutoPilot zeigt, wie moderne Technologie die Effizienz steigern und gleichzeitig Kosten senken kann. Dieser Fall ist ein sch\u00f6nes Beispiel daf\u00fcr, wie innovative L\u00f6sungen die Produktionsprozesse in der Fertigungsindustrie positiv ver\u00e4ndern k\u00f6nnen \u2013 mag es auch nur ein kleiner Bestandteil wie der K\u00fchlschmierstoff sein.<\/p>\n\t\t\t\t\t\t\t\t<\/div>\n\t\t\t\t<\/div>\n\t\t\t\t\t<\/div>\n\t\t<\/div>\n\t\t\t\t\t<\/div>\n\t\t<\/section>\n\t\t\t\t<\/div>\n\t\t","protected":false},"excerpt":{"rendered":"<p>Praxisbericht IBOR AG Von kostspieligen Missgeschicken zu effizienter Produktion Ein \u00fcberlaufender K\u00fchlschmierstoff-Tank ist nicht nur ein \u00c4rgernis, sondern auch eine Verschwendung von Ressourcen und Geld. Bei der IBOR AG, einem renommierten Schweizer Lohnfertiger, ist dies ein wiederkehrendes Problem, das nicht nur Unordnung verursachte, sondern auch die Effizienz beeintr\u00e4chtigt. och nun hat sich das Blatt gewendet. [&hellip;]<\/p>\n","protected":false},"author":3,"featured_media":33072,"parent":33096,"menu_order":0,"comment_status":"closed","ping_status":"closed","template":"","meta":{"content-type":"","footnotes":""},"class_list":["post-33120","page","type-page","status-publish","has-post-thumbnail","hentry"],"_links":{"self":[{"href":"https:\/\/liquidtool.com\/de\/wp-json\/wp\/v2\/pages\/33120","targetHints":{"allow":["GET"]}}],"collection":[{"href":"https:\/\/liquidtool.com\/de\/wp-json\/wp\/v2\/pages"}],"about":[{"href":"https:\/\/liquidtool.com\/de\/wp-json\/wp\/v2\/types\/page"}],"author":[{"embeddable":true,"href":"https:\/\/liquidtool.com\/de\/wp-json\/wp\/v2\/users\/3"}],"replies":[{"embeddable":true,"href":"https:\/\/liquidtool.com\/de\/wp-json\/wp\/v2\/comments?post=33120"}],"version-history":[{"count":15,"href":"https:\/\/liquidtool.com\/de\/wp-json\/wp\/v2\/pages\/33120\/revisions"}],"predecessor-version":[{"id":35568,"href":"https:\/\/liquidtool.com\/de\/wp-json\/wp\/v2\/pages\/33120\/revisions\/35568"}],"up":[{"embeddable":true,"href":"https:\/\/liquidtool.com\/de\/wp-json\/wp\/v2\/pages\/33096"}],"wp:featuredmedia":[{"embeddable":true,"href":"https:\/\/liquidtool.com\/de\/wp-json\/wp\/v2\/media\/33072"}],"wp:attachment":[{"href":"https:\/\/liquidtool.com\/de\/wp-json\/wp\/v2\/media?parent=33120"}],"curies":[{"name":"wp","href":"https:\/\/api.w.org\/{rel}","templated":true}]}}