{"id":31010,"date":"2023-09-05T12:03:53","date_gmt":"2023-09-05T10:03:53","guid":{"rendered":"https:\/\/liquidtool.com\/?page_id=31010"},"modified":"2023-09-05T14:18:54","modified_gmt":"2023-09-05T12:18:54","slug":"benutzerhandbuch","status":"publish","type":"page","link":"https:\/\/liquidtool.com\/de\/produkte\/extender\/benutzerhandbuch\/","title":{"rendered":"Benutzerhandbuch"},"content":{"rendered":"\t\t<div data-elementor-type=\"wp-page\" data-elementor-id=\"31010\" class=\"elementor elementor-31010 elementor-31009\" data-elementor-post-type=\"page\">\n\t\t\t\t\t\t<section class=\"elementor-section elementor-top-section elementor-element elementor-element-b408943 lt-section elementor-section-boxed elementor-section-height-default elementor-section-height-default\" data-id=\"b408943\" data-element_type=\"section\">\n\t\t\t\t\t\t<div class=\"elementor-container elementor-column-gap-default\">\n\t\t\t\t\t<div class=\"elementor-column elementor-col-100 elementor-top-column elementor-element elementor-element-5b33b49\" data-id=\"5b33b49\" data-element_type=\"column\" data-settings=\"{&quot;background_background&quot;:&quot;classic&quot;}\">\n\t\t\t<div class=\"elementor-widget-wrap elementor-element-populated\">\n\t\t\t\t\t\t<div class=\"elementor-element elementor-element-8d0de5a lt-breadcrumb elementor-widget elementor-widget-shortcode\" data-id=\"8d0de5a\" data-element_type=\"widget\" data-widget_type=\"shortcode.default\">\n\t\t\t\t<div class=\"elementor-widget-container\">\n\t\t\t\t\t\t\t<div class=\"elementor-shortcode\"><nav aria-label=\"breadcrumbs\" class=\"rank-math-breadcrumb\"><p><span class=\"last\">Home<\/span><\/p><\/nav><\/div>\n\t\t\t\t\t\t<\/div>\n\t\t\t\t<\/div>\n\t\t\t\t<div class=\"elementor-element elementor-element-089e021 elementor-widget elementor-widget-heading\" data-id=\"089e021\" data-element_type=\"widget\" data-widget_type=\"heading.default\">\n\t\t\t\t<div class=\"elementor-widget-container\">\n\t\t\t\t\t<h1 class=\"elementor-heading-title elementor-size-xl\">Der Liquidtool Extender - Benutzerhandbuch<\/h1>\t\t\t\t<\/div>\n\t\t\t\t<\/div>\n\t\t\t\t<div class=\"elementor-element elementor-element-b28968b elementor-widget elementor-widget-text-editor\" data-id=\"b28968b\" data-element_type=\"widget\" data-widget_type=\"text-editor.default\">\n\t\t\t\t<div class=\"elementor-widget-container\">\n\t\t\t\t\t\t\t\t\t<p>Der Liquidtool Extender misst regelm\u00e4\u00dfig und automatisch den F\u00fcllstand des K\u00fchlschmierstoffs im Tank. Der Extender wird mit dem Liquidtool Sensor 01 kombiniert. Neben seiner Messfunktion ist der Extender mit dem Liquidtool SmartFiller verbunden und somit f\u00fcr das korrekte Nachfahren des K\u00fchlschmierstoff-Tanks verantwortlich. Weitere Einzelheiten finden Sie im Handbuch.<\/p>\n\t\t\t\t\t\t\t\t<\/div>\n\t\t\t\t<\/div>\n\t\t\t\t<div class=\"elementor-element elementor-element-839b0a2 elementor-widget elementor-widget-heading\" data-id=\"839b0a2\" data-element_type=\"widget\" data-widget_type=\"heading.default\">\n\t\t\t\t<div class=\"elementor-widget-container\">\n\t\t\t\t\t<h2 class=\"elementor-heading-title elementor-size-medium\">Dokumente<\/h2>\t\t\t\t<\/div>\n\t\t\t\t<\/div>\n\t\t\t\t<div class=\"elementor-element elementor-element-e82a53d elementor-position-inline-start lt_download elementor-mobile-position-inline-start elementor-view-default elementor-widget elementor-widget-icon-box\" data-id=\"e82a53d\" data-element_type=\"widget\" data-widget_type=\"icon-box.default\">\n\t\t\t\t<div class=\"elementor-widget-container\">\n\t\t\t\t\t\t\t<div class=\"elementor-icon-box-wrapper\">\n\n\t\t\t\t\t\t<div class=\"elementor-icon-box-icon\">\n\t\t\t\t<a href=\"https:\/\/liquidtool.com\/wp-content\/uploads\/2023\/09\/DE_Betriebsanleitung-Extender-2023-08-03.pdf\" target=\"_blank\" class=\"elementor-icon\" tabindex=\"-1\" aria-label=\"Extender \u2014 Benutzerhandbuch\">\n\t\t\t\t<i aria-hidden=\"true\" class=\"fal fa-file-pdf\"><\/i>\t\t\t\t<\/a>\n\t\t\t<\/div>\n\t\t\t\n\t\t\t\t\t\t<div class=\"elementor-icon-box-content\">\n\n\t\t\t\t\t\t\t\t\t<div class=\"elementor-icon-box-title\">\n\t\t\t\t\t\t<a href=\"https:\/\/liquidtool.com\/wp-content\/uploads\/2023\/09\/DE_Betriebsanleitung-Extender-2023-08-03.pdf\" target=\"_blank\" >\n\t\t\t\t\t\t\tExtender \u2014 Benutzerhandbuch\t\t\t\t\t\t<\/a>\n\t\t\t\t\t<\/div>\n\t\t\t\t\n\t\t\t\t\t\t\t\t\t<p class=\"elementor-icon-box-description\">\n\t\t\t\t\t\tPDF | 1.4 MBB | Deutsch\t\t\t\t\t<\/p>\n\t\t\t\t\n\t\t\t<\/div>\n\t\t\t\n\t\t<\/div>\n\t\t\t\t\t\t<\/div>\n\t\t\t\t<\/div>\n\t\t\t\t<div class=\"elementor-element elementor-element-5fd3cc5 elementor-position-inline-start lt_download elementor-mobile-position-inline-start elementor-view-default elementor-widget elementor-widget-icon-box\" data-id=\"5fd3cc5\" data-element_type=\"widget\" data-widget_type=\"icon-box.default\">\n\t\t\t\t<div class=\"elementor-widget-container\">\n\t\t\t\t\t\t\t<div class=\"elementor-icon-box-wrapper\">\n\n\t\t\t\t\t\t<div class=\"elementor-icon-box-icon\">\n\t\t\t\t<a href=\"https:\/\/liquidtool.com\/wp-content\/uploads\/2023\/09\/EN_Device-Manual-Extender-2023-08-03.pdf\" class=\"elementor-icon\" tabindex=\"-1\" aria-label=\"Extender \u2014 Manual\">\n\t\t\t\t<i aria-hidden=\"true\" class=\"fal fa-file-pdf\"><\/i>\t\t\t\t<\/a>\n\t\t\t<\/div>\n\t\t\t\n\t\t\t\t\t\t<div class=\"elementor-icon-box-content\">\n\n\t\t\t\t\t\t\t\t\t<div class=\"elementor-icon-box-title\">\n\t\t\t\t\t\t<a href=\"https:\/\/liquidtool.com\/wp-content\/uploads\/2023\/09\/EN_Device-Manual-Extender-2023-08-03.pdf\" >\n\t\t\t\t\t\t\tExtender \u2014 Manual\t\t\t\t\t\t<\/a>\n\t\t\t\t\t<\/div>\n\t\t\t\t\n\t\t\t\t\t\t\t\t\t<p class=\"elementor-icon-box-description\">\n\t\t\t\t\t\tPDF | 1.4 MB | English\t\t\t\t\t<\/p>\n\t\t\t\t\n\t\t\t<\/div>\n\t\t\t\n\t\t<\/div>\n\t\t\t\t\t\t<\/div>\n\t\t\t\t<\/div>\n\t\t\t\t<div class=\"elementor-element elementor-element-f675f57 elementor-position-inline-start lt_download elementor-mobile-position-inline-start elementor-view-default elementor-widget elementor-widget-icon-box\" data-id=\"f675f57\" data-element_type=\"widget\" data-widget_type=\"icon-box.default\">\n\t\t\t\t<div class=\"elementor-widget-container\">\n\t\t\t\t\t\t\t<div class=\"elementor-icon-box-wrapper\">\n\n\t\t\t\t\t\t<div class=\"elementor-icon-box-icon\">\n\t\t\t\t<a href=\"https:\/\/liquidtool.com\/wp-content\/uploads\/2023\/09\/FR_Mode-demploi-Extender-2023-08-03.pdf\" class=\"elementor-icon\" tabindex=\"-1\" aria-label=\"Extender \u2014 Manuel d&#039;utilisation\">\n\t\t\t\t<i aria-hidden=\"true\" class=\"fal fa-file-pdf\"><\/i>\t\t\t\t<\/a>\n\t\t\t<\/div>\n\t\t\t\n\t\t\t\t\t\t<div class=\"elementor-icon-box-content\">\n\n\t\t\t\t\t\t\t\t\t<div class=\"elementor-icon-box-title\">\n\t\t\t\t\t\t<a href=\"https:\/\/liquidtool.com\/wp-content\/uploads\/2023\/09\/FR_Mode-demploi-Extender-2023-08-03.pdf\" >\n\t\t\t\t\t\t\tExtender \u2014 Manuel d'utilisation\t\t\t\t\t\t<\/a>\n\t\t\t\t\t<\/div>\n\t\t\t\t\n\t\t\t\t\t\t\t\t\t<p class=\"elementor-icon-box-description\">\n\t\t\t\t\t\tPDF | 1.4 MB | Fran\u00e7ais\t\t\t\t\t<\/p>\n\t\t\t\t\n\t\t\t<\/div>\n\t\t\t\n\t\t<\/div>\n\t\t\t\t\t\t<\/div>\n\t\t\t\t<\/div>\n\t\t\t\t<div class=\"elementor-element elementor-element-8c5ef05 elementor-position-inline-start lt_download elementor-mobile-position-inline-start elementor-view-default elementor-widget elementor-widget-icon-box\" data-id=\"8c5ef05\" data-element_type=\"widget\" data-widget_type=\"icon-box.default\">\n\t\t\t\t<div class=\"elementor-widget-container\">\n\t\t\t\t\t\t\t<div class=\"elementor-icon-box-wrapper\">\n\n\t\t\t\t\t\t<div class=\"elementor-icon-box-icon\">\n\t\t\t\t<a href=\"https:\/\/liquidtool.com\/wp-content\/uploads\/2023\/09\/ES_Instrucciones-de-uso-Extender-2023-08-03.pdf\" class=\"elementor-icon\" tabindex=\"-1\" aria-label=\"Extender \u2014 Instrucciones de uso\">\n\t\t\t\t<i aria-hidden=\"true\" class=\"fal fa-file-pdf\"><\/i>\t\t\t\t<\/a>\n\t\t\t<\/div>\n\t\t\t\n\t\t\t\t\t\t<div class=\"elementor-icon-box-content\">\n\n\t\t\t\t\t\t\t\t\t<div class=\"elementor-icon-box-title\">\n\t\t\t\t\t\t<a href=\"https:\/\/liquidtool.com\/wp-content\/uploads\/2023\/09\/ES_Instrucciones-de-uso-Extender-2023-08-03.pdf\" >\n\t\t\t\t\t\t\tExtender \u2014 Instrucciones de uso\t\t\t\t\t\t<\/a>\n\t\t\t\t\t<\/div>\n\t\t\t\t\n\t\t\t\t\t\t\t\t\t<p class=\"elementor-icon-box-description\">\n\t\t\t\t\t\tPDF | 1.4 MB | Espa\u00f1ol\t\t\t\t\t<\/p>\n\t\t\t\t\n\t\t\t<\/div>\n\t\t\t\n\t\t<\/div>\n\t\t\t\t\t\t<\/div>\n\t\t\t\t<\/div>\n\t\t\t\t<div class=\"elementor-element elementor-element-eec154a elementor-position-inline-start lt_download elementor-mobile-position-inline-start elementor-view-default elementor-widget elementor-widget-icon-box\" data-id=\"eec154a\" data-element_type=\"widget\" data-widget_type=\"icon-box.default\">\n\t\t\t\t<div class=\"elementor-widget-container\">\n\t\t\t\t\t\t\t<div class=\"elementor-icon-box-wrapper\">\n\n\t\t\t\t\t\t<div class=\"elementor-icon-box-icon\">\n\t\t\t\t<a href=\"https:\/\/liquidtool.com\/wp-content\/uploads\/2023\/09\/IT_Istruzioni-operative-Extender-2023-08-03.pdf\" class=\"elementor-icon\" tabindex=\"-1\" aria-label=\"Extender \u2014 Istruzioni operative\">\n\t\t\t\t<i aria-hidden=\"true\" class=\"fal fa-file-pdf\"><\/i>\t\t\t\t<\/a>\n\t\t\t<\/div>\n\t\t\t\n\t\t\t\t\t\t<div class=\"elementor-icon-box-content\">\n\n\t\t\t\t\t\t\t\t\t<div class=\"elementor-icon-box-title\">\n\t\t\t\t\t\t<a href=\"https:\/\/liquidtool.com\/wp-content\/uploads\/2023\/09\/IT_Istruzioni-operative-Extender-2023-08-03.pdf\" >\n\t\t\t\t\t\t\tExtender \u2014 Istruzioni operative\t\t\t\t\t\t<\/a>\n\t\t\t\t\t<\/div>\n\t\t\t\t\n\t\t\t\t\t\t\t\t\t<p class=\"elementor-icon-box-description\">\n\t\t\t\t\t\tPDF | 1.4 MB | Italiano\t\t\t\t\t<\/p>\n\t\t\t\t\n\t\t\t<\/div>\n\t\t\t\n\t\t<\/div>\n\t\t\t\t\t\t<\/div>\n\t\t\t\t<\/div>\n\t\t\t\t\t<\/div>\n\t\t<\/div>\n\t\t\t\t\t<\/div>\n\t\t<\/section>\n\t\t\t\t<\/div>\n\t\t","protected":false},"excerpt":{"rendered":"<p>Der Liquidtool Extender &#8211; Benutzerhandbuch Der Liquidtool Extender misst regelm\u00e4\u00dfig und automatisch den F\u00fcllstand des K\u00fchlschmierstoffs im Tank. Der Extender wird mit dem Liquidtool Sensor 01 kombiniert. Neben seiner Messfunktion ist der Extender mit dem Liquidtool SmartFiller verbunden und somit f\u00fcr das korrekte Nachfahren des K\u00fchlschmierstoff-Tanks verantwortlich. Weitere Einzelheiten finden Sie im Handbuch. Dokumente Extender [&hellip;]<\/p>\n","protected":false},"author":3,"featured_media":0,"parent":30998,"menu_order":2,"comment_status":"closed","ping_status":"open","template":"","meta":{"content-type":"","footnotes":""},"class_list":["post-31010","page","type-page","status-publish","hentry"],"_links":{"self":[{"href":"https:\/\/liquidtool.com\/de\/wp-json\/wp\/v2\/pages\/31010","targetHints":{"allow":["GET"]}}],"collection":[{"href":"https:\/\/liquidtool.com\/de\/wp-json\/wp\/v2\/pages"}],"about":[{"href":"https:\/\/liquidtool.com\/de\/wp-json\/wp\/v2\/types\/page"}],"author":[{"embeddable":true,"href":"https:\/\/liquidtool.com\/de\/wp-json\/wp\/v2\/users\/3"}],"replies":[{"embeddable":true,"href":"https:\/\/liquidtool.com\/de\/wp-json\/wp\/v2\/comments?post=31010"}],"version-history":[{"count":7,"href":"https:\/\/liquidtool.com\/de\/wp-json\/wp\/v2\/pages\/31010\/revisions"}],"predecessor-version":[{"id":31183,"href":"https:\/\/liquidtool.com\/de\/wp-json\/wp\/v2\/pages\/31010\/revisions\/31183"}],"up":[{"embeddable":true,"href":"https:\/\/liquidtool.com\/de\/wp-json\/wp\/v2\/pages\/30998"}],"wp:attachment":[{"href":"https:\/\/liquidtool.com\/de\/wp-json\/wp\/v2\/media?parent=31010"}],"curies":[{"name":"wp","href":"https:\/\/api.w.org\/{rel}","templated":true}]}}