{"id":15530,"date":"2023-01-10T17:48:56","date_gmt":"2023-01-10T16:48:56","guid":{"rendered":"http:\/\/liquidtool.com\/liquidpedia\/kuehlschmierstoffe-pruefen-und-ueberwachen\/"},"modified":"2024-01-18T17:50:15","modified_gmt":"2024-01-18T16:50:15","slug":"kuehlschmierstoffe-pruefen-und-ueberwachen","status":"publish","type":"page","link":"https:\/\/liquidtool.com\/de\/liquidpedia\/kuehlschmierstoffe-pruefen-und-ueberwachen\/","title":{"rendered":"K\u00fchlschmierstoff pr\u00fcfen und \u00fcberwachen"},"content":{"rendered":"\t\t<div data-elementor-type=\"wp-page\" data-elementor-id=\"15530\" class=\"elementor elementor-15530 elementor-15482\" data-elementor-post-type=\"page\">\n\t\t\t\t\t\t<section class=\"elementor-section elementor-top-section elementor-element elementor-element-105cdee lt-section elementor-section-boxed elementor-section-height-default elementor-section-height-default\" data-id=\"105cdee\" data-element_type=\"section\" id=\"team\">\n\t\t\t\t\t\t<div class=\"elementor-container elementor-column-gap-default\">\n\t\t\t\t\t<div class=\"elementor-column elementor-col-100 elementor-top-column elementor-element elementor-element-7e436d8c bg-news\" data-id=\"7e436d8c\" data-element_type=\"column\" data-settings=\"{&quot;background_background&quot;:&quot;classic&quot;}\">\n\t\t\t<div class=\"elementor-widget-wrap elementor-element-populated\">\n\t\t\t\t\t\t<div class=\"elementor-element elementor-element-689e54f9 lt-breadcrumb elementor-widget elementor-widget-shortcode\" data-id=\"689e54f9\" data-element_type=\"widget\" data-widget_type=\"shortcode.default\">\n\t\t\t\t<div class=\"elementor-widget-container\">\n\t\t\t\t\t\t\t<div class=\"elementor-shortcode\"><nav aria-label=\"breadcrumbs\" class=\"rank-math-breadcrumb\"><p><span class=\"last\">Home<\/span><\/p><\/nav><\/div>\n\t\t\t\t\t\t<\/div>\n\t\t\t\t<\/div>\n\t\t\t\t<div class=\"elementor-element elementor-element-1a32367f elementor-widget elementor-widget-heading\" data-id=\"1a32367f\" data-element_type=\"widget\" data-widget_type=\"heading.default\">\n\t\t\t\t<div class=\"elementor-widget-container\">\n\t\t\t\t\t<h1 class=\"elementor-heading-title elementor-size-xl\">K\u00fchlschmierstoff pr\u00fcfen und \u00fcberwachen<\/h1>\t\t\t\t<\/div>\n\t\t\t\t<\/div>\n\t\t\t\t<div class=\"elementor-element elementor-element-972d20d elementor-widget elementor-widget-text-editor\" data-id=\"972d20d\" data-element_type=\"widget\" data-widget_type=\"text-editor.default\">\n\t\t\t\t<div class=\"elementor-widget-container\">\n\t\t\t\t\t\t\t\t\t<p>K\u00fchlschmierstoffe (KSS) geh\u00f6ren in der zerspanenden Fertigung zu einem wichtigen Hilfsmittel. Insbesondere wassergemischte K\u00fchlschmiermittel m\u00fcssen einer regelm\u00e4ssigen Pr\u00fcfung unterzogen werden, damit stabile Prozesse und konstante Ergebnisse gew\u00e4hrleistet sind.<\/p>\n\t\t\t\t\t\t\t\t<\/div>\n\t\t\t\t<\/div>\n\t\t\t\t<div class=\"elementor-element elementor-element-6c86a7c0 has-scroll-effect elementor-widget elementor-widget-image\" data-id=\"6c86a7c0\" data-element_type=\"widget\" data-settings=\"{&quot;motion_fx_motion_fx_scrolling&quot;:&quot;yes&quot;,&quot;motion_fx_translateY_effect&quot;:&quot;yes&quot;,&quot;motion_fx_translateY_speed&quot;:{&quot;unit&quot;:&quot;px&quot;,&quot;size&quot;:1,&quot;sizes&quot;:[]},&quot;motion_fx_translateY_affectedRange&quot;:{&quot;unit&quot;:&quot;%&quot;,&quot;size&quot;:&quot;&quot;,&quot;sizes&quot;:{&quot;start&quot;:0,&quot;end&quot;:100}},&quot;motion_fx_devices&quot;:[&quot;desktop&quot;,&quot;tablet&quot;,&quot;mobile&quot;]}\" data-widget_type=\"image.default\">\n\t\t\t\t<div class=\"elementor-widget-container\">\n\t\t\t\t\t\t\t\t\t\t\t\t\t\t\t<img fetchpriority=\"high\" decoding=\"async\" width=\"800\" height=\"533\" src=\"https:\/\/liquidtool.com\/wp-content\/uploads\/2020\/10\/Operator_App_Machine-1024x682.jpg\" class=\"attachment-large size-large wp-image-1271\" alt=\"Maschinist pr\u00fcft K\u00fchlschmierstoff-Konzentration per Smartphone mit liquidtool smartes K\u00fchlschmierstoff Management\" srcset=\"https:\/\/liquidtool.com\/wp-content\/uploads\/2020\/10\/Operator_App_Machine-1024x682.jpg 1024w, https:\/\/liquidtool.com\/wp-content\/uploads\/2020\/10\/Operator_App_Machine-300x200.jpg 300w, https:\/\/liquidtool.com\/wp-content\/uploads\/2020\/10\/Operator_App_Machine-768x512.jpg 768w, https:\/\/liquidtool.com\/wp-content\/uploads\/2020\/10\/Operator_App_Machine-1536x1023.jpg 1536w, https:\/\/liquidtool.com\/wp-content\/uploads\/2020\/10\/Operator_App_Machine.jpg 1600w\" sizes=\"(max-width: 800px) 100vw, 800px\" title=\"\">\t\t\t\t\t\t\t\t\t\t\t\t\t\t\t<\/div>\n\t\t\t\t<\/div>\n\t\t\t\t<div class=\"elementor-element elementor-element-560fed97 elementor-widget elementor-widget-heading\" data-id=\"560fed97\" data-element_type=\"widget\" data-widget_type=\"heading.default\">\n\t\t\t\t<div class=\"elementor-widget-container\">\n\t\t\t\t\t<h2 class=\"elementor-heading-title elementor-size-medium\">Arten von K\u00fchlschmierstoffen<\/h2>\t\t\t\t<\/div>\n\t\t\t\t<\/div>\n\t\t\t\t<div class=\"elementor-element elementor-element-dd347b3 elementor-widget elementor-widget-text-editor\" data-id=\"dd347b3\" data-element_type=\"widget\" data-widget_type=\"text-editor.default\">\n\t\t\t\t<div class=\"elementor-widget-container\">\n\t\t\t\t\t\t\t\t\t<p>K\u00fchlschmierstoffe \u2013 auch K\u00fchlschmiermittel, KSS oder Bohrmilch genannt \u2013 k\u00f6nnen in wassermischbare und nicht wassermischbare K\u00fchlschmierstoffe unterschieden werden. Nicht-wassermischbare KSS sind Metallbearbeitungs\u00f6le, die entweder als Schneide\u00f6le oder Schleif\u00f6le zum Einsatz kommen.<\/p>\n<p>Wassermischbare KSS sind entweder Emulsionen oder L\u00f6sungen. Emulsionen haben einen nat\u00fcrlichen \u00d6l-Anteil w\u00e4hrend dem L\u00f6sungen Glykol-basiert sind und somit synthetisch hergestellt werden.<\/p>\n\t\t\t\t\t\t\t\t<\/div>\n\t\t\t\t<\/div>\n\t\t\t\t<div class=\"elementor-element elementor-element-545ccf0 elementor-widget elementor-widget-image\" data-id=\"545ccf0\" data-element_type=\"widget\" data-widget_type=\"image.default\">\n\t\t\t\t<div class=\"elementor-widget-container\">\n\t\t\t\t\t\t\t\t\t\t\t\t<figure class=\"wp-caption\">\n\t\t\t\t\t\t\t\t\t\t<img decoding=\"async\" width=\"768\" height=\"327\" src=\"https:\/\/liquidtool.com\/wp-content\/uploads\/2023\/01\/Klassifizierung-768x327.png\" class=\"attachment-medium_large size-medium_large wp-image-15513\" alt=\"\" srcset=\"https:\/\/liquidtool.com\/wp-content\/uploads\/2023\/01\/Klassifizierung-768x327.png 768w, https:\/\/liquidtool.com\/wp-content\/uploads\/2023\/01\/Klassifizierung-300x128.png 300w, https:\/\/liquidtool.com\/wp-content\/uploads\/2023\/01\/Klassifizierung-1024x436.png 1024w, https:\/\/liquidtool.com\/wp-content\/uploads\/2023\/01\/Klassifizierung.png 1275w\" sizes=\"(max-width: 768px) 100vw, 768px\" title=\"\">\t\t\t\t\t\t\t\t\t\t\t<figcaption class=\"widget-image-caption wp-caption-text\">Arten von K\u00fchlschmiermitteln<\/figcaption>\n\t\t\t\t\t\t\t\t\t\t<\/figure>\n\t\t\t\t\t\t\t\t\t<\/div>\n\t\t\t\t<\/div>\n\t\t\t\t<div class=\"elementor-element elementor-element-ba9c210 elementor-widget elementor-widget-heading\" data-id=\"ba9c210\" data-element_type=\"widget\" data-widget_type=\"heading.default\">\n\t\t\t\t<div class=\"elementor-widget-container\">\n\t\t\t\t\t<h2 class=\"elementor-heading-title elementor-size-medium\">Aufgaben eines K\u00fchlschmiermittels<\/h2>\t\t\t\t<\/div>\n\t\t\t\t<\/div>\n\t\t\t\t<div class=\"elementor-element elementor-element-0bab8e3 elementor-widget elementor-widget-text-editor\" data-id=\"0bab8e3\" data-element_type=\"widget\" data-widget_type=\"text-editor.default\">\n\t\t\t\t<div class=\"elementor-widget-container\">\n\t\t\t\t\t\t\t\t\t<p>Ein K\u00fchlschmiermittel hat drei Hauptaufgaben<\/p>\n<ul>\n<li>Durch Schmierung wird Reibung zwischen Werkzeug und Werkst\u00fcck verringert<\/li>\n<li>Durch K\u00fchlung wird W\u00e4rme abtransportiert<\/li>\n<li>Durch Sp\u00fclung werden Sp\u00e4ne vom Arbeitstisch oder aus L\u00f6chern entfernt<\/li>\n<\/ul>\n<p>Damit die K\u00fchlschmierstoffe ihre Aufgaben optimal ausf\u00fchren k\u00f6nnen, ist es wichtig, dass Sie regelm\u00e4ssig die K\u00fchlschmiermittel pr\u00fcfen. abei wird insbesondere die KSS Konzentration gemessen. Aber auch pH-Wert, H\u00e4rte, Nitrit und Leitf\u00e4higkeit sind <span style=\"text-decoration: underline;\"><a href=\"https:\/\/liquidtool.com\/de\/liquidpedia\/messwerte\/\">wichtige Messwerte<\/a><\/span>.<\/p>\n\t\t\t\t\t\t\t\t<\/div>\n\t\t\t\t<\/div>\n\t\t\t\t<div class=\"elementor-element elementor-element-9e6258a elementor-widget elementor-widget-heading\" data-id=\"9e6258a\" data-element_type=\"widget\" data-widget_type=\"heading.default\">\n\t\t\t\t<div class=\"elementor-widget-container\">\n\t\t\t\t\t<h3 class=\"elementor-heading-title elementor-size-small\">Zusatz-Aufgaben von K\u00fchlschmierstoffen<\/h3>\t\t\t\t<\/div>\n\t\t\t\t<\/div>\n\t\t\t\t<div class=\"elementor-element elementor-element-ed3dd6e elementor-widget elementor-widget-text-editor\" data-id=\"ed3dd6e\" data-element_type=\"widget\" data-widget_type=\"text-editor.default\">\n\t\t\t\t<div class=\"elementor-widget-container\">\n\t\t\t\t\t\t\t\t\t<p>Neben den drei Hauptaufgaben leisten K\u00fchlmittel eine ganze Reihe von Zusatzaufgaben:<\/p>\n<ul>\n<li>Korrosionsschutz<\/li>\n<li>Wenig Schaumbildung<\/li>\n<li>Maschinen- und Humanvertr\u00e4glichkeit<\/li>\n<li>Langzeitstabilit\u00e4t<\/li>\n<li>Schutz und Vertr\u00e4glichkeit im Bereich Umwelt, Gesundheit und Sicherheit<\/li>\n<\/ul>\n\t\t\t\t\t\t\t\t<\/div>\n\t\t\t\t<\/div>\n\t\t\t\t<div class=\"elementor-element elementor-element-1da0c4f elementor-widget elementor-widget-heading\" data-id=\"1da0c4f\" data-element_type=\"widget\" data-widget_type=\"heading.default\">\n\t\t\t\t<div class=\"elementor-widget-container\">\n\t\t\t\t\t<h2 class=\"elementor-heading-title elementor-size-medium\">Wie h\u00e4ufig muss man K\u00fchlschmierstoff \u00fcberwachen?<\/h2>\t\t\t\t<\/div>\n\t\t\t\t<\/div>\n\t\t\t\t<section class=\"elementor-section elementor-inner-section elementor-element elementor-element-eb2b79a elementor-section-full_width elementor-section-height-default elementor-section-height-default\" data-id=\"eb2b79a\" data-element_type=\"section\">\n\t\t\t\t\t\t<div class=\"elementor-container elementor-column-gap-default\">\n\t\t\t\t\t<div class=\"elementor-column elementor-col-50 elementor-inner-column elementor-element elementor-element-b0618fb\" data-id=\"b0618fb\" data-element_type=\"column\">\n\t\t\t<div class=\"elementor-widget-wrap elementor-element-populated\">\n\t\t\t\t\t\t<div class=\"elementor-element elementor-element-abe8e64 elementor-widget elementor-widget-text-editor\" data-id=\"abe8e64\" data-element_type=\"widget\" data-widget_type=\"text-editor.default\">\n\t\t\t\t<div class=\"elementor-widget-container\">\n\t\t\t\t\t\t\t\t\t<p>Wassermischbare K\u00fchlschmierstoffe bestehen aus einem Anteil Wasser und einem Anteil Konzentrat. Abh\u00e4ngig von der Bearbeitung liegt die optimale KSS Konzentration meist zwischen 3% und 10%. F\u00fcr jede Bearbeitung, jedes Material und jedes K\u00fchlschmiermittel gibt es eine optimale Konzentration.<\/p>\n<p>Je h\u00e4ufiger Sie die KSS Konzentration messen und korrigieren, desto konstanter bleibt die Konzentration und Sie profitieren von stabilen Prozessen und optimaler Leistung des KSS. Bei vielen unserer Kunden sehen wir, dass die K\u00fchlschmierstoff Konzentration w\u00f6chentlich oder seltener gemessen wird. Wir empfehlen eine manuelle Messung vor jeder Schicht. Bei Bearbeitungen mit hohem Austrag sogar noch h\u00e4ufiger.<\/p>\n\t\t\t\t\t\t\t\t<\/div>\n\t\t\t\t<\/div>\n\t\t\t\t\t<\/div>\n\t\t<\/div>\n\t\t\t\t<div class=\"elementor-column elementor-col-50 elementor-inner-column elementor-element elementor-element-1a48f65\" data-id=\"1a48f65\" data-element_type=\"column\">\n\t\t\t<div class=\"elementor-widget-wrap elementor-element-populated\">\n\t\t\t\t\t\t<div class=\"elementor-element elementor-element-2806f9b elementor-widget elementor-widget-image\" data-id=\"2806f9b\" data-element_type=\"widget\" data-widget_type=\"image.default\">\n\t\t\t\t<div class=\"elementor-widget-container\">\n\t\t\t\t\t\t\t\t\t\t\t\t<figure class=\"wp-caption\">\n\t\t\t\t\t\t\t\t\t\t<img decoding=\"async\" width=\"768\" height=\"768\" src=\"https:\/\/liquidtool.com\/wp-content\/uploads\/2023\/01\/IMG_0908_3-768x768.jpg\" class=\"attachment-medium_large size-medium_large wp-image-15501\" alt=\"\" srcset=\"https:\/\/liquidtool.com\/wp-content\/uploads\/2023\/01\/IMG_0908_3-768x768.jpg 768w, https:\/\/liquidtool.com\/wp-content\/uploads\/2023\/01\/IMG_0908_3-300x300.jpg 300w, https:\/\/liquidtool.com\/wp-content\/uploads\/2023\/01\/IMG_0908_3-1024x1024.jpg 1024w, https:\/\/liquidtool.com\/wp-content\/uploads\/2023\/01\/IMG_0908_3-150x150.jpg 150w, https:\/\/liquidtool.com\/wp-content\/uploads\/2023\/01\/IMG_0908_3-1536x1536.jpg 1536w, https:\/\/liquidtool.com\/wp-content\/uploads\/2023\/01\/IMG_0908_3.jpg 1567w\" sizes=\"(max-width: 768px) 100vw, 768px\" title=\"\">\t\t\t\t\t\t\t\t\t\t\t<figcaption class=\"widget-image-caption wp-caption-text\">Manuelle Messung der Konzentration mit einem Handrefraktometer<\/figcaption>\n\t\t\t\t\t\t\t\t\t\t<\/figure>\n\t\t\t\t\t\t\t\t\t<\/div>\n\t\t\t\t<\/div>\n\t\t\t\t\t<\/div>\n\t\t<\/div>\n\t\t\t\t\t<\/div>\n\t\t<\/section>\n\t\t\t\t<div class=\"elementor-element elementor-element-88175db elementor-widget elementor-widget-text-editor\" data-id=\"88175db\" data-element_type=\"widget\" data-widget_type=\"text-editor.default\">\n\t\t\t\t<div class=\"elementor-widget-container\">\n\t\t\t\t\t\t\t\t\t<p>Eine h\u00e4ufige manuelle Messung ist aufw\u00e4ndig und ben\u00f6tigt Zeit. Mit einem automatischen KSS Management \u2013 wie z.B. dem <span style=\"text-decoration: underline;\"><a href=\"https:\/\/liquidtool.com\/de\/produkte\/instructor\/\">Liquidtool Instructor<\/a><\/span> \u2013 kann ein wassergemischter K\u00fchlschmierstoff einer automatischen regelm\u00e4ssigen Pr\u00fcfung unterzogen werden w\u00e4hrenddem Sie sich auf das Wesentliche konzentrieren k\u00f6nnen. Diese automatische KSS Kontrolle kann sogar st\u00fcndlich erfolgen, ohne dass Sie etwas davon merken.<\/p>\n\t\t\t\t\t\t\t\t<\/div>\n\t\t\t\t<\/div>\n\t\t\t\t<div class=\"elementor-element elementor-element-0fef01a elementor-widget elementor-widget-heading\" data-id=\"0fef01a\" data-element_type=\"widget\" data-widget_type=\"heading.default\">\n\t\t\t\t<div class=\"elementor-widget-container\">\n\t\t\t\t\t<h2 class=\"elementor-heading-title elementor-size-medium\">Weshalb muss man KSS \u00fcberwachen?<\/h2>\t\t\t\t<\/div>\n\t\t\t\t<\/div>\n\t\t\t\t<div class=\"elementor-element elementor-element-9878093 elementor-widget elementor-widget-text-editor\" data-id=\"9878093\" data-element_type=\"widget\" data-widget_type=\"text-editor.default\">\n\t\t\t\t<div class=\"elementor-widget-container\">\n\t\t\t\t\t\t\t\t\t<p>Es gibt mehrere Gr\u00fcnde, weshalb Sie K\u00fchlschmiermittel \u00fcberwachen sollen. Durch Austrag und Verdunstung nimmt der Wasseranteil in der Emulsion laufend ab. Somit steigt die K\u00fchlschmiermittel Konzentration laufend an. Durch regelm\u00e4ssige Pr\u00fcfung kann der KSS-Tank zum richtigen Zeitpunkt nachgefahren werden und die Konzentration ist wieder optimal.<\/p>\n<p>Ein instabiler K\u00fchlschmierstoff birgt zahlreiche Gefahren und Risiken, die bei einer \u00dcber- oder Unterkonzentration drohen: Zum Beispiel unn\u00f6tiger Verbrauch, Hautreizungen, Schaum, Geruch, Werkzeugverschleiss oder Korrosion.<\/p>\n\t\t\t\t\t\t\t\t<\/div>\n\t\t\t\t<\/div>\n\t\t\t\t<div class=\"elementor-element elementor-element-5e9820d elementor-widget elementor-widget-image\" data-id=\"5e9820d\" data-element_type=\"widget\" data-widget_type=\"image.default\">\n\t\t\t\t<div class=\"elementor-widget-container\">\n\t\t\t\t\t\t\t\t\t\t\t\t<figure class=\"wp-caption\">\n\t\t\t\t\t\t\t\t\t\t<img loading=\"lazy\" decoding=\"async\" width=\"1536\" height=\"592\" src=\"https:\/\/liquidtool.com\/wp-content\/uploads\/2023\/01\/Coolant-concentration-curve_problems_2-1536x592.jpg\" class=\"attachment-1536x1536 size-1536x1536 wp-image-15545\" alt=\"M\u00f6gliche Probleme mit instabilem K\u00fchlschmiermittel\" srcset=\"https:\/\/liquidtool.com\/wp-content\/uploads\/2023\/01\/Coolant-concentration-curve_problems_2-1536x592.jpg 1536w, https:\/\/liquidtool.com\/wp-content\/uploads\/2023\/01\/Coolant-concentration-curve_problems_2-300x116.jpg 300w, https:\/\/liquidtool.com\/wp-content\/uploads\/2023\/01\/Coolant-concentration-curve_problems_2-1024x394.jpg 1024w, https:\/\/liquidtool.com\/wp-content\/uploads\/2023\/01\/Coolant-concentration-curve_problems_2-768x296.jpg 768w, https:\/\/liquidtool.com\/wp-content\/uploads\/2023\/01\/Coolant-concentration-curve_problems_2.jpg 1859w\" sizes=\"(max-width: 1536px) 100vw, 1536px\" title=\"\">\t\t\t\t\t\t\t\t\t\t\t<figcaption class=\"widget-image-caption wp-caption-text\">Probleme mit einer instabilen KSS-Konzentration<\/figcaption>\n\t\t\t\t\t\t\t\t\t\t<\/figure>\n\t\t\t\t\t\t\t\t\t<\/div>\n\t\t\t\t<\/div>\n\t\t\t\t<div class=\"elementor-element elementor-element-0a82355 elementor-widget elementor-widget-text-editor\" data-id=\"0a82355\" data-element_type=\"widget\" data-widget_type=\"text-editor.default\">\n\t\t\t\t<div class=\"elementor-widget-container\">\n\t\t\t\t\t\t\t\t\t<p>In Deutschland verpflichtet die <a href=\"https:\/\/www.baua.de\/DE\/Angebote\/Regelwerk\/TRGS\/TRGS-611.html\" target=\"_blank\" rel=\"noopener\">Technische Regel f\u00fcr Gefahrstoffe TRGS 611<\/a> alle Anwender zum KSS pr\u00fcfen, kontrollieren und die Daten zu dokumentieren. Dabei m\u00fcssen mindestens w\u00f6chentlich die K\u00fchlschmierstoff-Konzentration, Temperatur, pH-Wert und Nitrit gemessen und dokumentiert werden.<\/p>\n<p>Eine solche Dokumentation kann mit einem Datenblatt an der Maschine erfolgen oder mit einem digitalen Dashboard. Eine digitale Ablage aller Messwerte bietet den Vorteil, dass der Nutzer stets eien \u00dcberblick \u00fcber alle Daten hat. Zudem sind die gemessen Daten r\u00fcckverfolgbar und zuverl\u00e4ssig \u2013 insbesondere bei automatischer Messung. Ein automatisches K\u00fchlschmierstoff Management bemerkt Abweichungen und \u00dcberschreitungen von Grenzwerten sofort und kann eine Benachrichtigung ausl\u00f6sen. Bei manueller Messung besteht die Gefahr von Messungenauigkeiten beim Ablesen des Refraktometers.<\/p>\n\t\t\t\t\t\t\t\t<\/div>\n\t\t\t\t<\/div>\n\t\t\t\t<div class=\"elementor-element elementor-element-42d3496 elementor-widget elementor-widget-image\" data-id=\"42d3496\" data-element_type=\"widget\" data-widget_type=\"image.default\">\n\t\t\t\t<div class=\"elementor-widget-container\">\n\t\t\t\t\t\t\t\t\t\t\t\t<figure class=\"wp-caption\">\n\t\t\t\t\t\t\t\t\t\t<img loading=\"lazy\" decoding=\"async\" width=\"537\" height=\"339\" src=\"https:\/\/liquidtool.com\/wp-content\/uploads\/2023\/01\/Refraktometer-ablesen-1.jpg\" class=\"attachment-medium_large size-medium_large wp-image-15719\" alt=\"Unterschied zwischen einer frischen Emulsion und einer kontaminierten Emulsion\" srcset=\"https:\/\/liquidtool.com\/wp-content\/uploads\/2023\/01\/Refraktometer-ablesen-1.jpg 537w, https:\/\/liquidtool.com\/wp-content\/uploads\/2023\/01\/Refraktometer-ablesen-1-300x189.jpg 300w\" sizes=\"(max-width: 537px) 100vw, 537px\" title=\"\">\t\t\t\t\t\t\t\t\t\t\t<figcaption class=\"widget-image-caption wp-caption-text\">Eine verunreinigte Emulsion ist manuell schwer zu messen<\/figcaption>\n\t\t\t\t\t\t\t\t\t\t<\/figure>\n\t\t\t\t\t\t\t\t\t<\/div>\n\t\t\t\t<\/div>\n\t\t\t\t<div class=\"elementor-element elementor-element-64d6569 elementor-widget elementor-widget-text-editor\" data-id=\"64d6569\" data-element_type=\"widget\" data-widget_type=\"text-editor.default\">\n\t\t\t\t<div class=\"elementor-widget-container\">\n\t\t\t\t\t\t\t\t\t<p>Mit einer <a href=\"https:\/\/liquidtool.com\/de\/produkte\/instructor\/\"><span style=\"text-decoration: underline;\">automatischen und regelm\u00e4ssigen Messung des K\u00fchlschmiermittels<\/span><\/a> k\u00f6nnen Messfehler, Ungenauigkeiten in der Interpretation und die Vernachl\u00e4ssigung der Messung eliminiert werden. Hingegen sind die Daten endlich \u00fcbersichtlich und transparent einsehbar.<\/p>\n\t\t\t\t\t\t\t\t<\/div>\n\t\t\t\t<\/div>\n\t\t\t\t\t<\/div>\n\t\t<\/div>\n\t\t\t\t\t<\/div>\n\t\t<\/section>\n\t\t\t\t<\/div>\n\t\t","protected":false},"excerpt":{"rendered":"<p>K\u00fchlschmierstoff pr\u00fcfen und \u00fcberwachen K\u00fchlschmierstoffe (KSS) geh\u00f6ren in der zerspanenden Fertigung zu einem wichtigen Hilfsmittel. Insbesondere wassergemischte K\u00fchlschmiermittel m\u00fcssen einer regelm\u00e4ssigen Pr\u00fcfung unterzogen werden, damit stabile Prozesse und konstante Ergebnisse gew\u00e4hrleistet sind. Arten von K\u00fchlschmierstoffen K\u00fchlschmierstoffe \u2013 auch K\u00fchlschmiermittel, KSS oder Bohrmilch genannt \u2013 k\u00f6nnen in wassermischbare und nicht wassermischbare K\u00fchlschmierstoffe unterschieden werden. Nicht-wassermischbare KSS [&hellip;]<\/p>\n","protected":false},"author":3,"featured_media":0,"parent":5219,"menu_order":0,"comment_status":"closed","ping_status":"closed","template":"","meta":{"content-type":"","footnotes":""},"class_list":["post-15530","page","type-page","status-publish","hentry"],"_links":{"self":[{"href":"https:\/\/liquidtool.com\/de\/wp-json\/wp\/v2\/pages\/15530","targetHints":{"allow":["GET"]}}],"collection":[{"href":"https:\/\/liquidtool.com\/de\/wp-json\/wp\/v2\/pages"}],"about":[{"href":"https:\/\/liquidtool.com\/de\/wp-json\/wp\/v2\/types\/page"}],"author":[{"embeddable":true,"href":"https:\/\/liquidtool.com\/de\/wp-json\/wp\/v2\/users\/3"}],"replies":[{"embeddable":true,"href":"https:\/\/liquidtool.com\/de\/wp-json\/wp\/v2\/comments?post=15530"}],"version-history":[{"count":34,"href":"https:\/\/liquidtool.com\/de\/wp-json\/wp\/v2\/pages\/15530\/revisions"}],"predecessor-version":[{"id":33477,"href":"https:\/\/liquidtool.com\/de\/wp-json\/wp\/v2\/pages\/15530\/revisions\/33477"}],"up":[{"embeddable":true,"href":"https:\/\/liquidtool.com\/de\/wp-json\/wp\/v2\/pages\/5219"}],"wp:attachment":[{"href":"https:\/\/liquidtool.com\/de\/wp-json\/wp\/v2\/media?parent=15530"}],"curies":[{"name":"wp","href":"https:\/\/api.w.org\/{rel}","templated":true}]}}